{"id":14750,"date":"2023-09-13T14:48:47","date_gmt":"2023-09-13T11:48:47","guid":{"rendered":"https:\/\/miumjau.ee\/toode\/raapimispuu-petrebels-ramses-158-cappuccino\/"},"modified":"2026-01-07T22:59:47","modified_gmt":"2026-01-07T20:59:47","slug":"raapimispuu-petrebels-ramses-158-cappuccino","status":"publish","type":"product","link":"https:\/\/miumjau.ee\/fi\/tuote\/raapimispuu-petrebels-ramses-158-cappuccino\/","title":{"rendered":"Raapimispuu Petrebels Ramses 158, cappuccino"},"content":{"rendered":"","protected":false},"excerpt":{"rendered":"<p>Raapimispuu, joka on yht\u00e4 korkea kuin tavallisesti vieraat. N\u00e4in kissalla on mahdollisuus pit\u00e4\u00e4 kaikki silm\u00e4ll\u00e4. Kaikki tolpat on t\u00e4ysin p\u00e4\u00e4llystetty raapimiseen tarkoitetulla sisalilla, ja kissa voi raapia niin paljon kuin haluaa. Eri tasot mahdollistavat kiipeilyn ja hyppimisen, monikerroksinen maja tarjoaa rauhallisen paikan ja jos kissa tarvitsee yksityisyytt\u00e4, se voi olla my\u00f6s eritt\u00e4in suuressa ulkonevassa pes\u00e4ss\u00e4. Nuoremmat kissat pit\u00e4v\u00e4t my\u00f6s nukkumisesta ja leikkimisest\u00e4 yl\u00e4osassa olevan alustan alla olevassa riippumatossa. Tuotteen suunnittelussa on huomioitu laatu, joka on my\u00f6s kompakti ja vie vain v\u00e4h\u00e4n tilaa huoneesta. Moderni ja tyylik\u00e4s!<\/p>\n<ul>\n<li>Mitat \u2013 pituus 50 cm, syvyys 50 cm ja korkeus 158 cm<\/li>\n<li>Sopii kaikille kissatyypeille<\/li>\n<li>Yl\u00e4osassa on eritt\u00e4in suuri alusta, jota kissat k\u00e4ytt\u00e4v\u00e4t tarkkailutorniina<\/li>\n<li>Pohja on tehty paksummaksi vakauden takaamiseksi (4 cm)<\/li>\n<\/ul>\n<p><a href=\"https:\/\/www.petrebels.com\/wp-content\/uploads\/2022\/05\/Ramses-158-.pdf\">Kokoamisohjeet<\/a><\/p>\n<p>Mitat on lis\u00e4tty kuvaan.<br \/>\nTuotteen paino pakkauksineen on 34 kg ja se toimitetaan kahdessa laatikossa. Ilman pakkauksia tuotteen paino on 31,6 kg.<\/p>\n<p>Tuote on CE-sertifioitu ja valmistaja on hollantilainen laatumerkki PETREBELS. Panostamme laatuun!<\/p>\n","protected":false},"featured_media":14751,"template":"","meta":[],"product_brand":[],"product_cat":[115,139],"product_tag":[],"class_list":{"0":"post-14750","1":"product","2":"type-product","3":"status-publish","4":"has-post-thumbnail","6":"product_cat-keskikokoiset-raapimispuut-petrebels","7":"product_cat-kaup24-fi","8":"product_shipping_class-pakiautomaati-sobimatu-fi","10":"first","11":"instock","12":"taxable","13":"shipping-taxable","14":"purchasable","15":"product-type-simple"},"yoast_head":"<!-- This site is optimized with the Yoast SEO plugin v27.2 - https:\/\/yoast.com\/product\/yoast-seo-wordpress\/ -->\n<title>Raapimispuu Petrebels Ramses 158, cappuccino - MiuMjau<\/title>\n<meta name=\"description\" content=\"Raapimispuu, joka on kompakti, mutta s\u00e4ilytt\u00e4\u00e4 silti vakauden ja tukevuuden. Paljon raapimismahdollisuuksia ja suuret pes\u00e4t. Hollantilaista laatua!\" \/>\n<meta name=\"robots\" content=\"index, follow, max-snippet:-1, max-image-preview:large, max-video-preview:-1\" \/>\n<link rel=\"canonical\" href=\"https:\/\/miumjau.ee\/tuote\/petrebels-kraapimispuu-ramses-158-cappuccino\/\" \/>\n<meta property=\"og:locale\" content=\"fi_FI\" \/>\n<meta property=\"og:type\" content=\"article\" \/>\n<meta property=\"og:title\" content=\"Raapimispuu Petrebels Ramses 158, cappuccino - MiuMjau\" \/>\n<meta property=\"og:description\" content=\"Raapimispuu, joka on kompakti, mutta s\u00e4ilytt\u00e4\u00e4 silti vakauden ja tukevuuden. Paljon raapimismahdollisuuksia ja suuret pes\u00e4t. Hollantilaista laatua!\" \/>\n<meta property=\"og:url\" content=\"https:\/\/miumjau.ee\/tuote\/petrebels-kraapimispuu-ramses-158-cappuccino\/\" \/>\n<meta property=\"og:site_name\" content=\"MiuMjau\" \/>\n<meta property=\"article:publisher\" content=\"https:\/\/www.facebook.com\/miumjaupood\/\" \/>\n<meta property=\"article:modified_time\" content=\"2026-01-07T20:59:47+00:00\" \/>\n<meta property=\"og:image\" content=\"https:\/\/miumjau.ee\/wp-content\/uploads\/2023\/09\/ramses-158-cappuccino-kassi-kraapimispuu-1.jpg\" \/>\n\t<meta property=\"og:image:width\" content=\"600\" \/>\n\t<meta property=\"og:image:height\" content=\"800\" \/>\n\t<meta property=\"og:image:type\" content=\"image\/jpeg\" \/>\n<meta name=\"twitter:card\" content=\"summary_large_image\" \/>\n<script type=\"application\/ld+json\" class=\"yoast-schema-graph\">{\"@context\":\"https:\/\/schema.org\",\"@graph\":[{\"@type\":\"WebPage\",\"@id\":\"https:\/\/miumjau.ee\/tuote\/petrebels-kraapimispuu-ramses-158-cappuccino\/\",\"url\":\"https:\/\/miumjau.ee\/tuote\/petrebels-kraapimispuu-ramses-158-cappuccino\/\",\"name\":\"Raapimispuu Petrebels Ramses 158, cappuccino - MiuMjau\",\"isPartOf\":{\"@id\":\"https:\/\/miumjau.ee\/#website\"},\"primaryImageOfPage\":{\"@id\":\"https:\/\/miumjau.ee\/tuote\/petrebels-kraapimispuu-ramses-158-cappuccino\/#primaryimage\"},\"image\":{\"@id\":\"https:\/\/miumjau.ee\/tuote\/petrebels-kraapimispuu-ramses-158-cappuccino\/#primaryimage\"},\"thumbnailUrl\":\"https:\/\/miumjau.ee\/wp-content\/uploads\/2023\/09\/ramses-158-cappuccino-kassi-kraapimispuu-1.jpg\",\"datePublished\":\"2023-09-13T11:48:47+00:00\",\"dateModified\":\"2026-01-07T20:59:47+00:00\",\"description\":\"Raapimispuu, joka on kompakti, mutta s\u00e4ilytt\u00e4\u00e4 silti vakauden ja tukevuuden. Paljon raapimismahdollisuuksia ja suuret pes\u00e4t. Hollantilaista laatua!\",\"breadcrumb\":{\"@id\":\"https:\/\/miumjau.ee\/tuote\/petrebels-kraapimispuu-ramses-158-cappuccino\/#breadcrumb\"},\"inLanguage\":\"fi\",\"potentialAction\":[{\"@type\":\"ReadAction\",\"target\":[\"https:\/\/miumjau.ee\/tuote\/petrebels-kraapimispuu-ramses-158-cappuccino\/\"]}]},{\"@type\":\"ImageObject\",\"inLanguage\":\"fi\",\"@id\":\"https:\/\/miumjau.ee\/tuote\/petrebels-kraapimispuu-ramses-158-cappuccino\/#primaryimage\",\"url\":\"https:\/\/miumjau.ee\/wp-content\/uploads\/2023\/09\/ramses-158-cappuccino-kassi-kraapimispuu-1.jpg\",\"contentUrl\":\"https:\/\/miumjau.ee\/wp-content\/uploads\/2023\/09\/ramses-158-cappuccino-kassi-kraapimispuu-1.jpg\",\"width\":600,\"height\":800,\"caption\":\"Ramses 158 kassi kraapimispuu Petrebels\"},{\"@type\":\"BreadcrumbList\",\"@id\":\"https:\/\/miumjau.ee\/tuote\/petrebels-kraapimispuu-ramses-158-cappuccino\/#breadcrumb\",\"itemListElement\":[{\"@type\":\"ListItem\",\"position\":1,\"name\":\"Home\",\"item\":\"https:\/\/miumjau.ee\/fi\/\"},{\"@type\":\"ListItem\",\"position\":2,\"name\":\"Kauppa\",\"item\":\"https:\/\/miumjau.ee\/fi\/kauppa\/\"},{\"@type\":\"ListItem\",\"position\":3,\"name\":\"Raapimispuu Petrebels Ramses 158, cappuccino\"}]},{\"@type\":\"WebSite\",\"@id\":\"https:\/\/miumjau.ee\/#website\",\"url\":\"https:\/\/miumjau.ee\/\",\"name\":\"MiuMjau\",\"description\":\"Kraapimispuud kassidele\",\"publisher\":{\"@id\":\"https:\/\/miumjau.ee\/#organization\"},\"potentialAction\":[{\"@type\":\"SearchAction\",\"target\":{\"@type\":\"EntryPoint\",\"urlTemplate\":\"https:\/\/miumjau.ee\/?s={search_term_string}\"},\"query-input\":{\"@type\":\"PropertyValueSpecification\",\"valueRequired\":true,\"valueName\":\"search_term_string\"}}],\"inLanguage\":\"fi\"},{\"@type\":\"Organization\",\"@id\":\"https:\/\/miumjau.ee\/#organization\",\"name\":\"MiuMjau O\u00dc\",\"url\":\"https:\/\/miumjau.ee\/\",\"logo\":{\"@type\":\"ImageObject\",\"inLanguage\":\"fi\",\"@id\":\"https:\/\/miumjau.ee\/#\/schema\/logo\/image\/\",\"url\":\"https:\/\/miumjau.ee\/wp-content\/uploads\/2022\/04\/MiuMjau-logo-kollane.png\",\"contentUrl\":\"https:\/\/miumjau.ee\/wp-content\/uploads\/2022\/04\/MiuMjau-logo-kollane.png\",\"width\":219,\"height\":100,\"caption\":\"MiuMjau O\u00dc\"},\"image\":{\"@id\":\"https:\/\/miumjau.ee\/#\/schema\/logo\/image\/\"},\"sameAs\":[\"https:\/\/www.facebook.com\/miumjaupood\/\"]}]}<\/script>\n<!-- \/ Yoast SEO plugin. -->","yoast_head_json":{"title":"Raapimispuu Petrebels Ramses 158, cappuccino - MiuMjau","description":"Raapimispuu, joka on kompakti, mutta s\u00e4ilytt\u00e4\u00e4 silti vakauden ja tukevuuden. Paljon raapimismahdollisuuksia ja suuret pes\u00e4t. Hollantilaista laatua!","robots":{"index":"index","follow":"follow","max-snippet":"max-snippet:-1","max-image-preview":"max-image-preview:large","max-video-preview":"max-video-preview:-1"},"canonical":"https:\/\/miumjau.ee\/tuote\/petrebels-kraapimispuu-ramses-158-cappuccino\/","og_locale":"fi_FI","og_type":"article","og_title":"Raapimispuu Petrebels Ramses 158, cappuccino - MiuMjau","og_description":"Raapimispuu, joka on kompakti, mutta s\u00e4ilytt\u00e4\u00e4 silti vakauden ja tukevuuden. Paljon raapimismahdollisuuksia ja suuret pes\u00e4t. Hollantilaista laatua!","og_url":"https:\/\/miumjau.ee\/tuote\/petrebels-kraapimispuu-ramses-158-cappuccino\/","og_site_name":"MiuMjau","article_publisher":"https:\/\/www.facebook.com\/miumjaupood\/","article_modified_time":"2026-01-07T20:59:47+00:00","og_image":[{"width":600,"height":800,"url":"https:\/\/miumjau.ee\/wp-content\/uploads\/2023\/09\/ramses-158-cappuccino-kassi-kraapimispuu-1.jpg","type":"image\/jpeg"}],"twitter_card":"summary_large_image","schema":{"@context":"https:\/\/schema.org","@graph":[{"@type":"WebPage","@id":"https:\/\/miumjau.ee\/tuote\/petrebels-kraapimispuu-ramses-158-cappuccino\/","url":"https:\/\/miumjau.ee\/tuote\/petrebels-kraapimispuu-ramses-158-cappuccino\/","name":"Raapimispuu Petrebels Ramses 158, cappuccino - MiuMjau","isPartOf":{"@id":"https:\/\/miumjau.ee\/#website"},"primaryImageOfPage":{"@id":"https:\/\/miumjau.ee\/tuote\/petrebels-kraapimispuu-ramses-158-cappuccino\/#primaryimage"},"image":{"@id":"https:\/\/miumjau.ee\/tuote\/petrebels-kraapimispuu-ramses-158-cappuccino\/#primaryimage"},"thumbnailUrl":"https:\/\/miumjau.ee\/wp-content\/uploads\/2023\/09\/ramses-158-cappuccino-kassi-kraapimispuu-1.jpg","datePublished":"2023-09-13T11:48:47+00:00","dateModified":"2026-01-07T20:59:47+00:00","description":"Raapimispuu, joka on kompakti, mutta s\u00e4ilytt\u00e4\u00e4 silti vakauden ja tukevuuden. Paljon raapimismahdollisuuksia ja suuret pes\u00e4t. Hollantilaista laatua!","breadcrumb":{"@id":"https:\/\/miumjau.ee\/tuote\/petrebels-kraapimispuu-ramses-158-cappuccino\/#breadcrumb"},"inLanguage":"fi","potentialAction":[{"@type":"ReadAction","target":["https:\/\/miumjau.ee\/tuote\/petrebels-kraapimispuu-ramses-158-cappuccino\/"]}]},{"@type":"ImageObject","inLanguage":"fi","@id":"https:\/\/miumjau.ee\/tuote\/petrebels-kraapimispuu-ramses-158-cappuccino\/#primaryimage","url":"https:\/\/miumjau.ee\/wp-content\/uploads\/2023\/09\/ramses-158-cappuccino-kassi-kraapimispuu-1.jpg","contentUrl":"https:\/\/miumjau.ee\/wp-content\/uploads\/2023\/09\/ramses-158-cappuccino-kassi-kraapimispuu-1.jpg","width":600,"height":800,"caption":"Ramses 158 kassi kraapimispuu Petrebels"},{"@type":"BreadcrumbList","@id":"https:\/\/miumjau.ee\/tuote\/petrebels-kraapimispuu-ramses-158-cappuccino\/#breadcrumb","itemListElement":[{"@type":"ListItem","position":1,"name":"Home","item":"https:\/\/miumjau.ee\/fi\/"},{"@type":"ListItem","position":2,"name":"Kauppa","item":"https:\/\/miumjau.ee\/fi\/kauppa\/"},{"@type":"ListItem","position":3,"name":"Raapimispuu Petrebels Ramses 158, cappuccino"}]},{"@type":"WebSite","@id":"https:\/\/miumjau.ee\/#website","url":"https:\/\/miumjau.ee\/","name":"MiuMjau","description":"Kraapimispuud kassidele","publisher":{"@id":"https:\/\/miumjau.ee\/#organization"},"potentialAction":[{"@type":"SearchAction","target":{"@type":"EntryPoint","urlTemplate":"https:\/\/miumjau.ee\/?s={search_term_string}"},"query-input":{"@type":"PropertyValueSpecification","valueRequired":true,"valueName":"search_term_string"}}],"inLanguage":"fi"},{"@type":"Organization","@id":"https:\/\/miumjau.ee\/#organization","name":"MiuMjau O\u00dc","url":"https:\/\/miumjau.ee\/","logo":{"@type":"ImageObject","inLanguage":"fi","@id":"https:\/\/miumjau.ee\/#\/schema\/logo\/image\/","url":"https:\/\/miumjau.ee\/wp-content\/uploads\/2022\/04\/MiuMjau-logo-kollane.png","contentUrl":"https:\/\/miumjau.ee\/wp-content\/uploads\/2022\/04\/MiuMjau-logo-kollane.png","width":219,"height":100,"caption":"MiuMjau O\u00dc"},"image":{"@id":"https:\/\/miumjau.ee\/#\/schema\/logo\/image\/"},"sameAs":["https:\/\/www.facebook.com\/miumjaupood\/"]}]}},"_links":{"self":[{"href":"https:\/\/miumjau.ee\/fi\/wp-json\/wp\/v2\/product\/14750","targetHints":{"allow":["GET"]}}],"collection":[{"href":"https:\/\/miumjau.ee\/fi\/wp-json\/wp\/v2\/product"}],"about":[{"href":"https:\/\/miumjau.ee\/fi\/wp-json\/wp\/v2\/types\/product"}],"wp:featuredmedia":[{"embeddable":true,"href":"https:\/\/miumjau.ee\/fi\/wp-json\/wp\/v2\/media\/14751"}],"wp:attachment":[{"href":"https:\/\/miumjau.ee\/fi\/wp-json\/wp\/v2\/media?parent=14750"}],"wp:term":[{"taxonomy":"product_brand","embeddable":true,"href":"https:\/\/miumjau.ee\/fi\/wp-json\/wp\/v2\/product_brand?post=14750"},{"taxonomy":"product_cat","embeddable":true,"href":"https:\/\/miumjau.ee\/fi\/wp-json\/wp\/v2\/product_cat?post=14750"},{"taxonomy":"product_tag","embeddable":true,"href":"https:\/\/miumjau.ee\/fi\/wp-json\/wp\/v2\/product_tag?post=14750"}],"curies":[{"name":"wp","href":"https:\/\/api.w.org\/{rel}","templated":true}]}}