{"id":14734,"date":"2024-05-29T17:30:53","date_gmt":"2024-05-29T14:30:53","guid":{"rendered":"https:\/\/miumjau.ee\/toode\/raapimispuu-petrebels-siberian-200-tilaustuotteena\/"},"modified":"2026-01-07T22:59:47","modified_gmt":"2026-01-07T20:59:47","slug":"raapimispuu-petrebels-siberian-200-white","status":"publish","type":"product","link":"https:\/\/miumjau.ee\/fi\/tuote\/raapimispuu-petrebels-siberian-200-white\/","title":{"rendered":"Raapimispuu Petrebels Siberian 200"},"content":{"rendered":"","protected":false},"excerpt":{"rendered":"<p>Raapimispuu Siberian 200 on tarkoitettu todellisille kissan yst\u00e4ville. Mik\u00e4\u00e4n ei ole tarpeeksi hyv\u00e4\u00e4 heid\u00e4n kissoilleen, mutta v\u00e4it\u00e4mme, ett\u00e4 t\u00e4m\u00e4 tuote miellytt\u00e4\u00e4 lemmikkej\u00e4si varmasti! Raapimispuu on vakaa, moderni ja siin\u00e4 on kaksi j\u00e4ttim\u00e4ist\u00e4, pehme\u00e4ll\u00e4 sisuksella varustettua taloa, kaksi eritt\u00e4in suuren kantavuuden omaavaa ulkopes\u00e4\u00e4 ja ylh\u00e4\u00e4ll\u00e4 l\u00e4hes koko raapimispuun levyinen lepotaso, jota kissat k\u00e4ytt\u00e4v\u00e4t t\u00e4hystystornina. T\u00e4m\u00e4 on aito kissaparatiisi! Kaikki paksut tolpat on p\u00e4\u00e4llystetty kokonaan raapimismateriaalilla.<\/p>\n<p>Pituus 118 cm, leveys 45 cm ja korkeus 200 cm.<br \/>\nUlkopesien mitat ovat 45&#215;45 cm ja kantavuus enint\u00e4\u00e4n 25 kg.<br \/>\nKahden suuren talon mitat ovat 78x40x30 cm.<br \/>\nYlh\u00e4\u00e4ll\u00e4 olevan lepotason mitat ovat 118&#215;41 cm.<\/p>\n<p>Sopii my\u00f6s eritt\u00e4in suurille ja raskaille kissoille, kuten Maine Cooneille, Ragdollseille ja Norjan mets\u00e4kissoille.<\/p>\n<p>HUOM: Talojen pehme\u00e4t alustatyynyt ovat konepest\u00e4vi\u00e4.<\/p>\n<p>Tuote toimitetaan kolmessa pakkauksessa:<br \/>\nPakkaus 1 mitat 120*48*19; pakkaus 2 mitat 81*64*43; pakkaus 3 mitat 82*62*42.<br \/>\nTuotteen paino ilman pakkauksia on 76,9 kg.<\/p>\n<p><a href=\"https:\/\/www.petrebels.com\/en\/wp-content\/uploads\/sites\/2\/2023\/08\/Siberian-200.pdf\">Tuotteen kokoamisohje<\/a><\/p>\n<p>Tuote on CE-sertifioitu ja valmistaja on hollantilainen laatumerkki PETREBELS. Sijoitamme laatuun!<\/p>\n","protected":false},"featured_media":14735,"template":"","meta":[],"product_brand":[],"product_cat":[116,139],"product_tag":[],"class_list":{"0":"post-14734","1":"product","2":"type-product","3":"status-publish","4":"has-post-thumbnail","6":"product_cat-isoille-kissoille-petrebels","7":"product_cat-kaup24-fi","8":"product_shipping_class-pakiautomaati-sobimatu-fi","10":"first","11":"instock","12":"taxable","13":"shipping-taxable","14":"purchasable","15":"product-type-simple"},"yoast_head":"<!-- This site is optimized with the Yoast SEO plugin v27.2 - https:\/\/yoast.com\/product\/yoast-seo-wordpress\/ -->\n<title>Raapimispuu Petrebels Siberian 200 - MiuMjau<\/title>\n<meta name=\"description\" content=\"XXL-kokoiset, eritt\u00e4in laadukkaat raapimispuut merkilt\u00e4 PETREBELS odottavat kissojasi. Ihanteellinen ratkaisu silloin, kun kissoja on enemm\u00e4n kuin kaksi. Parasta laatua!\" \/>\n<meta name=\"robots\" content=\"index, follow, max-snippet:-1, max-image-preview:large, max-video-preview:-1\" \/>\n<link rel=\"canonical\" href=\"https:\/\/miumjau.ee\/fi\/tuote\/raapimispuu-petrebels-siberian-200-white\/\" \/>\n<meta property=\"og:locale\" content=\"fi_FI\" \/>\n<meta property=\"og:type\" content=\"article\" \/>\n<meta property=\"og:title\" content=\"Raapimispuu Petrebels Siberian 200 - MiuMjau\" \/>\n<meta property=\"og:description\" content=\"XXL-kokoiset, eritt\u00e4in laadukkaat raapimispuut merkilt\u00e4 PETREBELS odottavat kissojasi. Ihanteellinen ratkaisu silloin, kun kissoja on enemm\u00e4n kuin kaksi. Parasta laatua!\" \/>\n<meta property=\"og:url\" content=\"https:\/\/miumjau.ee\/fi\/tuote\/raapimispuu-petrebels-siberian-200-white\/\" \/>\n<meta property=\"og:site_name\" content=\"MiuMjau\" \/>\n<meta property=\"article:publisher\" content=\"https:\/\/www.facebook.com\/miumjaupood\/\" \/>\n<meta property=\"article:modified_time\" content=\"2026-01-07T20:59:47+00:00\" \/>\n<meta property=\"og:image\" content=\"https:\/\/miumjau.ee\/wp-content\/uploads\/2023\/09\/siberian200-valge-kassi-kraapimispuu4.jpg\" \/>\n\t<meta property=\"og:image:width\" content=\"600\" \/>\n\t<meta property=\"og:image:height\" content=\"800\" \/>\n\t<meta property=\"og:image:type\" content=\"image\/jpeg\" \/>\n<meta name=\"twitter:card\" content=\"summary_large_image\" \/>\n<meta name=\"twitter:label1\" content=\"Arvioitu lukuaika\" \/>\n\t<meta name=\"twitter:data1\" content=\"1 minuutti\" \/>\n<script type=\"application\/ld+json\" class=\"yoast-schema-graph\">{\"@context\":\"https:\/\/schema.org\",\"@graph\":[{\"@type\":\"WebPage\",\"@id\":\"https:\/\/miumjau.ee\/fi\/tuote\/raapimispuu-petrebels-siberian-200-white\/\",\"url\":\"https:\/\/miumjau.ee\/fi\/tuote\/raapimispuu-petrebels-siberian-200-white\/\",\"name\":\"Raapimispuu Petrebels Siberian 200 - MiuMjau\",\"isPartOf\":{\"@id\":\"https:\/\/miumjau.ee\/#website\"},\"primaryImageOfPage\":{\"@id\":\"https:\/\/miumjau.ee\/fi\/tuote\/raapimispuu-petrebels-siberian-200-white\/#primaryimage\"},\"image\":{\"@id\":\"https:\/\/miumjau.ee\/fi\/tuote\/raapimispuu-petrebels-siberian-200-white\/#primaryimage\"},\"thumbnailUrl\":\"https:\/\/miumjau.ee\/wp-content\/uploads\/2023\/09\/siberian200-valge-kassi-kraapimispuu4.jpg\",\"datePublished\":\"2024-05-29T14:30:53+00:00\",\"dateModified\":\"2026-01-07T20:59:47+00:00\",\"description\":\"XXL-kokoiset, eritt\u00e4in laadukkaat raapimispuut merkilt\u00e4 PETREBELS odottavat kissojasi. Ihanteellinen ratkaisu silloin, kun kissoja on enemm\u00e4n kuin kaksi. Parasta laatua!\",\"breadcrumb\":{\"@id\":\"https:\/\/miumjau.ee\/fi\/tuote\/raapimispuu-petrebels-siberian-200-white\/#breadcrumb\"},\"inLanguage\":\"fi\",\"potentialAction\":[{\"@type\":\"ReadAction\",\"target\":[\"https:\/\/miumjau.ee\/fi\/tuote\/raapimispuu-petrebels-siberian-200-white\/\"]}]},{\"@type\":\"ImageObject\",\"inLanguage\":\"fi\",\"@id\":\"https:\/\/miumjau.ee\/fi\/tuote\/raapimispuu-petrebels-siberian-200-white\/#primaryimage\",\"url\":\"https:\/\/miumjau.ee\/wp-content\/uploads\/2023\/09\/siberian200-valge-kassi-kraapimispuu4.jpg\",\"contentUrl\":\"https:\/\/miumjau.ee\/wp-content\/uploads\/2023\/09\/siberian200-valge-kassi-kraapimispuu4.jpg\",\"width\":600,\"height\":800,\"caption\":\"PETREBELS Kraapimispuu Siberian 200, antratsiit\"},{\"@type\":\"BreadcrumbList\",\"@id\":\"https:\/\/miumjau.ee\/fi\/tuote\/raapimispuu-petrebels-siberian-200-white\/#breadcrumb\",\"itemListElement\":[{\"@type\":\"ListItem\",\"position\":1,\"name\":\"Home\",\"item\":\"https:\/\/miumjau.ee\/fi\/\"},{\"@type\":\"ListItem\",\"position\":2,\"name\":\"Kauppa\",\"item\":\"https:\/\/miumjau.ee\/fi\/kauppa\/\"},{\"@type\":\"ListItem\",\"position\":3,\"name\":\"Raapimispuu Petrebels Siberian 200\"}]},{\"@type\":\"WebSite\",\"@id\":\"https:\/\/miumjau.ee\/#website\",\"url\":\"https:\/\/miumjau.ee\/\",\"name\":\"MiuMjau\",\"description\":\"Kraapimispuud kassidele\",\"publisher\":{\"@id\":\"https:\/\/miumjau.ee\/#organization\"},\"potentialAction\":[{\"@type\":\"SearchAction\",\"target\":{\"@type\":\"EntryPoint\",\"urlTemplate\":\"https:\/\/miumjau.ee\/?s={search_term_string}\"},\"query-input\":{\"@type\":\"PropertyValueSpecification\",\"valueRequired\":true,\"valueName\":\"search_term_string\"}}],\"inLanguage\":\"fi\"},{\"@type\":\"Organization\",\"@id\":\"https:\/\/miumjau.ee\/#organization\",\"name\":\"MiuMjau O\u00dc\",\"url\":\"https:\/\/miumjau.ee\/\",\"logo\":{\"@type\":\"ImageObject\",\"inLanguage\":\"fi\",\"@id\":\"https:\/\/miumjau.ee\/#\/schema\/logo\/image\/\",\"url\":\"https:\/\/miumjau.ee\/wp-content\/uploads\/2022\/04\/MiuMjau-logo-kollane.png\",\"contentUrl\":\"https:\/\/miumjau.ee\/wp-content\/uploads\/2022\/04\/MiuMjau-logo-kollane.png\",\"width\":219,\"height\":100,\"caption\":\"MiuMjau O\u00dc\"},\"image\":{\"@id\":\"https:\/\/miumjau.ee\/#\/schema\/logo\/image\/\"},\"sameAs\":[\"https:\/\/www.facebook.com\/miumjaupood\/\"]}]}<\/script>\n<!-- \/ Yoast SEO plugin. -->","yoast_head_json":{"title":"Raapimispuu Petrebels Siberian 200 - MiuMjau","description":"XXL-kokoiset, eritt\u00e4in laadukkaat raapimispuut merkilt\u00e4 PETREBELS odottavat kissojasi. Ihanteellinen ratkaisu silloin, kun kissoja on enemm\u00e4n kuin kaksi. Parasta laatua!","robots":{"index":"index","follow":"follow","max-snippet":"max-snippet:-1","max-image-preview":"max-image-preview:large","max-video-preview":"max-video-preview:-1"},"canonical":"https:\/\/miumjau.ee\/fi\/tuote\/raapimispuu-petrebels-siberian-200-white\/","og_locale":"fi_FI","og_type":"article","og_title":"Raapimispuu Petrebels Siberian 200 - MiuMjau","og_description":"XXL-kokoiset, eritt\u00e4in laadukkaat raapimispuut merkilt\u00e4 PETREBELS odottavat kissojasi. Ihanteellinen ratkaisu silloin, kun kissoja on enemm\u00e4n kuin kaksi. Parasta laatua!","og_url":"https:\/\/miumjau.ee\/fi\/tuote\/raapimispuu-petrebels-siberian-200-white\/","og_site_name":"MiuMjau","article_publisher":"https:\/\/www.facebook.com\/miumjaupood\/","article_modified_time":"2026-01-07T20:59:47+00:00","og_image":[{"width":600,"height":800,"url":"https:\/\/miumjau.ee\/wp-content\/uploads\/2023\/09\/siberian200-valge-kassi-kraapimispuu4.jpg","type":"image\/jpeg"}],"twitter_card":"summary_large_image","twitter_misc":{"Arvioitu lukuaika":"1 minuutti"},"schema":{"@context":"https:\/\/schema.org","@graph":[{"@type":"WebPage","@id":"https:\/\/miumjau.ee\/fi\/tuote\/raapimispuu-petrebels-siberian-200-white\/","url":"https:\/\/miumjau.ee\/fi\/tuote\/raapimispuu-petrebels-siberian-200-white\/","name":"Raapimispuu Petrebels Siberian 200 - MiuMjau","isPartOf":{"@id":"https:\/\/miumjau.ee\/#website"},"primaryImageOfPage":{"@id":"https:\/\/miumjau.ee\/fi\/tuote\/raapimispuu-petrebels-siberian-200-white\/#primaryimage"},"image":{"@id":"https:\/\/miumjau.ee\/fi\/tuote\/raapimispuu-petrebels-siberian-200-white\/#primaryimage"},"thumbnailUrl":"https:\/\/miumjau.ee\/wp-content\/uploads\/2023\/09\/siberian200-valge-kassi-kraapimispuu4.jpg","datePublished":"2024-05-29T14:30:53+00:00","dateModified":"2026-01-07T20:59:47+00:00","description":"XXL-kokoiset, eritt\u00e4in laadukkaat raapimispuut merkilt\u00e4 PETREBELS odottavat kissojasi. Ihanteellinen ratkaisu silloin, kun kissoja on enemm\u00e4n kuin kaksi. Parasta laatua!","breadcrumb":{"@id":"https:\/\/miumjau.ee\/fi\/tuote\/raapimispuu-petrebels-siberian-200-white\/#breadcrumb"},"inLanguage":"fi","potentialAction":[{"@type":"ReadAction","target":["https:\/\/miumjau.ee\/fi\/tuote\/raapimispuu-petrebels-siberian-200-white\/"]}]},{"@type":"ImageObject","inLanguage":"fi","@id":"https:\/\/miumjau.ee\/fi\/tuote\/raapimispuu-petrebels-siberian-200-white\/#primaryimage","url":"https:\/\/miumjau.ee\/wp-content\/uploads\/2023\/09\/siberian200-valge-kassi-kraapimispuu4.jpg","contentUrl":"https:\/\/miumjau.ee\/wp-content\/uploads\/2023\/09\/siberian200-valge-kassi-kraapimispuu4.jpg","width":600,"height":800,"caption":"PETREBELS Kraapimispuu Siberian 200, antratsiit"},{"@type":"BreadcrumbList","@id":"https:\/\/miumjau.ee\/fi\/tuote\/raapimispuu-petrebels-siberian-200-white\/#breadcrumb","itemListElement":[{"@type":"ListItem","position":1,"name":"Home","item":"https:\/\/miumjau.ee\/fi\/"},{"@type":"ListItem","position":2,"name":"Kauppa","item":"https:\/\/miumjau.ee\/fi\/kauppa\/"},{"@type":"ListItem","position":3,"name":"Raapimispuu Petrebels Siberian 200"}]},{"@type":"WebSite","@id":"https:\/\/miumjau.ee\/#website","url":"https:\/\/miumjau.ee\/","name":"MiuMjau","description":"Kraapimispuud kassidele","publisher":{"@id":"https:\/\/miumjau.ee\/#organization"},"potentialAction":[{"@type":"SearchAction","target":{"@type":"EntryPoint","urlTemplate":"https:\/\/miumjau.ee\/?s={search_term_string}"},"query-input":{"@type":"PropertyValueSpecification","valueRequired":true,"valueName":"search_term_string"}}],"inLanguage":"fi"},{"@type":"Organization","@id":"https:\/\/miumjau.ee\/#organization","name":"MiuMjau O\u00dc","url":"https:\/\/miumjau.ee\/","logo":{"@type":"ImageObject","inLanguage":"fi","@id":"https:\/\/miumjau.ee\/#\/schema\/logo\/image\/","url":"https:\/\/miumjau.ee\/wp-content\/uploads\/2022\/04\/MiuMjau-logo-kollane.png","contentUrl":"https:\/\/miumjau.ee\/wp-content\/uploads\/2022\/04\/MiuMjau-logo-kollane.png","width":219,"height":100,"caption":"MiuMjau O\u00dc"},"image":{"@id":"https:\/\/miumjau.ee\/#\/schema\/logo\/image\/"},"sameAs":["https:\/\/www.facebook.com\/miumjaupood\/"]}]}},"_links":{"self":[{"href":"https:\/\/miumjau.ee\/fi\/wp-json\/wp\/v2\/product\/14734","targetHints":{"allow":["GET"]}}],"collection":[{"href":"https:\/\/miumjau.ee\/fi\/wp-json\/wp\/v2\/product"}],"about":[{"href":"https:\/\/miumjau.ee\/fi\/wp-json\/wp\/v2\/types\/product"}],"wp:featuredmedia":[{"embeddable":true,"href":"https:\/\/miumjau.ee\/fi\/wp-json\/wp\/v2\/media\/14735"}],"wp:attachment":[{"href":"https:\/\/miumjau.ee\/fi\/wp-json\/wp\/v2\/media?parent=14734"}],"wp:term":[{"taxonomy":"product_brand","embeddable":true,"href":"https:\/\/miumjau.ee\/fi\/wp-json\/wp\/v2\/product_brand?post=14734"},{"taxonomy":"product_cat","embeddable":true,"href":"https:\/\/miumjau.ee\/fi\/wp-json\/wp\/v2\/product_cat?post=14734"},{"taxonomy":"product_tag","embeddable":true,"href":"https:\/\/miumjau.ee\/fi\/wp-json\/wp\/v2\/product_tag?post=14734"}],"curies":[{"name":"wp","href":"https:\/\/api.w.org\/{rel}","templated":true}]}}