{"id":14657,"date":"2023-09-13T18:31:09","date_gmt":"2023-09-13T15:31:09","guid":{"rendered":"https:\/\/miumjau.ee\/toode\/raapimispuu-petrebels-catharina-160-kerma\/"},"modified":"2026-01-07T22:59:47","modified_gmt":"2026-01-07T20:59:47","slug":"raapimispuu-petrebels-catharina-160-kerma","status":"publish","type":"product","link":"https:\/\/miumjau.ee\/fi\/tuote\/raapimispuu-petrebels-catharina-160-kerma\/","title":{"rendered":"Raapimispuu Petrebels Catharina 160, kerma"},"content":{"rendered":"","protected":false},"excerpt":{"rendered":"<p>Raapimispuu Catharina 160 on valmistettu erityisesti koteihin, joissa on v\u00e4h\u00e4n vapaata lattiapintaa. Kolmiomaisen muotonsa ansiosta se sopii t\u00e4ydellisesti huoneen nurkkaan. Sopii kissanpennuille ja pienikokoisille kissoille, ei sovi eritt\u00e4in painaville kissoille.<\/p>\n<p>Mitat: 60&#215;60 cm ja korkeus 160 cm<br \/>\nMaja on eritt\u00e4in suuri, koko pohjan alueella 60&#215;60 cm ja korkeus 30 cm.<br \/>\nUlokealustojen mitat 45&#215;45 cm, ja niill\u00e4 on suuri kantavuus.<br \/>\nHuipulla oleva makuualusta on kooltaan 60&#215;60 cm (kolmiomainen).<br \/>\nMitat on lis\u00e4tty viimeiseen kuvaan.<br \/>\nPS: Majassa oleva pehme\u00e4 patja on konepest\u00e4v\u00e4 30\u00b0C:ssa.<\/p>\n<p>Tuote toimitetaan kahdessa laatikossa, joiden kokonaispaino on 35 kg.<br \/>\nTuotteen oma paino on 33 kg.<\/p>\n<p><a href=\"https:\/\/www.youtube.com\/watch?v=qAi6fkTnPhs\">KATSO MY\u00d6S PIENI VIDEO<\/a><br \/>\n<a href=\"https:\/\/www.petrebels.com\/wp-content\/uploads\/2021\/10\/Catharina-160.pdf\">TUOTEOHJE<\/a><\/p>\n<p>Tuote on CE-sertifioitu ja valmistajana on Hollannin laatumerkki PETREBELS. Panostamme laatuun!<\/p>\n","protected":false},"featured_media":14658,"template":"","meta":[],"product_brand":[],"product_cat":[115],"product_tag":[],"class_list":{"0":"post-14657","1":"product","2":"type-product","3":"status-publish","4":"has-post-thumbnail","6":"product_cat-keskikokoiset-raapimispuut-petrebels","7":"product_shipping_class-pakiautomaati-sobimatu-fi","9":"first","10":"instock","11":"sale","12":"taxable","13":"shipping-taxable","14":"purchasable","15":"product-type-simple"},"yoast_head":"<!-- This site is optimized with the Yoast SEO plugin v27.2 - https:\/\/yoast.com\/product\/yoast-seo-wordpress\/ -->\n<title>Raapimispuu Petrebels Catharina 160, kerma - MiuMjau<\/title>\n<meta name=\"description\" content=\"Raapimispuu Catharina 160 on suunniteltu k\u00e4ytett\u00e4v\u00e4ksi huoneen nurkassa, ja se on eritt\u00e4in kompakti, s\u00e4ilytt\u00e4en samalla k\u00e4yt\u00e4nn\u00f6llisyyden ja ylellisen ulkon\u00e4\u00f6n.\" \/>\n<meta name=\"robots\" content=\"index, follow, max-snippet:-1, max-image-preview:large, max-video-preview:-1\" \/>\n<link rel=\"canonical\" href=\"https:\/\/miumjau.ee\/tuote\/petrebels-kraapimispuu-catharina-160-kreem\/\" \/>\n<meta property=\"og:locale\" content=\"fi_FI\" \/>\n<meta property=\"og:type\" content=\"article\" \/>\n<meta property=\"og:title\" content=\"Raapimispuu Petrebels Catharina 160, kerma - MiuMjau\" \/>\n<meta property=\"og:description\" content=\"Raapimispuu Catharina 160 on suunniteltu k\u00e4ytett\u00e4v\u00e4ksi huoneen nurkassa, ja se on eritt\u00e4in kompakti, s\u00e4ilytt\u00e4en samalla k\u00e4yt\u00e4nn\u00f6llisyyden ja ylellisen ulkon\u00e4\u00f6n.\" \/>\n<meta property=\"og:url\" content=\"https:\/\/miumjau.ee\/tuote\/petrebels-kraapimispuu-catharina-160-kreem\/\" \/>\n<meta property=\"og:site_name\" content=\"MiuMjau\" \/>\n<meta property=\"article:publisher\" content=\"https:\/\/www.facebook.com\/miumjaupood\/\" \/>\n<meta property=\"article:modified_time\" content=\"2026-01-07T20:59:47+00:00\" \/>\n<meta property=\"og:image\" content=\"https:\/\/miumjau.ee\/wp-content\/uploads\/2023\/09\/catharina-160-kreem-kassi-kraapimispuu-1.jpg\" \/>\n\t<meta property=\"og:image:width\" content=\"600\" \/>\n\t<meta property=\"og:image:height\" content=\"800\" \/>\n\t<meta property=\"og:image:type\" content=\"image\/jpeg\" \/>\n<meta name=\"twitter:card\" content=\"summary_large_image\" \/>\n<script type=\"application\/ld+json\" class=\"yoast-schema-graph\">{\"@context\":\"https:\/\/schema.org\",\"@graph\":[{\"@type\":\"WebPage\",\"@id\":\"https:\/\/miumjau.ee\/tuote\/petrebels-kraapimispuu-catharina-160-kreem\/\",\"url\":\"https:\/\/miumjau.ee\/tuote\/petrebels-kraapimispuu-catharina-160-kreem\/\",\"name\":\"Raapimispuu Petrebels Catharina 160, kerma - MiuMjau\",\"isPartOf\":{\"@id\":\"https:\/\/miumjau.ee\/#website\"},\"primaryImageOfPage\":{\"@id\":\"https:\/\/miumjau.ee\/tuote\/petrebels-kraapimispuu-catharina-160-kreem\/#primaryimage\"},\"image\":{\"@id\":\"https:\/\/miumjau.ee\/tuote\/petrebels-kraapimispuu-catharina-160-kreem\/#primaryimage\"},\"thumbnailUrl\":\"https:\/\/miumjau.ee\/wp-content\/uploads\/2023\/09\/catharina-160-kreem-kassi-kraapimispuu-1.jpg\",\"datePublished\":\"2023-09-13T15:31:09+00:00\",\"dateModified\":\"2026-01-07T20:59:47+00:00\",\"description\":\"Raapimispuu Catharina 160 on suunniteltu k\u00e4ytett\u00e4v\u00e4ksi huoneen nurkassa, ja se on eritt\u00e4in kompakti, s\u00e4ilytt\u00e4en samalla k\u00e4yt\u00e4nn\u00f6llisyyden ja ylellisen ulkon\u00e4\u00f6n.\",\"breadcrumb\":{\"@id\":\"https:\/\/miumjau.ee\/tuote\/petrebels-kraapimispuu-catharina-160-kreem\/#breadcrumb\"},\"inLanguage\":\"fi\",\"potentialAction\":[{\"@type\":\"ReadAction\",\"target\":[\"https:\/\/miumjau.ee\/tuote\/petrebels-kraapimispuu-catharina-160-kreem\/\"]}]},{\"@type\":\"ImageObject\",\"inLanguage\":\"fi\",\"@id\":\"https:\/\/miumjau.ee\/tuote\/petrebels-kraapimispuu-catharina-160-kreem\/#primaryimage\",\"url\":\"https:\/\/miumjau.ee\/wp-content\/uploads\/2023\/09\/catharina-160-kreem-kassi-kraapimispuu-1.jpg\",\"contentUrl\":\"https:\/\/miumjau.ee\/wp-content\/uploads\/2023\/09\/catharina-160-kreem-kassi-kraapimispuu-1.jpg\",\"width\":600,\"height\":800,\"caption\":\"PETREBELS Kraapimispuu Catharina 160, kreem\"},{\"@type\":\"BreadcrumbList\",\"@id\":\"https:\/\/miumjau.ee\/tuote\/petrebels-kraapimispuu-catharina-160-kreem\/#breadcrumb\",\"itemListElement\":[{\"@type\":\"ListItem\",\"position\":1,\"name\":\"Home\",\"item\":\"https:\/\/miumjau.ee\/fi\/\"},{\"@type\":\"ListItem\",\"position\":2,\"name\":\"Kauppa\",\"item\":\"https:\/\/miumjau.ee\/fi\/kauppa\/\"},{\"@type\":\"ListItem\",\"position\":3,\"name\":\"Raapimispuu Petrebels Catharina 160, kerma\"}]},{\"@type\":\"WebSite\",\"@id\":\"https:\/\/miumjau.ee\/#website\",\"url\":\"https:\/\/miumjau.ee\/\",\"name\":\"MiuMjau\",\"description\":\"Kraapimispuud kassidele\",\"publisher\":{\"@id\":\"https:\/\/miumjau.ee\/#organization\"},\"potentialAction\":[{\"@type\":\"SearchAction\",\"target\":{\"@type\":\"EntryPoint\",\"urlTemplate\":\"https:\/\/miumjau.ee\/?s={search_term_string}\"},\"query-input\":{\"@type\":\"PropertyValueSpecification\",\"valueRequired\":true,\"valueName\":\"search_term_string\"}}],\"inLanguage\":\"fi\"},{\"@type\":\"Organization\",\"@id\":\"https:\/\/miumjau.ee\/#organization\",\"name\":\"MiuMjau O\u00dc\",\"url\":\"https:\/\/miumjau.ee\/\",\"logo\":{\"@type\":\"ImageObject\",\"inLanguage\":\"fi\",\"@id\":\"https:\/\/miumjau.ee\/#\/schema\/logo\/image\/\",\"url\":\"https:\/\/miumjau.ee\/wp-content\/uploads\/2022\/04\/MiuMjau-logo-kollane.png\",\"contentUrl\":\"https:\/\/miumjau.ee\/wp-content\/uploads\/2022\/04\/MiuMjau-logo-kollane.png\",\"width\":219,\"height\":100,\"caption\":\"MiuMjau O\u00dc\"},\"image\":{\"@id\":\"https:\/\/miumjau.ee\/#\/schema\/logo\/image\/\"},\"sameAs\":[\"https:\/\/www.facebook.com\/miumjaupood\/\"]}]}<\/script>\n<!-- \/ Yoast SEO plugin. -->","yoast_head_json":{"title":"Raapimispuu Petrebels Catharina 160, kerma - MiuMjau","description":"Raapimispuu Catharina 160 on suunniteltu k\u00e4ytett\u00e4v\u00e4ksi huoneen nurkassa, ja se on eritt\u00e4in kompakti, s\u00e4ilytt\u00e4en samalla k\u00e4yt\u00e4nn\u00f6llisyyden ja ylellisen ulkon\u00e4\u00f6n.","robots":{"index":"index","follow":"follow","max-snippet":"max-snippet:-1","max-image-preview":"max-image-preview:large","max-video-preview":"max-video-preview:-1"},"canonical":"https:\/\/miumjau.ee\/tuote\/petrebels-kraapimispuu-catharina-160-kreem\/","og_locale":"fi_FI","og_type":"article","og_title":"Raapimispuu Petrebels Catharina 160, kerma - MiuMjau","og_description":"Raapimispuu Catharina 160 on suunniteltu k\u00e4ytett\u00e4v\u00e4ksi huoneen nurkassa, ja se on eritt\u00e4in kompakti, s\u00e4ilytt\u00e4en samalla k\u00e4yt\u00e4nn\u00f6llisyyden ja ylellisen ulkon\u00e4\u00f6n.","og_url":"https:\/\/miumjau.ee\/tuote\/petrebels-kraapimispuu-catharina-160-kreem\/","og_site_name":"MiuMjau","article_publisher":"https:\/\/www.facebook.com\/miumjaupood\/","article_modified_time":"2026-01-07T20:59:47+00:00","og_image":[{"width":600,"height":800,"url":"https:\/\/miumjau.ee\/wp-content\/uploads\/2023\/09\/catharina-160-kreem-kassi-kraapimispuu-1.jpg","type":"image\/jpeg"}],"twitter_card":"summary_large_image","schema":{"@context":"https:\/\/schema.org","@graph":[{"@type":"WebPage","@id":"https:\/\/miumjau.ee\/tuote\/petrebels-kraapimispuu-catharina-160-kreem\/","url":"https:\/\/miumjau.ee\/tuote\/petrebels-kraapimispuu-catharina-160-kreem\/","name":"Raapimispuu Petrebels Catharina 160, kerma - MiuMjau","isPartOf":{"@id":"https:\/\/miumjau.ee\/#website"},"primaryImageOfPage":{"@id":"https:\/\/miumjau.ee\/tuote\/petrebels-kraapimispuu-catharina-160-kreem\/#primaryimage"},"image":{"@id":"https:\/\/miumjau.ee\/tuote\/petrebels-kraapimispuu-catharina-160-kreem\/#primaryimage"},"thumbnailUrl":"https:\/\/miumjau.ee\/wp-content\/uploads\/2023\/09\/catharina-160-kreem-kassi-kraapimispuu-1.jpg","datePublished":"2023-09-13T15:31:09+00:00","dateModified":"2026-01-07T20:59:47+00:00","description":"Raapimispuu Catharina 160 on suunniteltu k\u00e4ytett\u00e4v\u00e4ksi huoneen nurkassa, ja se on eritt\u00e4in kompakti, s\u00e4ilytt\u00e4en samalla k\u00e4yt\u00e4nn\u00f6llisyyden ja ylellisen ulkon\u00e4\u00f6n.","breadcrumb":{"@id":"https:\/\/miumjau.ee\/tuote\/petrebels-kraapimispuu-catharina-160-kreem\/#breadcrumb"},"inLanguage":"fi","potentialAction":[{"@type":"ReadAction","target":["https:\/\/miumjau.ee\/tuote\/petrebels-kraapimispuu-catharina-160-kreem\/"]}]},{"@type":"ImageObject","inLanguage":"fi","@id":"https:\/\/miumjau.ee\/tuote\/petrebels-kraapimispuu-catharina-160-kreem\/#primaryimage","url":"https:\/\/miumjau.ee\/wp-content\/uploads\/2023\/09\/catharina-160-kreem-kassi-kraapimispuu-1.jpg","contentUrl":"https:\/\/miumjau.ee\/wp-content\/uploads\/2023\/09\/catharina-160-kreem-kassi-kraapimispuu-1.jpg","width":600,"height":800,"caption":"PETREBELS Kraapimispuu Catharina 160, kreem"},{"@type":"BreadcrumbList","@id":"https:\/\/miumjau.ee\/tuote\/petrebels-kraapimispuu-catharina-160-kreem\/#breadcrumb","itemListElement":[{"@type":"ListItem","position":1,"name":"Home","item":"https:\/\/miumjau.ee\/fi\/"},{"@type":"ListItem","position":2,"name":"Kauppa","item":"https:\/\/miumjau.ee\/fi\/kauppa\/"},{"@type":"ListItem","position":3,"name":"Raapimispuu Petrebels Catharina 160, kerma"}]},{"@type":"WebSite","@id":"https:\/\/miumjau.ee\/#website","url":"https:\/\/miumjau.ee\/","name":"MiuMjau","description":"Kraapimispuud kassidele","publisher":{"@id":"https:\/\/miumjau.ee\/#organization"},"potentialAction":[{"@type":"SearchAction","target":{"@type":"EntryPoint","urlTemplate":"https:\/\/miumjau.ee\/?s={search_term_string}"},"query-input":{"@type":"PropertyValueSpecification","valueRequired":true,"valueName":"search_term_string"}}],"inLanguage":"fi"},{"@type":"Organization","@id":"https:\/\/miumjau.ee\/#organization","name":"MiuMjau O\u00dc","url":"https:\/\/miumjau.ee\/","logo":{"@type":"ImageObject","inLanguage":"fi","@id":"https:\/\/miumjau.ee\/#\/schema\/logo\/image\/","url":"https:\/\/miumjau.ee\/wp-content\/uploads\/2022\/04\/MiuMjau-logo-kollane.png","contentUrl":"https:\/\/miumjau.ee\/wp-content\/uploads\/2022\/04\/MiuMjau-logo-kollane.png","width":219,"height":100,"caption":"MiuMjau O\u00dc"},"image":{"@id":"https:\/\/miumjau.ee\/#\/schema\/logo\/image\/"},"sameAs":["https:\/\/www.facebook.com\/miumjaupood\/"]}]}},"_links":{"self":[{"href":"https:\/\/miumjau.ee\/fi\/wp-json\/wp\/v2\/product\/14657","targetHints":{"allow":["GET"]}}],"collection":[{"href":"https:\/\/miumjau.ee\/fi\/wp-json\/wp\/v2\/product"}],"about":[{"href":"https:\/\/miumjau.ee\/fi\/wp-json\/wp\/v2\/types\/product"}],"wp:featuredmedia":[{"embeddable":true,"href":"https:\/\/miumjau.ee\/fi\/wp-json\/wp\/v2\/media\/14658"}],"wp:attachment":[{"href":"https:\/\/miumjau.ee\/fi\/wp-json\/wp\/v2\/media?parent=14657"}],"wp:term":[{"taxonomy":"product_brand","embeddable":true,"href":"https:\/\/miumjau.ee\/fi\/wp-json\/wp\/v2\/product_brand?post=14657"},{"taxonomy":"product_cat","embeddable":true,"href":"https:\/\/miumjau.ee\/fi\/wp-json\/wp\/v2\/product_cat?post=14657"},{"taxonomy":"product_tag","embeddable":true,"href":"https:\/\/miumjau.ee\/fi\/wp-json\/wp\/v2\/product_tag?post=14657"}],"curies":[{"name":"wp","href":"https:\/\/api.w.org\/{rel}","templated":true}]}}