{"id":14635,"date":"2023-09-29T18:51:14","date_gmt":"2023-09-29T15:51:14","guid":{"rendered":"https:\/\/miumjau.ee\/toode\/raapimispuu-petrebels-parklane-175-harmaa\/"},"modified":"2026-01-07T22:59:54","modified_gmt":"2026-01-07T20:59:54","slug":"raapimispuu-petrebels-parklane-175-harmaa","status":"publish","type":"product","link":"https:\/\/miumjau.ee\/fi\/tuote\/raapimispuu-petrebels-parklane-175-harmaa\/","title":{"rendered":"Raapimispuu Petrebels Parklane 175, harmaa"},"content":{"rendered":"<p><br data-mce-bogus=\"1\"><\/p>\n","protected":false},"excerpt":{"rendered":"<p>Malli Parklane on suunniteltu erityisesti kissoille, jotka rakastavat korkeuksia ja tarkkailua. Tuotteen suunnittelussa on huomioitu aktiivinen toiminta: siin\u00e4 on kiipeilytikkaat, leikkik\u00f6ysi, pitk\u00e4t ja lyhyet tolpat, maja, riippumatto, lep\u00e4\u00e4misalueet ja eritt\u00e4in pehme\u00e4 plyysi. Jokainen aktiivinen kissa l\u00f6yt\u00e4\u00e4 t\u00e4\u00e4lt\u00e4 paljon aikaa viev\u00e4\u00e4 ja v\u00e4sytt\u00e4v\u00e4\u00e4 tekemist\u00e4! Tuote sopii erinomaisesti my\u00f6s suurille ja painaville kissoille, ja portaiden sek\u00e4 lis\u00e4tasojen ansiosta my\u00f6s senioreille, joilla on vaikeuksia liikkua. T\u00e4ss\u00e4 on ajateltu kaikkea ja kaikkia!<\/p>\n<p>Tuotteen mitat: 58\u00d745\u00d7175 cm<br \/>Tuotteen paino: 34,5 kg, pakattuna 35,9 kg<\/p>\n","protected":false},"featured_media":14636,"template":"","meta":[],"product_brand":[],"product_cat":[139,115],"product_tag":[],"class_list":{"0":"post-14635","1":"product","2":"type-product","3":"status-publish","4":"has-post-thumbnail","6":"product_cat-kaup24-fi","7":"product_cat-keskikokoiset-raapimispuut-petrebels","8":"product_shipping_class-pakiautomaati-sobimatu-fi","10":"first","11":"instock","12":"taxable","13":"shipping-taxable","14":"purchasable","15":"product-type-simple"},"yoast_head":"<!-- This site is optimized with the Yoast SEO plugin v27.4 - https:\/\/yoast.com\/product\/yoast-seo-wordpress\/ -->\n<title>Raapimispuu Petrebels Parklane 175, harmaa - MiuMjau<\/title>\n<meta name=\"description\" content=\"Raapimispuu Hollannin laatubr\u00e4ndilt\u00e4 PETREBELS on fantastisen tyylik\u00e4s, vahvoilla ja paksuilla tolpilla, suurella pedill\u00e4 ja riippukeinulla. Jokaisen kissan unelma!\" \/>\n<meta name=\"robots\" content=\"index, follow, max-snippet:-1, max-image-preview:large, max-video-preview:-1\" \/>\n<link rel=\"canonical\" href=\"https:\/\/miumjau.ee\/tuote\/petrebels-parklane-175-hall\/\" \/>\n<meta property=\"og:locale\" content=\"fi_FI\" \/>\n<meta property=\"og:type\" content=\"article\" \/>\n<meta property=\"og:title\" content=\"Raapimispuu Petrebels Parklane 175, harmaa - MiuMjau\" \/>\n<meta property=\"og:description\" content=\"Raapimispuu Hollannin laatubr\u00e4ndilt\u00e4 PETREBELS on fantastisen tyylik\u00e4s, vahvoilla ja paksuilla tolpilla, suurella pedill\u00e4 ja riippukeinulla. Jokaisen kissan unelma!\" \/>\n<meta property=\"og:url\" content=\"https:\/\/miumjau.ee\/tuote\/petrebels-parklane-175-hall\/\" \/>\n<meta property=\"og:site_name\" content=\"MiuMjau\" \/>\n<meta property=\"article:publisher\" content=\"https:\/\/www.facebook.com\/miumjaupood\/\" \/>\n<meta property=\"article:modified_time\" content=\"2026-01-07T20:59:54+00:00\" \/>\n<meta property=\"og:image\" content=\"https:\/\/miumjau.ee\/wp-content\/uploads\/2023\/09\/parklane-175-hall-kassi-kraapimispuu-1.jpg\" \/>\n\t<meta property=\"og:image:width\" content=\"600\" \/>\n\t<meta property=\"og:image:height\" content=\"800\" \/>\n\t<meta property=\"og:image:type\" content=\"image\/jpeg\" \/>\n<meta name=\"twitter:card\" content=\"summary_large_image\" \/>\n<script type=\"application\/ld+json\" class=\"yoast-schema-graph\">{\"@context\":\"https:\\\/\\\/schema.org\",\"@graph\":[{\"@type\":\"WebPage\",\"@id\":\"https:\\\/\\\/miumjau.ee\\\/tuote\\\/petrebels-parklane-175-hall\\\/\",\"url\":\"https:\\\/\\\/miumjau.ee\\\/tuote\\\/petrebels-parklane-175-hall\\\/\",\"name\":\"Raapimispuu Petrebels Parklane 175, harmaa - MiuMjau\",\"isPartOf\":{\"@id\":\"https:\\\/\\\/miumjau.ee\\\/#website\"},\"primaryImageOfPage\":{\"@id\":\"https:\\\/\\\/miumjau.ee\\\/tuote\\\/petrebels-parklane-175-hall\\\/#primaryimage\"},\"image\":{\"@id\":\"https:\\\/\\\/miumjau.ee\\\/tuote\\\/petrebels-parklane-175-hall\\\/#primaryimage\"},\"thumbnailUrl\":\"https:\\\/\\\/miumjau.ee\\\/wp-content\\\/uploads\\\/2023\\\/09\\\/parklane-175-hall-kassi-kraapimispuu-1.jpg\",\"datePublished\":\"2023-09-29T15:51:14+00:00\",\"dateModified\":\"2026-01-07T20:59:54+00:00\",\"description\":\"Raapimispuu Hollannin laatubr\u00e4ndilt\u00e4 PETREBELS on fantastisen tyylik\u00e4s, vahvoilla ja paksuilla tolpilla, suurella pedill\u00e4 ja riippukeinulla. Jokaisen kissan unelma!\",\"breadcrumb\":{\"@id\":\"https:\\\/\\\/miumjau.ee\\\/tuote\\\/petrebels-parklane-175-hall\\\/#breadcrumb\"},\"inLanguage\":\"fi\",\"potentialAction\":[{\"@type\":\"ReadAction\",\"target\":[\"https:\\\/\\\/miumjau.ee\\\/tuote\\\/petrebels-parklane-175-hall\\\/\"]}]},{\"@type\":\"ImageObject\",\"inLanguage\":\"fi\",\"@id\":\"https:\\\/\\\/miumjau.ee\\\/tuote\\\/petrebels-parklane-175-hall\\\/#primaryimage\",\"url\":\"https:\\\/\\\/miumjau.ee\\\/wp-content\\\/uploads\\\/2023\\\/09\\\/parklane-175-hall-kassi-kraapimispuu-1.jpg\",\"contentUrl\":\"https:\\\/\\\/miumjau.ee\\\/wp-content\\\/uploads\\\/2023\\\/09\\\/parklane-175-hall-kassi-kraapimispuu-1.jpg\",\"width\":600,\"height\":800,\"caption\":\"Parklane 175 PETREBELS kassi kraapimispuu\"},{\"@type\":\"BreadcrumbList\",\"@id\":\"https:\\\/\\\/miumjau.ee\\\/tuote\\\/petrebels-parklane-175-hall\\\/#breadcrumb\",\"itemListElement\":[{\"@type\":\"ListItem\",\"position\":1,\"name\":\"Home\",\"item\":\"https:\\\/\\\/miumjau.ee\\\/fi\\\/\"},{\"@type\":\"ListItem\",\"position\":2,\"name\":\"Kauppa\",\"item\":\"https:\\\/\\\/miumjau.ee\\\/fi\\\/kauppa\\\/\"},{\"@type\":\"ListItem\",\"position\":3,\"name\":\"Raapimispuu Petrebels Parklane 175, harmaa\"}]},{\"@type\":\"WebSite\",\"@id\":\"https:\\\/\\\/miumjau.ee\\\/#website\",\"url\":\"https:\\\/\\\/miumjau.ee\\\/\",\"name\":\"MiuMjau\",\"description\":\"Kraapimispuud kassidele\",\"publisher\":{\"@id\":\"https:\\\/\\\/miumjau.ee\\\/#organization\"},\"potentialAction\":[{\"@type\":\"SearchAction\",\"target\":{\"@type\":\"EntryPoint\",\"urlTemplate\":\"https:\\\/\\\/miumjau.ee\\\/?s={search_term_string}\"},\"query-input\":{\"@type\":\"PropertyValueSpecification\",\"valueRequired\":true,\"valueName\":\"search_term_string\"}}],\"inLanguage\":\"fi\"},{\"@type\":\"Organization\",\"@id\":\"https:\\\/\\\/miumjau.ee\\\/#organization\",\"name\":\"MiuMjau O\u00dc\",\"url\":\"https:\\\/\\\/miumjau.ee\\\/\",\"logo\":{\"@type\":\"ImageObject\",\"inLanguage\":\"fi\",\"@id\":\"https:\\\/\\\/miumjau.ee\\\/#\\\/schema\\\/logo\\\/image\\\/\",\"url\":\"https:\\\/\\\/miumjau.ee\\\/wp-content\\\/uploads\\\/2022\\\/04\\\/MiuMjau-logo-kollane.png\",\"contentUrl\":\"https:\\\/\\\/miumjau.ee\\\/wp-content\\\/uploads\\\/2022\\\/04\\\/MiuMjau-logo-kollane.png\",\"width\":219,\"height\":100,\"caption\":\"MiuMjau O\u00dc\"},\"image\":{\"@id\":\"https:\\\/\\\/miumjau.ee\\\/#\\\/schema\\\/logo\\\/image\\\/\"},\"sameAs\":[\"https:\\\/\\\/www.facebook.com\\\/miumjaupood\\\/\"]}]}<\/script>\n<!-- \/ Yoast SEO plugin. -->","yoast_head_json":{"title":"Raapimispuu Petrebels Parklane 175, harmaa - MiuMjau","description":"Raapimispuu Hollannin laatubr\u00e4ndilt\u00e4 PETREBELS on fantastisen tyylik\u00e4s, vahvoilla ja paksuilla tolpilla, suurella pedill\u00e4 ja riippukeinulla. Jokaisen kissan unelma!","robots":{"index":"index","follow":"follow","max-snippet":"max-snippet:-1","max-image-preview":"max-image-preview:large","max-video-preview":"max-video-preview:-1"},"canonical":"https:\/\/miumjau.ee\/tuote\/petrebels-parklane-175-hall\/","og_locale":"fi_FI","og_type":"article","og_title":"Raapimispuu Petrebels Parklane 175, harmaa - MiuMjau","og_description":"Raapimispuu Hollannin laatubr\u00e4ndilt\u00e4 PETREBELS on fantastisen tyylik\u00e4s, vahvoilla ja paksuilla tolpilla, suurella pedill\u00e4 ja riippukeinulla. Jokaisen kissan unelma!","og_url":"https:\/\/miumjau.ee\/tuote\/petrebels-parklane-175-hall\/","og_site_name":"MiuMjau","article_publisher":"https:\/\/www.facebook.com\/miumjaupood\/","article_modified_time":"2026-01-07T20:59:54+00:00","og_image":[{"width":600,"height":800,"url":"https:\/\/miumjau.ee\/wp-content\/uploads\/2023\/09\/parklane-175-hall-kassi-kraapimispuu-1.jpg","type":"image\/jpeg"}],"twitter_card":"summary_large_image","schema":{"@context":"https:\/\/schema.org","@graph":[{"@type":"WebPage","@id":"https:\/\/miumjau.ee\/tuote\/petrebels-parklane-175-hall\/","url":"https:\/\/miumjau.ee\/tuote\/petrebels-parklane-175-hall\/","name":"Raapimispuu Petrebels Parklane 175, harmaa - MiuMjau","isPartOf":{"@id":"https:\/\/miumjau.ee\/#website"},"primaryImageOfPage":{"@id":"https:\/\/miumjau.ee\/tuote\/petrebels-parklane-175-hall\/#primaryimage"},"image":{"@id":"https:\/\/miumjau.ee\/tuote\/petrebels-parklane-175-hall\/#primaryimage"},"thumbnailUrl":"https:\/\/miumjau.ee\/wp-content\/uploads\/2023\/09\/parklane-175-hall-kassi-kraapimispuu-1.jpg","datePublished":"2023-09-29T15:51:14+00:00","dateModified":"2026-01-07T20:59:54+00:00","description":"Raapimispuu Hollannin laatubr\u00e4ndilt\u00e4 PETREBELS on fantastisen tyylik\u00e4s, vahvoilla ja paksuilla tolpilla, suurella pedill\u00e4 ja riippukeinulla. Jokaisen kissan unelma!","breadcrumb":{"@id":"https:\/\/miumjau.ee\/tuote\/petrebels-parklane-175-hall\/#breadcrumb"},"inLanguage":"fi","potentialAction":[{"@type":"ReadAction","target":["https:\/\/miumjau.ee\/tuote\/petrebels-parklane-175-hall\/"]}]},{"@type":"ImageObject","inLanguage":"fi","@id":"https:\/\/miumjau.ee\/tuote\/petrebels-parklane-175-hall\/#primaryimage","url":"https:\/\/miumjau.ee\/wp-content\/uploads\/2023\/09\/parklane-175-hall-kassi-kraapimispuu-1.jpg","contentUrl":"https:\/\/miumjau.ee\/wp-content\/uploads\/2023\/09\/parklane-175-hall-kassi-kraapimispuu-1.jpg","width":600,"height":800,"caption":"Parklane 175 PETREBELS kassi kraapimispuu"},{"@type":"BreadcrumbList","@id":"https:\/\/miumjau.ee\/tuote\/petrebels-parklane-175-hall\/#breadcrumb","itemListElement":[{"@type":"ListItem","position":1,"name":"Home","item":"https:\/\/miumjau.ee\/fi\/"},{"@type":"ListItem","position":2,"name":"Kauppa","item":"https:\/\/miumjau.ee\/fi\/kauppa\/"},{"@type":"ListItem","position":3,"name":"Raapimispuu Petrebels Parklane 175, harmaa"}]},{"@type":"WebSite","@id":"https:\/\/miumjau.ee\/#website","url":"https:\/\/miumjau.ee\/","name":"MiuMjau","description":"Kraapimispuud kassidele","publisher":{"@id":"https:\/\/miumjau.ee\/#organization"},"potentialAction":[{"@type":"SearchAction","target":{"@type":"EntryPoint","urlTemplate":"https:\/\/miumjau.ee\/?s={search_term_string}"},"query-input":{"@type":"PropertyValueSpecification","valueRequired":true,"valueName":"search_term_string"}}],"inLanguage":"fi"},{"@type":"Organization","@id":"https:\/\/miumjau.ee\/#organization","name":"MiuMjau O\u00dc","url":"https:\/\/miumjau.ee\/","logo":{"@type":"ImageObject","inLanguage":"fi","@id":"https:\/\/miumjau.ee\/#\/schema\/logo\/image\/","url":"https:\/\/miumjau.ee\/wp-content\/uploads\/2022\/04\/MiuMjau-logo-kollane.png","contentUrl":"https:\/\/miumjau.ee\/wp-content\/uploads\/2022\/04\/MiuMjau-logo-kollane.png","width":219,"height":100,"caption":"MiuMjau O\u00dc"},"image":{"@id":"https:\/\/miumjau.ee\/#\/schema\/logo\/image\/"},"sameAs":["https:\/\/www.facebook.com\/miumjaupood\/"]}]}},"_links":{"self":[{"href":"https:\/\/miumjau.ee\/fi\/wp-json\/wp\/v2\/product\/14635","targetHints":{"allow":["GET"]}}],"collection":[{"href":"https:\/\/miumjau.ee\/fi\/wp-json\/wp\/v2\/product"}],"about":[{"href":"https:\/\/miumjau.ee\/fi\/wp-json\/wp\/v2\/types\/product"}],"wp:featuredmedia":[{"embeddable":true,"href":"https:\/\/miumjau.ee\/fi\/wp-json\/wp\/v2\/media\/14636"}],"wp:attachment":[{"href":"https:\/\/miumjau.ee\/fi\/wp-json\/wp\/v2\/media?parent=14635"}],"wp:term":[{"taxonomy":"product_brand","embeddable":true,"href":"https:\/\/miumjau.ee\/fi\/wp-json\/wp\/v2\/product_brand?post=14635"},{"taxonomy":"product_cat","embeddable":true,"href":"https:\/\/miumjau.ee\/fi\/wp-json\/wp\/v2\/product_cat?post=14635"},{"taxonomy":"product_tag","embeddable":true,"href":"https:\/\/miumjau.ee\/fi\/wp-json\/wp\/v2\/product_tag?post=14635"}],"curies":[{"name":"wp","href":"https:\/\/api.w.org\/{rel}","templated":true}]}}