{"id":14623,"date":"2023-09-30T09:39:36","date_gmt":"2023-09-30T06:39:36","guid":{"rendered":"https:\/\/miumjau.ee\/toode\/raapimispuu-petrebels-villa-150-capuccino\/"},"modified":"2026-01-07T22:59:54","modified_gmt":"2026-01-07T20:59:54","slug":"raapimispuu-petrebels-villa-150-capuccino","status":"publish","type":"product","link":"https:\/\/miumjau.ee\/fi\/tuote\/raapimispuu-petrebels-villa-150-capuccino\/","title":{"rendered":"Raapimispuu Petrebels Villa 150, capuccino"},"content":{"rendered":"","protected":false},"excerpt":{"rendered":"<p>Malli Villa 150 on vahva ja vakaa, kompakti raapimispuu. Kissalla on mahdollisuus leikki\u00e4, nukkua, kiipeill\u00e4, hyp\u00e4t\u00e4, venytell\u00e4 ja tietysti raapia. Raapimispuussa on 9 kokonaan sisalilla p\u00e4\u00e4llystetty\u00e4 raapimispylv\u00e4st\u00e4, joiden halkaisija on 9 cm. Tuote on suunniteltu todellisille raapimismestareille ja apinamaisille kiipeilij\u00f6ille. V\u00e4sytt\u00e4v\u00e4n leikkihetken j\u00e4lkeen kissa voi makoilla eritt\u00e4in pehme\u00e4ll\u00e4 yl\u00e4osassa olevalla pes\u00e4ll\u00e4 tai miss\u00e4 tahansa m\u00f6kiss\u00e4. (Huomioithan, ett\u00e4 tyynyt ovat konepest\u00e4vi\u00e4 30\u00b0C:ssa.) T\u00e4m\u00e4 on todellinen villa, joka on vakaa ja vahva, ja sopii sek\u00e4 nuorille ett\u00e4 vanhoille kissoille. Painonsa puolesta se sopii my\u00f6s raskaille kissoille &#8211; ei mit\u00e4\u00e4n ongelmaa!<\/p>\n<p>Mitat: 60x40x150 cm (pituus, leveys, korkeus)<\/p>\n<p>Tuotteen paino: 27,4 kg ja pakkauksen kanssa 28,5 kg. (Tuote toimitetaan kahdessa pakkauksessa)<\/p>\n<p><a href=\"https:\/\/www.youtube.com\/watch?v=MqQkTo1-7Uw&amp;list=UU0URx5phpOz34IHv2fXzcUQ\">Katso t\u00e4\u00e4lt\u00e4 my\u00f6s pieni videoklippi.<\/a><\/p>\n","protected":false},"featured_media":14601,"template":"","meta":[],"product_brand":[],"product_cat":[115],"product_tag":[],"class_list":{"0":"post-14623","1":"product","2":"type-product","3":"status-publish","4":"has-post-thumbnail","6":"product_cat-keskikokoiset-raapimispuut-petrebels","7":"product_shipping_class-pakiautomaati-sobimatu-fi","9":"first","10":"instock","11":"sale","12":"taxable","13":"shipping-taxable","14":"purchasable","15":"product-type-simple"},"yoast_head":"<!-- This site is optimized with the Yoast SEO plugin v27.2 - https:\/\/yoast.com\/product\/yoast-seo-wordpress\/ -->\n<title>Raapimispuu Petrebels Villa 150, capuccino - MiuMjau<\/title>\n<meta name=\"description\" content=\"Raapimispuu Villa 150, Hollannin laadukas Petrebels-br\u00e4ndi, sopii kaikille kissoille kaikissa painoluokissa ja tarjoaa maksimaaliset raapimismahdollisuudet.\" \/>\n<meta name=\"robots\" content=\"index, follow, max-snippet:-1, max-image-preview:large, max-video-preview:-1\" \/>\n<link rel=\"canonical\" href=\"https:\/\/miumjau.ee\/tuote\/petrebels-kraapimispuu-villa-150-capuccino\/\" \/>\n<meta property=\"og:locale\" content=\"fi_FI\" \/>\n<meta property=\"og:type\" content=\"article\" \/>\n<meta property=\"og:title\" content=\"Raapimispuu Petrebels Villa 150, capuccino - MiuMjau\" \/>\n<meta property=\"og:description\" content=\"Raapimispuu Villa 150, Hollannin laadukas Petrebels-br\u00e4ndi, sopii kaikille kissoille kaikissa painoluokissa ja tarjoaa maksimaaliset raapimismahdollisuudet.\" \/>\n<meta property=\"og:url\" content=\"https:\/\/miumjau.ee\/tuote\/petrebels-kraapimispuu-villa-150-capuccino\/\" \/>\n<meta property=\"og:site_name\" content=\"MiuMjau\" \/>\n<meta property=\"article:publisher\" content=\"https:\/\/www.facebook.com\/miumjaupood\/\" \/>\n<meta property=\"article:modified_time\" content=\"2026-01-07T20:59:54+00:00\" \/>\n<meta property=\"og:image\" content=\"https:\/\/miumjau.ee\/wp-content\/uploads\/2023\/09\/villa-150-cappuccino-kassi-kraapimispuu-1.jpg\" \/>\n\t<meta property=\"og:image:width\" content=\"600\" \/>\n\t<meta property=\"og:image:height\" content=\"800\" \/>\n\t<meta property=\"og:image:type\" content=\"image\/jpeg\" \/>\n<meta name=\"twitter:card\" content=\"summary_large_image\" \/>\n<script type=\"application\/ld+json\" class=\"yoast-schema-graph\">{\"@context\":\"https:\/\/schema.org\",\"@graph\":[{\"@type\":\"WebPage\",\"@id\":\"https:\/\/miumjau.ee\/tuote\/petrebels-kraapimispuu-villa-150-capuccino\/\",\"url\":\"https:\/\/miumjau.ee\/tuote\/petrebels-kraapimispuu-villa-150-capuccino\/\",\"name\":\"Raapimispuu Petrebels Villa 150, capuccino - MiuMjau\",\"isPartOf\":{\"@id\":\"https:\/\/miumjau.ee\/#website\"},\"primaryImageOfPage\":{\"@id\":\"https:\/\/miumjau.ee\/tuote\/petrebels-kraapimispuu-villa-150-capuccino\/#primaryimage\"},\"image\":{\"@id\":\"https:\/\/miumjau.ee\/tuote\/petrebels-kraapimispuu-villa-150-capuccino\/#primaryimage\"},\"thumbnailUrl\":\"https:\/\/miumjau.ee\/wp-content\/uploads\/2023\/09\/villa-150-cappuccino-kassi-kraapimispuu-1.jpg\",\"datePublished\":\"2023-09-30T06:39:36+00:00\",\"dateModified\":\"2026-01-07T20:59:54+00:00\",\"description\":\"Raapimispuu Villa 150, Hollannin laadukas Petrebels-br\u00e4ndi, sopii kaikille kissoille kaikissa painoluokissa ja tarjoaa maksimaaliset raapimismahdollisuudet.\",\"breadcrumb\":{\"@id\":\"https:\/\/miumjau.ee\/tuote\/petrebels-kraapimispuu-villa-150-capuccino\/#breadcrumb\"},\"inLanguage\":\"fi\",\"potentialAction\":[{\"@type\":\"ReadAction\",\"target\":[\"https:\/\/miumjau.ee\/tuote\/petrebels-kraapimispuu-villa-150-capuccino\/\"]}]},{\"@type\":\"ImageObject\",\"inLanguage\":\"fi\",\"@id\":\"https:\/\/miumjau.ee\/tuote\/petrebels-kraapimispuu-villa-150-capuccino\/#primaryimage\",\"url\":\"https:\/\/miumjau.ee\/wp-content\/uploads\/2023\/09\/villa-150-cappuccino-kassi-kraapimispuu-1.jpg\",\"contentUrl\":\"https:\/\/miumjau.ee\/wp-content\/uploads\/2023\/09\/villa-150-cappuccino-kassi-kraapimispuu-1.jpg\",\"width\":600,\"height\":800,\"caption\":\"Villa 150 kassi kraapimispuu Petrebels\"},{\"@type\":\"BreadcrumbList\",\"@id\":\"https:\/\/miumjau.ee\/tuote\/petrebels-kraapimispuu-villa-150-capuccino\/#breadcrumb\",\"itemListElement\":[{\"@type\":\"ListItem\",\"position\":1,\"name\":\"Home\",\"item\":\"https:\/\/miumjau.ee\/fi\/\"},{\"@type\":\"ListItem\",\"position\":2,\"name\":\"Kauppa\",\"item\":\"https:\/\/miumjau.ee\/fi\/kauppa\/\"},{\"@type\":\"ListItem\",\"position\":3,\"name\":\"Raapimispuu Petrebels Villa 150, capuccino\"}]},{\"@type\":\"WebSite\",\"@id\":\"https:\/\/miumjau.ee\/#website\",\"url\":\"https:\/\/miumjau.ee\/\",\"name\":\"MiuMjau\",\"description\":\"Kraapimispuud kassidele\",\"publisher\":{\"@id\":\"https:\/\/miumjau.ee\/#organization\"},\"potentialAction\":[{\"@type\":\"SearchAction\",\"target\":{\"@type\":\"EntryPoint\",\"urlTemplate\":\"https:\/\/miumjau.ee\/?s={search_term_string}\"},\"query-input\":{\"@type\":\"PropertyValueSpecification\",\"valueRequired\":true,\"valueName\":\"search_term_string\"}}],\"inLanguage\":\"fi\"},{\"@type\":\"Organization\",\"@id\":\"https:\/\/miumjau.ee\/#organization\",\"name\":\"MiuMjau O\u00dc\",\"url\":\"https:\/\/miumjau.ee\/\",\"logo\":{\"@type\":\"ImageObject\",\"inLanguage\":\"fi\",\"@id\":\"https:\/\/miumjau.ee\/#\/schema\/logo\/image\/\",\"url\":\"https:\/\/miumjau.ee\/wp-content\/uploads\/2022\/04\/MiuMjau-logo-kollane.png\",\"contentUrl\":\"https:\/\/miumjau.ee\/wp-content\/uploads\/2022\/04\/MiuMjau-logo-kollane.png\",\"width\":219,\"height\":100,\"caption\":\"MiuMjau O\u00dc\"},\"image\":{\"@id\":\"https:\/\/miumjau.ee\/#\/schema\/logo\/image\/\"},\"sameAs\":[\"https:\/\/www.facebook.com\/miumjaupood\/\"]}]}<\/script>\n<!-- \/ Yoast SEO plugin. -->","yoast_head_json":{"title":"Raapimispuu Petrebels Villa 150, capuccino - MiuMjau","description":"Raapimispuu Villa 150, Hollannin laadukas Petrebels-br\u00e4ndi, sopii kaikille kissoille kaikissa painoluokissa ja tarjoaa maksimaaliset raapimismahdollisuudet.","robots":{"index":"index","follow":"follow","max-snippet":"max-snippet:-1","max-image-preview":"max-image-preview:large","max-video-preview":"max-video-preview:-1"},"canonical":"https:\/\/miumjau.ee\/tuote\/petrebels-kraapimispuu-villa-150-capuccino\/","og_locale":"fi_FI","og_type":"article","og_title":"Raapimispuu Petrebels Villa 150, capuccino - MiuMjau","og_description":"Raapimispuu Villa 150, Hollannin laadukas Petrebels-br\u00e4ndi, sopii kaikille kissoille kaikissa painoluokissa ja tarjoaa maksimaaliset raapimismahdollisuudet.","og_url":"https:\/\/miumjau.ee\/tuote\/petrebels-kraapimispuu-villa-150-capuccino\/","og_site_name":"MiuMjau","article_publisher":"https:\/\/www.facebook.com\/miumjaupood\/","article_modified_time":"2026-01-07T20:59:54+00:00","og_image":[{"width":600,"height":800,"url":"https:\/\/miumjau.ee\/wp-content\/uploads\/2023\/09\/villa-150-cappuccino-kassi-kraapimispuu-1.jpg","type":"image\/jpeg"}],"twitter_card":"summary_large_image","schema":{"@context":"https:\/\/schema.org","@graph":[{"@type":"WebPage","@id":"https:\/\/miumjau.ee\/tuote\/petrebels-kraapimispuu-villa-150-capuccino\/","url":"https:\/\/miumjau.ee\/tuote\/petrebels-kraapimispuu-villa-150-capuccino\/","name":"Raapimispuu Petrebels Villa 150, capuccino - MiuMjau","isPartOf":{"@id":"https:\/\/miumjau.ee\/#website"},"primaryImageOfPage":{"@id":"https:\/\/miumjau.ee\/tuote\/petrebels-kraapimispuu-villa-150-capuccino\/#primaryimage"},"image":{"@id":"https:\/\/miumjau.ee\/tuote\/petrebels-kraapimispuu-villa-150-capuccino\/#primaryimage"},"thumbnailUrl":"https:\/\/miumjau.ee\/wp-content\/uploads\/2023\/09\/villa-150-cappuccino-kassi-kraapimispuu-1.jpg","datePublished":"2023-09-30T06:39:36+00:00","dateModified":"2026-01-07T20:59:54+00:00","description":"Raapimispuu Villa 150, Hollannin laadukas Petrebels-br\u00e4ndi, sopii kaikille kissoille kaikissa painoluokissa ja tarjoaa maksimaaliset raapimismahdollisuudet.","breadcrumb":{"@id":"https:\/\/miumjau.ee\/tuote\/petrebels-kraapimispuu-villa-150-capuccino\/#breadcrumb"},"inLanguage":"fi","potentialAction":[{"@type":"ReadAction","target":["https:\/\/miumjau.ee\/tuote\/petrebels-kraapimispuu-villa-150-capuccino\/"]}]},{"@type":"ImageObject","inLanguage":"fi","@id":"https:\/\/miumjau.ee\/tuote\/petrebels-kraapimispuu-villa-150-capuccino\/#primaryimage","url":"https:\/\/miumjau.ee\/wp-content\/uploads\/2023\/09\/villa-150-cappuccino-kassi-kraapimispuu-1.jpg","contentUrl":"https:\/\/miumjau.ee\/wp-content\/uploads\/2023\/09\/villa-150-cappuccino-kassi-kraapimispuu-1.jpg","width":600,"height":800,"caption":"Villa 150 kassi kraapimispuu Petrebels"},{"@type":"BreadcrumbList","@id":"https:\/\/miumjau.ee\/tuote\/petrebels-kraapimispuu-villa-150-capuccino\/#breadcrumb","itemListElement":[{"@type":"ListItem","position":1,"name":"Home","item":"https:\/\/miumjau.ee\/fi\/"},{"@type":"ListItem","position":2,"name":"Kauppa","item":"https:\/\/miumjau.ee\/fi\/kauppa\/"},{"@type":"ListItem","position":3,"name":"Raapimispuu Petrebels Villa 150, capuccino"}]},{"@type":"WebSite","@id":"https:\/\/miumjau.ee\/#website","url":"https:\/\/miumjau.ee\/","name":"MiuMjau","description":"Kraapimispuud kassidele","publisher":{"@id":"https:\/\/miumjau.ee\/#organization"},"potentialAction":[{"@type":"SearchAction","target":{"@type":"EntryPoint","urlTemplate":"https:\/\/miumjau.ee\/?s={search_term_string}"},"query-input":{"@type":"PropertyValueSpecification","valueRequired":true,"valueName":"search_term_string"}}],"inLanguage":"fi"},{"@type":"Organization","@id":"https:\/\/miumjau.ee\/#organization","name":"MiuMjau O\u00dc","url":"https:\/\/miumjau.ee\/","logo":{"@type":"ImageObject","inLanguage":"fi","@id":"https:\/\/miumjau.ee\/#\/schema\/logo\/image\/","url":"https:\/\/miumjau.ee\/wp-content\/uploads\/2022\/04\/MiuMjau-logo-kollane.png","contentUrl":"https:\/\/miumjau.ee\/wp-content\/uploads\/2022\/04\/MiuMjau-logo-kollane.png","width":219,"height":100,"caption":"MiuMjau O\u00dc"},"image":{"@id":"https:\/\/miumjau.ee\/#\/schema\/logo\/image\/"},"sameAs":["https:\/\/www.facebook.com\/miumjaupood\/"]}]}},"_links":{"self":[{"href":"https:\/\/miumjau.ee\/fi\/wp-json\/wp\/v2\/product\/14623","targetHints":{"allow":["GET"]}}],"collection":[{"href":"https:\/\/miumjau.ee\/fi\/wp-json\/wp\/v2\/product"}],"about":[{"href":"https:\/\/miumjau.ee\/fi\/wp-json\/wp\/v2\/types\/product"}],"wp:featuredmedia":[{"embeddable":true,"href":"https:\/\/miumjau.ee\/fi\/wp-json\/wp\/v2\/media\/14601"}],"wp:attachment":[{"href":"https:\/\/miumjau.ee\/fi\/wp-json\/wp\/v2\/media?parent=14623"}],"wp:term":[{"taxonomy":"product_brand","embeddable":true,"href":"https:\/\/miumjau.ee\/fi\/wp-json\/wp\/v2\/product_brand?post=14623"},{"taxonomy":"product_cat","embeddable":true,"href":"https:\/\/miumjau.ee\/fi\/wp-json\/wp\/v2\/product_cat?post=14623"},{"taxonomy":"product_tag","embeddable":true,"href":"https:\/\/miumjau.ee\/fi\/wp-json\/wp\/v2\/product_tag?post=14623"}],"curies":[{"name":"wp","href":"https:\/\/api.w.org\/{rel}","templated":true}]}}