{"id":14598,"date":"2023-09-30T09:50:20","date_gmt":"2023-09-30T06:50:20","guid":{"rendered":"https:\/\/miumjau.ee\/toode\/raapimispuu-petrebels-cleopatra-134-harmaa\/"},"modified":"2026-01-07T22:59:54","modified_gmt":"2026-01-07T20:59:54","slug":"raapimispuu-petrebels-cleopatra-134-harmaa","status":"publish","type":"product","link":"https:\/\/miumjau.ee\/fi\/tuote\/raapimispuu-petrebels-cleopatra-134-harmaa\/","title":{"rendered":"Raapimispuu Petrebels Cleopatra 134, harmaa"},"content":{"rendered":"","protected":false},"excerpt":{"rendered":"<p>Jos kissa ei voi matkustaa Egyptiin, Egypti tulee kotiin! Raapimispuu Cleopatra on kissalle puhdasta luksusta. Kaikki tolpat on kokonaan p\u00e4\u00e4llystetty raapimiseen soveltuvalla sisalilla. Huipulla on eritt\u00e4in suuri ja leve\u00e4 peti, johon mahtuvat my\u00f6s isot ja painavat kissat. Kaiken n\u00e4keminen on kissoille eritt\u00e4in t\u00e4rke\u00e4\u00e4. Kun leikit on leikitty ja kynnet teroitettu, kissa voi ottaa nokoset riippuvassa pediss\u00e4 tai upeassa m\u00f6kiss\u00e4, jossa yksityisyys ja mukavuus ovat taattuja. Tuote sopii my\u00f6s kissanpennuille ja senioreille, sill\u00e4 siin\u00e4 on turvallisuutta lis\u00e4\u00e4v\u00e4t askelmat.<\/p>\n<p>Huipulla olevat peti ja m\u00f6kiss\u00e4 olevat pes\u00e4t ovat konepest\u00e4vi\u00e4 30 \u00b0C:ssa.<br \/>\nMitat: 55x45x134 cm (pituus, leveys, korkeus)<br \/>\nLuksuspedin mitat ovat 46&#215;55 cm ja ulkoneva pes\u00e4 40&#215;40 cm.<br \/>\nTuotteen paino 26,8 kg ja paketin kanssa 28,3 kg.<\/p>\n<p>Ole aidosti kuninkaallinen!<\/p>\n","protected":false},"featured_media":14585,"template":"","meta":[],"product_brand":[],"product_cat":[139,115],"product_tag":[],"class_list":{"0":"post-14598","1":"product","2":"type-product","3":"status-publish","4":"has-post-thumbnail","6":"product_cat-kaup24-fi","7":"product_cat-keskikokoiset-raapimispuut-petrebels","8":"product_shipping_class-pakiautomaati-sobimatu-fi","10":"first","11":"instock","12":"sale","13":"taxable","14":"shipping-taxable","15":"purchasable","16":"product-type-simple"},"yoast_head":"<!-- This site is optimized with the Yoast SEO plugin v27.4 - https:\/\/yoast.com\/product\/yoast-seo-wordpress\/ -->\n<title>Raapimispuu Petrebels Cleopatra 134, harmaa - MiuMjau<\/title>\n<meta name=\"description\" content=\"Kissan raapimispuu br\u00e4ndilt\u00e4 Petrebels, joka on suunniteltu egyptil\u00e4iseen tyyliin ja on t\u00e4ysin ylellinen sek\u00e4 tyylilt\u00e4\u00e4n ett\u00e4 materiaaleiltaan.\" \/>\n<meta name=\"robots\" content=\"index, follow, max-snippet:-1, max-image-preview:large, max-video-preview:-1\" \/>\n<link rel=\"canonical\" href=\"https:\/\/miumjau.ee\/lv\/tuote\/kaku-skrapesanas-koks-petrebels-cleopatra-134-peleks\/\" \/>\n<meta property=\"og:locale\" content=\"fi_FI\" \/>\n<meta property=\"og:type\" content=\"article\" \/>\n<meta property=\"og:title\" content=\"Raapimispuu Petrebels Cleopatra 134, harmaa - MiuMjau\" \/>\n<meta property=\"og:description\" content=\"Kissan raapimispuu br\u00e4ndilt\u00e4 Petrebels, joka on suunniteltu egyptil\u00e4iseen tyyliin ja on t\u00e4ysin ylellinen sek\u00e4 tyylilt\u00e4\u00e4n ett\u00e4 materiaaleiltaan.\" \/>\n<meta property=\"og:url\" content=\"https:\/\/miumjau.ee\/lv\/tuote\/kaku-skrapesanas-koks-petrebels-cleopatra-134-peleks\/\" \/>\n<meta property=\"og:site_name\" content=\"MiuMjau\" \/>\n<meta property=\"article:publisher\" content=\"https:\/\/www.facebook.com\/miumjaupood\/\" \/>\n<meta property=\"article:modified_time\" content=\"2026-01-07T20:59:54+00:00\" \/>\n<meta property=\"og:image\" content=\"https:\/\/miumjau.ee\/wp-content\/uploads\/2023\/09\/cleopatra-134-hall-kassi-kraapimispuu-1.jpg\" \/>\n\t<meta property=\"og:image:width\" content=\"600\" \/>\n\t<meta property=\"og:image:height\" content=\"800\" \/>\n\t<meta property=\"og:image:type\" content=\"image\/jpeg\" \/>\n<meta name=\"twitter:card\" content=\"summary_large_image\" \/>\n<script type=\"application\/ld+json\" class=\"yoast-schema-graph\">{\"@context\":\"https:\\\/\\\/schema.org\",\"@graph\":[{\"@type\":\"WebPage\",\"@id\":\"https:\\\/\\\/miumjau.ee\\\/lv\\\/tuote\\\/kaku-skrapesanas-koks-petrebels-cleopatra-134-peleks\\\/\",\"url\":\"https:\\\/\\\/miumjau.ee\\\/lv\\\/tuote\\\/kaku-skrapesanas-koks-petrebels-cleopatra-134-peleks\\\/\",\"name\":\"Raapimispuu Petrebels Cleopatra 134, harmaa - MiuMjau\",\"isPartOf\":{\"@id\":\"https:\\\/\\\/miumjau.ee\\\/#website\"},\"primaryImageOfPage\":{\"@id\":\"https:\\\/\\\/miumjau.ee\\\/lv\\\/tuote\\\/kaku-skrapesanas-koks-petrebels-cleopatra-134-peleks\\\/#primaryimage\"},\"image\":{\"@id\":\"https:\\\/\\\/miumjau.ee\\\/lv\\\/tuote\\\/kaku-skrapesanas-koks-petrebels-cleopatra-134-peleks\\\/#primaryimage\"},\"thumbnailUrl\":\"https:\\\/\\\/miumjau.ee\\\/wp-content\\\/uploads\\\/2023\\\/09\\\/cleopatra-134-hall-kassi-kraapimispuu-1.jpg\",\"datePublished\":\"2023-09-30T06:50:20+00:00\",\"dateModified\":\"2026-01-07T20:59:54+00:00\",\"description\":\"Kissan raapimispuu br\u00e4ndilt\u00e4 Petrebels, joka on suunniteltu egyptil\u00e4iseen tyyliin ja on t\u00e4ysin ylellinen sek\u00e4 tyylilt\u00e4\u00e4n ett\u00e4 materiaaleiltaan.\",\"breadcrumb\":{\"@id\":\"https:\\\/\\\/miumjau.ee\\\/lv\\\/tuote\\\/kaku-skrapesanas-koks-petrebels-cleopatra-134-peleks\\\/#breadcrumb\"},\"inLanguage\":\"fi\",\"potentialAction\":[{\"@type\":\"ReadAction\",\"target\":[\"https:\\\/\\\/miumjau.ee\\\/lv\\\/tuote\\\/kaku-skrapesanas-koks-petrebels-cleopatra-134-peleks\\\/\"]}]},{\"@type\":\"ImageObject\",\"inLanguage\":\"fi\",\"@id\":\"https:\\\/\\\/miumjau.ee\\\/lv\\\/tuote\\\/kaku-skrapesanas-koks-petrebels-cleopatra-134-peleks\\\/#primaryimage\",\"url\":\"https:\\\/\\\/miumjau.ee\\\/wp-content\\\/uploads\\\/2023\\\/09\\\/cleopatra-134-hall-kassi-kraapimispuu-1.jpg\",\"contentUrl\":\"https:\\\/\\\/miumjau.ee\\\/wp-content\\\/uploads\\\/2023\\\/09\\\/cleopatra-134-hall-kassi-kraapimispuu-1.jpg\",\"width\":600,\"height\":800,\"caption\":\"Cleopatra 134 kraapimispuu PETREBELS\"},{\"@type\":\"BreadcrumbList\",\"@id\":\"https:\\\/\\\/miumjau.ee\\\/lv\\\/tuote\\\/kaku-skrapesanas-koks-petrebels-cleopatra-134-peleks\\\/#breadcrumb\",\"itemListElement\":[{\"@type\":\"ListItem\",\"position\":1,\"name\":\"Home\",\"item\":\"https:\\\/\\\/miumjau.ee\\\/fi\\\/\"},{\"@type\":\"ListItem\",\"position\":2,\"name\":\"Kauppa\",\"item\":\"https:\\\/\\\/miumjau.ee\\\/fi\\\/kauppa\\\/\"},{\"@type\":\"ListItem\",\"position\":3,\"name\":\"Raapimispuu Petrebels Cleopatra 134, harmaa\"}]},{\"@type\":\"WebSite\",\"@id\":\"https:\\\/\\\/miumjau.ee\\\/#website\",\"url\":\"https:\\\/\\\/miumjau.ee\\\/\",\"name\":\"MiuMjau\",\"description\":\"Kraapimispuud kassidele\",\"publisher\":{\"@id\":\"https:\\\/\\\/miumjau.ee\\\/#organization\"},\"potentialAction\":[{\"@type\":\"SearchAction\",\"target\":{\"@type\":\"EntryPoint\",\"urlTemplate\":\"https:\\\/\\\/miumjau.ee\\\/?s={search_term_string}\"},\"query-input\":{\"@type\":\"PropertyValueSpecification\",\"valueRequired\":true,\"valueName\":\"search_term_string\"}}],\"inLanguage\":\"fi\"},{\"@type\":\"Organization\",\"@id\":\"https:\\\/\\\/miumjau.ee\\\/#organization\",\"name\":\"MiuMjau O\u00dc\",\"url\":\"https:\\\/\\\/miumjau.ee\\\/\",\"logo\":{\"@type\":\"ImageObject\",\"inLanguage\":\"fi\",\"@id\":\"https:\\\/\\\/miumjau.ee\\\/#\\\/schema\\\/logo\\\/image\\\/\",\"url\":\"https:\\\/\\\/miumjau.ee\\\/wp-content\\\/uploads\\\/2022\\\/04\\\/MiuMjau-logo-kollane.png\",\"contentUrl\":\"https:\\\/\\\/miumjau.ee\\\/wp-content\\\/uploads\\\/2022\\\/04\\\/MiuMjau-logo-kollane.png\",\"width\":219,\"height\":100,\"caption\":\"MiuMjau O\u00dc\"},\"image\":{\"@id\":\"https:\\\/\\\/miumjau.ee\\\/#\\\/schema\\\/logo\\\/image\\\/\"},\"sameAs\":[\"https:\\\/\\\/www.facebook.com\\\/miumjaupood\\\/\"]}]}<\/script>\n<!-- \/ Yoast SEO plugin. -->","yoast_head_json":{"title":"Raapimispuu Petrebels Cleopatra 134, harmaa - MiuMjau","description":"Kissan raapimispuu br\u00e4ndilt\u00e4 Petrebels, joka on suunniteltu egyptil\u00e4iseen tyyliin ja on t\u00e4ysin ylellinen sek\u00e4 tyylilt\u00e4\u00e4n ett\u00e4 materiaaleiltaan.","robots":{"index":"index","follow":"follow","max-snippet":"max-snippet:-1","max-image-preview":"max-image-preview:large","max-video-preview":"max-video-preview:-1"},"canonical":"https:\/\/miumjau.ee\/lv\/tuote\/kaku-skrapesanas-koks-petrebels-cleopatra-134-peleks\/","og_locale":"fi_FI","og_type":"article","og_title":"Raapimispuu Petrebels Cleopatra 134, harmaa - MiuMjau","og_description":"Kissan raapimispuu br\u00e4ndilt\u00e4 Petrebels, joka on suunniteltu egyptil\u00e4iseen tyyliin ja on t\u00e4ysin ylellinen sek\u00e4 tyylilt\u00e4\u00e4n ett\u00e4 materiaaleiltaan.","og_url":"https:\/\/miumjau.ee\/lv\/tuote\/kaku-skrapesanas-koks-petrebels-cleopatra-134-peleks\/","og_site_name":"MiuMjau","article_publisher":"https:\/\/www.facebook.com\/miumjaupood\/","article_modified_time":"2026-01-07T20:59:54+00:00","og_image":[{"width":600,"height":800,"url":"https:\/\/miumjau.ee\/wp-content\/uploads\/2023\/09\/cleopatra-134-hall-kassi-kraapimispuu-1.jpg","type":"image\/jpeg"}],"twitter_card":"summary_large_image","schema":{"@context":"https:\/\/schema.org","@graph":[{"@type":"WebPage","@id":"https:\/\/miumjau.ee\/lv\/tuote\/kaku-skrapesanas-koks-petrebels-cleopatra-134-peleks\/","url":"https:\/\/miumjau.ee\/lv\/tuote\/kaku-skrapesanas-koks-petrebels-cleopatra-134-peleks\/","name":"Raapimispuu Petrebels Cleopatra 134, harmaa - MiuMjau","isPartOf":{"@id":"https:\/\/miumjau.ee\/#website"},"primaryImageOfPage":{"@id":"https:\/\/miumjau.ee\/lv\/tuote\/kaku-skrapesanas-koks-petrebels-cleopatra-134-peleks\/#primaryimage"},"image":{"@id":"https:\/\/miumjau.ee\/lv\/tuote\/kaku-skrapesanas-koks-petrebels-cleopatra-134-peleks\/#primaryimage"},"thumbnailUrl":"https:\/\/miumjau.ee\/wp-content\/uploads\/2023\/09\/cleopatra-134-hall-kassi-kraapimispuu-1.jpg","datePublished":"2023-09-30T06:50:20+00:00","dateModified":"2026-01-07T20:59:54+00:00","description":"Kissan raapimispuu br\u00e4ndilt\u00e4 Petrebels, joka on suunniteltu egyptil\u00e4iseen tyyliin ja on t\u00e4ysin ylellinen sek\u00e4 tyylilt\u00e4\u00e4n ett\u00e4 materiaaleiltaan.","breadcrumb":{"@id":"https:\/\/miumjau.ee\/lv\/tuote\/kaku-skrapesanas-koks-petrebels-cleopatra-134-peleks\/#breadcrumb"},"inLanguage":"fi","potentialAction":[{"@type":"ReadAction","target":["https:\/\/miumjau.ee\/lv\/tuote\/kaku-skrapesanas-koks-petrebels-cleopatra-134-peleks\/"]}]},{"@type":"ImageObject","inLanguage":"fi","@id":"https:\/\/miumjau.ee\/lv\/tuote\/kaku-skrapesanas-koks-petrebels-cleopatra-134-peleks\/#primaryimage","url":"https:\/\/miumjau.ee\/wp-content\/uploads\/2023\/09\/cleopatra-134-hall-kassi-kraapimispuu-1.jpg","contentUrl":"https:\/\/miumjau.ee\/wp-content\/uploads\/2023\/09\/cleopatra-134-hall-kassi-kraapimispuu-1.jpg","width":600,"height":800,"caption":"Cleopatra 134 kraapimispuu PETREBELS"},{"@type":"BreadcrumbList","@id":"https:\/\/miumjau.ee\/lv\/tuote\/kaku-skrapesanas-koks-petrebels-cleopatra-134-peleks\/#breadcrumb","itemListElement":[{"@type":"ListItem","position":1,"name":"Home","item":"https:\/\/miumjau.ee\/fi\/"},{"@type":"ListItem","position":2,"name":"Kauppa","item":"https:\/\/miumjau.ee\/fi\/kauppa\/"},{"@type":"ListItem","position":3,"name":"Raapimispuu Petrebels Cleopatra 134, harmaa"}]},{"@type":"WebSite","@id":"https:\/\/miumjau.ee\/#website","url":"https:\/\/miumjau.ee\/","name":"MiuMjau","description":"Kraapimispuud kassidele","publisher":{"@id":"https:\/\/miumjau.ee\/#organization"},"potentialAction":[{"@type":"SearchAction","target":{"@type":"EntryPoint","urlTemplate":"https:\/\/miumjau.ee\/?s={search_term_string}"},"query-input":{"@type":"PropertyValueSpecification","valueRequired":true,"valueName":"search_term_string"}}],"inLanguage":"fi"},{"@type":"Organization","@id":"https:\/\/miumjau.ee\/#organization","name":"MiuMjau O\u00dc","url":"https:\/\/miumjau.ee\/","logo":{"@type":"ImageObject","inLanguage":"fi","@id":"https:\/\/miumjau.ee\/#\/schema\/logo\/image\/","url":"https:\/\/miumjau.ee\/wp-content\/uploads\/2022\/04\/MiuMjau-logo-kollane.png","contentUrl":"https:\/\/miumjau.ee\/wp-content\/uploads\/2022\/04\/MiuMjau-logo-kollane.png","width":219,"height":100,"caption":"MiuMjau O\u00dc"},"image":{"@id":"https:\/\/miumjau.ee\/#\/schema\/logo\/image\/"},"sameAs":["https:\/\/www.facebook.com\/miumjaupood\/"]}]}},"_links":{"self":[{"href":"https:\/\/miumjau.ee\/fi\/wp-json\/wp\/v2\/product\/14598","targetHints":{"allow":["GET"]}}],"collection":[{"href":"https:\/\/miumjau.ee\/fi\/wp-json\/wp\/v2\/product"}],"about":[{"href":"https:\/\/miumjau.ee\/fi\/wp-json\/wp\/v2\/types\/product"}],"wp:featuredmedia":[{"embeddable":true,"href":"https:\/\/miumjau.ee\/fi\/wp-json\/wp\/v2\/media\/14585"}],"wp:attachment":[{"href":"https:\/\/miumjau.ee\/fi\/wp-json\/wp\/v2\/media?parent=14598"}],"wp:term":[{"taxonomy":"product_brand","embeddable":true,"href":"https:\/\/miumjau.ee\/fi\/wp-json\/wp\/v2\/product_brand?post=14598"},{"taxonomy":"product_cat","embeddable":true,"href":"https:\/\/miumjau.ee\/fi\/wp-json\/wp\/v2\/product_cat?post=14598"},{"taxonomy":"product_tag","embeddable":true,"href":"https:\/\/miumjau.ee\/fi\/wp-json\/wp\/v2\/product_tag?post=14598"}],"curies":[{"name":"wp","href":"https:\/\/api.w.org\/{rel}","templated":true}]}}