{"id":14556,"date":"2023-12-26T15:41:25","date_gmt":"2023-12-26T13:41:25","guid":{"rendered":"https:\/\/miumjau.ee\/toode\/raapimispuu-petrebels-route-180-hall\/"},"modified":"2026-01-07T22:59:54","modified_gmt":"2026-01-07T20:59:54","slug":"raapimispuu-petrebels-route-180-hall","status":"publish","type":"product","link":"https:\/\/miumjau.ee\/fi\/tuote\/raapimispuu-petrebels-route-180-hall\/","title":{"rendered":"Raapimispuu Petrebels Route 180, harmaa"},"content":{"rendered":"","protected":false},"excerpt":{"rendered":"<p>Kissan raapimispuu malli Route 180 on suunniteltu todellisille raapimiskuninkaille, joille ei ole ongelma kiivet\u00e4 yl\u00f6s pylv\u00e4st\u00e4 pitkin. Se sopii my\u00f6s suuremmille ja painavammille kissoille. Jos kissasi rakastaa tarkkailla ymp\u00e4rist\u00f6\u00e4 korkeuksista, Route 180 on siihen sopiva. Useiden makuupaikkojen ansiosta useampi kissa voi k\u00e4ytt\u00e4\u00e4 sit\u00e4 samanaikaisesti. Tilaa riitt\u00e4\u00e4, eik\u00e4 riitoja synny! Tuote on kompakti ja sopii hyvin joka kotiin, eik\u00e4 vie valtavasti tilaa.<\/p>\n<p>Tuotteen korkeus 180 cm<br \/>\nPohja: 76 x 50 cm<\/p>\n<p>Roikkuvan pes\u00e4n maksimikantavuus on 15 kg. Jos sinulla on niin suuri kissa, ett\u00e4 se on rajalla, tai jos useampi kissa haluaa nukkua yhdess\u00e4 riippukehdossa, suosittelemme mallia Route 210, jossa riippukehdon kantavuus on 25 kg.<br \/>\nPylv\u00e4iden paksuus vaihtelee eli osa pylv\u00e4ist\u00e4 on 12 cm ja toiset jopa 15 cm paksuja!<\/p>\n<p>PS: Riippupes\u00e4 ja pehmustetyynyt ovat konepest\u00e4vi\u00e4<\/p>\n<p>Tuote toimitetaan kahdessa laatikossa, joiden yhteispaino on 48 kg.<\/p>\n","protected":false},"featured_media":14563,"template":"","meta":[],"product_brand":[],"product_cat":[115,139],"product_tag":[],"class_list":{"0":"post-14556","1":"product","2":"type-product","3":"status-publish","4":"has-post-thumbnail","6":"product_cat-keskikokoiset-raapimispuut-petrebels","7":"product_cat-kaup24-fi","8":"product_shipping_class-pakiautomaati-sobimatu-fi","10":"first","11":"instock","12":"taxable","13":"shipping-taxable","14":"purchasable","15":"product-type-simple"},"yoast_head":"<!-- This site is optimized with the Yoast SEO plugin v27.2 - https:\/\/yoast.com\/product\/yoast-seo-wordpress\/ -->\n<title>Raapimispuu Petrebels Route 180, harmaa - MiuMjau<\/title>\n<meta name=\"description\" content=\"Raapimispuu Route 180 br\u00e4ndilt Petrebels on erinomaisen laadukas tuote ja sopii jokaiselle raapimisesta innostuneelle kissalle. Korkeat ja paksut raapimispylv\u00e4\u00e4t!\" \/>\n<meta name=\"robots\" content=\"index, follow, max-snippet:-1, max-image-preview:large, max-video-preview:-1\" \/>\n<link rel=\"canonical\" href=\"https:\/\/miumjau.ee\/tuote\/petrebels-route-180-hall\/\" \/>\n<meta property=\"og:locale\" content=\"fi_FI\" \/>\n<meta property=\"og:type\" content=\"article\" \/>\n<meta property=\"og:title\" content=\"Raapimispuu Petrebels Route 180, harmaa - MiuMjau\" \/>\n<meta property=\"og:description\" content=\"Raapimispuu Route 180 br\u00e4ndilt Petrebels on erinomaisen laadukas tuote ja sopii jokaiselle raapimisesta innostuneelle kissalle. Korkeat ja paksut raapimispylv\u00e4\u00e4t!\" \/>\n<meta property=\"og:url\" content=\"https:\/\/miumjau.ee\/tuote\/petrebels-route-180-hall\/\" \/>\n<meta property=\"og:site_name\" content=\"MiuMjau\" \/>\n<meta property=\"article:publisher\" content=\"https:\/\/www.facebook.com\/miumjaupood\/\" \/>\n<meta property=\"article:modified_time\" content=\"2026-01-07T20:59:54+00:00\" \/>\n<meta property=\"og:image\" content=\"https:\/\/miumjau.ee\/wp-content\/uploads\/2023\/12\/kraapimispuu-route180-hall6.jpg\" \/>\n\t<meta property=\"og:image:width\" content=\"600\" \/>\n\t<meta property=\"og:image:height\" content=\"800\" \/>\n\t<meta property=\"og:image:type\" content=\"image\/jpeg\" \/>\n<meta name=\"twitter:card\" content=\"summary_large_image\" \/>\n<script type=\"application\/ld+json\" class=\"yoast-schema-graph\">{\"@context\":\"https:\/\/schema.org\",\"@graph\":[{\"@type\":\"WebPage\",\"@id\":\"https:\/\/miumjau.ee\/tuote\/petrebels-route-180-hall\/\",\"url\":\"https:\/\/miumjau.ee\/tuote\/petrebels-route-180-hall\/\",\"name\":\"Raapimispuu Petrebels Route 180, harmaa - MiuMjau\",\"isPartOf\":{\"@id\":\"https:\/\/miumjau.ee\/#website\"},\"primaryImageOfPage\":{\"@id\":\"https:\/\/miumjau.ee\/tuote\/petrebels-route-180-hall\/#primaryimage\"},\"image\":{\"@id\":\"https:\/\/miumjau.ee\/tuote\/petrebels-route-180-hall\/#primaryimage\"},\"thumbnailUrl\":\"https:\/\/miumjau.ee\/wp-content\/uploads\/2023\/12\/kraapimispuu-route180-hall6.jpg\",\"datePublished\":\"2023-12-26T13:41:25+00:00\",\"dateModified\":\"2026-01-07T20:59:54+00:00\",\"description\":\"Raapimispuu Route 180 br\u00e4ndilt Petrebels on erinomaisen laadukas tuote ja sopii jokaiselle raapimisesta innostuneelle kissalle. Korkeat ja paksut raapimispylv\u00e4\u00e4t!\",\"breadcrumb\":{\"@id\":\"https:\/\/miumjau.ee\/tuote\/petrebels-route-180-hall\/#breadcrumb\"},\"inLanguage\":\"fi\",\"potentialAction\":[{\"@type\":\"ReadAction\",\"target\":[\"https:\/\/miumjau.ee\/tuote\/petrebels-route-180-hall\/\"]}]},{\"@type\":\"ImageObject\",\"inLanguage\":\"fi\",\"@id\":\"https:\/\/miumjau.ee\/tuote\/petrebels-route-180-hall\/#primaryimage\",\"url\":\"https:\/\/miumjau.ee\/wp-content\/uploads\/2023\/12\/kraapimispuu-route180-hall6.jpg\",\"contentUrl\":\"https:\/\/miumjau.ee\/wp-content\/uploads\/2023\/12\/kraapimispuu-route180-hall6.jpg\",\"width\":600,\"height\":800,\"caption\":\"Route 180 kassi kraapimispuu\"},{\"@type\":\"BreadcrumbList\",\"@id\":\"https:\/\/miumjau.ee\/tuote\/petrebels-route-180-hall\/#breadcrumb\",\"itemListElement\":[{\"@type\":\"ListItem\",\"position\":1,\"name\":\"Home\",\"item\":\"https:\/\/miumjau.ee\/fi\/\"},{\"@type\":\"ListItem\",\"position\":2,\"name\":\"Kauppa\",\"item\":\"https:\/\/miumjau.ee\/fi\/kauppa\/\"},{\"@type\":\"ListItem\",\"position\":3,\"name\":\"Raapimispuu Petrebels Route 180, harmaa\"}]},{\"@type\":\"WebSite\",\"@id\":\"https:\/\/miumjau.ee\/#website\",\"url\":\"https:\/\/miumjau.ee\/\",\"name\":\"MiuMjau\",\"description\":\"Kraapimispuud kassidele\",\"publisher\":{\"@id\":\"https:\/\/miumjau.ee\/#organization\"},\"potentialAction\":[{\"@type\":\"SearchAction\",\"target\":{\"@type\":\"EntryPoint\",\"urlTemplate\":\"https:\/\/miumjau.ee\/?s={search_term_string}\"},\"query-input\":{\"@type\":\"PropertyValueSpecification\",\"valueRequired\":true,\"valueName\":\"search_term_string\"}}],\"inLanguage\":\"fi\"},{\"@type\":\"Organization\",\"@id\":\"https:\/\/miumjau.ee\/#organization\",\"name\":\"MiuMjau O\u00dc\",\"url\":\"https:\/\/miumjau.ee\/\",\"logo\":{\"@type\":\"ImageObject\",\"inLanguage\":\"fi\",\"@id\":\"https:\/\/miumjau.ee\/#\/schema\/logo\/image\/\",\"url\":\"https:\/\/miumjau.ee\/wp-content\/uploads\/2022\/04\/MiuMjau-logo-kollane.png\",\"contentUrl\":\"https:\/\/miumjau.ee\/wp-content\/uploads\/2022\/04\/MiuMjau-logo-kollane.png\",\"width\":219,\"height\":100,\"caption\":\"MiuMjau O\u00dc\"},\"image\":{\"@id\":\"https:\/\/miumjau.ee\/#\/schema\/logo\/image\/\"},\"sameAs\":[\"https:\/\/www.facebook.com\/miumjaupood\/\"]}]}<\/script>\n<!-- \/ Yoast SEO plugin. -->","yoast_head_json":{"title":"Raapimispuu Petrebels Route 180, harmaa - MiuMjau","description":"Raapimispuu Route 180 br\u00e4ndilt Petrebels on erinomaisen laadukas tuote ja sopii jokaiselle raapimisesta innostuneelle kissalle. Korkeat ja paksut raapimispylv\u00e4\u00e4t!","robots":{"index":"index","follow":"follow","max-snippet":"max-snippet:-1","max-image-preview":"max-image-preview:large","max-video-preview":"max-video-preview:-1"},"canonical":"https:\/\/miumjau.ee\/tuote\/petrebels-route-180-hall\/","og_locale":"fi_FI","og_type":"article","og_title":"Raapimispuu Petrebels Route 180, harmaa - MiuMjau","og_description":"Raapimispuu Route 180 br\u00e4ndilt Petrebels on erinomaisen laadukas tuote ja sopii jokaiselle raapimisesta innostuneelle kissalle. Korkeat ja paksut raapimispylv\u00e4\u00e4t!","og_url":"https:\/\/miumjau.ee\/tuote\/petrebels-route-180-hall\/","og_site_name":"MiuMjau","article_publisher":"https:\/\/www.facebook.com\/miumjaupood\/","article_modified_time":"2026-01-07T20:59:54+00:00","og_image":[{"width":600,"height":800,"url":"https:\/\/miumjau.ee\/wp-content\/uploads\/2023\/12\/kraapimispuu-route180-hall6.jpg","type":"image\/jpeg"}],"twitter_card":"summary_large_image","schema":{"@context":"https:\/\/schema.org","@graph":[{"@type":"WebPage","@id":"https:\/\/miumjau.ee\/tuote\/petrebels-route-180-hall\/","url":"https:\/\/miumjau.ee\/tuote\/petrebels-route-180-hall\/","name":"Raapimispuu Petrebels Route 180, harmaa - MiuMjau","isPartOf":{"@id":"https:\/\/miumjau.ee\/#website"},"primaryImageOfPage":{"@id":"https:\/\/miumjau.ee\/tuote\/petrebels-route-180-hall\/#primaryimage"},"image":{"@id":"https:\/\/miumjau.ee\/tuote\/petrebels-route-180-hall\/#primaryimage"},"thumbnailUrl":"https:\/\/miumjau.ee\/wp-content\/uploads\/2023\/12\/kraapimispuu-route180-hall6.jpg","datePublished":"2023-12-26T13:41:25+00:00","dateModified":"2026-01-07T20:59:54+00:00","description":"Raapimispuu Route 180 br\u00e4ndilt Petrebels on erinomaisen laadukas tuote ja sopii jokaiselle raapimisesta innostuneelle kissalle. Korkeat ja paksut raapimispylv\u00e4\u00e4t!","breadcrumb":{"@id":"https:\/\/miumjau.ee\/tuote\/petrebels-route-180-hall\/#breadcrumb"},"inLanguage":"fi","potentialAction":[{"@type":"ReadAction","target":["https:\/\/miumjau.ee\/tuote\/petrebels-route-180-hall\/"]}]},{"@type":"ImageObject","inLanguage":"fi","@id":"https:\/\/miumjau.ee\/tuote\/petrebels-route-180-hall\/#primaryimage","url":"https:\/\/miumjau.ee\/wp-content\/uploads\/2023\/12\/kraapimispuu-route180-hall6.jpg","contentUrl":"https:\/\/miumjau.ee\/wp-content\/uploads\/2023\/12\/kraapimispuu-route180-hall6.jpg","width":600,"height":800,"caption":"Route 180 kassi kraapimispuu"},{"@type":"BreadcrumbList","@id":"https:\/\/miumjau.ee\/tuote\/petrebels-route-180-hall\/#breadcrumb","itemListElement":[{"@type":"ListItem","position":1,"name":"Home","item":"https:\/\/miumjau.ee\/fi\/"},{"@type":"ListItem","position":2,"name":"Kauppa","item":"https:\/\/miumjau.ee\/fi\/kauppa\/"},{"@type":"ListItem","position":3,"name":"Raapimispuu Petrebels Route 180, harmaa"}]},{"@type":"WebSite","@id":"https:\/\/miumjau.ee\/#website","url":"https:\/\/miumjau.ee\/","name":"MiuMjau","description":"Kraapimispuud kassidele","publisher":{"@id":"https:\/\/miumjau.ee\/#organization"},"potentialAction":[{"@type":"SearchAction","target":{"@type":"EntryPoint","urlTemplate":"https:\/\/miumjau.ee\/?s={search_term_string}"},"query-input":{"@type":"PropertyValueSpecification","valueRequired":true,"valueName":"search_term_string"}}],"inLanguage":"fi"},{"@type":"Organization","@id":"https:\/\/miumjau.ee\/#organization","name":"MiuMjau O\u00dc","url":"https:\/\/miumjau.ee\/","logo":{"@type":"ImageObject","inLanguage":"fi","@id":"https:\/\/miumjau.ee\/#\/schema\/logo\/image\/","url":"https:\/\/miumjau.ee\/wp-content\/uploads\/2022\/04\/MiuMjau-logo-kollane.png","contentUrl":"https:\/\/miumjau.ee\/wp-content\/uploads\/2022\/04\/MiuMjau-logo-kollane.png","width":219,"height":100,"caption":"MiuMjau O\u00dc"},"image":{"@id":"https:\/\/miumjau.ee\/#\/schema\/logo\/image\/"},"sameAs":["https:\/\/www.facebook.com\/miumjaupood\/"]}]}},"_links":{"self":[{"href":"https:\/\/miumjau.ee\/fi\/wp-json\/wp\/v2\/product\/14556","targetHints":{"allow":["GET"]}}],"collection":[{"href":"https:\/\/miumjau.ee\/fi\/wp-json\/wp\/v2\/product"}],"about":[{"href":"https:\/\/miumjau.ee\/fi\/wp-json\/wp\/v2\/types\/product"}],"wp:featuredmedia":[{"embeddable":true,"href":"https:\/\/miumjau.ee\/fi\/wp-json\/wp\/v2\/media\/14563"}],"wp:attachment":[{"href":"https:\/\/miumjau.ee\/fi\/wp-json\/wp\/v2\/media?parent=14556"}],"wp:term":[{"taxonomy":"product_brand","embeddable":true,"href":"https:\/\/miumjau.ee\/fi\/wp-json\/wp\/v2\/product_brand?post=14556"},{"taxonomy":"product_cat","embeddable":true,"href":"https:\/\/miumjau.ee\/fi\/wp-json\/wp\/v2\/product_cat?post=14556"},{"taxonomy":"product_tag","embeddable":true,"href":"https:\/\/miumjau.ee\/fi\/wp-json\/wp\/v2\/product_tag?post=14556"}],"curies":[{"name":"wp","href":"https:\/\/api.w.org\/{rel}","templated":true}]}}