{"id":14397,"date":"2023-08-31T12:48:03","date_gmt":"2023-08-31T09:48:03","guid":{"rendered":"https:\/\/miumjau.ee\/toode\/raapimispuu-petrebels-parklane-131-kerma\/"},"modified":"2026-01-07T22:59:54","modified_gmt":"2026-01-07T20:59:54","slug":"raapimispuu-petrebels-parklane-131-kerma","status":"publish","type":"product","link":"https:\/\/miumjau.ee\/fi\/tuote\/raapimispuu-petrebels-parklane-131-kerma\/","title":{"rendered":"Raapimispuu Petrebels Parklane 131, kerma"},"content":{"rendered":"","protected":false},"excerpt":{"rendered":"<p>Raapimispuu Petrebels Parklane 131 Hollantilaiselta laatubr\u00e4ndilt\u00e4 Petrebelsilt\u00e4 tarjoaa kaiken tarvittavan, mit\u00e4 kissan raapimispuulta voi odottaa. Tuote on keskikorkea, 131 cm, pituus 58 cm ja leveys 45 cm. Tarkemmat mitat on lis\u00e4tty kuvaan. Puu sopii kissanpennuille, vanhemmille kissoille ja my\u00f6s raskaille kissoille. Alustalevy on kest\u00e4v\u00e4 ja vahva, ja tangot ovat paksuja ja kokonaan luonnollisella raapimisjousilla p\u00e4\u00e4llystettyj\u00e4. Lepotilat ovat todella tilavia \u2013 ei mit\u00e4\u00e4n ahtautta! Puhdasta luksusta!<\/p>\n<p>Tuotteen paino ilman pakkausta on 26,6 kg ja pakkauksen kanssa 28,6 kg.<br \/>\nLaatikoiden mitat: 60 x 47 x 42 cm.<\/p>\n<p>Myymme Petrebelsin laatutuotteita, koska olemme itse vakuuttuneet niiden parhaista ominaisuuksista. Ne kest\u00e4v\u00e4t v\u00e4hint\u00e4\u00e4n kaksinkertaisesti pidemp\u00e4\u00e4n kuin halvat kiinalaiset puut ja tarjoavat huomattavasti enemm\u00e4n silm\u00e4niloa ja vakautta. Kissojen ei tarvitse huolehtia siit\u00e4, ett\u00e4 puu kaatuu tai romahtaa. Jos tarvitset neuvoja raapimispuun valinnassa, ota meihin yhteytt\u00e4 \u2013 autamme mielell\u00e4mme!<\/p>\n","protected":false},"featured_media":14398,"template":"","meta":[],"product_brand":[],"product_cat":[116,139],"product_tag":[],"class_list":{"0":"post-14397","1":"product","2":"type-product","3":"status-publish","4":"has-post-thumbnail","6":"product_cat-isoille-kissoille-petrebels","7":"product_cat-kaup24-fi","8":"product_shipping_class-pakiautomaati-sobimatu-fi","10":"first","11":"outofstock","12":"sale","13":"taxable","14":"shipping-taxable","15":"purchasable","16":"product-type-simple"},"yoast_head":"<!-- This site is optimized with the Yoast SEO plugin v27.2 - https:\/\/yoast.com\/product\/yoast-seo-wordpress\/ -->\n<title>Raapimispuu Petrebels Parklane 131, kerma - MiuMjau<\/title>\n<meta name=\"description\" content=\"Raapimispuu, joka on todella tilava, mukava, kaunis katsella ja mik\u00e4 t\u00e4rkeint\u00e4, vakaa ja kest\u00e4v\u00e4. Aitoa laatua!\" \/>\n<meta name=\"robots\" content=\"index, follow, max-snippet:-1, max-image-preview:large, max-video-preview:-1\" \/>\n<link rel=\"canonical\" href=\"https:\/\/miumjau.ee\/fi\/tuote\/raapimispuu-petrebels-parklane-131-kerma\/\" \/>\n<meta property=\"og:locale\" content=\"fi_FI\" \/>\n<meta property=\"og:type\" content=\"article\" \/>\n<meta property=\"og:title\" content=\"Raapimispuu Petrebels Parklane 131, kerma - MiuMjau\" \/>\n<meta property=\"og:description\" content=\"Raapimispuu, joka on todella tilava, mukava, kaunis katsella ja mik\u00e4 t\u00e4rkeint\u00e4, vakaa ja kest\u00e4v\u00e4. Aitoa laatua!\" \/>\n<meta property=\"og:url\" content=\"https:\/\/miumjau.ee\/fi\/tuote\/raapimispuu-petrebels-parklane-131-kerma\/\" \/>\n<meta property=\"og:site_name\" content=\"MiuMjau\" \/>\n<meta property=\"article:publisher\" content=\"https:\/\/www.facebook.com\/miumjaupood\/\" \/>\n<meta property=\"article:modified_time\" content=\"2026-01-07T20:59:54+00:00\" \/>\n<meta property=\"og:image\" content=\"https:\/\/miumjau.ee\/wp-content\/uploads\/2023\/08\/Parklane131-kraapimispuu1.jpg\" \/>\n\t<meta property=\"og:image:width\" content=\"600\" \/>\n\t<meta property=\"og:image:height\" content=\"800\" \/>\n\t<meta property=\"og:image:type\" content=\"image\/jpeg\" \/>\n<meta name=\"twitter:card\" content=\"summary_large_image\" \/>\n<meta name=\"twitter:label1\" content=\"Arvioitu lukuaika\" \/>\n\t<meta name=\"twitter:data1\" content=\"1 minuutti\" \/>\n<script type=\"application\/ld+json\" class=\"yoast-schema-graph\">{\"@context\":\"https:\/\/schema.org\",\"@graph\":[{\"@type\":\"WebPage\",\"@id\":\"https:\/\/miumjau.ee\/fi\/tuote\/raapimispuu-petrebels-parklane-131-kerma\/\",\"url\":\"https:\/\/miumjau.ee\/fi\/tuote\/raapimispuu-petrebels-parklane-131-kerma\/\",\"name\":\"Raapimispuu Petrebels Parklane 131, kerma - MiuMjau\",\"isPartOf\":{\"@id\":\"https:\/\/miumjau.ee\/#website\"},\"primaryImageOfPage\":{\"@id\":\"https:\/\/miumjau.ee\/fi\/tuote\/raapimispuu-petrebels-parklane-131-kerma\/#primaryimage\"},\"image\":{\"@id\":\"https:\/\/miumjau.ee\/fi\/tuote\/raapimispuu-petrebels-parklane-131-kerma\/#primaryimage\"},\"thumbnailUrl\":\"https:\/\/miumjau.ee\/wp-content\/uploads\/2023\/08\/Parklane131-kraapimispuu1.jpg\",\"datePublished\":\"2023-08-31T09:48:03+00:00\",\"dateModified\":\"2026-01-07T20:59:54+00:00\",\"description\":\"Raapimispuu, joka on todella tilava, mukava, kaunis katsella ja mik\u00e4 t\u00e4rkeint\u00e4, vakaa ja kest\u00e4v\u00e4. Aitoa laatua!\",\"breadcrumb\":{\"@id\":\"https:\/\/miumjau.ee\/fi\/tuote\/raapimispuu-petrebels-parklane-131-kerma\/#breadcrumb\"},\"inLanguage\":\"fi\",\"potentialAction\":[{\"@type\":\"ReadAction\",\"target\":[\"https:\/\/miumjau.ee\/fi\/tuote\/raapimispuu-petrebels-parklane-131-kerma\/\"]}]},{\"@type\":\"ImageObject\",\"inLanguage\":\"fi\",\"@id\":\"https:\/\/miumjau.ee\/fi\/tuote\/raapimispuu-petrebels-parklane-131-kerma\/#primaryimage\",\"url\":\"https:\/\/miumjau.ee\/wp-content\/uploads\/2023\/08\/Parklane131-kraapimispuu1.jpg\",\"contentUrl\":\"https:\/\/miumjau.ee\/wp-content\/uploads\/2023\/08\/Parklane131-kraapimispuu1.jpg\",\"width\":600,\"height\":800,\"caption\":\"Kassi kraapimispuu Parklane 131, PETREBELS\"},{\"@type\":\"BreadcrumbList\",\"@id\":\"https:\/\/miumjau.ee\/fi\/tuote\/raapimispuu-petrebels-parklane-131-kerma\/#breadcrumb\",\"itemListElement\":[{\"@type\":\"ListItem\",\"position\":1,\"name\":\"Home\",\"item\":\"https:\/\/miumjau.ee\/fi\/\"},{\"@type\":\"ListItem\",\"position\":2,\"name\":\"Kauppa\",\"item\":\"https:\/\/miumjau.ee\/fi\/kauppa\/\"},{\"@type\":\"ListItem\",\"position\":3,\"name\":\"Raapimispuu Petrebels Parklane 131, kerma\"}]},{\"@type\":\"WebSite\",\"@id\":\"https:\/\/miumjau.ee\/#website\",\"url\":\"https:\/\/miumjau.ee\/\",\"name\":\"MiuMjau\",\"description\":\"Kraapimispuud kassidele\",\"publisher\":{\"@id\":\"https:\/\/miumjau.ee\/#organization\"},\"potentialAction\":[{\"@type\":\"SearchAction\",\"target\":{\"@type\":\"EntryPoint\",\"urlTemplate\":\"https:\/\/miumjau.ee\/?s={search_term_string}\"},\"query-input\":{\"@type\":\"PropertyValueSpecification\",\"valueRequired\":true,\"valueName\":\"search_term_string\"}}],\"inLanguage\":\"fi\"},{\"@type\":\"Organization\",\"@id\":\"https:\/\/miumjau.ee\/#organization\",\"name\":\"MiuMjau O\u00dc\",\"url\":\"https:\/\/miumjau.ee\/\",\"logo\":{\"@type\":\"ImageObject\",\"inLanguage\":\"fi\",\"@id\":\"https:\/\/miumjau.ee\/#\/schema\/logo\/image\/\",\"url\":\"https:\/\/miumjau.ee\/wp-content\/uploads\/2022\/04\/MiuMjau-logo-kollane.png\",\"contentUrl\":\"https:\/\/miumjau.ee\/wp-content\/uploads\/2022\/04\/MiuMjau-logo-kollane.png\",\"width\":219,\"height\":100,\"caption\":\"MiuMjau O\u00dc\"},\"image\":{\"@id\":\"https:\/\/miumjau.ee\/#\/schema\/logo\/image\/\"},\"sameAs\":[\"https:\/\/www.facebook.com\/miumjaupood\/\"]}]}<\/script>\n<!-- \/ Yoast SEO plugin. -->","yoast_head_json":{"title":"Raapimispuu Petrebels Parklane 131, kerma - MiuMjau","description":"Raapimispuu, joka on todella tilava, mukava, kaunis katsella ja mik\u00e4 t\u00e4rkeint\u00e4, vakaa ja kest\u00e4v\u00e4. Aitoa laatua!","robots":{"index":"index","follow":"follow","max-snippet":"max-snippet:-1","max-image-preview":"max-image-preview:large","max-video-preview":"max-video-preview:-1"},"canonical":"https:\/\/miumjau.ee\/fi\/tuote\/raapimispuu-petrebels-parklane-131-kerma\/","og_locale":"fi_FI","og_type":"article","og_title":"Raapimispuu Petrebels Parklane 131, kerma - MiuMjau","og_description":"Raapimispuu, joka on todella tilava, mukava, kaunis katsella ja mik\u00e4 t\u00e4rkeint\u00e4, vakaa ja kest\u00e4v\u00e4. Aitoa laatua!","og_url":"https:\/\/miumjau.ee\/fi\/tuote\/raapimispuu-petrebels-parklane-131-kerma\/","og_site_name":"MiuMjau","article_publisher":"https:\/\/www.facebook.com\/miumjaupood\/","article_modified_time":"2026-01-07T20:59:54+00:00","og_image":[{"width":600,"height":800,"url":"https:\/\/miumjau.ee\/wp-content\/uploads\/2023\/08\/Parklane131-kraapimispuu1.jpg","type":"image\/jpeg"}],"twitter_card":"summary_large_image","twitter_misc":{"Arvioitu lukuaika":"1 minuutti"},"schema":{"@context":"https:\/\/schema.org","@graph":[{"@type":"WebPage","@id":"https:\/\/miumjau.ee\/fi\/tuote\/raapimispuu-petrebels-parklane-131-kerma\/","url":"https:\/\/miumjau.ee\/fi\/tuote\/raapimispuu-petrebels-parklane-131-kerma\/","name":"Raapimispuu Petrebels Parklane 131, kerma - MiuMjau","isPartOf":{"@id":"https:\/\/miumjau.ee\/#website"},"primaryImageOfPage":{"@id":"https:\/\/miumjau.ee\/fi\/tuote\/raapimispuu-petrebels-parklane-131-kerma\/#primaryimage"},"image":{"@id":"https:\/\/miumjau.ee\/fi\/tuote\/raapimispuu-petrebels-parklane-131-kerma\/#primaryimage"},"thumbnailUrl":"https:\/\/miumjau.ee\/wp-content\/uploads\/2023\/08\/Parklane131-kraapimispuu1.jpg","datePublished":"2023-08-31T09:48:03+00:00","dateModified":"2026-01-07T20:59:54+00:00","description":"Raapimispuu, joka on todella tilava, mukava, kaunis katsella ja mik\u00e4 t\u00e4rkeint\u00e4, vakaa ja kest\u00e4v\u00e4. Aitoa laatua!","breadcrumb":{"@id":"https:\/\/miumjau.ee\/fi\/tuote\/raapimispuu-petrebels-parklane-131-kerma\/#breadcrumb"},"inLanguage":"fi","potentialAction":[{"@type":"ReadAction","target":["https:\/\/miumjau.ee\/fi\/tuote\/raapimispuu-petrebels-parklane-131-kerma\/"]}]},{"@type":"ImageObject","inLanguage":"fi","@id":"https:\/\/miumjau.ee\/fi\/tuote\/raapimispuu-petrebels-parklane-131-kerma\/#primaryimage","url":"https:\/\/miumjau.ee\/wp-content\/uploads\/2023\/08\/Parklane131-kraapimispuu1.jpg","contentUrl":"https:\/\/miumjau.ee\/wp-content\/uploads\/2023\/08\/Parklane131-kraapimispuu1.jpg","width":600,"height":800,"caption":"Kassi kraapimispuu Parklane 131, PETREBELS"},{"@type":"BreadcrumbList","@id":"https:\/\/miumjau.ee\/fi\/tuote\/raapimispuu-petrebels-parklane-131-kerma\/#breadcrumb","itemListElement":[{"@type":"ListItem","position":1,"name":"Home","item":"https:\/\/miumjau.ee\/fi\/"},{"@type":"ListItem","position":2,"name":"Kauppa","item":"https:\/\/miumjau.ee\/fi\/kauppa\/"},{"@type":"ListItem","position":3,"name":"Raapimispuu Petrebels Parklane 131, kerma"}]},{"@type":"WebSite","@id":"https:\/\/miumjau.ee\/#website","url":"https:\/\/miumjau.ee\/","name":"MiuMjau","description":"Kraapimispuud kassidele","publisher":{"@id":"https:\/\/miumjau.ee\/#organization"},"potentialAction":[{"@type":"SearchAction","target":{"@type":"EntryPoint","urlTemplate":"https:\/\/miumjau.ee\/?s={search_term_string}"},"query-input":{"@type":"PropertyValueSpecification","valueRequired":true,"valueName":"search_term_string"}}],"inLanguage":"fi"},{"@type":"Organization","@id":"https:\/\/miumjau.ee\/#organization","name":"MiuMjau O\u00dc","url":"https:\/\/miumjau.ee\/","logo":{"@type":"ImageObject","inLanguage":"fi","@id":"https:\/\/miumjau.ee\/#\/schema\/logo\/image\/","url":"https:\/\/miumjau.ee\/wp-content\/uploads\/2022\/04\/MiuMjau-logo-kollane.png","contentUrl":"https:\/\/miumjau.ee\/wp-content\/uploads\/2022\/04\/MiuMjau-logo-kollane.png","width":219,"height":100,"caption":"MiuMjau O\u00dc"},"image":{"@id":"https:\/\/miumjau.ee\/#\/schema\/logo\/image\/"},"sameAs":["https:\/\/www.facebook.com\/miumjaupood\/"]}]}},"_links":{"self":[{"href":"https:\/\/miumjau.ee\/fi\/wp-json\/wp\/v2\/product\/14397","targetHints":{"allow":["GET"]}}],"collection":[{"href":"https:\/\/miumjau.ee\/fi\/wp-json\/wp\/v2\/product"}],"about":[{"href":"https:\/\/miumjau.ee\/fi\/wp-json\/wp\/v2\/types\/product"}],"wp:featuredmedia":[{"embeddable":true,"href":"https:\/\/miumjau.ee\/fi\/wp-json\/wp\/v2\/media\/14398"}],"wp:attachment":[{"href":"https:\/\/miumjau.ee\/fi\/wp-json\/wp\/v2\/media?parent=14397"}],"wp:term":[{"taxonomy":"product_brand","embeddable":true,"href":"https:\/\/miumjau.ee\/fi\/wp-json\/wp\/v2\/product_brand?post=14397"},{"taxonomy":"product_cat","embeddable":true,"href":"https:\/\/miumjau.ee\/fi\/wp-json\/wp\/v2\/product_cat?post=14397"},{"taxonomy":"product_tag","embeddable":true,"href":"https:\/\/miumjau.ee\/fi\/wp-json\/wp\/v2\/product_tag?post=14397"}],"curies":[{"name":"wp","href":"https:\/\/api.w.org\/{rel}","templated":true}]}}