{"id":14327,"date":"2023-09-30T09:58:40","date_gmt":"2023-09-30T06:58:40","guid":{"rendered":"https:\/\/miumjau.ee\/toode\/raapimispuu-xxl-alley-200-pepper\/"},"modified":"2026-01-07T23:00:01","modified_gmt":"2026-01-07T21:00:01","slug":"raapimispuu-xxl-alley-200-pepper","status":"publish","type":"product","link":"https:\/\/miumjau.ee\/fi\/tuote\/raapimispuu-xxl-alley-200-pepper\/","title":{"rendered":"Raapimispuu XXL Alley 200, pippuri"},"content":{"rendered":"","protected":false},"excerpt":{"rendered":"<p>El\u00e4tk\u00f6 useamman kissan tai jopa pentueen kanssa? Tai onko sinulla kotona vain yksi eritt\u00e4in aktiivinen kissa, jota haluat hemmotella? T\u00e4ll\u00f6in tilava Alley 200 on t\u00e4ydellinen valinta! Pituuden lis\u00e4ksi se on my\u00f6s eritt\u00e4in leve\u00e4 ja korkea. Ei v\u00e4hemp\u00e4\u00e4 kuin 4 roikkuvaa riippukeinu, 3 XXL-kissataloa ja extra leve\u00e4 makuualusta huipulla tarjoavat kissalle kaiken tarvittavan, mit\u00e4 raapimispuulta voi odottaa. Kaikki erityisen kest\u00e4v\u00e4t pylv\u00e4\u00e4t ovat t\u00e4ysin raapittavaa sisalia. Tilaa riitt\u00e4\u00e4 kaikille! Et tarvitse koskaan huolehtia siit\u00e4, ett\u00e4 kissa putoaa puun mukana tai uhkaa talouden lapsia tai muita lemmikkej\u00e4. Raapimispuu on t\u00e4ysin vakaa ja kest\u00e4v\u00e4. Tuote sopii kaikille ik\u00e4ryhmille ja kokoisille kissoille, olipa niit\u00e4 yksi tai useampi. PS: Tyynyt ovat kaikki konepest\u00e4vi\u00e4.<\/p>\n<p>Mitat: 82 x 187 x 200 cm (leveys, pituus, korkeus)<br \/>\nTuotteen paino 104 kg ja pakkauksen kanssa 108 kg.<\/p>\n","protected":false},"featured_media":14328,"template":"","meta":[],"product_brand":[],"product_cat":[116,139],"product_tag":[],"class_list":{"0":"post-14327","1":"product","2":"type-product","3":"status-publish","4":"has-post-thumbnail","6":"product_cat-isoille-kissoille-petrebels","7":"product_cat-kaup24-fi","8":"product_shipping_class-pakiautomaati-sobimatu-fi","10":"first","11":"instock","12":"taxable","13":"shipping-taxable","14":"purchasable","15":"product-type-simple"},"yoast_head":"<!-- This site is optimized with the Yoast SEO plugin v27.2 - https:\/\/yoast.com\/product\/yoast-seo-wordpress\/ -->\n<title>Raapimispuu XXL Alley 200, pippuri - MiuMjau<\/title>\n<meta name=\"description\" content=\"XXL-kokoisen huipputason raapimispuun br\u00e4ndilt\u00e4 PETREBELS odottaa kissojasi. T\u00e4ydellinen ratkaisu, jos kissoja on enemm\u00e4n kuin kaksi. Parasta laatua!\" \/>\n<meta name=\"robots\" content=\"index, follow, max-snippet:-1, max-image-preview:large, max-video-preview:-1\" \/>\n<link rel=\"canonical\" href=\"https:\/\/miumjau.ee\/tuote\/petrebels-kraapimispuu-xxl-alley-200-must\/\" \/>\n<meta property=\"og:locale\" content=\"fi_FI\" \/>\n<meta property=\"og:type\" content=\"article\" \/>\n<meta property=\"og:title\" content=\"Raapimispuu XXL Alley 200, pippuri - MiuMjau\" \/>\n<meta property=\"og:description\" content=\"XXL-kokoisen huipputason raapimispuun br\u00e4ndilt\u00e4 PETREBELS odottaa kissojasi. T\u00e4ydellinen ratkaisu, jos kissoja on enemm\u00e4n kuin kaksi. Parasta laatua!\" \/>\n<meta property=\"og:url\" content=\"https:\/\/miumjau.ee\/tuote\/petrebels-kraapimispuu-xxl-alley-200-must\/\" \/>\n<meta property=\"og:site_name\" content=\"MiuMjau\" \/>\n<meta property=\"article:publisher\" content=\"https:\/\/www.facebook.com\/miumjaupood\/\" \/>\n<meta property=\"article:modified_time\" content=\"2026-01-07T21:00:01+00:00\" \/>\n<meta property=\"og:image\" content=\"https:\/\/miumjau.ee\/wp-content\/uploads\/2023\/09\/alley-200-antratsiit-kassi-kraapimispuu-1.jpg\" \/>\n\t<meta property=\"og:image:width\" content=\"600\" \/>\n\t<meta property=\"og:image:height\" content=\"800\" \/>\n\t<meta property=\"og:image:type\" content=\"image\/jpeg\" \/>\n<meta name=\"twitter:card\" content=\"summary_large_image\" \/>\n<meta name=\"twitter:label1\" content=\"Arvioitu lukuaika\" \/>\n\t<meta name=\"twitter:data1\" content=\"1 minuutti\" \/>\n<script type=\"application\/ld+json\" class=\"yoast-schema-graph\">{\"@context\":\"https:\/\/schema.org\",\"@graph\":[{\"@type\":\"WebPage\",\"@id\":\"https:\/\/miumjau.ee\/tuote\/petrebels-kraapimispuu-xxl-alley-200-must\/\",\"url\":\"https:\/\/miumjau.ee\/tuote\/petrebels-kraapimispuu-xxl-alley-200-must\/\",\"name\":\"Raapimispuu XXL Alley 200, pippuri - MiuMjau\",\"isPartOf\":{\"@id\":\"https:\/\/miumjau.ee\/#website\"},\"primaryImageOfPage\":{\"@id\":\"https:\/\/miumjau.ee\/tuote\/petrebels-kraapimispuu-xxl-alley-200-must\/#primaryimage\"},\"image\":{\"@id\":\"https:\/\/miumjau.ee\/tuote\/petrebels-kraapimispuu-xxl-alley-200-must\/#primaryimage\"},\"thumbnailUrl\":\"https:\/\/miumjau.ee\/wp-content\/uploads\/2023\/09\/alley-200-antratsiit-kassi-kraapimispuu-1.jpg\",\"datePublished\":\"2023-09-30T06:58:40+00:00\",\"dateModified\":\"2026-01-07T21:00:01+00:00\",\"description\":\"XXL-kokoisen huipputason raapimispuun br\u00e4ndilt\u00e4 PETREBELS odottaa kissojasi. T\u00e4ydellinen ratkaisu, jos kissoja on enemm\u00e4n kuin kaksi. Parasta laatua!\",\"breadcrumb\":{\"@id\":\"https:\/\/miumjau.ee\/tuote\/petrebels-kraapimispuu-xxl-alley-200-must\/#breadcrumb\"},\"inLanguage\":\"fi\",\"potentialAction\":[{\"@type\":\"ReadAction\",\"target\":[\"https:\/\/miumjau.ee\/tuote\/petrebels-kraapimispuu-xxl-alley-200-must\/\"]}]},{\"@type\":\"ImageObject\",\"inLanguage\":\"fi\",\"@id\":\"https:\/\/miumjau.ee\/tuote\/petrebels-kraapimispuu-xxl-alley-200-must\/#primaryimage\",\"url\":\"https:\/\/miumjau.ee\/wp-content\/uploads\/2023\/09\/alley-200-antratsiit-kassi-kraapimispuu-1.jpg\",\"contentUrl\":\"https:\/\/miumjau.ee\/wp-content\/uploads\/2023\/09\/alley-200-antratsiit-kassi-kraapimispuu-1.jpg\",\"width\":600,\"height\":800,\"caption\":\"Alley 200 XXL kraapimispuu\"},{\"@type\":\"BreadcrumbList\",\"@id\":\"https:\/\/miumjau.ee\/tuote\/petrebels-kraapimispuu-xxl-alley-200-must\/#breadcrumb\",\"itemListElement\":[{\"@type\":\"ListItem\",\"position\":1,\"name\":\"Home\",\"item\":\"https:\/\/miumjau.ee\/fi\/\"},{\"@type\":\"ListItem\",\"position\":2,\"name\":\"Kauppa\",\"item\":\"https:\/\/miumjau.ee\/fi\/kauppa\/\"},{\"@type\":\"ListItem\",\"position\":3,\"name\":\"Raapimispuu XXL Alley 200, pippuri\"}]},{\"@type\":\"WebSite\",\"@id\":\"https:\/\/miumjau.ee\/#website\",\"url\":\"https:\/\/miumjau.ee\/\",\"name\":\"MiuMjau\",\"description\":\"Kraapimispuud kassidele\",\"publisher\":{\"@id\":\"https:\/\/miumjau.ee\/#organization\"},\"potentialAction\":[{\"@type\":\"SearchAction\",\"target\":{\"@type\":\"EntryPoint\",\"urlTemplate\":\"https:\/\/miumjau.ee\/?s={search_term_string}\"},\"query-input\":{\"@type\":\"PropertyValueSpecification\",\"valueRequired\":true,\"valueName\":\"search_term_string\"}}],\"inLanguage\":\"fi\"},{\"@type\":\"Organization\",\"@id\":\"https:\/\/miumjau.ee\/#organization\",\"name\":\"MiuMjau O\u00dc\",\"url\":\"https:\/\/miumjau.ee\/\",\"logo\":{\"@type\":\"ImageObject\",\"inLanguage\":\"fi\",\"@id\":\"https:\/\/miumjau.ee\/#\/schema\/logo\/image\/\",\"url\":\"https:\/\/miumjau.ee\/wp-content\/uploads\/2022\/04\/MiuMjau-logo-kollane.png\",\"contentUrl\":\"https:\/\/miumjau.ee\/wp-content\/uploads\/2022\/04\/MiuMjau-logo-kollane.png\",\"width\":219,\"height\":100,\"caption\":\"MiuMjau O\u00dc\"},\"image\":{\"@id\":\"https:\/\/miumjau.ee\/#\/schema\/logo\/image\/\"},\"sameAs\":[\"https:\/\/www.facebook.com\/miumjaupood\/\"]}]}<\/script>\n<!-- \/ Yoast SEO plugin. -->","yoast_head_json":{"title":"Raapimispuu XXL Alley 200, pippuri - MiuMjau","description":"XXL-kokoisen huipputason raapimispuun br\u00e4ndilt\u00e4 PETREBELS odottaa kissojasi. T\u00e4ydellinen ratkaisu, jos kissoja on enemm\u00e4n kuin kaksi. Parasta laatua!","robots":{"index":"index","follow":"follow","max-snippet":"max-snippet:-1","max-image-preview":"max-image-preview:large","max-video-preview":"max-video-preview:-1"},"canonical":"https:\/\/miumjau.ee\/tuote\/petrebels-kraapimispuu-xxl-alley-200-must\/","og_locale":"fi_FI","og_type":"article","og_title":"Raapimispuu XXL Alley 200, pippuri - MiuMjau","og_description":"XXL-kokoisen huipputason raapimispuun br\u00e4ndilt\u00e4 PETREBELS odottaa kissojasi. T\u00e4ydellinen ratkaisu, jos kissoja on enemm\u00e4n kuin kaksi. Parasta laatua!","og_url":"https:\/\/miumjau.ee\/tuote\/petrebels-kraapimispuu-xxl-alley-200-must\/","og_site_name":"MiuMjau","article_publisher":"https:\/\/www.facebook.com\/miumjaupood\/","article_modified_time":"2026-01-07T21:00:01+00:00","og_image":[{"width":600,"height":800,"url":"https:\/\/miumjau.ee\/wp-content\/uploads\/2023\/09\/alley-200-antratsiit-kassi-kraapimispuu-1.jpg","type":"image\/jpeg"}],"twitter_card":"summary_large_image","twitter_misc":{"Arvioitu lukuaika":"1 minuutti"},"schema":{"@context":"https:\/\/schema.org","@graph":[{"@type":"WebPage","@id":"https:\/\/miumjau.ee\/tuote\/petrebels-kraapimispuu-xxl-alley-200-must\/","url":"https:\/\/miumjau.ee\/tuote\/petrebels-kraapimispuu-xxl-alley-200-must\/","name":"Raapimispuu XXL Alley 200, pippuri - MiuMjau","isPartOf":{"@id":"https:\/\/miumjau.ee\/#website"},"primaryImageOfPage":{"@id":"https:\/\/miumjau.ee\/tuote\/petrebels-kraapimispuu-xxl-alley-200-must\/#primaryimage"},"image":{"@id":"https:\/\/miumjau.ee\/tuote\/petrebels-kraapimispuu-xxl-alley-200-must\/#primaryimage"},"thumbnailUrl":"https:\/\/miumjau.ee\/wp-content\/uploads\/2023\/09\/alley-200-antratsiit-kassi-kraapimispuu-1.jpg","datePublished":"2023-09-30T06:58:40+00:00","dateModified":"2026-01-07T21:00:01+00:00","description":"XXL-kokoisen huipputason raapimispuun br\u00e4ndilt\u00e4 PETREBELS odottaa kissojasi. T\u00e4ydellinen ratkaisu, jos kissoja on enemm\u00e4n kuin kaksi. Parasta laatua!","breadcrumb":{"@id":"https:\/\/miumjau.ee\/tuote\/petrebels-kraapimispuu-xxl-alley-200-must\/#breadcrumb"},"inLanguage":"fi","potentialAction":[{"@type":"ReadAction","target":["https:\/\/miumjau.ee\/tuote\/petrebels-kraapimispuu-xxl-alley-200-must\/"]}]},{"@type":"ImageObject","inLanguage":"fi","@id":"https:\/\/miumjau.ee\/tuote\/petrebels-kraapimispuu-xxl-alley-200-must\/#primaryimage","url":"https:\/\/miumjau.ee\/wp-content\/uploads\/2023\/09\/alley-200-antratsiit-kassi-kraapimispuu-1.jpg","contentUrl":"https:\/\/miumjau.ee\/wp-content\/uploads\/2023\/09\/alley-200-antratsiit-kassi-kraapimispuu-1.jpg","width":600,"height":800,"caption":"Alley 200 XXL kraapimispuu"},{"@type":"BreadcrumbList","@id":"https:\/\/miumjau.ee\/tuote\/petrebels-kraapimispuu-xxl-alley-200-must\/#breadcrumb","itemListElement":[{"@type":"ListItem","position":1,"name":"Home","item":"https:\/\/miumjau.ee\/fi\/"},{"@type":"ListItem","position":2,"name":"Kauppa","item":"https:\/\/miumjau.ee\/fi\/kauppa\/"},{"@type":"ListItem","position":3,"name":"Raapimispuu XXL Alley 200, pippuri"}]},{"@type":"WebSite","@id":"https:\/\/miumjau.ee\/#website","url":"https:\/\/miumjau.ee\/","name":"MiuMjau","description":"Kraapimispuud kassidele","publisher":{"@id":"https:\/\/miumjau.ee\/#organization"},"potentialAction":[{"@type":"SearchAction","target":{"@type":"EntryPoint","urlTemplate":"https:\/\/miumjau.ee\/?s={search_term_string}"},"query-input":{"@type":"PropertyValueSpecification","valueRequired":true,"valueName":"search_term_string"}}],"inLanguage":"fi"},{"@type":"Organization","@id":"https:\/\/miumjau.ee\/#organization","name":"MiuMjau O\u00dc","url":"https:\/\/miumjau.ee\/","logo":{"@type":"ImageObject","inLanguage":"fi","@id":"https:\/\/miumjau.ee\/#\/schema\/logo\/image\/","url":"https:\/\/miumjau.ee\/wp-content\/uploads\/2022\/04\/MiuMjau-logo-kollane.png","contentUrl":"https:\/\/miumjau.ee\/wp-content\/uploads\/2022\/04\/MiuMjau-logo-kollane.png","width":219,"height":100,"caption":"MiuMjau O\u00dc"},"image":{"@id":"https:\/\/miumjau.ee\/#\/schema\/logo\/image\/"},"sameAs":["https:\/\/www.facebook.com\/miumjaupood\/"]}]}},"_links":{"self":[{"href":"https:\/\/miumjau.ee\/fi\/wp-json\/wp\/v2\/product\/14327","targetHints":{"allow":["GET"]}}],"collection":[{"href":"https:\/\/miumjau.ee\/fi\/wp-json\/wp\/v2\/product"}],"about":[{"href":"https:\/\/miumjau.ee\/fi\/wp-json\/wp\/v2\/types\/product"}],"wp:featuredmedia":[{"embeddable":true,"href":"https:\/\/miumjau.ee\/fi\/wp-json\/wp\/v2\/media\/14328"}],"wp:attachment":[{"href":"https:\/\/miumjau.ee\/fi\/wp-json\/wp\/v2\/media?parent=14327"}],"wp:term":[{"taxonomy":"product_brand","embeddable":true,"href":"https:\/\/miumjau.ee\/fi\/wp-json\/wp\/v2\/product_brand?post=14327"},{"taxonomy":"product_cat","embeddable":true,"href":"https:\/\/miumjau.ee\/fi\/wp-json\/wp\/v2\/product_cat?post=14327"},{"taxonomy":"product_tag","embeddable":true,"href":"https:\/\/miumjau.ee\/fi\/wp-json\/wp\/v2\/product_tag?post=14327"}],"curies":[{"name":"wp","href":"https:\/\/api.w.org\/{rel}","templated":true}]}}