{"id":14312,"date":"2023-09-30T10:08:50","date_gmt":"2023-09-30T07:08:50","guid":{"rendered":"https:\/\/miumjau.ee\/toode\/raapimispuu-petrebels-turnpike-200-kerma\/"},"modified":"2026-01-07T23:00:01","modified_gmt":"2026-01-07T21:00:01","slug":"raapimispuu-petrebels-turnpike-200-kerma","status":"publish","type":"product","link":"https:\/\/miumjau.ee\/fi\/tuote\/raapimispuu-petrebels-turnpike-200-kerma\/","title":{"rendered":"Raapimispuu Petrebels Turnpike 200, kerma"},"content":{"rendered":"","protected":false},"excerpt":{"rendered":"<p>Sill\u00e4 on suorat linjat, samettiset pehmusteet ja paljon viihtyisi\u00e4 nukkumapaikkoja. Eritt\u00e4in kauniin ja s\u00f6p\u00f6n ulkon\u00e4\u00f6n lis\u00e4ksi se on my\u00f6s kest\u00e4v\u00e4 ja vahva. Se kest\u00e4\u00e4 jopa kaikkein rankimmat leikit. T\u00e4m\u00e4 johtuu erityisen paksusta pohjalevyst\u00e4 ja v\u00e4hint\u00e4\u00e4n 15 cm paksuista raapimispuista. Etsitk\u00f6 todellista kissanlinnaa prinsessallesi tai prinssillesi? Silloin Turnpike 200 on erinomainen valinta!<\/p>\n<ul>\n<li>Mitat \u2013 pituus 76 cm, leveys 76 cm ja korkeus 200 cm<\/li>\n<li>2 eritt\u00e4in suurta ulkonevaa roikkuvaa pes\u00e4\u00e4 halkaisijaltaan 48 cm<\/li>\n<li>Kolme vahvaa mega-kolhoa mitat 76 x 30 cm ja korkeus 30 cm<\/li>\n<li>Vahva k\u00f6ysi leikkimiseen<\/li>\n<\/ul>\n<p>Raapimispuu on suunniteltu k\u00e4ytett\u00e4v\u00e4ksi kaikille kissoille kaikissa painoluokissa ja pituuksissa. Sopii my\u00f6s uros Maine Coon -kissoille, Norjan mets\u00e4kissoille jne.<\/p>\n<p>Tuote on pakattu 5 laatikkoon, joiden kokonaispaino on 85,5 kg<\/p>\n<p>Tuotteen nettopaino (ilman pakkausta) 83 kg<\/p>\n","protected":false},"featured_media":14325,"template":"","meta":[],"product_brand":[],"product_cat":[116,139],"product_tag":[],"class_list":{"0":"post-14312","1":"product","2":"type-product","3":"status-publish","4":"has-post-thumbnail","6":"product_cat-isoille-kissoille-petrebels","7":"product_cat-kaup24-fi","8":"product_shipping_class-pakiautomaati-sobimatu-fi","10":"first","11":"instock","12":"sale","13":"taxable","14":"shipping-taxable","15":"purchasable","16":"product-type-simple"},"yoast_head":"<!-- This site is optimized with the Yoast SEO plugin v27.2 - https:\/\/yoast.com\/product\/yoast-seo-wordpress\/ -->\n<title>Raapimispuu Petrebels Turnpike 200, kerma - MiuMjau<\/title>\n<meta name=\"description\" content=\"Raapimispuu Turnpike 200 t\u00e4ytt\u00e4\u00e4 kaikki kissasi unelmat. Miksi? Se on eritt\u00e4in vahva ja vakaa, tarjoaa valtavasti kiipeilymahdollisuuksia ja sis\u00e4lt\u00e4\u00e4 pehmeit\u00e4 lepopaikkoja.\" \/>\n<meta name=\"robots\" content=\"index, follow, max-snippet:-1, max-image-preview:large, max-video-preview:-1\" \/>\n<link rel=\"canonical\" href=\"https:\/\/miumjau.ee\/fi\/tuote\/raapimispuu-petrebels-turnpike-200-kerma\/\" \/>\n<meta property=\"og:locale\" content=\"fi_FI\" \/>\n<meta property=\"og:type\" content=\"article\" \/>\n<meta property=\"og:title\" content=\"Raapimispuu Petrebels Turnpike 200, kerma - MiuMjau\" \/>\n<meta property=\"og:description\" content=\"Raapimispuu Turnpike 200 t\u00e4ytt\u00e4\u00e4 kaikki kissasi unelmat. Miksi? Se on eritt\u00e4in vahva ja vakaa, tarjoaa valtavasti kiipeilymahdollisuuksia ja sis\u00e4lt\u00e4\u00e4 pehmeit\u00e4 lepopaikkoja.\" \/>\n<meta property=\"og:url\" content=\"https:\/\/miumjau.ee\/fi\/tuote\/raapimispuu-petrebels-turnpike-200-kerma\/\" \/>\n<meta property=\"og:site_name\" content=\"MiuMjau\" \/>\n<meta property=\"article:publisher\" content=\"https:\/\/www.facebook.com\/miumjaupood\/\" \/>\n<meta property=\"article:modified_time\" content=\"2026-01-07T21:00:01+00:00\" \/>\n<meta property=\"og:image\" content=\"https:\/\/miumjau.ee\/wp-content\/uploads\/2023\/09\/turnpike-200-kreem-kassi-kraapimispuu-1.jpg\" \/>\n\t<meta property=\"og:image:width\" content=\"600\" \/>\n\t<meta property=\"og:image:height\" content=\"800\" \/>\n\t<meta property=\"og:image:type\" content=\"image\/jpeg\" \/>\n<meta name=\"twitter:card\" content=\"summary_large_image\" \/>\n<meta name=\"twitter:label1\" content=\"Arvioitu lukuaika\" \/>\n\t<meta name=\"twitter:data1\" content=\"1 minuutti\" \/>\n<script type=\"application\/ld+json\" class=\"yoast-schema-graph\">{\"@context\":\"https:\/\/schema.org\",\"@graph\":[{\"@type\":\"WebPage\",\"@id\":\"https:\/\/miumjau.ee\/fi\/tuote\/raapimispuu-petrebels-turnpike-200-kerma\/\",\"url\":\"https:\/\/miumjau.ee\/fi\/tuote\/raapimispuu-petrebels-turnpike-200-kerma\/\",\"name\":\"Raapimispuu Petrebels Turnpike 200, kerma - MiuMjau\",\"isPartOf\":{\"@id\":\"https:\/\/miumjau.ee\/#website\"},\"primaryImageOfPage\":{\"@id\":\"https:\/\/miumjau.ee\/fi\/tuote\/raapimispuu-petrebels-turnpike-200-kerma\/#primaryimage\"},\"image\":{\"@id\":\"https:\/\/miumjau.ee\/fi\/tuote\/raapimispuu-petrebels-turnpike-200-kerma\/#primaryimage\"},\"thumbnailUrl\":\"https:\/\/miumjau.ee\/wp-content\/uploads\/2023\/09\/turnpike-200-kreem-kassi-kraapimispuu-1.jpg\",\"datePublished\":\"2023-09-30T07:08:50+00:00\",\"dateModified\":\"2026-01-07T21:00:01+00:00\",\"description\":\"Raapimispuu Turnpike 200 t\u00e4ytt\u00e4\u00e4 kaikki kissasi unelmat. Miksi? Se on eritt\u00e4in vahva ja vakaa, tarjoaa valtavasti kiipeilymahdollisuuksia ja sis\u00e4lt\u00e4\u00e4 pehmeit\u00e4 lepopaikkoja.\",\"breadcrumb\":{\"@id\":\"https:\/\/miumjau.ee\/fi\/tuote\/raapimispuu-petrebels-turnpike-200-kerma\/#breadcrumb\"},\"inLanguage\":\"fi\",\"potentialAction\":[{\"@type\":\"ReadAction\",\"target\":[\"https:\/\/miumjau.ee\/fi\/tuote\/raapimispuu-petrebels-turnpike-200-kerma\/\"]}]},{\"@type\":\"ImageObject\",\"inLanguage\":\"fi\",\"@id\":\"https:\/\/miumjau.ee\/fi\/tuote\/raapimispuu-petrebels-turnpike-200-kerma\/#primaryimage\",\"url\":\"https:\/\/miumjau.ee\/wp-content\/uploads\/2023\/09\/turnpike-200-kreem-kassi-kraapimispuu-1.jpg\",\"contentUrl\":\"https:\/\/miumjau.ee\/wp-content\/uploads\/2023\/09\/turnpike-200-kreem-kassi-kraapimispuu-1.jpg\",\"width\":600,\"height\":800},{\"@type\":\"BreadcrumbList\",\"@id\":\"https:\/\/miumjau.ee\/fi\/tuote\/raapimispuu-petrebels-turnpike-200-kerma\/#breadcrumb\",\"itemListElement\":[{\"@type\":\"ListItem\",\"position\":1,\"name\":\"Home\",\"item\":\"https:\/\/miumjau.ee\/fi\/\"},{\"@type\":\"ListItem\",\"position\":2,\"name\":\"Kauppa\",\"item\":\"https:\/\/miumjau.ee\/fi\/kauppa\/\"},{\"@type\":\"ListItem\",\"position\":3,\"name\":\"Raapimispuu Petrebels Turnpike 200, kerma\"}]},{\"@type\":\"WebSite\",\"@id\":\"https:\/\/miumjau.ee\/#website\",\"url\":\"https:\/\/miumjau.ee\/\",\"name\":\"MiuMjau\",\"description\":\"Kraapimispuud kassidele\",\"publisher\":{\"@id\":\"https:\/\/miumjau.ee\/#organization\"},\"potentialAction\":[{\"@type\":\"SearchAction\",\"target\":{\"@type\":\"EntryPoint\",\"urlTemplate\":\"https:\/\/miumjau.ee\/?s={search_term_string}\"},\"query-input\":{\"@type\":\"PropertyValueSpecification\",\"valueRequired\":true,\"valueName\":\"search_term_string\"}}],\"inLanguage\":\"fi\"},{\"@type\":\"Organization\",\"@id\":\"https:\/\/miumjau.ee\/#organization\",\"name\":\"MiuMjau O\u00dc\",\"url\":\"https:\/\/miumjau.ee\/\",\"logo\":{\"@type\":\"ImageObject\",\"inLanguage\":\"fi\",\"@id\":\"https:\/\/miumjau.ee\/#\/schema\/logo\/image\/\",\"url\":\"https:\/\/miumjau.ee\/wp-content\/uploads\/2022\/04\/MiuMjau-logo-kollane.png\",\"contentUrl\":\"https:\/\/miumjau.ee\/wp-content\/uploads\/2022\/04\/MiuMjau-logo-kollane.png\",\"width\":219,\"height\":100,\"caption\":\"MiuMjau O\u00dc\"},\"image\":{\"@id\":\"https:\/\/miumjau.ee\/#\/schema\/logo\/image\/\"},\"sameAs\":[\"https:\/\/www.facebook.com\/miumjaupood\/\"]}]}<\/script>\n<!-- \/ Yoast SEO plugin. -->","yoast_head_json":{"title":"Raapimispuu Petrebels Turnpike 200, kerma - MiuMjau","description":"Raapimispuu Turnpike 200 t\u00e4ytt\u00e4\u00e4 kaikki kissasi unelmat. Miksi? Se on eritt\u00e4in vahva ja vakaa, tarjoaa valtavasti kiipeilymahdollisuuksia ja sis\u00e4lt\u00e4\u00e4 pehmeit\u00e4 lepopaikkoja.","robots":{"index":"index","follow":"follow","max-snippet":"max-snippet:-1","max-image-preview":"max-image-preview:large","max-video-preview":"max-video-preview:-1"},"canonical":"https:\/\/miumjau.ee\/fi\/tuote\/raapimispuu-petrebels-turnpike-200-kerma\/","og_locale":"fi_FI","og_type":"article","og_title":"Raapimispuu Petrebels Turnpike 200, kerma - MiuMjau","og_description":"Raapimispuu Turnpike 200 t\u00e4ytt\u00e4\u00e4 kaikki kissasi unelmat. Miksi? Se on eritt\u00e4in vahva ja vakaa, tarjoaa valtavasti kiipeilymahdollisuuksia ja sis\u00e4lt\u00e4\u00e4 pehmeit\u00e4 lepopaikkoja.","og_url":"https:\/\/miumjau.ee\/fi\/tuote\/raapimispuu-petrebels-turnpike-200-kerma\/","og_site_name":"MiuMjau","article_publisher":"https:\/\/www.facebook.com\/miumjaupood\/","article_modified_time":"2026-01-07T21:00:01+00:00","og_image":[{"width":600,"height":800,"url":"https:\/\/miumjau.ee\/wp-content\/uploads\/2023\/09\/turnpike-200-kreem-kassi-kraapimispuu-1.jpg","type":"image\/jpeg"}],"twitter_card":"summary_large_image","twitter_misc":{"Arvioitu lukuaika":"1 minuutti"},"schema":{"@context":"https:\/\/schema.org","@graph":[{"@type":"WebPage","@id":"https:\/\/miumjau.ee\/fi\/tuote\/raapimispuu-petrebels-turnpike-200-kerma\/","url":"https:\/\/miumjau.ee\/fi\/tuote\/raapimispuu-petrebels-turnpike-200-kerma\/","name":"Raapimispuu Petrebels Turnpike 200, kerma - MiuMjau","isPartOf":{"@id":"https:\/\/miumjau.ee\/#website"},"primaryImageOfPage":{"@id":"https:\/\/miumjau.ee\/fi\/tuote\/raapimispuu-petrebels-turnpike-200-kerma\/#primaryimage"},"image":{"@id":"https:\/\/miumjau.ee\/fi\/tuote\/raapimispuu-petrebels-turnpike-200-kerma\/#primaryimage"},"thumbnailUrl":"https:\/\/miumjau.ee\/wp-content\/uploads\/2023\/09\/turnpike-200-kreem-kassi-kraapimispuu-1.jpg","datePublished":"2023-09-30T07:08:50+00:00","dateModified":"2026-01-07T21:00:01+00:00","description":"Raapimispuu Turnpike 200 t\u00e4ytt\u00e4\u00e4 kaikki kissasi unelmat. Miksi? Se on eritt\u00e4in vahva ja vakaa, tarjoaa valtavasti kiipeilymahdollisuuksia ja sis\u00e4lt\u00e4\u00e4 pehmeit\u00e4 lepopaikkoja.","breadcrumb":{"@id":"https:\/\/miumjau.ee\/fi\/tuote\/raapimispuu-petrebels-turnpike-200-kerma\/#breadcrumb"},"inLanguage":"fi","potentialAction":[{"@type":"ReadAction","target":["https:\/\/miumjau.ee\/fi\/tuote\/raapimispuu-petrebels-turnpike-200-kerma\/"]}]},{"@type":"ImageObject","inLanguage":"fi","@id":"https:\/\/miumjau.ee\/fi\/tuote\/raapimispuu-petrebels-turnpike-200-kerma\/#primaryimage","url":"https:\/\/miumjau.ee\/wp-content\/uploads\/2023\/09\/turnpike-200-kreem-kassi-kraapimispuu-1.jpg","contentUrl":"https:\/\/miumjau.ee\/wp-content\/uploads\/2023\/09\/turnpike-200-kreem-kassi-kraapimispuu-1.jpg","width":600,"height":800},{"@type":"BreadcrumbList","@id":"https:\/\/miumjau.ee\/fi\/tuote\/raapimispuu-petrebels-turnpike-200-kerma\/#breadcrumb","itemListElement":[{"@type":"ListItem","position":1,"name":"Home","item":"https:\/\/miumjau.ee\/fi\/"},{"@type":"ListItem","position":2,"name":"Kauppa","item":"https:\/\/miumjau.ee\/fi\/kauppa\/"},{"@type":"ListItem","position":3,"name":"Raapimispuu Petrebels Turnpike 200, kerma"}]},{"@type":"WebSite","@id":"https:\/\/miumjau.ee\/#website","url":"https:\/\/miumjau.ee\/","name":"MiuMjau","description":"Kraapimispuud kassidele","publisher":{"@id":"https:\/\/miumjau.ee\/#organization"},"potentialAction":[{"@type":"SearchAction","target":{"@type":"EntryPoint","urlTemplate":"https:\/\/miumjau.ee\/?s={search_term_string}"},"query-input":{"@type":"PropertyValueSpecification","valueRequired":true,"valueName":"search_term_string"}}],"inLanguage":"fi"},{"@type":"Organization","@id":"https:\/\/miumjau.ee\/#organization","name":"MiuMjau O\u00dc","url":"https:\/\/miumjau.ee\/","logo":{"@type":"ImageObject","inLanguage":"fi","@id":"https:\/\/miumjau.ee\/#\/schema\/logo\/image\/","url":"https:\/\/miumjau.ee\/wp-content\/uploads\/2022\/04\/MiuMjau-logo-kollane.png","contentUrl":"https:\/\/miumjau.ee\/wp-content\/uploads\/2022\/04\/MiuMjau-logo-kollane.png","width":219,"height":100,"caption":"MiuMjau O\u00dc"},"image":{"@id":"https:\/\/miumjau.ee\/#\/schema\/logo\/image\/"},"sameAs":["https:\/\/www.facebook.com\/miumjaupood\/"]}]}},"_links":{"self":[{"href":"https:\/\/miumjau.ee\/fi\/wp-json\/wp\/v2\/product\/14312","targetHints":{"allow":["GET"]}}],"collection":[{"href":"https:\/\/miumjau.ee\/fi\/wp-json\/wp\/v2\/product"}],"about":[{"href":"https:\/\/miumjau.ee\/fi\/wp-json\/wp\/v2\/types\/product"}],"wp:featuredmedia":[{"embeddable":true,"href":"https:\/\/miumjau.ee\/fi\/wp-json\/wp\/v2\/media\/14325"}],"wp:attachment":[{"href":"https:\/\/miumjau.ee\/fi\/wp-json\/wp\/v2\/media?parent=14312"}],"wp:term":[{"taxonomy":"product_brand","embeddable":true,"href":"https:\/\/miumjau.ee\/fi\/wp-json\/wp\/v2\/product_brand?post=14312"},{"taxonomy":"product_cat","embeddable":true,"href":"https:\/\/miumjau.ee\/fi\/wp-json\/wp\/v2\/product_cat?post=14312"},{"taxonomy":"product_tag","embeddable":true,"href":"https:\/\/miumjau.ee\/fi\/wp-json\/wp\/v2\/product_tag?post=14312"}],"curies":[{"name":"wp","href":"https:\/\/api.w.org\/{rel}","templated":true}]}}