{"id":14291,"date":"2023-09-30T11:31:08","date_gmt":"2023-09-30T08:31:08","guid":{"rendered":"https:\/\/miumjau.ee\/toode\/raapimispuu-petrebels-scenic-view-197-cappuccino\/"},"modified":"2026-01-07T23:00:01","modified_gmt":"2026-01-07T21:00:01","slug":"raapimispuu-petrebels-scenic-view-197-cappuccino","status":"publish","type":"product","link":"https:\/\/miumjau.ee\/fi\/tuote\/raapimispuu-petrebels-scenic-view-197-cappuccino\/","title":{"rendered":"Raapimispuu Petrebels Scenic view 197, cappuccino"},"content":{"rendered":"","protected":false},"excerpt":{"rendered":"<p>Extra korkea kiipeilyparatiisi eritt\u00e4in leikkisille suurille kissoille. Onko sinulla Maine Coon, Norjanmets\u00e4kissa, Ragdoll tai jokin muu suuri kissa? Silloin tarvitset extra vahvoja kissakalusteita, suuria makuualustoja ja paksuja tolppia, joilla nekin voivat raapia. T\u00e4t\u00e4 kaikkea tarjoaa t\u00e4m\u00e4 malli! T\u00e4m\u00e4 raapimispuu on suunniteltu hemmottelemaan kissoja kaikenkokoisia ja varmistaa, ett\u00e4 puu ei kaadu miss\u00e4\u00e4n olosuhteissa. Kaikki on tukevaa kuin kallio! Tolpat ovat paksuja, jopa 12 cm l\u00e4pimitaltaan. Kauniit v\u00e4riyhdistelm\u00e4t ilahduttavat silmi\u00e4.<\/p>\n<p>Tuotteen mitat: 110x50x197 cm<br \/>\nXL roikkuva lepopaikka, l\u00e4pimitta 45 cm<br \/>\n2 makuualustaa koko: 50&#215;30 cm ja 45&#215;45 cm, korkeus 8 cm<br \/>\nTuotteen paino 54 kg ja paketin kanssa 58 kg. (Tuote saapuu ostajalle kahdessa paketissa)<\/p>\n<p>Hemmota kissaasi ja tarjoa sille parasta!<\/p>\n","protected":false},"featured_media":14292,"template":"","meta":[],"product_brand":[],"product_cat":[116],"product_tag":[],"class_list":{"0":"post-14291","1":"product","2":"type-product","3":"status-publish","4":"has-post-thumbnail","6":"product_cat-isoille-kissoille-petrebels","7":"product_shipping_class-pakiautomaati-sobimatu-fi","9":"first","10":"instock","11":"sale","12":"taxable","13":"shipping-taxable","14":"purchasable","15":"product-type-simple"},"yoast_head":"<!-- This site is optimized with the Yoast SEO plugin v27.2 - https:\/\/yoast.com\/product\/yoast-seo-wordpress\/ -->\n<title>Raapimispuu Petrebels Scenic view 197, cappuccino - MiuMjau<\/title>\n<meta name=\"description\" content=\"Raapimispuu Scenic View on suunniteltu todella leikkisille kissoille, sill\u00e4 siin\u00e4 on paljon lis\u00e4varusteita leikkimiseen, kiipe\u00e4miseen ja raapimiseen. Fantastinen!\" \/>\n<meta name=\"robots\" content=\"index, follow, max-snippet:-1, max-image-preview:large, max-video-preview:-1\" \/>\n<link rel=\"canonical\" href=\"https:\/\/miumjau.ee\/tuote\/petrebels-kraapimispuu-scenic-view-197-cappuccino\/\" \/>\n<meta property=\"og:locale\" content=\"fi_FI\" \/>\n<meta property=\"og:type\" content=\"article\" \/>\n<meta property=\"og:title\" content=\"Raapimispuu Petrebels Scenic view 197, cappuccino - MiuMjau\" \/>\n<meta property=\"og:description\" content=\"Raapimispuu Scenic View on suunniteltu todella leikkisille kissoille, sill\u00e4 siin\u00e4 on paljon lis\u00e4varusteita leikkimiseen, kiipe\u00e4miseen ja raapimiseen. Fantastinen!\" \/>\n<meta property=\"og:url\" content=\"https:\/\/miumjau.ee\/tuote\/petrebels-kraapimispuu-scenic-view-197-cappuccino\/\" \/>\n<meta property=\"og:site_name\" content=\"MiuMjau\" \/>\n<meta property=\"article:publisher\" content=\"https:\/\/www.facebook.com\/miumjaupood\/\" \/>\n<meta property=\"article:modified_time\" content=\"2026-01-07T21:00:01+00:00\" \/>\n<meta property=\"og:image\" content=\"https:\/\/miumjau.ee\/wp-content\/uploads\/2023\/09\/scenic-view-197-cappuccino-kassi-kraapimispuu-1.jpg\" \/>\n\t<meta property=\"og:image:width\" content=\"600\" \/>\n\t<meta property=\"og:image:height\" content=\"800\" \/>\n\t<meta property=\"og:image:type\" content=\"image\/jpeg\" \/>\n<meta name=\"twitter:card\" content=\"summary_large_image\" \/>\n<script type=\"application\/ld+json\" class=\"yoast-schema-graph\">{\"@context\":\"https:\/\/schema.org\",\"@graph\":[{\"@type\":\"WebPage\",\"@id\":\"https:\/\/miumjau.ee\/tuote\/petrebels-kraapimispuu-scenic-view-197-cappuccino\/\",\"url\":\"https:\/\/miumjau.ee\/tuote\/petrebels-kraapimispuu-scenic-view-197-cappuccino\/\",\"name\":\"Raapimispuu Petrebels Scenic view 197, cappuccino - MiuMjau\",\"isPartOf\":{\"@id\":\"https:\/\/miumjau.ee\/#website\"},\"primaryImageOfPage\":{\"@id\":\"https:\/\/miumjau.ee\/tuote\/petrebels-kraapimispuu-scenic-view-197-cappuccino\/#primaryimage\"},\"image\":{\"@id\":\"https:\/\/miumjau.ee\/tuote\/petrebels-kraapimispuu-scenic-view-197-cappuccino\/#primaryimage\"},\"thumbnailUrl\":\"https:\/\/miumjau.ee\/wp-content\/uploads\/2023\/09\/scenic-view-197-cappuccino-kassi-kraapimispuu-1.jpg\",\"datePublished\":\"2023-09-30T08:31:08+00:00\",\"dateModified\":\"2026-01-07T21:00:01+00:00\",\"description\":\"Raapimispuu Scenic View on suunniteltu todella leikkisille kissoille, sill\u00e4 siin\u00e4 on paljon lis\u00e4varusteita leikkimiseen, kiipe\u00e4miseen ja raapimiseen. Fantastinen!\",\"breadcrumb\":{\"@id\":\"https:\/\/miumjau.ee\/tuote\/petrebels-kraapimispuu-scenic-view-197-cappuccino\/#breadcrumb\"},\"inLanguage\":\"fi\",\"potentialAction\":[{\"@type\":\"ReadAction\",\"target\":[\"https:\/\/miumjau.ee\/tuote\/petrebels-kraapimispuu-scenic-view-197-cappuccino\/\"]}]},{\"@type\":\"ImageObject\",\"inLanguage\":\"fi\",\"@id\":\"https:\/\/miumjau.ee\/tuote\/petrebels-kraapimispuu-scenic-view-197-cappuccino\/#primaryimage\",\"url\":\"https:\/\/miumjau.ee\/wp-content\/uploads\/2023\/09\/scenic-view-197-cappuccino-kassi-kraapimispuu-1.jpg\",\"contentUrl\":\"https:\/\/miumjau.ee\/wp-content\/uploads\/2023\/09\/scenic-view-197-cappuccino-kassi-kraapimispuu-1.jpg\",\"width\":600,\"height\":800,\"caption\":\"PETREBELS Kraapimispuu Scenic view 197,\"},{\"@type\":\"BreadcrumbList\",\"@id\":\"https:\/\/miumjau.ee\/tuote\/petrebels-kraapimispuu-scenic-view-197-cappuccino\/#breadcrumb\",\"itemListElement\":[{\"@type\":\"ListItem\",\"position\":1,\"name\":\"Home\",\"item\":\"https:\/\/miumjau.ee\/fi\/\"},{\"@type\":\"ListItem\",\"position\":2,\"name\":\"Kauppa\",\"item\":\"https:\/\/miumjau.ee\/fi\/kauppa\/\"},{\"@type\":\"ListItem\",\"position\":3,\"name\":\"Raapimispuu Petrebels Scenic view 197, cappuccino\"}]},{\"@type\":\"WebSite\",\"@id\":\"https:\/\/miumjau.ee\/#website\",\"url\":\"https:\/\/miumjau.ee\/\",\"name\":\"MiuMjau\",\"description\":\"Kraapimispuud kassidele\",\"publisher\":{\"@id\":\"https:\/\/miumjau.ee\/#organization\"},\"potentialAction\":[{\"@type\":\"SearchAction\",\"target\":{\"@type\":\"EntryPoint\",\"urlTemplate\":\"https:\/\/miumjau.ee\/?s={search_term_string}\"},\"query-input\":{\"@type\":\"PropertyValueSpecification\",\"valueRequired\":true,\"valueName\":\"search_term_string\"}}],\"inLanguage\":\"fi\"},{\"@type\":\"Organization\",\"@id\":\"https:\/\/miumjau.ee\/#organization\",\"name\":\"MiuMjau O\u00dc\",\"url\":\"https:\/\/miumjau.ee\/\",\"logo\":{\"@type\":\"ImageObject\",\"inLanguage\":\"fi\",\"@id\":\"https:\/\/miumjau.ee\/#\/schema\/logo\/image\/\",\"url\":\"https:\/\/miumjau.ee\/wp-content\/uploads\/2022\/04\/MiuMjau-logo-kollane.png\",\"contentUrl\":\"https:\/\/miumjau.ee\/wp-content\/uploads\/2022\/04\/MiuMjau-logo-kollane.png\",\"width\":219,\"height\":100,\"caption\":\"MiuMjau O\u00dc\"},\"image\":{\"@id\":\"https:\/\/miumjau.ee\/#\/schema\/logo\/image\/\"},\"sameAs\":[\"https:\/\/www.facebook.com\/miumjaupood\/\"]}]}<\/script>\n<!-- \/ Yoast SEO plugin. -->","yoast_head_json":{"title":"Raapimispuu Petrebels Scenic view 197, cappuccino - MiuMjau","description":"Raapimispuu Scenic View on suunniteltu todella leikkisille kissoille, sill\u00e4 siin\u00e4 on paljon lis\u00e4varusteita leikkimiseen, kiipe\u00e4miseen ja raapimiseen. Fantastinen!","robots":{"index":"index","follow":"follow","max-snippet":"max-snippet:-1","max-image-preview":"max-image-preview:large","max-video-preview":"max-video-preview:-1"},"canonical":"https:\/\/miumjau.ee\/tuote\/petrebels-kraapimispuu-scenic-view-197-cappuccino\/","og_locale":"fi_FI","og_type":"article","og_title":"Raapimispuu Petrebels Scenic view 197, cappuccino - MiuMjau","og_description":"Raapimispuu Scenic View on suunniteltu todella leikkisille kissoille, sill\u00e4 siin\u00e4 on paljon lis\u00e4varusteita leikkimiseen, kiipe\u00e4miseen ja raapimiseen. Fantastinen!","og_url":"https:\/\/miumjau.ee\/tuote\/petrebels-kraapimispuu-scenic-view-197-cappuccino\/","og_site_name":"MiuMjau","article_publisher":"https:\/\/www.facebook.com\/miumjaupood\/","article_modified_time":"2026-01-07T21:00:01+00:00","og_image":[{"width":600,"height":800,"url":"https:\/\/miumjau.ee\/wp-content\/uploads\/2023\/09\/scenic-view-197-cappuccino-kassi-kraapimispuu-1.jpg","type":"image\/jpeg"}],"twitter_card":"summary_large_image","schema":{"@context":"https:\/\/schema.org","@graph":[{"@type":"WebPage","@id":"https:\/\/miumjau.ee\/tuote\/petrebels-kraapimispuu-scenic-view-197-cappuccino\/","url":"https:\/\/miumjau.ee\/tuote\/petrebels-kraapimispuu-scenic-view-197-cappuccino\/","name":"Raapimispuu Petrebels Scenic view 197, cappuccino - MiuMjau","isPartOf":{"@id":"https:\/\/miumjau.ee\/#website"},"primaryImageOfPage":{"@id":"https:\/\/miumjau.ee\/tuote\/petrebels-kraapimispuu-scenic-view-197-cappuccino\/#primaryimage"},"image":{"@id":"https:\/\/miumjau.ee\/tuote\/petrebels-kraapimispuu-scenic-view-197-cappuccino\/#primaryimage"},"thumbnailUrl":"https:\/\/miumjau.ee\/wp-content\/uploads\/2023\/09\/scenic-view-197-cappuccino-kassi-kraapimispuu-1.jpg","datePublished":"2023-09-30T08:31:08+00:00","dateModified":"2026-01-07T21:00:01+00:00","description":"Raapimispuu Scenic View on suunniteltu todella leikkisille kissoille, sill\u00e4 siin\u00e4 on paljon lis\u00e4varusteita leikkimiseen, kiipe\u00e4miseen ja raapimiseen. Fantastinen!","breadcrumb":{"@id":"https:\/\/miumjau.ee\/tuote\/petrebels-kraapimispuu-scenic-view-197-cappuccino\/#breadcrumb"},"inLanguage":"fi","potentialAction":[{"@type":"ReadAction","target":["https:\/\/miumjau.ee\/tuote\/petrebels-kraapimispuu-scenic-view-197-cappuccino\/"]}]},{"@type":"ImageObject","inLanguage":"fi","@id":"https:\/\/miumjau.ee\/tuote\/petrebels-kraapimispuu-scenic-view-197-cappuccino\/#primaryimage","url":"https:\/\/miumjau.ee\/wp-content\/uploads\/2023\/09\/scenic-view-197-cappuccino-kassi-kraapimispuu-1.jpg","contentUrl":"https:\/\/miumjau.ee\/wp-content\/uploads\/2023\/09\/scenic-view-197-cappuccino-kassi-kraapimispuu-1.jpg","width":600,"height":800,"caption":"PETREBELS Kraapimispuu Scenic view 197,"},{"@type":"BreadcrumbList","@id":"https:\/\/miumjau.ee\/tuote\/petrebels-kraapimispuu-scenic-view-197-cappuccino\/#breadcrumb","itemListElement":[{"@type":"ListItem","position":1,"name":"Home","item":"https:\/\/miumjau.ee\/fi\/"},{"@type":"ListItem","position":2,"name":"Kauppa","item":"https:\/\/miumjau.ee\/fi\/kauppa\/"},{"@type":"ListItem","position":3,"name":"Raapimispuu Petrebels Scenic view 197, cappuccino"}]},{"@type":"WebSite","@id":"https:\/\/miumjau.ee\/#website","url":"https:\/\/miumjau.ee\/","name":"MiuMjau","description":"Kraapimispuud kassidele","publisher":{"@id":"https:\/\/miumjau.ee\/#organization"},"potentialAction":[{"@type":"SearchAction","target":{"@type":"EntryPoint","urlTemplate":"https:\/\/miumjau.ee\/?s={search_term_string}"},"query-input":{"@type":"PropertyValueSpecification","valueRequired":true,"valueName":"search_term_string"}}],"inLanguage":"fi"},{"@type":"Organization","@id":"https:\/\/miumjau.ee\/#organization","name":"MiuMjau O\u00dc","url":"https:\/\/miumjau.ee\/","logo":{"@type":"ImageObject","inLanguage":"fi","@id":"https:\/\/miumjau.ee\/#\/schema\/logo\/image\/","url":"https:\/\/miumjau.ee\/wp-content\/uploads\/2022\/04\/MiuMjau-logo-kollane.png","contentUrl":"https:\/\/miumjau.ee\/wp-content\/uploads\/2022\/04\/MiuMjau-logo-kollane.png","width":219,"height":100,"caption":"MiuMjau O\u00dc"},"image":{"@id":"https:\/\/miumjau.ee\/#\/schema\/logo\/image\/"},"sameAs":["https:\/\/www.facebook.com\/miumjaupood\/"]}]}},"_links":{"self":[{"href":"https:\/\/miumjau.ee\/fi\/wp-json\/wp\/v2\/product\/14291","targetHints":{"allow":["GET"]}}],"collection":[{"href":"https:\/\/miumjau.ee\/fi\/wp-json\/wp\/v2\/product"}],"about":[{"href":"https:\/\/miumjau.ee\/fi\/wp-json\/wp\/v2\/types\/product"}],"wp:featuredmedia":[{"embeddable":true,"href":"https:\/\/miumjau.ee\/fi\/wp-json\/wp\/v2\/media\/14292"}],"wp:attachment":[{"href":"https:\/\/miumjau.ee\/fi\/wp-json\/wp\/v2\/media?parent=14291"}],"wp:term":[{"taxonomy":"product_brand","embeddable":true,"href":"https:\/\/miumjau.ee\/fi\/wp-json\/wp\/v2\/product_brand?post=14291"},{"taxonomy":"product_cat","embeddable":true,"href":"https:\/\/miumjau.ee\/fi\/wp-json\/wp\/v2\/product_cat?post=14291"},{"taxonomy":"product_tag","embeddable":true,"href":"https:\/\/miumjau.ee\/fi\/wp-json\/wp\/v2\/product_tag?post=14291"}],"curies":[{"name":"wp","href":"https:\/\/api.w.org\/{rel}","templated":true}]}}