{"id":14243,"date":"2024-05-20T18:00:28","date_gmt":"2024-05-20T15:00:28","guid":{"rendered":"https:\/\/miumjau.ee\/toode\/kiipeilypuu-petrebels-route-180-cappuccino\/"},"modified":"2026-01-07T23:00:08","modified_gmt":"2026-01-07T21:00:08","slug":"kiipeilypuu-petrebels-route-180-cappuccino","status":"publish","type":"product","link":"https:\/\/miumjau.ee\/fi\/tuote\/kiipeilypuu-petrebels-route-180-cappuccino\/","title":{"rendered":"Kiipeilypuu Petrebels Route 180, cappuccino"},"content":{"rendered":"","protected":false},"excerpt":{"rendered":"<p>Kissankrapimispuu malli Route 180 on suunniteltu todellisille raapimisikoneille, joille ei ole mik\u00e4\u00e4n ongelma kiivet\u00e4 pylv\u00e4\u00e4n yl\u00f6s. T\u00e4lle on sallittu kiipe\u00e4 my\u00f6s suuremmilla, painavammilla kissoilla. Jos kissasi rakastaa seurata ymp\u00e4rist\u00f6\u00e4 ja olla korkealla, Route 180 on siihen t\u00e4ydellinen. Monien makuupaikkojen ansiosta tuotetta voi k\u00e4ytt\u00e4\u00e4 my\u00f6s useammalla kissalla samanaikaisesti. Tilaa riitt\u00e4\u00e4 \u2013 ei tarvitse tapella! Tuote on kompakti ja sopii hyvin jokaiseen kotiin, ei vie paljon tilaa.<\/p>\n<p>Tuotteen korkeus 180 cm<br \/>\nPohja: 76 x 50 cm<\/p>\n<p>Ripustetun pes\u00e4n maksimikantavuus on 15 kg. Jos sinulla on niin suuri kissa, ett\u00e4 se on rajalla tai useampi kissa haluaa nukkua yhdess\u00e4 ripustuspaikassa, tarkista malli Route 210, jossa ripustuspesien kantavuus on 25 kg.<br \/>\nPylv\u00e4iden paksuus vaihtelee, eli jotkut pylv\u00e4\u00e4t ovat 12 cm ja toiset jopa 15 cm paksuja!<\/p>\n<p>Huom: Ripustuspesa ja pehmusteet ovat konepest\u00e4viss\u00e4<\/p>\n<p>Tuote toimitetaan ostajalle kahdessa laatikossa, joiden kokonaistilavuus on 48 kg.<\/p>\n","protected":false},"featured_media":14244,"template":"","meta":[],"product_brand":[],"product_cat":[116,139],"product_tag":[],"class_list":{"0":"post-14243","1":"product","2":"type-product","3":"status-publish","4":"has-post-thumbnail","6":"product_cat-isoille-kissoille-petrebels","7":"product_cat-kaup24-fi","8":"product_shipping_class-pakiautomaati-sobimatu-fi","10":"first","11":"instock","12":"taxable","13":"shipping-taxable","14":"purchasable","15":"product-type-simple"},"yoast_head":"<!-- This site is optimized with the Yoast SEO plugin v27.2 - https:\/\/yoast.com\/product\/yoast-seo-wordpress\/ -->\n<title>Kiipeilypuu Petrebels Route 180, cappuccino - MiuMjau<\/title>\n<meta name=\"description\" content=\"Kiipeilypuu Route 180 br\u00e4ndilt\u00e4 Petrebels on erinomaista laatua ja sopii kaikille raapimisen yst\u00e4ville kissoille. Korkeat ja paksut raapimispuut!\" \/>\n<meta name=\"robots\" content=\"index, follow, max-snippet:-1, max-image-preview:large, max-video-preview:-1\" \/>\n<link rel=\"canonical\" href=\"https:\/\/miumjau.ee\/tuote\/ronimispuu-route-180-cappuccino\/\" \/>\n<meta property=\"og:locale\" content=\"fi_FI\" \/>\n<meta property=\"og:type\" content=\"article\" \/>\n<meta property=\"og:title\" content=\"Kiipeilypuu Petrebels Route 180, cappuccino - MiuMjau\" \/>\n<meta property=\"og:description\" content=\"Kiipeilypuu Route 180 br\u00e4ndilt\u00e4 Petrebels on erinomaista laatua ja sopii kaikille raapimisen yst\u00e4ville kissoille. Korkeat ja paksut raapimispuut!\" \/>\n<meta property=\"og:url\" content=\"https:\/\/miumjau.ee\/tuote\/ronimispuu-route-180-cappuccino\/\" \/>\n<meta property=\"og:site_name\" content=\"MiuMjau\" \/>\n<meta property=\"article:publisher\" content=\"https:\/\/www.facebook.com\/miumjaupood\/\" \/>\n<meta property=\"article:modified_time\" content=\"2026-01-07T21:00:08+00:00\" \/>\n<meta property=\"og:image\" content=\"https:\/\/miumjau.ee\/wp-content\/uploads\/2024\/05\/ronimispuu-route180-cappuccino2.jpg\" \/>\n\t<meta property=\"og:image:width\" content=\"600\" \/>\n\t<meta property=\"og:image:height\" content=\"800\" \/>\n\t<meta property=\"og:image:type\" content=\"image\/jpeg\" \/>\n<meta name=\"twitter:card\" content=\"summary_large_image\" \/>\n<script type=\"application\/ld+json\" class=\"yoast-schema-graph\">{\"@context\":\"https:\/\/schema.org\",\"@graph\":[{\"@type\":\"WebPage\",\"@id\":\"https:\/\/miumjau.ee\/tuote\/ronimispuu-route-180-cappuccino\/\",\"url\":\"https:\/\/miumjau.ee\/tuote\/ronimispuu-route-180-cappuccino\/\",\"name\":\"Kiipeilypuu Petrebels Route 180, cappuccino - MiuMjau\",\"isPartOf\":{\"@id\":\"https:\/\/miumjau.ee\/#website\"},\"primaryImageOfPage\":{\"@id\":\"https:\/\/miumjau.ee\/tuote\/ronimispuu-route-180-cappuccino\/#primaryimage\"},\"image\":{\"@id\":\"https:\/\/miumjau.ee\/tuote\/ronimispuu-route-180-cappuccino\/#primaryimage\"},\"thumbnailUrl\":\"https:\/\/miumjau.ee\/wp-content\/uploads\/2024\/05\/ronimispuu-route180-cappuccino2.jpg\",\"datePublished\":\"2024-05-20T15:00:28+00:00\",\"dateModified\":\"2026-01-07T21:00:08+00:00\",\"description\":\"Kiipeilypuu Route 180 br\u00e4ndilt\u00e4 Petrebels on erinomaista laatua ja sopii kaikille raapimisen yst\u00e4ville kissoille. Korkeat ja paksut raapimispuut!\",\"breadcrumb\":{\"@id\":\"https:\/\/miumjau.ee\/tuote\/ronimispuu-route-180-cappuccino\/#breadcrumb\"},\"inLanguage\":\"fi\",\"potentialAction\":[{\"@type\":\"ReadAction\",\"target\":[\"https:\/\/miumjau.ee\/tuote\/ronimispuu-route-180-cappuccino\/\"]}]},{\"@type\":\"ImageObject\",\"inLanguage\":\"fi\",\"@id\":\"https:\/\/miumjau.ee\/tuote\/ronimispuu-route-180-cappuccino\/#primaryimage\",\"url\":\"https:\/\/miumjau.ee\/wp-content\/uploads\/2024\/05\/ronimispuu-route180-cappuccino2.jpg\",\"contentUrl\":\"https:\/\/miumjau.ee\/wp-content\/uploads\/2024\/05\/ronimispuu-route180-cappuccino2.jpg\",\"width\":600,\"height\":800,\"caption\":\"Ronimispuu Route 180\"},{\"@type\":\"BreadcrumbList\",\"@id\":\"https:\/\/miumjau.ee\/tuote\/ronimispuu-route-180-cappuccino\/#breadcrumb\",\"itemListElement\":[{\"@type\":\"ListItem\",\"position\":1,\"name\":\"Home\",\"item\":\"https:\/\/miumjau.ee\/fi\/\"},{\"@type\":\"ListItem\",\"position\":2,\"name\":\"Kauppa\",\"item\":\"https:\/\/miumjau.ee\/fi\/kauppa\/\"},{\"@type\":\"ListItem\",\"position\":3,\"name\":\"Kiipeilypuu Petrebels Route 180, cappuccino\"}]},{\"@type\":\"WebSite\",\"@id\":\"https:\/\/miumjau.ee\/#website\",\"url\":\"https:\/\/miumjau.ee\/\",\"name\":\"MiuMjau\",\"description\":\"Kraapimispuud kassidele\",\"publisher\":{\"@id\":\"https:\/\/miumjau.ee\/#organization\"},\"potentialAction\":[{\"@type\":\"SearchAction\",\"target\":{\"@type\":\"EntryPoint\",\"urlTemplate\":\"https:\/\/miumjau.ee\/?s={search_term_string}\"},\"query-input\":{\"@type\":\"PropertyValueSpecification\",\"valueRequired\":true,\"valueName\":\"search_term_string\"}}],\"inLanguage\":\"fi\"},{\"@type\":\"Organization\",\"@id\":\"https:\/\/miumjau.ee\/#organization\",\"name\":\"MiuMjau O\u00dc\",\"url\":\"https:\/\/miumjau.ee\/\",\"logo\":{\"@type\":\"ImageObject\",\"inLanguage\":\"fi\",\"@id\":\"https:\/\/miumjau.ee\/#\/schema\/logo\/image\/\",\"url\":\"https:\/\/miumjau.ee\/wp-content\/uploads\/2022\/04\/MiuMjau-logo-kollane.png\",\"contentUrl\":\"https:\/\/miumjau.ee\/wp-content\/uploads\/2022\/04\/MiuMjau-logo-kollane.png\",\"width\":219,\"height\":100,\"caption\":\"MiuMjau O\u00dc\"},\"image\":{\"@id\":\"https:\/\/miumjau.ee\/#\/schema\/logo\/image\/\"},\"sameAs\":[\"https:\/\/www.facebook.com\/miumjaupood\/\"]}]}<\/script>\n<!-- \/ Yoast SEO plugin. -->","yoast_head_json":{"title":"Kiipeilypuu Petrebels Route 180, cappuccino - MiuMjau","description":"Kiipeilypuu Route 180 br\u00e4ndilt\u00e4 Petrebels on erinomaista laatua ja sopii kaikille raapimisen yst\u00e4ville kissoille. Korkeat ja paksut raapimispuut!","robots":{"index":"index","follow":"follow","max-snippet":"max-snippet:-1","max-image-preview":"max-image-preview:large","max-video-preview":"max-video-preview:-1"},"canonical":"https:\/\/miumjau.ee\/tuote\/ronimispuu-route-180-cappuccino\/","og_locale":"fi_FI","og_type":"article","og_title":"Kiipeilypuu Petrebels Route 180, cappuccino - MiuMjau","og_description":"Kiipeilypuu Route 180 br\u00e4ndilt\u00e4 Petrebels on erinomaista laatua ja sopii kaikille raapimisen yst\u00e4ville kissoille. Korkeat ja paksut raapimispuut!","og_url":"https:\/\/miumjau.ee\/tuote\/ronimispuu-route-180-cappuccino\/","og_site_name":"MiuMjau","article_publisher":"https:\/\/www.facebook.com\/miumjaupood\/","article_modified_time":"2026-01-07T21:00:08+00:00","og_image":[{"width":600,"height":800,"url":"https:\/\/miumjau.ee\/wp-content\/uploads\/2024\/05\/ronimispuu-route180-cappuccino2.jpg","type":"image\/jpeg"}],"twitter_card":"summary_large_image","schema":{"@context":"https:\/\/schema.org","@graph":[{"@type":"WebPage","@id":"https:\/\/miumjau.ee\/tuote\/ronimispuu-route-180-cappuccino\/","url":"https:\/\/miumjau.ee\/tuote\/ronimispuu-route-180-cappuccino\/","name":"Kiipeilypuu Petrebels Route 180, cappuccino - MiuMjau","isPartOf":{"@id":"https:\/\/miumjau.ee\/#website"},"primaryImageOfPage":{"@id":"https:\/\/miumjau.ee\/tuote\/ronimispuu-route-180-cappuccino\/#primaryimage"},"image":{"@id":"https:\/\/miumjau.ee\/tuote\/ronimispuu-route-180-cappuccino\/#primaryimage"},"thumbnailUrl":"https:\/\/miumjau.ee\/wp-content\/uploads\/2024\/05\/ronimispuu-route180-cappuccino2.jpg","datePublished":"2024-05-20T15:00:28+00:00","dateModified":"2026-01-07T21:00:08+00:00","description":"Kiipeilypuu Route 180 br\u00e4ndilt\u00e4 Petrebels on erinomaista laatua ja sopii kaikille raapimisen yst\u00e4ville kissoille. Korkeat ja paksut raapimispuut!","breadcrumb":{"@id":"https:\/\/miumjau.ee\/tuote\/ronimispuu-route-180-cappuccino\/#breadcrumb"},"inLanguage":"fi","potentialAction":[{"@type":"ReadAction","target":["https:\/\/miumjau.ee\/tuote\/ronimispuu-route-180-cappuccino\/"]}]},{"@type":"ImageObject","inLanguage":"fi","@id":"https:\/\/miumjau.ee\/tuote\/ronimispuu-route-180-cappuccino\/#primaryimage","url":"https:\/\/miumjau.ee\/wp-content\/uploads\/2024\/05\/ronimispuu-route180-cappuccino2.jpg","contentUrl":"https:\/\/miumjau.ee\/wp-content\/uploads\/2024\/05\/ronimispuu-route180-cappuccino2.jpg","width":600,"height":800,"caption":"Ronimispuu Route 180"},{"@type":"BreadcrumbList","@id":"https:\/\/miumjau.ee\/tuote\/ronimispuu-route-180-cappuccino\/#breadcrumb","itemListElement":[{"@type":"ListItem","position":1,"name":"Home","item":"https:\/\/miumjau.ee\/fi\/"},{"@type":"ListItem","position":2,"name":"Kauppa","item":"https:\/\/miumjau.ee\/fi\/kauppa\/"},{"@type":"ListItem","position":3,"name":"Kiipeilypuu Petrebels Route 180, cappuccino"}]},{"@type":"WebSite","@id":"https:\/\/miumjau.ee\/#website","url":"https:\/\/miumjau.ee\/","name":"MiuMjau","description":"Kraapimispuud kassidele","publisher":{"@id":"https:\/\/miumjau.ee\/#organization"},"potentialAction":[{"@type":"SearchAction","target":{"@type":"EntryPoint","urlTemplate":"https:\/\/miumjau.ee\/?s={search_term_string}"},"query-input":{"@type":"PropertyValueSpecification","valueRequired":true,"valueName":"search_term_string"}}],"inLanguage":"fi"},{"@type":"Organization","@id":"https:\/\/miumjau.ee\/#organization","name":"MiuMjau O\u00dc","url":"https:\/\/miumjau.ee\/","logo":{"@type":"ImageObject","inLanguage":"fi","@id":"https:\/\/miumjau.ee\/#\/schema\/logo\/image\/","url":"https:\/\/miumjau.ee\/wp-content\/uploads\/2022\/04\/MiuMjau-logo-kollane.png","contentUrl":"https:\/\/miumjau.ee\/wp-content\/uploads\/2022\/04\/MiuMjau-logo-kollane.png","width":219,"height":100,"caption":"MiuMjau O\u00dc"},"image":{"@id":"https:\/\/miumjau.ee\/#\/schema\/logo\/image\/"},"sameAs":["https:\/\/www.facebook.com\/miumjaupood\/"]}]}},"_links":{"self":[{"href":"https:\/\/miumjau.ee\/fi\/wp-json\/wp\/v2\/product\/14243","targetHints":{"allow":["GET"]}}],"collection":[{"href":"https:\/\/miumjau.ee\/fi\/wp-json\/wp\/v2\/product"}],"about":[{"href":"https:\/\/miumjau.ee\/fi\/wp-json\/wp\/v2\/types\/product"}],"wp:featuredmedia":[{"embeddable":true,"href":"https:\/\/miumjau.ee\/fi\/wp-json\/wp\/v2\/media\/14244"}],"wp:attachment":[{"href":"https:\/\/miumjau.ee\/fi\/wp-json\/wp\/v2\/media?parent=14243"}],"wp:term":[{"taxonomy":"product_brand","embeddable":true,"href":"https:\/\/miumjau.ee\/fi\/wp-json\/wp\/v2\/product_brand?post=14243"},{"taxonomy":"product_cat","embeddable":true,"href":"https:\/\/miumjau.ee\/fi\/wp-json\/wp\/v2\/product_cat?post=14243"},{"taxonomy":"product_tag","embeddable":true,"href":"https:\/\/miumjau.ee\/fi\/wp-json\/wp\/v2\/product_tag?post=14243"}],"curies":[{"name":"wp","href":"https:\/\/api.w.org\/{rel}","templated":true}]}}