{"id":14216,"date":"2023-09-29T12:06:54","date_gmt":"2023-09-29T09:06:54","guid":{"rendered":"https:\/\/miumjau.ee\/toode\/little-rock-99-petrebels-vaaleanbeige\/"},"modified":"2026-01-07T23:00:08","modified_gmt":"2026-01-07T21:00:08","slug":"little-rock-99-petrebels-vaaleanbeige","status":"publish","type":"product","link":"https:\/\/miumjau.ee\/fi\/tuote\/little-rock-99-petrebels-vaaleanbeige\/","title":{"rendered":"Raapimispuu Little Rock 99 Petrebels, vaaleanbeige"},"content":{"rendered":"<p><br data-mce-bogus=\"1\"><\/p>\n","protected":false},"excerpt":{"rendered":"<p>Eritt\u00e4in vakaa raapimispuu ja maja leikkiville kissoille. Vakautta lis\u00e4\u00e4 50&#215;50 cm:n vahva pohjalevy. Vahvuuden lis\u00e4ksi t\u00e4m\u00e4 maja on my\u00f6s eritt\u00e4in houkuttelevan n\u00e4k\u00f6inen ja pehme\u00e4ll\u00e4 materiaalilla verhoiltu. Sivulla oleva sisal-matto on tarkoitettu kissan kynsien hoitoon.<\/p>\n<p>Pituus 50 cm, leveys 50 cm ja korkeus 99 cm<br \/>Majan mitat 50&#215;30 cm ja korkeus 30 cm<br \/>Tuotteen paino 14,5 kg ja pakkauksen kanssa 16 kg<\/p>\n<p>Maja on suunniteltu kissanpennuille ja pienemmille kissoille.<\/p>\n","protected":false},"featured_media":14242,"template":"","meta":[],"product_brand":[],"product_cat":[114,139],"product_tag":[],"class_list":{"0":"post-14216","1":"product","2":"type-product","3":"status-publish","4":"has-post-thumbnail","6":"product_cat-pienet-raapimispuut-petrebels","7":"product_cat-kaup24-fi","8":"product_shipping_class-pakiautomaati-sobimatu-fi","10":"first","11":"instock","12":"sale","13":"taxable","14":"shipping-taxable","15":"purchasable","16":"product-type-simple"},"yoast_head":"<!-- This site is optimized with the Yoast SEO plugin v27.2 - https:\/\/yoast.com\/product\/yoast-seo-wordpress\/ -->\n<title>Raapimispuu Little Rock 99 Petrebels, vaaleanbeige - MiuMjau<\/title>\n<meta name=\"description\" content=\"Pieni ja suloinen raapimispuu kissanpennuille Hollannin laatubr\u00e4ndilt\u00e4 PETREBELS. V\u00e4ri vaihtoehtoja! Parhaat raapimispuut l\u00f6yd\u00e4t verkkokaupastamme.\" \/>\n<meta name=\"robots\" content=\"index, follow, max-snippet:-1, max-image-preview:large, max-video-preview:-1\" \/>\n<link rel=\"canonical\" href=\"https:\/\/miumjau.ee\/tuote\/petrebels-little-rock-99-kreem\/\" \/>\n<meta property=\"og:locale\" content=\"fi_FI\" \/>\n<meta property=\"og:type\" content=\"article\" \/>\n<meta property=\"og:title\" content=\"Raapimispuu Little Rock 99 Petrebels, vaaleanbeige - MiuMjau\" \/>\n<meta property=\"og:description\" content=\"Pieni ja suloinen raapimispuu kissanpennuille Hollannin laatubr\u00e4ndilt\u00e4 PETREBELS. V\u00e4ri vaihtoehtoja! Parhaat raapimispuut l\u00f6yd\u00e4t verkkokaupastamme.\" \/>\n<meta property=\"og:url\" content=\"https:\/\/miumjau.ee\/tuote\/petrebels-little-rock-99-kreem\/\" \/>\n<meta property=\"og:site_name\" content=\"MiuMjau\" \/>\n<meta property=\"article:publisher\" content=\"https:\/\/www.facebook.com\/miumjaupood\/\" \/>\n<meta property=\"article:modified_time\" content=\"2026-01-07T21:00:08+00:00\" \/>\n<meta property=\"og:image\" content=\"https:\/\/miumjau.ee\/wp-content\/uploads\/2023\/09\/little-rock-99-kreem-kassi-kraapimispuu-1.jpg\" \/>\n\t<meta property=\"og:image:width\" content=\"600\" \/>\n\t<meta property=\"og:image:height\" content=\"800\" \/>\n\t<meta property=\"og:image:type\" content=\"image\/jpeg\" \/>\n<meta name=\"twitter:card\" content=\"summary_large_image\" \/>\n<script type=\"application\/ld+json\" class=\"yoast-schema-graph\">{\"@context\":\"https:\/\/schema.org\",\"@graph\":[{\"@type\":\"WebPage\",\"@id\":\"https:\/\/miumjau.ee\/tuote\/petrebels-little-rock-99-kreem\/\",\"url\":\"https:\/\/miumjau.ee\/tuote\/petrebels-little-rock-99-kreem\/\",\"name\":\"Raapimispuu Little Rock 99 Petrebels, vaaleanbeige - MiuMjau\",\"isPartOf\":{\"@id\":\"https:\/\/miumjau.ee\/#website\"},\"primaryImageOfPage\":{\"@id\":\"https:\/\/miumjau.ee\/tuote\/petrebels-little-rock-99-kreem\/#primaryimage\"},\"image\":{\"@id\":\"https:\/\/miumjau.ee\/tuote\/petrebels-little-rock-99-kreem\/#primaryimage\"},\"thumbnailUrl\":\"https:\/\/miumjau.ee\/wp-content\/uploads\/2023\/09\/little-rock-99-kreem-kassi-kraapimispuu-1.jpg\",\"datePublished\":\"2023-09-29T09:06:54+00:00\",\"dateModified\":\"2026-01-07T21:00:08+00:00\",\"description\":\"Pieni ja suloinen raapimispuu kissanpennuille Hollannin laatubr\u00e4ndilt\u00e4 PETREBELS. V\u00e4ri vaihtoehtoja! Parhaat raapimispuut l\u00f6yd\u00e4t verkkokaupastamme.\",\"breadcrumb\":{\"@id\":\"https:\/\/miumjau.ee\/tuote\/petrebels-little-rock-99-kreem\/#breadcrumb\"},\"inLanguage\":\"fi\",\"potentialAction\":[{\"@type\":\"ReadAction\",\"target\":[\"https:\/\/miumjau.ee\/tuote\/petrebels-little-rock-99-kreem\/\"]}]},{\"@type\":\"ImageObject\",\"inLanguage\":\"fi\",\"@id\":\"https:\/\/miumjau.ee\/tuote\/petrebels-little-rock-99-kreem\/#primaryimage\",\"url\":\"https:\/\/miumjau.ee\/wp-content\/uploads\/2023\/09\/little-rock-99-kreem-kassi-kraapimispuu-1.jpg\",\"contentUrl\":\"https:\/\/miumjau.ee\/wp-content\/uploads\/2023\/09\/little-rock-99-kreem-kassi-kraapimispuu-1.jpg\",\"width\":600,\"height\":800,\"caption\":\"Little Rock Petrebels kraapimispuu\"},{\"@type\":\"BreadcrumbList\",\"@id\":\"https:\/\/miumjau.ee\/tuote\/petrebels-little-rock-99-kreem\/#breadcrumb\",\"itemListElement\":[{\"@type\":\"ListItem\",\"position\":1,\"name\":\"Home\",\"item\":\"https:\/\/miumjau.ee\/fi\/\"},{\"@type\":\"ListItem\",\"position\":2,\"name\":\"Kauppa\",\"item\":\"https:\/\/miumjau.ee\/fi\/kauppa\/\"},{\"@type\":\"ListItem\",\"position\":3,\"name\":\"Raapimispuu Little Rock 99 Petrebels, vaaleanbeige\"}]},{\"@type\":\"WebSite\",\"@id\":\"https:\/\/miumjau.ee\/#website\",\"url\":\"https:\/\/miumjau.ee\/\",\"name\":\"MiuMjau\",\"description\":\"Kraapimispuud kassidele\",\"publisher\":{\"@id\":\"https:\/\/miumjau.ee\/#organization\"},\"potentialAction\":[{\"@type\":\"SearchAction\",\"target\":{\"@type\":\"EntryPoint\",\"urlTemplate\":\"https:\/\/miumjau.ee\/?s={search_term_string}\"},\"query-input\":{\"@type\":\"PropertyValueSpecification\",\"valueRequired\":true,\"valueName\":\"search_term_string\"}}],\"inLanguage\":\"fi\"},{\"@type\":\"Organization\",\"@id\":\"https:\/\/miumjau.ee\/#organization\",\"name\":\"MiuMjau O\u00dc\",\"url\":\"https:\/\/miumjau.ee\/\",\"logo\":{\"@type\":\"ImageObject\",\"inLanguage\":\"fi\",\"@id\":\"https:\/\/miumjau.ee\/#\/schema\/logo\/image\/\",\"url\":\"https:\/\/miumjau.ee\/wp-content\/uploads\/2022\/04\/MiuMjau-logo-kollane.png\",\"contentUrl\":\"https:\/\/miumjau.ee\/wp-content\/uploads\/2022\/04\/MiuMjau-logo-kollane.png\",\"width\":219,\"height\":100,\"caption\":\"MiuMjau O\u00dc\"},\"image\":{\"@id\":\"https:\/\/miumjau.ee\/#\/schema\/logo\/image\/\"},\"sameAs\":[\"https:\/\/www.facebook.com\/miumjaupood\/\"]}]}<\/script>\n<!-- \/ Yoast SEO plugin. -->","yoast_head_json":{"title":"Raapimispuu Little Rock 99 Petrebels, vaaleanbeige - MiuMjau","description":"Pieni ja suloinen raapimispuu kissanpennuille Hollannin laatubr\u00e4ndilt\u00e4 PETREBELS. V\u00e4ri vaihtoehtoja! Parhaat raapimispuut l\u00f6yd\u00e4t verkkokaupastamme.","robots":{"index":"index","follow":"follow","max-snippet":"max-snippet:-1","max-image-preview":"max-image-preview:large","max-video-preview":"max-video-preview:-1"},"canonical":"https:\/\/miumjau.ee\/tuote\/petrebels-little-rock-99-kreem\/","og_locale":"fi_FI","og_type":"article","og_title":"Raapimispuu Little Rock 99 Petrebels, vaaleanbeige - MiuMjau","og_description":"Pieni ja suloinen raapimispuu kissanpennuille Hollannin laatubr\u00e4ndilt\u00e4 PETREBELS. V\u00e4ri vaihtoehtoja! Parhaat raapimispuut l\u00f6yd\u00e4t verkkokaupastamme.","og_url":"https:\/\/miumjau.ee\/tuote\/petrebels-little-rock-99-kreem\/","og_site_name":"MiuMjau","article_publisher":"https:\/\/www.facebook.com\/miumjaupood\/","article_modified_time":"2026-01-07T21:00:08+00:00","og_image":[{"width":600,"height":800,"url":"https:\/\/miumjau.ee\/wp-content\/uploads\/2023\/09\/little-rock-99-kreem-kassi-kraapimispuu-1.jpg","type":"image\/jpeg"}],"twitter_card":"summary_large_image","schema":{"@context":"https:\/\/schema.org","@graph":[{"@type":"WebPage","@id":"https:\/\/miumjau.ee\/tuote\/petrebels-little-rock-99-kreem\/","url":"https:\/\/miumjau.ee\/tuote\/petrebels-little-rock-99-kreem\/","name":"Raapimispuu Little Rock 99 Petrebels, vaaleanbeige - MiuMjau","isPartOf":{"@id":"https:\/\/miumjau.ee\/#website"},"primaryImageOfPage":{"@id":"https:\/\/miumjau.ee\/tuote\/petrebels-little-rock-99-kreem\/#primaryimage"},"image":{"@id":"https:\/\/miumjau.ee\/tuote\/petrebels-little-rock-99-kreem\/#primaryimage"},"thumbnailUrl":"https:\/\/miumjau.ee\/wp-content\/uploads\/2023\/09\/little-rock-99-kreem-kassi-kraapimispuu-1.jpg","datePublished":"2023-09-29T09:06:54+00:00","dateModified":"2026-01-07T21:00:08+00:00","description":"Pieni ja suloinen raapimispuu kissanpennuille Hollannin laatubr\u00e4ndilt\u00e4 PETREBELS. V\u00e4ri vaihtoehtoja! Parhaat raapimispuut l\u00f6yd\u00e4t verkkokaupastamme.","breadcrumb":{"@id":"https:\/\/miumjau.ee\/tuote\/petrebels-little-rock-99-kreem\/#breadcrumb"},"inLanguage":"fi","potentialAction":[{"@type":"ReadAction","target":["https:\/\/miumjau.ee\/tuote\/petrebels-little-rock-99-kreem\/"]}]},{"@type":"ImageObject","inLanguage":"fi","@id":"https:\/\/miumjau.ee\/tuote\/petrebels-little-rock-99-kreem\/#primaryimage","url":"https:\/\/miumjau.ee\/wp-content\/uploads\/2023\/09\/little-rock-99-kreem-kassi-kraapimispuu-1.jpg","contentUrl":"https:\/\/miumjau.ee\/wp-content\/uploads\/2023\/09\/little-rock-99-kreem-kassi-kraapimispuu-1.jpg","width":600,"height":800,"caption":"Little Rock Petrebels kraapimispuu"},{"@type":"BreadcrumbList","@id":"https:\/\/miumjau.ee\/tuote\/petrebels-little-rock-99-kreem\/#breadcrumb","itemListElement":[{"@type":"ListItem","position":1,"name":"Home","item":"https:\/\/miumjau.ee\/fi\/"},{"@type":"ListItem","position":2,"name":"Kauppa","item":"https:\/\/miumjau.ee\/fi\/kauppa\/"},{"@type":"ListItem","position":3,"name":"Raapimispuu Little Rock 99 Petrebels, vaaleanbeige"}]},{"@type":"WebSite","@id":"https:\/\/miumjau.ee\/#website","url":"https:\/\/miumjau.ee\/","name":"MiuMjau","description":"Kraapimispuud kassidele","publisher":{"@id":"https:\/\/miumjau.ee\/#organization"},"potentialAction":[{"@type":"SearchAction","target":{"@type":"EntryPoint","urlTemplate":"https:\/\/miumjau.ee\/?s={search_term_string}"},"query-input":{"@type":"PropertyValueSpecification","valueRequired":true,"valueName":"search_term_string"}}],"inLanguage":"fi"},{"@type":"Organization","@id":"https:\/\/miumjau.ee\/#organization","name":"MiuMjau O\u00dc","url":"https:\/\/miumjau.ee\/","logo":{"@type":"ImageObject","inLanguage":"fi","@id":"https:\/\/miumjau.ee\/#\/schema\/logo\/image\/","url":"https:\/\/miumjau.ee\/wp-content\/uploads\/2022\/04\/MiuMjau-logo-kollane.png","contentUrl":"https:\/\/miumjau.ee\/wp-content\/uploads\/2022\/04\/MiuMjau-logo-kollane.png","width":219,"height":100,"caption":"MiuMjau O\u00dc"},"image":{"@id":"https:\/\/miumjau.ee\/#\/schema\/logo\/image\/"},"sameAs":["https:\/\/www.facebook.com\/miumjaupood\/"]}]}},"_links":{"self":[{"href":"https:\/\/miumjau.ee\/fi\/wp-json\/wp\/v2\/product\/14216","targetHints":{"allow":["GET"]}}],"collection":[{"href":"https:\/\/miumjau.ee\/fi\/wp-json\/wp\/v2\/product"}],"about":[{"href":"https:\/\/miumjau.ee\/fi\/wp-json\/wp\/v2\/types\/product"}],"wp:featuredmedia":[{"embeddable":true,"href":"https:\/\/miumjau.ee\/fi\/wp-json\/wp\/v2\/media\/14242"}],"wp:attachment":[{"href":"https:\/\/miumjau.ee\/fi\/wp-json\/wp\/v2\/media?parent=14216"}],"wp:term":[{"taxonomy":"product_brand","embeddable":true,"href":"https:\/\/miumjau.ee\/fi\/wp-json\/wp\/v2\/product_brand?post=14216"},{"taxonomy":"product_cat","embeddable":true,"href":"https:\/\/miumjau.ee\/fi\/wp-json\/wp\/v2\/product_cat?post=14216"},{"taxonomy":"product_tag","embeddable":true,"href":"https:\/\/miumjau.ee\/fi\/wp-json\/wp\/v2\/product_tag?post=14216"}],"curies":[{"name":"wp","href":"https:\/\/api.w.org\/{rel}","templated":true}]}}