{"id":14116,"date":"2023-07-28T18:52:30","date_gmt":"2023-07-28T15:52:30","guid":{"rendered":"https:\/\/miumjau.ee\/toode\/raapimispuu-tuubi-superdome-100-cappuccino\/"},"modified":"2026-01-07T23:00:08","modified_gmt":"2026-01-07T21:00:08","slug":"raapimispuu-tuubi-superdome-100-cappuccino","status":"publish","type":"product","link":"https:\/\/miumjau.ee\/fi\/tuote\/raapimispuu-tuubi-superdome-100-cappuccino\/","title":{"rendered":"Raapimistuubi Petrebels Superdome 100, cappuccino"},"content":{"rendered":"","protected":false},"excerpt":{"rendered":"<div class=\"flex flex-grow flex-col max-w-full\">\n<div class=\"min-h-[20px] text-message flex w-full flex-col items-end gap-2 whitespace-pre-wrap break-words [.text-message+&amp;]:mt-5 overflow-x-auto\" dir=\"auto\" data-message-author-role=\"assistant\" data-message-id=\"36aaf0b0-0241-49e5-97d9-6fd60ca3ae83\">\n<div class=\"flex w-full flex-col gap-1 empty:hidden first:pt-[3px]\">\n<div class=\"markdown prose w-full break-words dark:prose-invert light\">\n<div class=\"flex flex-grow flex-col max-w-full\">\n<div class=\"min-h-[20px] text-message flex w-full flex-col items-end gap-2 whitespace-pre-wrap break-words [.text-message+&amp;]:mt-5 overflow-x-auto\" dir=\"auto\" data-message-author-role=\"assistant\" data-message-id=\"36aaf0b0-0241-49e5-97d9-6fd60ca3ae83\">\n<div class=\"flex w-full flex-col gap-1 empty:hidden first:pt-[3px]\">\n<div class=\"markdown prose w-full break-words dark:prose-invert light\">\n<p>Ylellinen raapimispuu<\/p>\n<p>T\u00e4m\u00e4 ei ole vain yksi kissatalo lis\u00e4\u00e4. Ei, t\u00e4m\u00e4 on Superdome 100. T\u00e4m\u00e4 raapimispuu on peitetty eritt\u00e4in kest\u00e4v\u00e4st\u00e4 sisal-matosta ja siin\u00e4 on erityisen leve\u00e4 halkaisija. Sis\u00e4\u00e4nk\u00e4ynnit ovat my\u00f6s leve\u00e4mpi\u00e4, jotta jokainen kissa p\u00e4\u00e4see helposti omaan pehme\u00e4\u00e4n lepopaikkaansa. Sek\u00e4 pienet ett\u00e4 vanhemmat kissat voivat nauttia siit\u00e4. Ja ylellinen leikkik\u00f6ysi tarjoaa lis\u00e4\u00e4 hauskaa teid\u00e4n vilkkaammille kissoillenne. Miksi nimi Superdome? Koska se on yksi vakaimmista raapimistubeista, joita voi l\u00f6yt\u00e4\u00e4.<\/p>\n<p>V\u00e4ri &#8211; cappuccino<br \/>\nMitat &#8211; halkaisija 49 cm ja korkeus 98 cm<br \/>\nSopii kaikille kissaroduille, my\u00f6s suurille ja raskaille roduille<br \/>\nMukana kaksi pest\u00e4v\u00e4\u00e4 patjaa<br \/>\nTyylik\u00e4s muotoilu ja kaunis s\u00e4vy s\u00e4vyyn v\u00e4rivalinta<\/p>\n<p>Katso 3D-kuva t\u00e4\u00e4lt\u00e4<br \/>\nKatso lyhyt ja ytimek\u00e4s video tuotteesta kissojen kanssa t\u00e4\u00e4lt\u00e4<\/p>\n<p>Raapimispuu on suunniteltu k\u00e4ytett\u00e4v\u00e4ksi kaikille kissoille painoluokasta ja koosta riippumatta. Sopii my\u00f6s uros Maine Coon -kissoille.<br \/>\nTuote on pakattu yhteen laatikkoon, jonka kokonaispaino on 20 kg<br \/>\nTuotteen netto paino (ilman pakkausta) 18,7 kg<\/p>\n<p>Saatavilla heti!<br \/>\nValmistaja PetRebels, Hollannin laatu. Eritt\u00e4in laadukkaat ja mukavat raapimispuut kissoille, jotka kest\u00e4v\u00e4t vuosia ja koristavat kotiasi. Kissasi on kiitollinen!<\/p>\n<\/div>\n<\/div>\n<\/div>\n<\/div>\n<\/div>\n<\/div>\n<\/div>\n<\/div>\n","protected":false},"featured_media":14117,"template":"","meta":[],"product_brand":[],"product_cat":[117,139],"product_tag":[],"class_list":{"0":"post-14116","1":"product","2":"type-product","3":"status-publish","4":"has-post-thumbnail","6":"product_cat-raapimistornit-petrebels","7":"product_cat-kaup24-fi","8":"product_shipping_class-pakiautomaati-sobimatu-fi","10":"first","11":"instock","12":"taxable","13":"shipping-taxable","14":"purchasable","15":"product-type-simple"},"yoast_head":"<!-- This site is optimized with the Yoast SEO plugin v27.2 - https:\/\/yoast.com\/product\/yoast-seo-wordpress\/ -->\n<title>Raapimistuubi Petrebels Superdome 100, cappuccino - MiuMjau<\/title>\n<meta name=\"description\" content=\"Ylellinen kissan raapimispuu, joka on peitetty eritt\u00e4in kest\u00e4v\u00e4st\u00e4 sisal-matosta ja jossa on erityisen leve\u00e4 halkaisija. Sopii my\u00f6s Maine Coon -kissoille. Eritt\u00e4in vahva ja vakaa!\" \/>\n<meta name=\"robots\" content=\"index, follow, max-snippet:-1, max-image-preview:large, max-video-preview:-1\" \/>\n<link rel=\"canonical\" href=\"https:\/\/miumjau.ee\/fi\/tuote\/raapimispuu-tuubi-superdome-100-cappuccino\/\" \/>\n<meta property=\"og:locale\" content=\"fi_FI\" \/>\n<meta property=\"og:type\" content=\"article\" \/>\n<meta property=\"og:title\" content=\"Raapimistuubi Petrebels Superdome 100, cappuccino - MiuMjau\" \/>\n<meta property=\"og:description\" content=\"Ylellinen kissan raapimispuu, joka on peitetty eritt\u00e4in kest\u00e4v\u00e4st\u00e4 sisal-matosta ja jossa on erityisen leve\u00e4 halkaisija. Sopii my\u00f6s Maine Coon -kissoille. Eritt\u00e4in vahva ja vakaa!\" \/>\n<meta property=\"og:url\" content=\"https:\/\/miumjau.ee\/fi\/tuote\/raapimispuu-tuubi-superdome-100-cappuccino\/\" \/>\n<meta property=\"og:site_name\" content=\"MiuMjau\" \/>\n<meta property=\"article:publisher\" content=\"https:\/\/www.facebook.com\/miumjaupood\/\" \/>\n<meta property=\"article:modified_time\" content=\"2026-01-07T21:00:08+00:00\" \/>\n<meta property=\"og:image\" content=\"https:\/\/miumjau.ee\/wp-content\/uploads\/2023\/07\/Superdome-100-cappucino-kassi-kraapimispuu-1.jpg\" \/>\n\t<meta property=\"og:image:width\" content=\"600\" \/>\n\t<meta property=\"og:image:height\" content=\"800\" \/>\n\t<meta property=\"og:image:type\" content=\"image\/jpeg\" \/>\n<meta name=\"twitter:card\" content=\"summary_large_image\" \/>\n<meta name=\"twitter:label1\" content=\"Arvioitu lukuaika\" \/>\n\t<meta name=\"twitter:data1\" content=\"1 minuutti\" \/>\n<script type=\"application\/ld+json\" class=\"yoast-schema-graph\">{\"@context\":\"https:\/\/schema.org\",\"@graph\":[{\"@type\":\"WebPage\",\"@id\":\"https:\/\/miumjau.ee\/fi\/tuote\/raapimispuu-tuubi-superdome-100-cappuccino\/\",\"url\":\"https:\/\/miumjau.ee\/fi\/tuote\/raapimispuu-tuubi-superdome-100-cappuccino\/\",\"name\":\"Raapimistuubi Petrebels Superdome 100, cappuccino - MiuMjau\",\"isPartOf\":{\"@id\":\"https:\/\/miumjau.ee\/#website\"},\"primaryImageOfPage\":{\"@id\":\"https:\/\/miumjau.ee\/fi\/tuote\/raapimispuu-tuubi-superdome-100-cappuccino\/#primaryimage\"},\"image\":{\"@id\":\"https:\/\/miumjau.ee\/fi\/tuote\/raapimispuu-tuubi-superdome-100-cappuccino\/#primaryimage\"},\"thumbnailUrl\":\"https:\/\/miumjau.ee\/wp-content\/uploads\/2023\/07\/Superdome-100-cappucino-kassi-kraapimispuu-1.jpg\",\"datePublished\":\"2023-07-28T15:52:30+00:00\",\"dateModified\":\"2026-01-07T21:00:08+00:00\",\"description\":\"Ylellinen kissan raapimispuu, joka on peitetty eritt\u00e4in kest\u00e4v\u00e4st\u00e4 sisal-matosta ja jossa on erityisen leve\u00e4 halkaisija. Sopii my\u00f6s Maine Coon -kissoille. Eritt\u00e4in vahva ja vakaa!\",\"breadcrumb\":{\"@id\":\"https:\/\/miumjau.ee\/fi\/tuote\/raapimispuu-tuubi-superdome-100-cappuccino\/#breadcrumb\"},\"inLanguage\":\"fi\",\"potentialAction\":[{\"@type\":\"ReadAction\",\"target\":[\"https:\/\/miumjau.ee\/fi\/tuote\/raapimispuu-tuubi-superdome-100-cappuccino\/\"]}]},{\"@type\":\"ImageObject\",\"inLanguage\":\"fi\",\"@id\":\"https:\/\/miumjau.ee\/fi\/tuote\/raapimispuu-tuubi-superdome-100-cappuccino\/#primaryimage\",\"url\":\"https:\/\/miumjau.ee\/wp-content\/uploads\/2023\/07\/Superdome-100-cappucino-kassi-kraapimispuu-1.jpg\",\"contentUrl\":\"https:\/\/miumjau.ee\/wp-content\/uploads\/2023\/07\/Superdome-100-cappucino-kassi-kraapimispuu-1.jpg\",\"width\":600,\"height\":800,\"caption\":\"Superdome 100 Petrebels kassi kraapimispost\"},{\"@type\":\"BreadcrumbList\",\"@id\":\"https:\/\/miumjau.ee\/fi\/tuote\/raapimispuu-tuubi-superdome-100-cappuccino\/#breadcrumb\",\"itemListElement\":[{\"@type\":\"ListItem\",\"position\":1,\"name\":\"Home\",\"item\":\"https:\/\/miumjau.ee\/fi\/\"},{\"@type\":\"ListItem\",\"position\":2,\"name\":\"Kauppa\",\"item\":\"https:\/\/miumjau.ee\/fi\/kauppa\/\"},{\"@type\":\"ListItem\",\"position\":3,\"name\":\"Raapimistuubi Petrebels Superdome 100, cappuccino\"}]},{\"@type\":\"WebSite\",\"@id\":\"https:\/\/miumjau.ee\/#website\",\"url\":\"https:\/\/miumjau.ee\/\",\"name\":\"MiuMjau\",\"description\":\"Kraapimispuud kassidele\",\"publisher\":{\"@id\":\"https:\/\/miumjau.ee\/#organization\"},\"potentialAction\":[{\"@type\":\"SearchAction\",\"target\":{\"@type\":\"EntryPoint\",\"urlTemplate\":\"https:\/\/miumjau.ee\/?s={search_term_string}\"},\"query-input\":{\"@type\":\"PropertyValueSpecification\",\"valueRequired\":true,\"valueName\":\"search_term_string\"}}],\"inLanguage\":\"fi\"},{\"@type\":\"Organization\",\"@id\":\"https:\/\/miumjau.ee\/#organization\",\"name\":\"MiuMjau O\u00dc\",\"url\":\"https:\/\/miumjau.ee\/\",\"logo\":{\"@type\":\"ImageObject\",\"inLanguage\":\"fi\",\"@id\":\"https:\/\/miumjau.ee\/#\/schema\/logo\/image\/\",\"url\":\"https:\/\/miumjau.ee\/wp-content\/uploads\/2022\/04\/MiuMjau-logo-kollane.png\",\"contentUrl\":\"https:\/\/miumjau.ee\/wp-content\/uploads\/2022\/04\/MiuMjau-logo-kollane.png\",\"width\":219,\"height\":100,\"caption\":\"MiuMjau O\u00dc\"},\"image\":{\"@id\":\"https:\/\/miumjau.ee\/#\/schema\/logo\/image\/\"},\"sameAs\":[\"https:\/\/www.facebook.com\/miumjaupood\/\"]}]}<\/script>\n<!-- \/ Yoast SEO plugin. -->","yoast_head_json":{"title":"Raapimistuubi Petrebels Superdome 100, cappuccino - MiuMjau","description":"Ylellinen kissan raapimispuu, joka on peitetty eritt\u00e4in kest\u00e4v\u00e4st\u00e4 sisal-matosta ja jossa on erityisen leve\u00e4 halkaisija. Sopii my\u00f6s Maine Coon -kissoille. Eritt\u00e4in vahva ja vakaa!","robots":{"index":"index","follow":"follow","max-snippet":"max-snippet:-1","max-image-preview":"max-image-preview:large","max-video-preview":"max-video-preview:-1"},"canonical":"https:\/\/miumjau.ee\/fi\/tuote\/raapimispuu-tuubi-superdome-100-cappuccino\/","og_locale":"fi_FI","og_type":"article","og_title":"Raapimistuubi Petrebels Superdome 100, cappuccino - MiuMjau","og_description":"Ylellinen kissan raapimispuu, joka on peitetty eritt\u00e4in kest\u00e4v\u00e4st\u00e4 sisal-matosta ja jossa on erityisen leve\u00e4 halkaisija. Sopii my\u00f6s Maine Coon -kissoille. Eritt\u00e4in vahva ja vakaa!","og_url":"https:\/\/miumjau.ee\/fi\/tuote\/raapimispuu-tuubi-superdome-100-cappuccino\/","og_site_name":"MiuMjau","article_publisher":"https:\/\/www.facebook.com\/miumjaupood\/","article_modified_time":"2026-01-07T21:00:08+00:00","og_image":[{"width":600,"height":800,"url":"https:\/\/miumjau.ee\/wp-content\/uploads\/2023\/07\/Superdome-100-cappucino-kassi-kraapimispuu-1.jpg","type":"image\/jpeg"}],"twitter_card":"summary_large_image","twitter_misc":{"Arvioitu lukuaika":"1 minuutti"},"schema":{"@context":"https:\/\/schema.org","@graph":[{"@type":"WebPage","@id":"https:\/\/miumjau.ee\/fi\/tuote\/raapimispuu-tuubi-superdome-100-cappuccino\/","url":"https:\/\/miumjau.ee\/fi\/tuote\/raapimispuu-tuubi-superdome-100-cappuccino\/","name":"Raapimistuubi Petrebels Superdome 100, cappuccino - MiuMjau","isPartOf":{"@id":"https:\/\/miumjau.ee\/#website"},"primaryImageOfPage":{"@id":"https:\/\/miumjau.ee\/fi\/tuote\/raapimispuu-tuubi-superdome-100-cappuccino\/#primaryimage"},"image":{"@id":"https:\/\/miumjau.ee\/fi\/tuote\/raapimispuu-tuubi-superdome-100-cappuccino\/#primaryimage"},"thumbnailUrl":"https:\/\/miumjau.ee\/wp-content\/uploads\/2023\/07\/Superdome-100-cappucino-kassi-kraapimispuu-1.jpg","datePublished":"2023-07-28T15:52:30+00:00","dateModified":"2026-01-07T21:00:08+00:00","description":"Ylellinen kissan raapimispuu, joka on peitetty eritt\u00e4in kest\u00e4v\u00e4st\u00e4 sisal-matosta ja jossa on erityisen leve\u00e4 halkaisija. Sopii my\u00f6s Maine Coon -kissoille. Eritt\u00e4in vahva ja vakaa!","breadcrumb":{"@id":"https:\/\/miumjau.ee\/fi\/tuote\/raapimispuu-tuubi-superdome-100-cappuccino\/#breadcrumb"},"inLanguage":"fi","potentialAction":[{"@type":"ReadAction","target":["https:\/\/miumjau.ee\/fi\/tuote\/raapimispuu-tuubi-superdome-100-cappuccino\/"]}]},{"@type":"ImageObject","inLanguage":"fi","@id":"https:\/\/miumjau.ee\/fi\/tuote\/raapimispuu-tuubi-superdome-100-cappuccino\/#primaryimage","url":"https:\/\/miumjau.ee\/wp-content\/uploads\/2023\/07\/Superdome-100-cappucino-kassi-kraapimispuu-1.jpg","contentUrl":"https:\/\/miumjau.ee\/wp-content\/uploads\/2023\/07\/Superdome-100-cappucino-kassi-kraapimispuu-1.jpg","width":600,"height":800,"caption":"Superdome 100 Petrebels kassi kraapimispost"},{"@type":"BreadcrumbList","@id":"https:\/\/miumjau.ee\/fi\/tuote\/raapimispuu-tuubi-superdome-100-cappuccino\/#breadcrumb","itemListElement":[{"@type":"ListItem","position":1,"name":"Home","item":"https:\/\/miumjau.ee\/fi\/"},{"@type":"ListItem","position":2,"name":"Kauppa","item":"https:\/\/miumjau.ee\/fi\/kauppa\/"},{"@type":"ListItem","position":3,"name":"Raapimistuubi Petrebels Superdome 100, cappuccino"}]},{"@type":"WebSite","@id":"https:\/\/miumjau.ee\/#website","url":"https:\/\/miumjau.ee\/","name":"MiuMjau","description":"Kraapimispuud kassidele","publisher":{"@id":"https:\/\/miumjau.ee\/#organization"},"potentialAction":[{"@type":"SearchAction","target":{"@type":"EntryPoint","urlTemplate":"https:\/\/miumjau.ee\/?s={search_term_string}"},"query-input":{"@type":"PropertyValueSpecification","valueRequired":true,"valueName":"search_term_string"}}],"inLanguage":"fi"},{"@type":"Organization","@id":"https:\/\/miumjau.ee\/#organization","name":"MiuMjau O\u00dc","url":"https:\/\/miumjau.ee\/","logo":{"@type":"ImageObject","inLanguage":"fi","@id":"https:\/\/miumjau.ee\/#\/schema\/logo\/image\/","url":"https:\/\/miumjau.ee\/wp-content\/uploads\/2022\/04\/MiuMjau-logo-kollane.png","contentUrl":"https:\/\/miumjau.ee\/wp-content\/uploads\/2022\/04\/MiuMjau-logo-kollane.png","width":219,"height":100,"caption":"MiuMjau O\u00dc"},"image":{"@id":"https:\/\/miumjau.ee\/#\/schema\/logo\/image\/"},"sameAs":["https:\/\/www.facebook.com\/miumjaupood\/"]}]}},"_links":{"self":[{"href":"https:\/\/miumjau.ee\/fi\/wp-json\/wp\/v2\/product\/14116","targetHints":{"allow":["GET"]}}],"collection":[{"href":"https:\/\/miumjau.ee\/fi\/wp-json\/wp\/v2\/product"}],"about":[{"href":"https:\/\/miumjau.ee\/fi\/wp-json\/wp\/v2\/types\/product"}],"wp:featuredmedia":[{"embeddable":true,"href":"https:\/\/miumjau.ee\/fi\/wp-json\/wp\/v2\/media\/14117"}],"wp:attachment":[{"href":"https:\/\/miumjau.ee\/fi\/wp-json\/wp\/v2\/media?parent=14116"}],"wp:term":[{"taxonomy":"product_brand","embeddable":true,"href":"https:\/\/miumjau.ee\/fi\/wp-json\/wp\/v2\/product_brand?post=14116"},{"taxonomy":"product_cat","embeddable":true,"href":"https:\/\/miumjau.ee\/fi\/wp-json\/wp\/v2\/product_cat?post=14116"},{"taxonomy":"product_tag","embeddable":true,"href":"https:\/\/miumjau.ee\/fi\/wp-json\/wp\/v2\/product_tag?post=14116"}],"curies":[{"name":"wp","href":"https:\/\/api.w.org\/{rel}","templated":true}]}}