{"id":14090,"date":"2023-09-29T10:27:31","date_gmt":"2023-09-29T07:27:31","guid":{"rendered":"https:\/\/miumjau.ee\/toode\/petrebels-raapimistuubi-dome-80-cappuccino\/"},"modified":"2026-01-07T23:00:15","modified_gmt":"2026-01-07T21:00:15","slug":"petrebels-raapimistuubi-dome-80-cappuccino","status":"publish","type":"product","link":"https:\/\/miumjau.ee\/fi\/tuote\/petrebels-raapimistuubi-dome-80-cappuccino\/","title":{"rendered":"Raapimistuubi Petrebels Dome 80, cappuccino"},"content":{"rendered":"","protected":false},"excerpt":{"rendered":"<p>Raapimistuubi Dome 80 on kaksikerroksinen t\u00e4ysikokoinen kiipeilyteline raapimisintoilijoille kissoille. Korkeus on sopiva, jotta kissanpennut eiv\u00e4t putoa korkealta ja loukkaannu. Sis\u00e4ll\u00e4 voi kiipeill\u00e4 kerrokselta toiselle ja pohjalla voi ottaa rauhallisia p\u00e4iv\u00e4unia leikkimisen j\u00e4lkeen. Pohjalla oleva patja on konepest\u00e4v\u00e4. Koko ulkopinta on peitetty raapimismatolla, joten sen avulla voi liikkua apinan tavoin eteen- ja taaksep\u00e4in, yl\u00f6s ja alas. Ylimp\u00e4n\u00e4 on mukava pehme\u00e4 makuupaikka, jossa voi my\u00f6s nukkua ja tarkkailla ymp\u00e4rist\u00f6\u00e4. On hauskaa katsella, kuinka kissanpennut leikkiv\u00e4t piilosta sen p\u00e4\u00e4ll\u00e4.<\/p>\n<p>Tuubi sopii kaikille kissoille \u2013 kevyille, raskaille, pienille ja suurille \u2013 mutta pienet veitikat ovat siin\u00e4 erityisen suloisia!<\/p>\n<p>Tuotteen mitat: 45 x 45 x 80 cm<br \/>\nPaino ilman pakkausta 11,4 kg ja pakkauksen kanssa 12,5 kg.<\/p>\n","protected":false},"featured_media":14100,"template":"","meta":[],"product_brand":[],"product_cat":[139,117],"product_tag":[],"class_list":{"0":"post-14090","1":"product","2":"type-product","3":"status-publish","4":"has-post-thumbnail","6":"product_cat-kaup24-fi","7":"product_cat-raapimistornit-petrebels","8":"product_shipping_class-pakiautomaati-sobimatu-fi","10":"first","11":"outofstock","12":"sale","13":"taxable","14":"shipping-taxable","15":"purchasable","16":"product-type-simple"},"yoast_head":"<!-- This site is optimized with the Yoast SEO plugin v27.4 - https:\/\/yoast.com\/product\/yoast-seo-wordpress\/ -->\n<title>Raapimistuubi Petrebels Dome 80, cappuccino - MiuMjau<\/title>\n<meta name=\"description\" content=\"Petrebelsin raapimispuu Dome 80 on korkealaatuinen ja sopii kaikille kissoille. Kissasi odottavat loputtomasti kiipeily- ja raapimismahdollisuuksia!\" \/>\n<meta name=\"robots\" content=\"index, follow, max-snippet:-1, max-image-preview:large, max-video-preview:-1\" \/>\n<link rel=\"canonical\" href=\"https:\/\/miumjau.ee\/fi\/tuote\/petrebels-raapimistuubi-dome-80-cappuccino\/\" \/>\n<meta property=\"og:locale\" content=\"fi_FI\" \/>\n<meta property=\"og:type\" content=\"article\" \/>\n<meta property=\"og:title\" content=\"Raapimistuubi Petrebels Dome 80, cappuccino - MiuMjau\" \/>\n<meta property=\"og:description\" content=\"Petrebelsin raapimispuu Dome 80 on korkealaatuinen ja sopii kaikille kissoille. Kissasi odottavat loputtomasti kiipeily- ja raapimismahdollisuuksia!\" \/>\n<meta property=\"og:url\" content=\"https:\/\/miumjau.ee\/fi\/tuote\/petrebels-raapimistuubi-dome-80-cappuccino\/\" \/>\n<meta property=\"og:site_name\" content=\"MiuMjau\" \/>\n<meta property=\"article:publisher\" content=\"https:\/\/www.facebook.com\/miumjaupood\/\" \/>\n<meta property=\"article:modified_time\" content=\"2026-01-07T21:00:15+00:00\" \/>\n<meta property=\"og:image\" content=\"https:\/\/miumjau.ee\/wp-content\/uploads\/2023\/09\/dome80-kassi-kraapimispuu24.jpg\" \/>\n\t<meta property=\"og:image:width\" content=\"600\" \/>\n\t<meta property=\"og:image:height\" content=\"800\" \/>\n\t<meta property=\"og:image:type\" content=\"image\/jpeg\" \/>\n<meta name=\"twitter:card\" content=\"summary_large_image\" \/>\n<meta name=\"twitter:label1\" content=\"Arvioitu lukuaika\" \/>\n\t<meta name=\"twitter:data1\" content=\"1 minuutti\" \/>\n<script type=\"application\/ld+json\" class=\"yoast-schema-graph\">{\"@context\":\"https:\\\/\\\/schema.org\",\"@graph\":[{\"@type\":\"WebPage\",\"@id\":\"https:\\\/\\\/miumjau.ee\\\/fi\\\/tuote\\\/petrebels-raapimistuubi-dome-80-cappuccino\\\/\",\"url\":\"https:\\\/\\\/miumjau.ee\\\/fi\\\/tuote\\\/petrebels-raapimistuubi-dome-80-cappuccino\\\/\",\"name\":\"Raapimistuubi Petrebels Dome 80, cappuccino - MiuMjau\",\"isPartOf\":{\"@id\":\"https:\\\/\\\/miumjau.ee\\\/#website\"},\"primaryImageOfPage\":{\"@id\":\"https:\\\/\\\/miumjau.ee\\\/fi\\\/tuote\\\/petrebels-raapimistuubi-dome-80-cappuccino\\\/#primaryimage\"},\"image\":{\"@id\":\"https:\\\/\\\/miumjau.ee\\\/fi\\\/tuote\\\/petrebels-raapimistuubi-dome-80-cappuccino\\\/#primaryimage\"},\"thumbnailUrl\":\"https:\\\/\\\/miumjau.ee\\\/wp-content\\\/uploads\\\/2023\\\/09\\\/dome80-kassi-kraapimispuu24.jpg\",\"datePublished\":\"2023-09-29T07:27:31+00:00\",\"dateModified\":\"2026-01-07T21:00:15+00:00\",\"description\":\"Petrebelsin raapimispuu Dome 80 on korkealaatuinen ja sopii kaikille kissoille. Kissasi odottavat loputtomasti kiipeily- ja raapimismahdollisuuksia!\",\"breadcrumb\":{\"@id\":\"https:\\\/\\\/miumjau.ee\\\/fi\\\/tuote\\\/petrebels-raapimistuubi-dome-80-cappuccino\\\/#breadcrumb\"},\"inLanguage\":\"fi\",\"potentialAction\":[{\"@type\":\"ReadAction\",\"target\":[\"https:\\\/\\\/miumjau.ee\\\/fi\\\/tuote\\\/petrebels-raapimistuubi-dome-80-cappuccino\\\/\"]}]},{\"@type\":\"ImageObject\",\"inLanguage\":\"fi\",\"@id\":\"https:\\\/\\\/miumjau.ee\\\/fi\\\/tuote\\\/petrebels-raapimistuubi-dome-80-cappuccino\\\/#primaryimage\",\"url\":\"https:\\\/\\\/miumjau.ee\\\/wp-content\\\/uploads\\\/2023\\\/09\\\/dome80-kassi-kraapimispuu24.jpg\",\"contentUrl\":\"https:\\\/\\\/miumjau.ee\\\/wp-content\\\/uploads\\\/2023\\\/09\\\/dome80-kassi-kraapimispuu24.jpg\",\"width\":600,\"height\":800},{\"@type\":\"BreadcrumbList\",\"@id\":\"https:\\\/\\\/miumjau.ee\\\/fi\\\/tuote\\\/petrebels-raapimistuubi-dome-80-cappuccino\\\/#breadcrumb\",\"itemListElement\":[{\"@type\":\"ListItem\",\"position\":1,\"name\":\"Home\",\"item\":\"https:\\\/\\\/miumjau.ee\\\/fi\\\/\"},{\"@type\":\"ListItem\",\"position\":2,\"name\":\"Kauppa\",\"item\":\"https:\\\/\\\/miumjau.ee\\\/fi\\\/kauppa\\\/\"},{\"@type\":\"ListItem\",\"position\":3,\"name\":\"Raapimistuubi Petrebels Dome 80, cappuccino\"}]},{\"@type\":\"WebSite\",\"@id\":\"https:\\\/\\\/miumjau.ee\\\/#website\",\"url\":\"https:\\\/\\\/miumjau.ee\\\/\",\"name\":\"MiuMjau\",\"description\":\"Kraapimispuud kassidele\",\"publisher\":{\"@id\":\"https:\\\/\\\/miumjau.ee\\\/#organization\"},\"potentialAction\":[{\"@type\":\"SearchAction\",\"target\":{\"@type\":\"EntryPoint\",\"urlTemplate\":\"https:\\\/\\\/miumjau.ee\\\/?s={search_term_string}\"},\"query-input\":{\"@type\":\"PropertyValueSpecification\",\"valueRequired\":true,\"valueName\":\"search_term_string\"}}],\"inLanguage\":\"fi\"},{\"@type\":\"Organization\",\"@id\":\"https:\\\/\\\/miumjau.ee\\\/#organization\",\"name\":\"MiuMjau O\u00dc\",\"url\":\"https:\\\/\\\/miumjau.ee\\\/\",\"logo\":{\"@type\":\"ImageObject\",\"inLanguage\":\"fi\",\"@id\":\"https:\\\/\\\/miumjau.ee\\\/#\\\/schema\\\/logo\\\/image\\\/\",\"url\":\"https:\\\/\\\/miumjau.ee\\\/wp-content\\\/uploads\\\/2022\\\/04\\\/MiuMjau-logo-kollane.png\",\"contentUrl\":\"https:\\\/\\\/miumjau.ee\\\/wp-content\\\/uploads\\\/2022\\\/04\\\/MiuMjau-logo-kollane.png\",\"width\":219,\"height\":100,\"caption\":\"MiuMjau O\u00dc\"},\"image\":{\"@id\":\"https:\\\/\\\/miumjau.ee\\\/#\\\/schema\\\/logo\\\/image\\\/\"},\"sameAs\":[\"https:\\\/\\\/www.facebook.com\\\/miumjaupood\\\/\"]}]}<\/script>\n<!-- \/ Yoast SEO plugin. -->","yoast_head_json":{"title":"Raapimistuubi Petrebels Dome 80, cappuccino - MiuMjau","description":"Petrebelsin raapimispuu Dome 80 on korkealaatuinen ja sopii kaikille kissoille. Kissasi odottavat loputtomasti kiipeily- ja raapimismahdollisuuksia!","robots":{"index":"index","follow":"follow","max-snippet":"max-snippet:-1","max-image-preview":"max-image-preview:large","max-video-preview":"max-video-preview:-1"},"canonical":"https:\/\/miumjau.ee\/fi\/tuote\/petrebels-raapimistuubi-dome-80-cappuccino\/","og_locale":"fi_FI","og_type":"article","og_title":"Raapimistuubi Petrebels Dome 80, cappuccino - MiuMjau","og_description":"Petrebelsin raapimispuu Dome 80 on korkealaatuinen ja sopii kaikille kissoille. Kissasi odottavat loputtomasti kiipeily- ja raapimismahdollisuuksia!","og_url":"https:\/\/miumjau.ee\/fi\/tuote\/petrebels-raapimistuubi-dome-80-cappuccino\/","og_site_name":"MiuMjau","article_publisher":"https:\/\/www.facebook.com\/miumjaupood\/","article_modified_time":"2026-01-07T21:00:15+00:00","og_image":[{"width":600,"height":800,"url":"https:\/\/miumjau.ee\/wp-content\/uploads\/2023\/09\/dome80-kassi-kraapimispuu24.jpg","type":"image\/jpeg"}],"twitter_card":"summary_large_image","twitter_misc":{"Arvioitu lukuaika":"1 minuutti"},"schema":{"@context":"https:\/\/schema.org","@graph":[{"@type":"WebPage","@id":"https:\/\/miumjau.ee\/fi\/tuote\/petrebels-raapimistuubi-dome-80-cappuccino\/","url":"https:\/\/miumjau.ee\/fi\/tuote\/petrebels-raapimistuubi-dome-80-cappuccino\/","name":"Raapimistuubi Petrebels Dome 80, cappuccino - MiuMjau","isPartOf":{"@id":"https:\/\/miumjau.ee\/#website"},"primaryImageOfPage":{"@id":"https:\/\/miumjau.ee\/fi\/tuote\/petrebels-raapimistuubi-dome-80-cappuccino\/#primaryimage"},"image":{"@id":"https:\/\/miumjau.ee\/fi\/tuote\/petrebels-raapimistuubi-dome-80-cappuccino\/#primaryimage"},"thumbnailUrl":"https:\/\/miumjau.ee\/wp-content\/uploads\/2023\/09\/dome80-kassi-kraapimispuu24.jpg","datePublished":"2023-09-29T07:27:31+00:00","dateModified":"2026-01-07T21:00:15+00:00","description":"Petrebelsin raapimispuu Dome 80 on korkealaatuinen ja sopii kaikille kissoille. Kissasi odottavat loputtomasti kiipeily- ja raapimismahdollisuuksia!","breadcrumb":{"@id":"https:\/\/miumjau.ee\/fi\/tuote\/petrebels-raapimistuubi-dome-80-cappuccino\/#breadcrumb"},"inLanguage":"fi","potentialAction":[{"@type":"ReadAction","target":["https:\/\/miumjau.ee\/fi\/tuote\/petrebels-raapimistuubi-dome-80-cappuccino\/"]}]},{"@type":"ImageObject","inLanguage":"fi","@id":"https:\/\/miumjau.ee\/fi\/tuote\/petrebels-raapimistuubi-dome-80-cappuccino\/#primaryimage","url":"https:\/\/miumjau.ee\/wp-content\/uploads\/2023\/09\/dome80-kassi-kraapimispuu24.jpg","contentUrl":"https:\/\/miumjau.ee\/wp-content\/uploads\/2023\/09\/dome80-kassi-kraapimispuu24.jpg","width":600,"height":800},{"@type":"BreadcrumbList","@id":"https:\/\/miumjau.ee\/fi\/tuote\/petrebels-raapimistuubi-dome-80-cappuccino\/#breadcrumb","itemListElement":[{"@type":"ListItem","position":1,"name":"Home","item":"https:\/\/miumjau.ee\/fi\/"},{"@type":"ListItem","position":2,"name":"Kauppa","item":"https:\/\/miumjau.ee\/fi\/kauppa\/"},{"@type":"ListItem","position":3,"name":"Raapimistuubi Petrebels Dome 80, cappuccino"}]},{"@type":"WebSite","@id":"https:\/\/miumjau.ee\/#website","url":"https:\/\/miumjau.ee\/","name":"MiuMjau","description":"Kraapimispuud kassidele","publisher":{"@id":"https:\/\/miumjau.ee\/#organization"},"potentialAction":[{"@type":"SearchAction","target":{"@type":"EntryPoint","urlTemplate":"https:\/\/miumjau.ee\/?s={search_term_string}"},"query-input":{"@type":"PropertyValueSpecification","valueRequired":true,"valueName":"search_term_string"}}],"inLanguage":"fi"},{"@type":"Organization","@id":"https:\/\/miumjau.ee\/#organization","name":"MiuMjau O\u00dc","url":"https:\/\/miumjau.ee\/","logo":{"@type":"ImageObject","inLanguage":"fi","@id":"https:\/\/miumjau.ee\/#\/schema\/logo\/image\/","url":"https:\/\/miumjau.ee\/wp-content\/uploads\/2022\/04\/MiuMjau-logo-kollane.png","contentUrl":"https:\/\/miumjau.ee\/wp-content\/uploads\/2022\/04\/MiuMjau-logo-kollane.png","width":219,"height":100,"caption":"MiuMjau O\u00dc"},"image":{"@id":"https:\/\/miumjau.ee\/#\/schema\/logo\/image\/"},"sameAs":["https:\/\/www.facebook.com\/miumjaupood\/"]}]}},"_links":{"self":[{"href":"https:\/\/miumjau.ee\/fi\/wp-json\/wp\/v2\/product\/14090","targetHints":{"allow":["GET"]}}],"collection":[{"href":"https:\/\/miumjau.ee\/fi\/wp-json\/wp\/v2\/product"}],"about":[{"href":"https:\/\/miumjau.ee\/fi\/wp-json\/wp\/v2\/types\/product"}],"wp:featuredmedia":[{"embeddable":true,"href":"https:\/\/miumjau.ee\/fi\/wp-json\/wp\/v2\/media\/14100"}],"wp:attachment":[{"href":"https:\/\/miumjau.ee\/fi\/wp-json\/wp\/v2\/media?parent=14090"}],"wp:term":[{"taxonomy":"product_brand","embeddable":true,"href":"https:\/\/miumjau.ee\/fi\/wp-json\/wp\/v2\/product_brand?post=14090"},{"taxonomy":"product_cat","embeddable":true,"href":"https:\/\/miumjau.ee\/fi\/wp-json\/wp\/v2\/product_cat?post=14090"},{"taxonomy":"product_tag","embeddable":true,"href":"https:\/\/miumjau.ee\/fi\/wp-json\/wp\/v2\/product_tag?post=14090"}],"curies":[{"name":"wp","href":"https:\/\/api.w.org\/{rel}","templated":true}]}}