{"id":14080,"date":"2023-09-29T10:40:57","date_gmt":"2023-09-29T07:40:57","guid":{"rendered":"https:\/\/miumjau.ee\/toode\/petrebels-raapimistuubi-dome-110-antrasiitti\/"},"modified":"2026-01-07T23:00:15","modified_gmt":"2026-01-07T21:00:15","slug":"petrebels-raapimistuubi-dome-110-antrasiitti","status":"publish","type":"product","link":"https:\/\/miumjau.ee\/fi\/tuote\/petrebels-raapimistuubi-dome-110-antrasiitti\/","title":{"rendered":"Raapimistuubi Petrebels Dome 110, antrasiitti"},"content":{"rendered":"","protected":false},"excerpt":{"rendered":"<div class=\"flex flex-grow flex-col max-w-full\">\n<div class=\"min-h-[20px] text-message flex w-full flex-col items-end gap-2 whitespace-pre-wrap break-words [.text-message+&amp;]:mt-5 overflow-x-auto\" dir=\"auto\" data-message-author-role=\"assistant\" data-message-id=\"1567db99-2056-4df8-8441-789eb54811ed\">\n<div class=\"flex w-full flex-col gap-1 empty:hidden first:pt-[3px]\">\n<div class=\"markdown prose w-full break-words dark:prose-invert light\">\n<p>Raapimistuubi Dome 110 on Dome 80 suurempi versio, eli kolmikerroksinen tuubi. Se on korkea ja vakaa \u2013 lis\u00e4ksi se on kokonaan peitetty raapimismatolla ja siin\u00e4 on l\u00e4pi kulkevat kerrokset. Leikkis\u00e4t kissat rakastavat temmelt\u00e4\u00e4 sill\u00e4! Monikerroksinen tuubi on parempi, kun kotona on useampi kissa tai haluat hemmotella yht\u00e4 kissaasi erityisesti. Sopii kaikille kissoille.<\/p>\n<p>Tuotteen mitat: 45 x 45 x 110 cm<br \/>\nPaino ilman pakkausta 14,4 kg ja pakkauksen kanssa 16 kg.<\/p>\n<\/div>\n<\/div>\n<\/div>\n<\/div>\n","protected":false},"featured_media":14081,"template":"","meta":[],"product_brand":[],"product_cat":[139,117],"product_tag":[],"class_list":{"0":"post-14080","1":"product","2":"type-product","3":"status-publish","4":"has-post-thumbnail","6":"product_cat-kaup24-fi","7":"product_cat-raapimistornit-petrebels","8":"product_shipping_class-pakiautomaati-sobimatu-fi","10":"first","11":"instock","12":"taxable","13":"shipping-taxable","14":"purchasable","15":"product-type-simple"},"yoast_head":"<!-- This site is optimized with the Yoast SEO plugin v27.4 - https:\/\/yoast.com\/product\/yoast-seo-wordpress\/ -->\n<title>Raapimistuubi Petrebels Dome 110, antrasiitti - MiuMjau<\/title>\n<meta name=\"description\" content=\"Petrebelsin raapimispuu Dome 110 on korkealaatuinen ja sopii kaikille kissoille. Kissasi odottavat loputtomasti kiipeily- ja raapimismahdollisuuksia!\" \/>\n<meta name=\"robots\" content=\"index, follow, max-snippet:-1, max-image-preview:large, max-video-preview:-1\" \/>\n<link rel=\"canonical\" href=\"https:\/\/miumjau.ee\/fi\/tuote\/petrebels-raapimistuubi-dome-110-antrasiitti\/\" \/>\n<meta property=\"og:locale\" content=\"fi_FI\" \/>\n<meta property=\"og:type\" content=\"article\" \/>\n<meta property=\"og:title\" content=\"Raapimistuubi Petrebels Dome 110, antrasiitti - MiuMjau\" \/>\n<meta property=\"og:description\" content=\"Petrebelsin raapimispuu Dome 110 on korkealaatuinen ja sopii kaikille kissoille. Kissasi odottavat loputtomasti kiipeily- ja raapimismahdollisuuksia!\" \/>\n<meta property=\"og:url\" content=\"https:\/\/miumjau.ee\/fi\/tuote\/petrebels-raapimistuubi-dome-110-antrasiitti\/\" \/>\n<meta property=\"og:site_name\" content=\"MiuMjau\" \/>\n<meta property=\"article:publisher\" content=\"https:\/\/www.facebook.com\/miumjaupood\/\" \/>\n<meta property=\"article:modified_time\" content=\"2026-01-07T21:00:15+00:00\" \/>\n<meta property=\"og:image\" content=\"https:\/\/miumjau.ee\/wp-content\/uploads\/2023\/09\/dome-110-antratsiit-kassi-kraapimispuu-1.jpg\" \/>\n\t<meta property=\"og:image:width\" content=\"600\" \/>\n\t<meta property=\"og:image:height\" content=\"800\" \/>\n\t<meta property=\"og:image:type\" content=\"image\/jpeg\" \/>\n<meta name=\"twitter:card\" content=\"summary_large_image\" \/>\n<meta name=\"twitter:label1\" content=\"Arvioitu lukuaika\" \/>\n\t<meta name=\"twitter:data1\" content=\"1 minuutti\" \/>\n<script type=\"application\/ld+json\" class=\"yoast-schema-graph\">{\"@context\":\"https:\\\/\\\/schema.org\",\"@graph\":[{\"@type\":\"WebPage\",\"@id\":\"https:\\\/\\\/miumjau.ee\\\/fi\\\/tuote\\\/petrebels-raapimistuubi-dome-110-antrasiitti\\\/\",\"url\":\"https:\\\/\\\/miumjau.ee\\\/fi\\\/tuote\\\/petrebels-raapimistuubi-dome-110-antrasiitti\\\/\",\"name\":\"Raapimistuubi Petrebels Dome 110, antrasiitti - MiuMjau\",\"isPartOf\":{\"@id\":\"https:\\\/\\\/miumjau.ee\\\/#website\"},\"primaryImageOfPage\":{\"@id\":\"https:\\\/\\\/miumjau.ee\\\/fi\\\/tuote\\\/petrebels-raapimistuubi-dome-110-antrasiitti\\\/#primaryimage\"},\"image\":{\"@id\":\"https:\\\/\\\/miumjau.ee\\\/fi\\\/tuote\\\/petrebels-raapimistuubi-dome-110-antrasiitti\\\/#primaryimage\"},\"thumbnailUrl\":\"https:\\\/\\\/miumjau.ee\\\/wp-content\\\/uploads\\\/2023\\\/09\\\/dome-110-antratsiit-kassi-kraapimispuu-1.jpg\",\"datePublished\":\"2023-09-29T07:40:57+00:00\",\"dateModified\":\"2026-01-07T21:00:15+00:00\",\"description\":\"Petrebelsin raapimispuu Dome 110 on korkealaatuinen ja sopii kaikille kissoille. Kissasi odottavat loputtomasti kiipeily- ja raapimismahdollisuuksia!\",\"breadcrumb\":{\"@id\":\"https:\\\/\\\/miumjau.ee\\\/fi\\\/tuote\\\/petrebels-raapimistuubi-dome-110-antrasiitti\\\/#breadcrumb\"},\"inLanguage\":\"fi\",\"potentialAction\":[{\"@type\":\"ReadAction\",\"target\":[\"https:\\\/\\\/miumjau.ee\\\/fi\\\/tuote\\\/petrebels-raapimistuubi-dome-110-antrasiitti\\\/\"]}]},{\"@type\":\"ImageObject\",\"inLanguage\":\"fi\",\"@id\":\"https:\\\/\\\/miumjau.ee\\\/fi\\\/tuote\\\/petrebels-raapimistuubi-dome-110-antrasiitti\\\/#primaryimage\",\"url\":\"https:\\\/\\\/miumjau.ee\\\/wp-content\\\/uploads\\\/2023\\\/09\\\/dome-110-antratsiit-kassi-kraapimispuu-1.jpg\",\"contentUrl\":\"https:\\\/\\\/miumjau.ee\\\/wp-content\\\/uploads\\\/2023\\\/09\\\/dome-110-antratsiit-kassi-kraapimispuu-1.jpg\",\"width\":600,\"height\":800,\"caption\":\"Dome 110 kassi kraapimispuu petrebels\"},{\"@type\":\"BreadcrumbList\",\"@id\":\"https:\\\/\\\/miumjau.ee\\\/fi\\\/tuote\\\/petrebels-raapimistuubi-dome-110-antrasiitti\\\/#breadcrumb\",\"itemListElement\":[{\"@type\":\"ListItem\",\"position\":1,\"name\":\"Home\",\"item\":\"https:\\\/\\\/miumjau.ee\\\/fi\\\/\"},{\"@type\":\"ListItem\",\"position\":2,\"name\":\"Kauppa\",\"item\":\"https:\\\/\\\/miumjau.ee\\\/fi\\\/kauppa\\\/\"},{\"@type\":\"ListItem\",\"position\":3,\"name\":\"Raapimistuubi Petrebels Dome 110, antrasiitti\"}]},{\"@type\":\"WebSite\",\"@id\":\"https:\\\/\\\/miumjau.ee\\\/#website\",\"url\":\"https:\\\/\\\/miumjau.ee\\\/\",\"name\":\"MiuMjau\",\"description\":\"Kraapimispuud kassidele\",\"publisher\":{\"@id\":\"https:\\\/\\\/miumjau.ee\\\/#organization\"},\"potentialAction\":[{\"@type\":\"SearchAction\",\"target\":{\"@type\":\"EntryPoint\",\"urlTemplate\":\"https:\\\/\\\/miumjau.ee\\\/?s={search_term_string}\"},\"query-input\":{\"@type\":\"PropertyValueSpecification\",\"valueRequired\":true,\"valueName\":\"search_term_string\"}}],\"inLanguage\":\"fi\"},{\"@type\":\"Organization\",\"@id\":\"https:\\\/\\\/miumjau.ee\\\/#organization\",\"name\":\"MiuMjau O\u00dc\",\"url\":\"https:\\\/\\\/miumjau.ee\\\/\",\"logo\":{\"@type\":\"ImageObject\",\"inLanguage\":\"fi\",\"@id\":\"https:\\\/\\\/miumjau.ee\\\/#\\\/schema\\\/logo\\\/image\\\/\",\"url\":\"https:\\\/\\\/miumjau.ee\\\/wp-content\\\/uploads\\\/2022\\\/04\\\/MiuMjau-logo-kollane.png\",\"contentUrl\":\"https:\\\/\\\/miumjau.ee\\\/wp-content\\\/uploads\\\/2022\\\/04\\\/MiuMjau-logo-kollane.png\",\"width\":219,\"height\":100,\"caption\":\"MiuMjau O\u00dc\"},\"image\":{\"@id\":\"https:\\\/\\\/miumjau.ee\\\/#\\\/schema\\\/logo\\\/image\\\/\"},\"sameAs\":[\"https:\\\/\\\/www.facebook.com\\\/miumjaupood\\\/\"]}]}<\/script>\n<!-- \/ Yoast SEO plugin. -->","yoast_head_json":{"title":"Raapimistuubi Petrebels Dome 110, antrasiitti - MiuMjau","description":"Petrebelsin raapimispuu Dome 110 on korkealaatuinen ja sopii kaikille kissoille. Kissasi odottavat loputtomasti kiipeily- ja raapimismahdollisuuksia!","robots":{"index":"index","follow":"follow","max-snippet":"max-snippet:-1","max-image-preview":"max-image-preview:large","max-video-preview":"max-video-preview:-1"},"canonical":"https:\/\/miumjau.ee\/fi\/tuote\/petrebels-raapimistuubi-dome-110-antrasiitti\/","og_locale":"fi_FI","og_type":"article","og_title":"Raapimistuubi Petrebels Dome 110, antrasiitti - MiuMjau","og_description":"Petrebelsin raapimispuu Dome 110 on korkealaatuinen ja sopii kaikille kissoille. Kissasi odottavat loputtomasti kiipeily- ja raapimismahdollisuuksia!","og_url":"https:\/\/miumjau.ee\/fi\/tuote\/petrebels-raapimistuubi-dome-110-antrasiitti\/","og_site_name":"MiuMjau","article_publisher":"https:\/\/www.facebook.com\/miumjaupood\/","article_modified_time":"2026-01-07T21:00:15+00:00","og_image":[{"width":600,"height":800,"url":"https:\/\/miumjau.ee\/wp-content\/uploads\/2023\/09\/dome-110-antratsiit-kassi-kraapimispuu-1.jpg","type":"image\/jpeg"}],"twitter_card":"summary_large_image","twitter_misc":{"Arvioitu lukuaika":"1 minuutti"},"schema":{"@context":"https:\/\/schema.org","@graph":[{"@type":"WebPage","@id":"https:\/\/miumjau.ee\/fi\/tuote\/petrebels-raapimistuubi-dome-110-antrasiitti\/","url":"https:\/\/miumjau.ee\/fi\/tuote\/petrebels-raapimistuubi-dome-110-antrasiitti\/","name":"Raapimistuubi Petrebels Dome 110, antrasiitti - MiuMjau","isPartOf":{"@id":"https:\/\/miumjau.ee\/#website"},"primaryImageOfPage":{"@id":"https:\/\/miumjau.ee\/fi\/tuote\/petrebels-raapimistuubi-dome-110-antrasiitti\/#primaryimage"},"image":{"@id":"https:\/\/miumjau.ee\/fi\/tuote\/petrebels-raapimistuubi-dome-110-antrasiitti\/#primaryimage"},"thumbnailUrl":"https:\/\/miumjau.ee\/wp-content\/uploads\/2023\/09\/dome-110-antratsiit-kassi-kraapimispuu-1.jpg","datePublished":"2023-09-29T07:40:57+00:00","dateModified":"2026-01-07T21:00:15+00:00","description":"Petrebelsin raapimispuu Dome 110 on korkealaatuinen ja sopii kaikille kissoille. Kissasi odottavat loputtomasti kiipeily- ja raapimismahdollisuuksia!","breadcrumb":{"@id":"https:\/\/miumjau.ee\/fi\/tuote\/petrebels-raapimistuubi-dome-110-antrasiitti\/#breadcrumb"},"inLanguage":"fi","potentialAction":[{"@type":"ReadAction","target":["https:\/\/miumjau.ee\/fi\/tuote\/petrebels-raapimistuubi-dome-110-antrasiitti\/"]}]},{"@type":"ImageObject","inLanguage":"fi","@id":"https:\/\/miumjau.ee\/fi\/tuote\/petrebels-raapimistuubi-dome-110-antrasiitti\/#primaryimage","url":"https:\/\/miumjau.ee\/wp-content\/uploads\/2023\/09\/dome-110-antratsiit-kassi-kraapimispuu-1.jpg","contentUrl":"https:\/\/miumjau.ee\/wp-content\/uploads\/2023\/09\/dome-110-antratsiit-kassi-kraapimispuu-1.jpg","width":600,"height":800,"caption":"Dome 110 kassi kraapimispuu petrebels"},{"@type":"BreadcrumbList","@id":"https:\/\/miumjau.ee\/fi\/tuote\/petrebels-raapimistuubi-dome-110-antrasiitti\/#breadcrumb","itemListElement":[{"@type":"ListItem","position":1,"name":"Home","item":"https:\/\/miumjau.ee\/fi\/"},{"@type":"ListItem","position":2,"name":"Kauppa","item":"https:\/\/miumjau.ee\/fi\/kauppa\/"},{"@type":"ListItem","position":3,"name":"Raapimistuubi Petrebels Dome 110, antrasiitti"}]},{"@type":"WebSite","@id":"https:\/\/miumjau.ee\/#website","url":"https:\/\/miumjau.ee\/","name":"MiuMjau","description":"Kraapimispuud kassidele","publisher":{"@id":"https:\/\/miumjau.ee\/#organization"},"potentialAction":[{"@type":"SearchAction","target":{"@type":"EntryPoint","urlTemplate":"https:\/\/miumjau.ee\/?s={search_term_string}"},"query-input":{"@type":"PropertyValueSpecification","valueRequired":true,"valueName":"search_term_string"}}],"inLanguage":"fi"},{"@type":"Organization","@id":"https:\/\/miumjau.ee\/#organization","name":"MiuMjau O\u00dc","url":"https:\/\/miumjau.ee\/","logo":{"@type":"ImageObject","inLanguage":"fi","@id":"https:\/\/miumjau.ee\/#\/schema\/logo\/image\/","url":"https:\/\/miumjau.ee\/wp-content\/uploads\/2022\/04\/MiuMjau-logo-kollane.png","contentUrl":"https:\/\/miumjau.ee\/wp-content\/uploads\/2022\/04\/MiuMjau-logo-kollane.png","width":219,"height":100,"caption":"MiuMjau O\u00dc"},"image":{"@id":"https:\/\/miumjau.ee\/#\/schema\/logo\/image\/"},"sameAs":["https:\/\/www.facebook.com\/miumjaupood\/"]}]}},"_links":{"self":[{"href":"https:\/\/miumjau.ee\/fi\/wp-json\/wp\/v2\/product\/14080","targetHints":{"allow":["GET"]}}],"collection":[{"href":"https:\/\/miumjau.ee\/fi\/wp-json\/wp\/v2\/product"}],"about":[{"href":"https:\/\/miumjau.ee\/fi\/wp-json\/wp\/v2\/types\/product"}],"wp:featuredmedia":[{"embeddable":true,"href":"https:\/\/miumjau.ee\/fi\/wp-json\/wp\/v2\/media\/14081"}],"wp:attachment":[{"href":"https:\/\/miumjau.ee\/fi\/wp-json\/wp\/v2\/media?parent=14080"}],"wp:term":[{"taxonomy":"product_brand","embeddable":true,"href":"https:\/\/miumjau.ee\/fi\/wp-json\/wp\/v2\/product_brand?post=14080"},{"taxonomy":"product_cat","embeddable":true,"href":"https:\/\/miumjau.ee\/fi\/wp-json\/wp\/v2\/product_cat?post=14080"},{"taxonomy":"product_tag","embeddable":true,"href":"https:\/\/miumjau.ee\/fi\/wp-json\/wp\/v2\/product_tag?post=14080"}],"curies":[{"name":"wp","href":"https:\/\/api.w.org\/{rel}","templated":true}]}}