{"id":14053,"date":"2023-09-29T11:52:26","date_gmt":"2023-09-29T08:52:26","guid":{"rendered":"https:\/\/miumjau.ee\/toode\/petrebels-raapimistuubi-superdome-120-cappuccino\/"},"modified":"2026-01-07T23:00:15","modified_gmt":"2026-01-07T21:00:15","slug":"petrebels-raapimistuubi-superdome-120-cappuccino","status":"publish","type":"product","link":"https:\/\/miumjau.ee\/fi\/tuote\/petrebels-raapimistuubi-superdome-120-cappuccino\/","title":{"rendered":"Raapimistuubi Petrebels Superdome 120, cappuccino"},"content":{"rendered":"","protected":false},"excerpt":{"rendered":"<p>Raapimistuubi on peitetty erityisen kest\u00e4v\u00e4ll\u00e4 sisal-matolla ja siin\u00e4 on ekstra leve\u00e4 halkaisija. Sis\u00e4\u00e4nk\u00e4ynnit ovat my\u00f6s leve\u00e4mpi\u00e4, jotta jokainen kissa p\u00e4\u00e4see helposti omaan pehme\u00e4\u00e4n nukkumapaikkaansa, niin pienet kuin vanhemmat kissatkin. Ylellinen leikkiv\u00f6ysi tarjoaa viel\u00e4 enemm\u00e4n hauskuutta teid\u00e4n vilkkaille kissoillenne. Miksi nimi Superdome? Koska se on yksi vakain raapimistuubeista, joita voi l\u00f6yt\u00e4\u00e4. My\u00f6s mukana tulevat kaksi patjaa ovat konepest\u00e4vi\u00e4. Tuotteen muotoilu on moderni ja tyylik\u00e4s.<\/p>\n<p>Raapimistuubi on tarkoitettu k\u00e4ytett\u00e4v\u00e4ksi kaikenkokoisille ja -painoisille kissoille. Sopii my\u00f6s urospuolisille Maine Coon -kissoille.<\/p>\n<p>Tuote on pakattu yhdess\u00e4 laatikossa, jonka paino on 23,5 kg. Tuotteen paino ilman pakkausta on 22,3 kg. Mitat \u2013 halkaisija 49 cm ja korkeus 118 cm.<\/p>\n","protected":false},"featured_media":14054,"template":"","meta":[],"product_brand":[],"product_cat":[117,139],"product_tag":[],"class_list":{"0":"post-14053","1":"product","2":"type-product","3":"status-publish","4":"has-post-thumbnail","6":"product_cat-raapimistornit-petrebels","7":"product_cat-kaup24-fi","8":"product_shipping_class-pakiautomaati-sobimatu-fi","10":"first","11":"instock","12":"taxable","13":"shipping-taxable","14":"purchasable","15":"product-type-simple"},"yoast_head":"<!-- This site is optimized with the Yoast SEO plugin v27.2 - https:\/\/yoast.com\/product\/yoast-seo-wordpress\/ -->\n<title>Raapimistuubi Petrebels Superdome 120, cappuccino - MiuMjau<\/title>\n<meta name=\"description\" content=\"Luksusellinen kissan raapimispuu, joka on peitetty erityisen kest\u00e4v\u00e4ll\u00e4 sisal-matolla ja jossa on ekstra leve\u00e4 halkaisija. Sopii kaikenkokoisille ja -painoisille kissoille. Kest\u00e4v\u00e4 ja vakaa!\" \/>\n<meta name=\"robots\" content=\"index, follow, max-snippet:-1, max-image-preview:large, max-video-preview:-1\" \/>\n<link rel=\"canonical\" href=\"https:\/\/miumjau.ee\/fi\/tuote\/petrebels-raapimistuubi-superdome-120-cappuccino\/\" \/>\n<meta property=\"og:locale\" content=\"fi_FI\" \/>\n<meta property=\"og:type\" content=\"article\" \/>\n<meta property=\"og:title\" content=\"Raapimistuubi Petrebels Superdome 120, cappuccino - MiuMjau\" \/>\n<meta property=\"og:description\" content=\"Luksusellinen kissan raapimispuu, joka on peitetty erityisen kest\u00e4v\u00e4ll\u00e4 sisal-matolla ja jossa on ekstra leve\u00e4 halkaisija. Sopii kaikenkokoisille ja -painoisille kissoille. Kest\u00e4v\u00e4 ja vakaa!\" \/>\n<meta property=\"og:url\" content=\"https:\/\/miumjau.ee\/fi\/tuote\/petrebels-raapimistuubi-superdome-120-cappuccino\/\" \/>\n<meta property=\"og:site_name\" content=\"MiuMjau\" \/>\n<meta property=\"article:publisher\" content=\"https:\/\/www.facebook.com\/miumjaupood\/\" \/>\n<meta property=\"article:modified_time\" content=\"2026-01-07T21:00:15+00:00\" \/>\n<meta property=\"og:image\" content=\"https:\/\/miumjau.ee\/wp-content\/uploads\/2023\/09\/superdome-120-cappuccino-kassi-kraapimispuu-1.jpg\" \/>\n\t<meta property=\"og:image:width\" content=\"600\" \/>\n\t<meta property=\"og:image:height\" content=\"800\" \/>\n\t<meta property=\"og:image:type\" content=\"image\/jpeg\" \/>\n<meta name=\"twitter:card\" content=\"summary_large_image\" \/>\n<meta name=\"twitter:label1\" content=\"Arvioitu lukuaika\" \/>\n\t<meta name=\"twitter:data1\" content=\"1 minuutti\" \/>\n<script type=\"application\/ld+json\" class=\"yoast-schema-graph\">{\"@context\":\"https:\/\/schema.org\",\"@graph\":[{\"@type\":\"WebPage\",\"@id\":\"https:\/\/miumjau.ee\/fi\/tuote\/petrebels-raapimistuubi-superdome-120-cappuccino\/\",\"url\":\"https:\/\/miumjau.ee\/fi\/tuote\/petrebels-raapimistuubi-superdome-120-cappuccino\/\",\"name\":\"Raapimistuubi Petrebels Superdome 120, cappuccino - MiuMjau\",\"isPartOf\":{\"@id\":\"https:\/\/miumjau.ee\/#website\"},\"primaryImageOfPage\":{\"@id\":\"https:\/\/miumjau.ee\/fi\/tuote\/petrebels-raapimistuubi-superdome-120-cappuccino\/#primaryimage\"},\"image\":{\"@id\":\"https:\/\/miumjau.ee\/fi\/tuote\/petrebels-raapimistuubi-superdome-120-cappuccino\/#primaryimage\"},\"thumbnailUrl\":\"https:\/\/miumjau.ee\/wp-content\/uploads\/2023\/09\/superdome-120-cappuccino-kassi-kraapimispuu-1.jpg\",\"datePublished\":\"2023-09-29T08:52:26+00:00\",\"dateModified\":\"2026-01-07T21:00:15+00:00\",\"description\":\"Luksusellinen kissan raapimispuu, joka on peitetty erityisen kest\u00e4v\u00e4ll\u00e4 sisal-matolla ja jossa on ekstra leve\u00e4 halkaisija. Sopii kaikenkokoisille ja -painoisille kissoille. Kest\u00e4v\u00e4 ja vakaa!\",\"breadcrumb\":{\"@id\":\"https:\/\/miumjau.ee\/fi\/tuote\/petrebels-raapimistuubi-superdome-120-cappuccino\/#breadcrumb\"},\"inLanguage\":\"fi\",\"potentialAction\":[{\"@type\":\"ReadAction\",\"target\":[\"https:\/\/miumjau.ee\/fi\/tuote\/petrebels-raapimistuubi-superdome-120-cappuccino\/\"]}]},{\"@type\":\"ImageObject\",\"inLanguage\":\"fi\",\"@id\":\"https:\/\/miumjau.ee\/fi\/tuote\/petrebels-raapimistuubi-superdome-120-cappuccino\/#primaryimage\",\"url\":\"https:\/\/miumjau.ee\/wp-content\/uploads\/2023\/09\/superdome-120-cappuccino-kassi-kraapimispuu-1.jpg\",\"contentUrl\":\"https:\/\/miumjau.ee\/wp-content\/uploads\/2023\/09\/superdome-120-cappuccino-kassi-kraapimispuu-1.jpg\",\"width\":600,\"height\":800,\"caption\":\"Superdome 120 must kasside kraapimistuub\"},{\"@type\":\"BreadcrumbList\",\"@id\":\"https:\/\/miumjau.ee\/fi\/tuote\/petrebels-raapimistuubi-superdome-120-cappuccino\/#breadcrumb\",\"itemListElement\":[{\"@type\":\"ListItem\",\"position\":1,\"name\":\"Home\",\"item\":\"https:\/\/miumjau.ee\/fi\/\"},{\"@type\":\"ListItem\",\"position\":2,\"name\":\"Kauppa\",\"item\":\"https:\/\/miumjau.ee\/fi\/kauppa\/\"},{\"@type\":\"ListItem\",\"position\":3,\"name\":\"Raapimistuubi Petrebels Superdome 120, cappuccino\"}]},{\"@type\":\"WebSite\",\"@id\":\"https:\/\/miumjau.ee\/#website\",\"url\":\"https:\/\/miumjau.ee\/\",\"name\":\"MiuMjau\",\"description\":\"Kraapimispuud kassidele\",\"publisher\":{\"@id\":\"https:\/\/miumjau.ee\/#organization\"},\"potentialAction\":[{\"@type\":\"SearchAction\",\"target\":{\"@type\":\"EntryPoint\",\"urlTemplate\":\"https:\/\/miumjau.ee\/?s={search_term_string}\"},\"query-input\":{\"@type\":\"PropertyValueSpecification\",\"valueRequired\":true,\"valueName\":\"search_term_string\"}}],\"inLanguage\":\"fi\"},{\"@type\":\"Organization\",\"@id\":\"https:\/\/miumjau.ee\/#organization\",\"name\":\"MiuMjau O\u00dc\",\"url\":\"https:\/\/miumjau.ee\/\",\"logo\":{\"@type\":\"ImageObject\",\"inLanguage\":\"fi\",\"@id\":\"https:\/\/miumjau.ee\/#\/schema\/logo\/image\/\",\"url\":\"https:\/\/miumjau.ee\/wp-content\/uploads\/2022\/04\/MiuMjau-logo-kollane.png\",\"contentUrl\":\"https:\/\/miumjau.ee\/wp-content\/uploads\/2022\/04\/MiuMjau-logo-kollane.png\",\"width\":219,\"height\":100,\"caption\":\"MiuMjau O\u00dc\"},\"image\":{\"@id\":\"https:\/\/miumjau.ee\/#\/schema\/logo\/image\/\"},\"sameAs\":[\"https:\/\/www.facebook.com\/miumjaupood\/\"]}]}<\/script>\n<!-- \/ Yoast SEO plugin. -->","yoast_head_json":{"title":"Raapimistuubi Petrebels Superdome 120, cappuccino - MiuMjau","description":"Luksusellinen kissan raapimispuu, joka on peitetty erityisen kest\u00e4v\u00e4ll\u00e4 sisal-matolla ja jossa on ekstra leve\u00e4 halkaisija. Sopii kaikenkokoisille ja -painoisille kissoille. Kest\u00e4v\u00e4 ja vakaa!","robots":{"index":"index","follow":"follow","max-snippet":"max-snippet:-1","max-image-preview":"max-image-preview:large","max-video-preview":"max-video-preview:-1"},"canonical":"https:\/\/miumjau.ee\/fi\/tuote\/petrebels-raapimistuubi-superdome-120-cappuccino\/","og_locale":"fi_FI","og_type":"article","og_title":"Raapimistuubi Petrebels Superdome 120, cappuccino - MiuMjau","og_description":"Luksusellinen kissan raapimispuu, joka on peitetty erityisen kest\u00e4v\u00e4ll\u00e4 sisal-matolla ja jossa on ekstra leve\u00e4 halkaisija. Sopii kaikenkokoisille ja -painoisille kissoille. Kest\u00e4v\u00e4 ja vakaa!","og_url":"https:\/\/miumjau.ee\/fi\/tuote\/petrebels-raapimistuubi-superdome-120-cappuccino\/","og_site_name":"MiuMjau","article_publisher":"https:\/\/www.facebook.com\/miumjaupood\/","article_modified_time":"2026-01-07T21:00:15+00:00","og_image":[{"width":600,"height":800,"url":"https:\/\/miumjau.ee\/wp-content\/uploads\/2023\/09\/superdome-120-cappuccino-kassi-kraapimispuu-1.jpg","type":"image\/jpeg"}],"twitter_card":"summary_large_image","twitter_misc":{"Arvioitu lukuaika":"1 minuutti"},"schema":{"@context":"https:\/\/schema.org","@graph":[{"@type":"WebPage","@id":"https:\/\/miumjau.ee\/fi\/tuote\/petrebels-raapimistuubi-superdome-120-cappuccino\/","url":"https:\/\/miumjau.ee\/fi\/tuote\/petrebels-raapimistuubi-superdome-120-cappuccino\/","name":"Raapimistuubi Petrebels Superdome 120, cappuccino - MiuMjau","isPartOf":{"@id":"https:\/\/miumjau.ee\/#website"},"primaryImageOfPage":{"@id":"https:\/\/miumjau.ee\/fi\/tuote\/petrebels-raapimistuubi-superdome-120-cappuccino\/#primaryimage"},"image":{"@id":"https:\/\/miumjau.ee\/fi\/tuote\/petrebels-raapimistuubi-superdome-120-cappuccino\/#primaryimage"},"thumbnailUrl":"https:\/\/miumjau.ee\/wp-content\/uploads\/2023\/09\/superdome-120-cappuccino-kassi-kraapimispuu-1.jpg","datePublished":"2023-09-29T08:52:26+00:00","dateModified":"2026-01-07T21:00:15+00:00","description":"Luksusellinen kissan raapimispuu, joka on peitetty erityisen kest\u00e4v\u00e4ll\u00e4 sisal-matolla ja jossa on ekstra leve\u00e4 halkaisija. Sopii kaikenkokoisille ja -painoisille kissoille. Kest\u00e4v\u00e4 ja vakaa!","breadcrumb":{"@id":"https:\/\/miumjau.ee\/fi\/tuote\/petrebels-raapimistuubi-superdome-120-cappuccino\/#breadcrumb"},"inLanguage":"fi","potentialAction":[{"@type":"ReadAction","target":["https:\/\/miumjau.ee\/fi\/tuote\/petrebels-raapimistuubi-superdome-120-cappuccino\/"]}]},{"@type":"ImageObject","inLanguage":"fi","@id":"https:\/\/miumjau.ee\/fi\/tuote\/petrebels-raapimistuubi-superdome-120-cappuccino\/#primaryimage","url":"https:\/\/miumjau.ee\/wp-content\/uploads\/2023\/09\/superdome-120-cappuccino-kassi-kraapimispuu-1.jpg","contentUrl":"https:\/\/miumjau.ee\/wp-content\/uploads\/2023\/09\/superdome-120-cappuccino-kassi-kraapimispuu-1.jpg","width":600,"height":800,"caption":"Superdome 120 must kasside kraapimistuub"},{"@type":"BreadcrumbList","@id":"https:\/\/miumjau.ee\/fi\/tuote\/petrebels-raapimistuubi-superdome-120-cappuccino\/#breadcrumb","itemListElement":[{"@type":"ListItem","position":1,"name":"Home","item":"https:\/\/miumjau.ee\/fi\/"},{"@type":"ListItem","position":2,"name":"Kauppa","item":"https:\/\/miumjau.ee\/fi\/kauppa\/"},{"@type":"ListItem","position":3,"name":"Raapimistuubi Petrebels Superdome 120, cappuccino"}]},{"@type":"WebSite","@id":"https:\/\/miumjau.ee\/#website","url":"https:\/\/miumjau.ee\/","name":"MiuMjau","description":"Kraapimispuud kassidele","publisher":{"@id":"https:\/\/miumjau.ee\/#organization"},"potentialAction":[{"@type":"SearchAction","target":{"@type":"EntryPoint","urlTemplate":"https:\/\/miumjau.ee\/?s={search_term_string}"},"query-input":{"@type":"PropertyValueSpecification","valueRequired":true,"valueName":"search_term_string"}}],"inLanguage":"fi"},{"@type":"Organization","@id":"https:\/\/miumjau.ee\/#organization","name":"MiuMjau O\u00dc","url":"https:\/\/miumjau.ee\/","logo":{"@type":"ImageObject","inLanguage":"fi","@id":"https:\/\/miumjau.ee\/#\/schema\/logo\/image\/","url":"https:\/\/miumjau.ee\/wp-content\/uploads\/2022\/04\/MiuMjau-logo-kollane.png","contentUrl":"https:\/\/miumjau.ee\/wp-content\/uploads\/2022\/04\/MiuMjau-logo-kollane.png","width":219,"height":100,"caption":"MiuMjau O\u00dc"},"image":{"@id":"https:\/\/miumjau.ee\/#\/schema\/logo\/image\/"},"sameAs":["https:\/\/www.facebook.com\/miumjaupood\/"]}]}},"_links":{"self":[{"href":"https:\/\/miumjau.ee\/fi\/wp-json\/wp\/v2\/product\/14053","targetHints":{"allow":["GET"]}}],"collection":[{"href":"https:\/\/miumjau.ee\/fi\/wp-json\/wp\/v2\/product"}],"about":[{"href":"https:\/\/miumjau.ee\/fi\/wp-json\/wp\/v2\/types\/product"}],"wp:featuredmedia":[{"embeddable":true,"href":"https:\/\/miumjau.ee\/fi\/wp-json\/wp\/v2\/media\/14054"}],"wp:attachment":[{"href":"https:\/\/miumjau.ee\/fi\/wp-json\/wp\/v2\/media?parent=14053"}],"wp:term":[{"taxonomy":"product_brand","embeddable":true,"href":"https:\/\/miumjau.ee\/fi\/wp-json\/wp\/v2\/product_brand?post=14053"},{"taxonomy":"product_cat","embeddable":true,"href":"https:\/\/miumjau.ee\/fi\/wp-json\/wp\/v2\/product_cat?post=14053"},{"taxonomy":"product_tag","embeddable":true,"href":"https:\/\/miumjau.ee\/fi\/wp-json\/wp\/v2\/product_tag?post=14053"}],"curies":[{"name":"wp","href":"https:\/\/api.w.org\/{rel}","templated":true}]}}