{"id":12730,"date":"2023-09-29T12:19:45","date_gmt":"2023-09-29T09:19:45","guid":{"rendered":"https:\/\/miumjau.ee\/toode\/raapimispuu-petrebels-charlotte-134-grey\/"},"modified":"2026-01-07T23:00:22","modified_gmt":"2026-01-07T21:00:22","slug":"raapimispuu-petrebels-charlotte-134-grey","status":"publish","type":"product","link":"https:\/\/miumjau.ee\/fi\/tuote\/raapimispuu-petrebels-charlotte-134-grey\/","title":{"rendered":"Raapimispuu Petrebels Charlotte 134, harmaa"},"content":{"rendered":"","protected":false},"excerpt":{"rendered":"<p>Mallin Charlotte suunnittelussa on ajateltu erityisesti kompaktisuutta, jotta kunnon raapimispuun voivat hankkia my\u00f6s ne, joilla ei ole liikaa vapaata lattiapinta-alaa. Siit\u00e4 huolimatta siin\u00e4 on kaikki, mit\u00e4 kissa tarvitsee raapimispuusta. Kaikki 9 cm paksut tolpat on kokonaan p\u00e4\u00e4llystetty laadukkaalla raapimissisalilla, kiipeilyyn on useita eri korkeudella olevia tasoja, rauhallista torkkua varten on suljettu maja ja rentoutumiseen ulkoneva peti. Mik\u00e4 t\u00e4rkeint\u00e4, ylh\u00e4\u00e4ll\u00e4 oleva n\u00e4k\u00f6alatasanne antaa kissalle mahdollisuuden tarkkailla kaikkea ymp\u00e4rill\u00e4\u00e4n tapahtuvaa. Raapimispuussa on vahvistettu pohja, joka tekee siit\u00e4 vakaan ja tukevan. Sopii my\u00f6s isommille ja raskaammille kissoille.<\/p>\n<p>Tuotteen paino on 23,1 kg ja pakkauksen kanssa 25,1 kg.<br \/>\nRaapimispuun mitat: 59x56x134 cm (pituus, leveys, korkeus)<br \/>\nTolppien halkaisija 9 cm.<br \/>\nMajan mitat 40&#215;40 cm ja korkeus 30 cm.<\/p>\n<p>Ilahduta kissaasi!<br \/>\nTuote on heti saatavilla!<\/p>\n","protected":false},"featured_media":12719,"template":"","meta":[],"product_brand":[],"product_cat":[115,139],"product_tag":[],"class_list":{"0":"post-12730","1":"product","2":"type-product","3":"status-publish","4":"has-post-thumbnail","6":"product_cat-keskikokoiset-raapimispuut-petrebels","7":"product_cat-kaup24-fi","8":"product_shipping_class-pakiautomaati-sobimatu-fi","10":"first","11":"instock","12":"taxable","13":"shipping-taxable","14":"purchasable","15":"product-type-simple"},"yoast_head":"<!-- This site is optimized with the Yoast SEO plugin v27.2 - https:\/\/yoast.com\/product\/yoast-seo-wordpress\/ -->\n<title>Raapimispuu Petrebels Charlotte 134, harmaa - MiuMjau<\/title>\n<meta name=\"description\" content=\"Laadukas raapimispuu merkilt\u00e4 Petrebels, jotta kissasi voi tuntea olonsa onnelliseksi. Sopii l\u00e4hes kaikenkokoisille ja -painoisille kissoille.\" \/>\n<meta name=\"robots\" content=\"index, follow, max-snippet:-1, max-image-preview:large, max-video-preview:-1\" \/>\n<link rel=\"canonical\" href=\"https:\/\/miumjau.ee\/tuote\/charlotte134-hall\/\" \/>\n<meta property=\"og:locale\" content=\"fi_FI\" \/>\n<meta property=\"og:type\" content=\"article\" \/>\n<meta property=\"og:title\" content=\"Raapimispuu Petrebels Charlotte 134, harmaa - MiuMjau\" \/>\n<meta property=\"og:description\" content=\"Laadukas raapimispuu merkilt\u00e4 Petrebels, jotta kissasi voi tuntea olonsa onnelliseksi. Sopii l\u00e4hes kaikenkokoisille ja -painoisille kissoille.\" \/>\n<meta property=\"og:url\" content=\"https:\/\/miumjau.ee\/tuote\/charlotte134-hall\/\" \/>\n<meta property=\"og:site_name\" content=\"MiuMjau\" \/>\n<meta property=\"article:publisher\" content=\"https:\/\/www.facebook.com\/miumjaupood\/\" \/>\n<meta property=\"article:modified_time\" content=\"2026-01-07T21:00:22+00:00\" \/>\n<meta property=\"og:image\" content=\"https:\/\/miumjau.ee\/wp-content\/uploads\/2023\/09\/charlotte-134-hall-kassi-kraapimispuu-1.jpg\" \/>\n\t<meta property=\"og:image:width\" content=\"600\" \/>\n\t<meta property=\"og:image:height\" content=\"800\" \/>\n\t<meta property=\"og:image:type\" content=\"image\/jpeg\" \/>\n<meta name=\"twitter:card\" content=\"summary_large_image\" \/>\n<script type=\"application\/ld+json\" class=\"yoast-schema-graph\">{\"@context\":\"https:\/\/schema.org\",\"@graph\":[{\"@type\":\"WebPage\",\"@id\":\"https:\/\/miumjau.ee\/tuote\/charlotte134-hall\/\",\"url\":\"https:\/\/miumjau.ee\/tuote\/charlotte134-hall\/\",\"name\":\"Raapimispuu Petrebels Charlotte 134, harmaa - MiuMjau\",\"isPartOf\":{\"@id\":\"https:\/\/miumjau.ee\/#website\"},\"primaryImageOfPage\":{\"@id\":\"https:\/\/miumjau.ee\/tuote\/charlotte134-hall\/#primaryimage\"},\"image\":{\"@id\":\"https:\/\/miumjau.ee\/tuote\/charlotte134-hall\/#primaryimage\"},\"thumbnailUrl\":\"https:\/\/miumjau.ee\/wp-content\/uploads\/2023\/09\/charlotte-134-hall-kassi-kraapimispuu-1.jpg\",\"datePublished\":\"2023-09-29T09:19:45+00:00\",\"dateModified\":\"2026-01-07T21:00:22+00:00\",\"description\":\"Laadukas raapimispuu merkilt\u00e4 Petrebels, jotta kissasi voi tuntea olonsa onnelliseksi. Sopii l\u00e4hes kaikenkokoisille ja -painoisille kissoille.\",\"breadcrumb\":{\"@id\":\"https:\/\/miumjau.ee\/tuote\/charlotte134-hall\/#breadcrumb\"},\"inLanguage\":\"fi\",\"potentialAction\":[{\"@type\":\"ReadAction\",\"target\":[\"https:\/\/miumjau.ee\/tuote\/charlotte134-hall\/\"]}]},{\"@type\":\"ImageObject\",\"inLanguage\":\"fi\",\"@id\":\"https:\/\/miumjau.ee\/tuote\/charlotte134-hall\/#primaryimage\",\"url\":\"https:\/\/miumjau.ee\/wp-content\/uploads\/2023\/09\/charlotte-134-hall-kassi-kraapimispuu-1.jpg\",\"contentUrl\":\"https:\/\/miumjau.ee\/wp-content\/uploads\/2023\/09\/charlotte-134-hall-kassi-kraapimispuu-1.jpg\",\"width\":600,\"height\":800,\"caption\":\"Raapimispuu Charlotte 134 Petrebels\"},{\"@type\":\"BreadcrumbList\",\"@id\":\"https:\/\/miumjau.ee\/tuote\/charlotte134-hall\/#breadcrumb\",\"itemListElement\":[{\"@type\":\"ListItem\",\"position\":1,\"name\":\"Home\",\"item\":\"https:\/\/miumjau.ee\/fi\/\"},{\"@type\":\"ListItem\",\"position\":2,\"name\":\"Kauppa\",\"item\":\"https:\/\/miumjau.ee\/fi\/kauppa\/\"},{\"@type\":\"ListItem\",\"position\":3,\"name\":\"Raapimispuu Petrebels Charlotte 134, harmaa\"}]},{\"@type\":\"WebSite\",\"@id\":\"https:\/\/miumjau.ee\/#website\",\"url\":\"https:\/\/miumjau.ee\/\",\"name\":\"MiuMjau\",\"description\":\"Kraapimispuud kassidele\",\"publisher\":{\"@id\":\"https:\/\/miumjau.ee\/#organization\"},\"potentialAction\":[{\"@type\":\"SearchAction\",\"target\":{\"@type\":\"EntryPoint\",\"urlTemplate\":\"https:\/\/miumjau.ee\/?s={search_term_string}\"},\"query-input\":{\"@type\":\"PropertyValueSpecification\",\"valueRequired\":true,\"valueName\":\"search_term_string\"}}],\"inLanguage\":\"fi\"},{\"@type\":\"Organization\",\"@id\":\"https:\/\/miumjau.ee\/#organization\",\"name\":\"MiuMjau O\u00dc\",\"url\":\"https:\/\/miumjau.ee\/\",\"logo\":{\"@type\":\"ImageObject\",\"inLanguage\":\"fi\",\"@id\":\"https:\/\/miumjau.ee\/#\/schema\/logo\/image\/\",\"url\":\"https:\/\/miumjau.ee\/wp-content\/uploads\/2022\/04\/MiuMjau-logo-kollane.png\",\"contentUrl\":\"https:\/\/miumjau.ee\/wp-content\/uploads\/2022\/04\/MiuMjau-logo-kollane.png\",\"width\":219,\"height\":100,\"caption\":\"MiuMjau O\u00dc\"},\"image\":{\"@id\":\"https:\/\/miumjau.ee\/#\/schema\/logo\/image\/\"},\"sameAs\":[\"https:\/\/www.facebook.com\/miumjaupood\/\"]}]}<\/script>\n<!-- \/ Yoast SEO plugin. -->","yoast_head_json":{"title":"Raapimispuu Petrebels Charlotte 134, harmaa - MiuMjau","description":"Laadukas raapimispuu merkilt\u00e4 Petrebels, jotta kissasi voi tuntea olonsa onnelliseksi. Sopii l\u00e4hes kaikenkokoisille ja -painoisille kissoille.","robots":{"index":"index","follow":"follow","max-snippet":"max-snippet:-1","max-image-preview":"max-image-preview:large","max-video-preview":"max-video-preview:-1"},"canonical":"https:\/\/miumjau.ee\/tuote\/charlotte134-hall\/","og_locale":"fi_FI","og_type":"article","og_title":"Raapimispuu Petrebels Charlotte 134, harmaa - MiuMjau","og_description":"Laadukas raapimispuu merkilt\u00e4 Petrebels, jotta kissasi voi tuntea olonsa onnelliseksi. Sopii l\u00e4hes kaikenkokoisille ja -painoisille kissoille.","og_url":"https:\/\/miumjau.ee\/tuote\/charlotte134-hall\/","og_site_name":"MiuMjau","article_publisher":"https:\/\/www.facebook.com\/miumjaupood\/","article_modified_time":"2026-01-07T21:00:22+00:00","og_image":[{"width":600,"height":800,"url":"https:\/\/miumjau.ee\/wp-content\/uploads\/2023\/09\/charlotte-134-hall-kassi-kraapimispuu-1.jpg","type":"image\/jpeg"}],"twitter_card":"summary_large_image","schema":{"@context":"https:\/\/schema.org","@graph":[{"@type":"WebPage","@id":"https:\/\/miumjau.ee\/tuote\/charlotte134-hall\/","url":"https:\/\/miumjau.ee\/tuote\/charlotte134-hall\/","name":"Raapimispuu Petrebels Charlotte 134, harmaa - MiuMjau","isPartOf":{"@id":"https:\/\/miumjau.ee\/#website"},"primaryImageOfPage":{"@id":"https:\/\/miumjau.ee\/tuote\/charlotte134-hall\/#primaryimage"},"image":{"@id":"https:\/\/miumjau.ee\/tuote\/charlotte134-hall\/#primaryimage"},"thumbnailUrl":"https:\/\/miumjau.ee\/wp-content\/uploads\/2023\/09\/charlotte-134-hall-kassi-kraapimispuu-1.jpg","datePublished":"2023-09-29T09:19:45+00:00","dateModified":"2026-01-07T21:00:22+00:00","description":"Laadukas raapimispuu merkilt\u00e4 Petrebels, jotta kissasi voi tuntea olonsa onnelliseksi. Sopii l\u00e4hes kaikenkokoisille ja -painoisille kissoille.","breadcrumb":{"@id":"https:\/\/miumjau.ee\/tuote\/charlotte134-hall\/#breadcrumb"},"inLanguage":"fi","potentialAction":[{"@type":"ReadAction","target":["https:\/\/miumjau.ee\/tuote\/charlotte134-hall\/"]}]},{"@type":"ImageObject","inLanguage":"fi","@id":"https:\/\/miumjau.ee\/tuote\/charlotte134-hall\/#primaryimage","url":"https:\/\/miumjau.ee\/wp-content\/uploads\/2023\/09\/charlotte-134-hall-kassi-kraapimispuu-1.jpg","contentUrl":"https:\/\/miumjau.ee\/wp-content\/uploads\/2023\/09\/charlotte-134-hall-kassi-kraapimispuu-1.jpg","width":600,"height":800,"caption":"Raapimispuu Charlotte 134 Petrebels"},{"@type":"BreadcrumbList","@id":"https:\/\/miumjau.ee\/tuote\/charlotte134-hall\/#breadcrumb","itemListElement":[{"@type":"ListItem","position":1,"name":"Home","item":"https:\/\/miumjau.ee\/fi\/"},{"@type":"ListItem","position":2,"name":"Kauppa","item":"https:\/\/miumjau.ee\/fi\/kauppa\/"},{"@type":"ListItem","position":3,"name":"Raapimispuu Petrebels Charlotte 134, harmaa"}]},{"@type":"WebSite","@id":"https:\/\/miumjau.ee\/#website","url":"https:\/\/miumjau.ee\/","name":"MiuMjau","description":"Kraapimispuud kassidele","publisher":{"@id":"https:\/\/miumjau.ee\/#organization"},"potentialAction":[{"@type":"SearchAction","target":{"@type":"EntryPoint","urlTemplate":"https:\/\/miumjau.ee\/?s={search_term_string}"},"query-input":{"@type":"PropertyValueSpecification","valueRequired":true,"valueName":"search_term_string"}}],"inLanguage":"fi"},{"@type":"Organization","@id":"https:\/\/miumjau.ee\/#organization","name":"MiuMjau O\u00dc","url":"https:\/\/miumjau.ee\/","logo":{"@type":"ImageObject","inLanguage":"fi","@id":"https:\/\/miumjau.ee\/#\/schema\/logo\/image\/","url":"https:\/\/miumjau.ee\/wp-content\/uploads\/2022\/04\/MiuMjau-logo-kollane.png","contentUrl":"https:\/\/miumjau.ee\/wp-content\/uploads\/2022\/04\/MiuMjau-logo-kollane.png","width":219,"height":100,"caption":"MiuMjau O\u00dc"},"image":{"@id":"https:\/\/miumjau.ee\/#\/schema\/logo\/image\/"},"sameAs":["https:\/\/www.facebook.com\/miumjaupood\/"]}]}},"_links":{"self":[{"href":"https:\/\/miumjau.ee\/fi\/wp-json\/wp\/v2\/product\/12730","targetHints":{"allow":["GET"]}}],"collection":[{"href":"https:\/\/miumjau.ee\/fi\/wp-json\/wp\/v2\/product"}],"about":[{"href":"https:\/\/miumjau.ee\/fi\/wp-json\/wp\/v2\/types\/product"}],"wp:featuredmedia":[{"embeddable":true,"href":"https:\/\/miumjau.ee\/fi\/wp-json\/wp\/v2\/media\/12719"}],"wp:attachment":[{"href":"https:\/\/miumjau.ee\/fi\/wp-json\/wp\/v2\/media?parent=12730"}],"wp:term":[{"taxonomy":"product_brand","embeddable":true,"href":"https:\/\/miumjau.ee\/fi\/wp-json\/wp\/v2\/product_brand?post=12730"},{"taxonomy":"product_cat","embeddable":true,"href":"https:\/\/miumjau.ee\/fi\/wp-json\/wp\/v2\/product_cat?post=12730"},{"taxonomy":"product_tag","embeddable":true,"href":"https:\/\/miumjau.ee\/fi\/wp-json\/wp\/v2\/product_tag?post=12730"}],"curies":[{"name":"wp","href":"https:\/\/api.w.org\/{rel}","templated":true}]}}