{"id":12664,"date":"2023-07-28T18:50:23","date_gmt":"2023-07-28T15:50:23","guid":{"rendered":"https:\/\/miumjau.ee\/toode\/kiipeilypuu-petrebels-superdome-100-pepper\/"},"modified":"2026-01-07T23:00:22","modified_gmt":"2026-01-07T21:00:22","slug":"kiipeilypuu-petrebels-superdome-100-pepper","status":"publish","type":"product","link":"https:\/\/miumjau.ee\/fi\/tuote\/kiipeilypuu-petrebels-superdome-100-pepper\/","title":{"rendered":"Kiipeilypuu Petrebels, Superdome 100, pippuri"},"content":{"rendered":"","protected":false},"excerpt":{"rendered":"<p>Ylellinen kiipeilypuu kissoille<\/p>\n<p>T\u00e4m\u00e4 ei ole vain toinen kissatalo. Ei, se on meid\u00e4n Superdome 100. T\u00e4m\u00e4 raapimispuu on p\u00e4\u00e4llystetty eritt\u00e4in vahvalla sisalmatolla ja sen halkaisija on eritt\u00e4in leve\u00e4. Sis\u00e4\u00e4nk\u00e4ynnit ovat my\u00f6s leve\u00e4mpi\u00e4, jotta jokainen kissa p\u00e4\u00e4see helposti pehme\u00e4lle nukkumapaikalleen. Sek\u00e4 pienemm\u00e4t ett\u00e4 vanhemmat kissat. Ja pehmoleluk\u00f6ysi tarjoaa kapinallisille entist\u00e4 hauskempaa. Miksi nimi Superdome? Koska se on yksi vakaimmista naarmuputkista, mit\u00e4 voit l\u00f6yt\u00e4\u00e4.<\/p>\n<ul>\n<li>V\u00e4rit &#8211; antrasiittipehmo ja musta sisalmatto<\/li>\n<li>Mitat &#8211; halkaisija 49 cm ja korkeus 98 cm<\/li>\n<li>Sopii kaikille kissaroduille, my\u00f6s suurille ja raskaille roduille<\/li>\n<li>Mukana kaksi pest\u00e4v\u00e4\u00e4 tyyny\u00e4<\/li>\n<li>Tyylik\u00e4s muotoilu ja kaunis s\u00e4vy s\u00e4vyyn v\u00e4rivalikoima.<\/li>\n<\/ul>\n<p><a href=\"https:\/\/www.youtube.com\/watch?v=DXwRt2hgG54\" target=\"_blank\" rel=\"noopener\">Katso lyhyt ja oivaltava video aidosta kissojen tuotteesta t\u00e4st\u00e4<\/a><\/p>\n<p>Raapimispuu on suunniteltu k\u00e4ytett\u00e4v\u00e4ksi kaikkien painoluokkien ja pituisten kissojen k\u00e4ytt\u00f6\u00f6n. Sopii my\u00f6s uroksille Maine Coonille.<br \/>\nTuote on pakattu 1 laatikkoon, jonka kokonaispaino on 20 kg<br \/>\nTuotteen nettopaino (ilman pakkausta) 18,7 kg<\/p>\n<p>Saatavilla nyt!<br \/>\nPetRebelsin valmistama hollantilainen laatu. Eritt\u00e4in laadukkaat ja mukavat raapimistolpat kissoille, jotka kest\u00e4v\u00e4t vuosia ja koristavat kotiasi. Kissasi kiitt\u00e4\u00e4 sinua!<\/p>\n","protected":false},"featured_media":12665,"template":"","meta":[],"product_brand":[],"product_cat":[139,117],"product_tag":[],"class_list":{"0":"post-12664","1":"product","2":"type-product","3":"status-publish","4":"has-post-thumbnail","6":"product_cat-kaup24-fi","7":"product_cat-raapimistornit-petrebels","8":"product_shipping_class-pakiautomaati-sobimatu-fi","10":"first","11":"instock","12":"taxable","13":"shipping-taxable","14":"purchasable","15":"product-type-simple"},"yoast_head":"<!-- This site is optimized with the Yoast SEO plugin v27.4 - https:\/\/yoast.com\/product\/yoast-seo-wordpress\/ -->\n<title>Kiipeilypuu Petrebels, Superdome 100, pippuri - MiuMjau<\/title>\n<meta name=\"description\" content=\"Ylellinen kissan raapimispuu, joka on p\u00e4\u00e4llystetty erityisen vahvalla sisalmatolla ja siin\u00e4 on eritt\u00e4in leve\u00e4 halkaisija. Sopii my\u00f6s Maine Cooneille. Eritt\u00e4in vahva ja vakaa!\" \/>\n<meta name=\"robots\" content=\"index, follow, max-snippet:-1, max-image-preview:large, max-video-preview:-1\" \/>\n<link rel=\"canonical\" href=\"https:\/\/miumjau.ee\/fi\/tuote\/kiipeilypuu-petrebels-superdome-100-pepper\/\" \/>\n<meta property=\"og:locale\" content=\"fi_FI\" \/>\n<meta property=\"og:type\" content=\"article\" \/>\n<meta property=\"og:title\" content=\"Kiipeilypuu Petrebels, Superdome 100, pippuri - MiuMjau\" \/>\n<meta property=\"og:description\" content=\"Ylellinen kissan raapimispuu, joka on p\u00e4\u00e4llystetty erityisen vahvalla sisalmatolla ja siin\u00e4 on eritt\u00e4in leve\u00e4 halkaisija. Sopii my\u00f6s Maine Cooneille. Eritt\u00e4in vahva ja vakaa!\" \/>\n<meta property=\"og:url\" content=\"https:\/\/miumjau.ee\/fi\/tuote\/kiipeilypuu-petrebels-superdome-100-pepper\/\" \/>\n<meta property=\"og:site_name\" content=\"MiuMjau\" \/>\n<meta property=\"article:publisher\" content=\"https:\/\/www.facebook.com\/miumjaupood\/\" \/>\n<meta property=\"article:modified_time\" content=\"2026-01-07T21:00:22+00:00\" \/>\n<meta property=\"og:image\" content=\"https:\/\/miumjau.ee\/wp-content\/uploads\/2023\/07\/Superdome-100-antratsiit-kassi-kraapimispuu-1.jpg\" \/>\n\t<meta property=\"og:image:width\" content=\"600\" \/>\n\t<meta property=\"og:image:height\" content=\"800\" \/>\n\t<meta property=\"og:image:type\" content=\"image\/jpeg\" \/>\n<meta name=\"twitter:card\" content=\"summary_large_image\" \/>\n<script type=\"application\/ld+json\" class=\"yoast-schema-graph\">{\"@context\":\"https:\\\/\\\/schema.org\",\"@graph\":[{\"@type\":\"WebPage\",\"@id\":\"https:\\\/\\\/miumjau.ee\\\/fi\\\/tuote\\\/kiipeilypuu-petrebels-superdome-100-pepper\\\/\",\"url\":\"https:\\\/\\\/miumjau.ee\\\/fi\\\/tuote\\\/kiipeilypuu-petrebels-superdome-100-pepper\\\/\",\"name\":\"Kiipeilypuu Petrebels, Superdome 100, pippuri - MiuMjau\",\"isPartOf\":{\"@id\":\"https:\\\/\\\/miumjau.ee\\\/#website\"},\"primaryImageOfPage\":{\"@id\":\"https:\\\/\\\/miumjau.ee\\\/fi\\\/tuote\\\/kiipeilypuu-petrebels-superdome-100-pepper\\\/#primaryimage\"},\"image\":{\"@id\":\"https:\\\/\\\/miumjau.ee\\\/fi\\\/tuote\\\/kiipeilypuu-petrebels-superdome-100-pepper\\\/#primaryimage\"},\"thumbnailUrl\":\"https:\\\/\\\/miumjau.ee\\\/wp-content\\\/uploads\\\/2023\\\/07\\\/Superdome-100-antratsiit-kassi-kraapimispuu-1.jpg\",\"datePublished\":\"2023-07-28T15:50:23+00:00\",\"dateModified\":\"2026-01-07T21:00:22+00:00\",\"description\":\"Ylellinen kissan raapimispuu, joka on p\u00e4\u00e4llystetty erityisen vahvalla sisalmatolla ja siin\u00e4 on eritt\u00e4in leve\u00e4 halkaisija. Sopii my\u00f6s Maine Cooneille. Eritt\u00e4in vahva ja vakaa!\",\"breadcrumb\":{\"@id\":\"https:\\\/\\\/miumjau.ee\\\/fi\\\/tuote\\\/kiipeilypuu-petrebels-superdome-100-pepper\\\/#breadcrumb\"},\"inLanguage\":\"fi\",\"potentialAction\":[{\"@type\":\"ReadAction\",\"target\":[\"https:\\\/\\\/miumjau.ee\\\/fi\\\/tuote\\\/kiipeilypuu-petrebels-superdome-100-pepper\\\/\"]}]},{\"@type\":\"ImageObject\",\"inLanguage\":\"fi\",\"@id\":\"https:\\\/\\\/miumjau.ee\\\/fi\\\/tuote\\\/kiipeilypuu-petrebels-superdome-100-pepper\\\/#primaryimage\",\"url\":\"https:\\\/\\\/miumjau.ee\\\/wp-content\\\/uploads\\\/2023\\\/07\\\/Superdome-100-antratsiit-kassi-kraapimispuu-1.jpg\",\"contentUrl\":\"https:\\\/\\\/miumjau.ee\\\/wp-content\\\/uploads\\\/2023\\\/07\\\/Superdome-100-antratsiit-kassi-kraapimispuu-1.jpg\",\"width\":600,\"height\":800,\"caption\":\"Raapimispuu Petrebels SUperdome 100\"},{\"@type\":\"BreadcrumbList\",\"@id\":\"https:\\\/\\\/miumjau.ee\\\/fi\\\/tuote\\\/kiipeilypuu-petrebels-superdome-100-pepper\\\/#breadcrumb\",\"itemListElement\":[{\"@type\":\"ListItem\",\"position\":1,\"name\":\"Home\",\"item\":\"https:\\\/\\\/miumjau.ee\\\/fi\\\/\"},{\"@type\":\"ListItem\",\"position\":2,\"name\":\"Kauppa\",\"item\":\"https:\\\/\\\/miumjau.ee\\\/fi\\\/kauppa\\\/\"},{\"@type\":\"ListItem\",\"position\":3,\"name\":\"Kiipeilypuu Petrebels, Superdome 100, pippuri\"}]},{\"@type\":\"WebSite\",\"@id\":\"https:\\\/\\\/miumjau.ee\\\/#website\",\"url\":\"https:\\\/\\\/miumjau.ee\\\/\",\"name\":\"MiuMjau\",\"description\":\"Kraapimispuud kassidele\",\"publisher\":{\"@id\":\"https:\\\/\\\/miumjau.ee\\\/#organization\"},\"potentialAction\":[{\"@type\":\"SearchAction\",\"target\":{\"@type\":\"EntryPoint\",\"urlTemplate\":\"https:\\\/\\\/miumjau.ee\\\/?s={search_term_string}\"},\"query-input\":{\"@type\":\"PropertyValueSpecification\",\"valueRequired\":true,\"valueName\":\"search_term_string\"}}],\"inLanguage\":\"fi\"},{\"@type\":\"Organization\",\"@id\":\"https:\\\/\\\/miumjau.ee\\\/#organization\",\"name\":\"MiuMjau O\u00dc\",\"url\":\"https:\\\/\\\/miumjau.ee\\\/\",\"logo\":{\"@type\":\"ImageObject\",\"inLanguage\":\"fi\",\"@id\":\"https:\\\/\\\/miumjau.ee\\\/#\\\/schema\\\/logo\\\/image\\\/\",\"url\":\"https:\\\/\\\/miumjau.ee\\\/wp-content\\\/uploads\\\/2022\\\/04\\\/MiuMjau-logo-kollane.png\",\"contentUrl\":\"https:\\\/\\\/miumjau.ee\\\/wp-content\\\/uploads\\\/2022\\\/04\\\/MiuMjau-logo-kollane.png\",\"width\":219,\"height\":100,\"caption\":\"MiuMjau O\u00dc\"},\"image\":{\"@id\":\"https:\\\/\\\/miumjau.ee\\\/#\\\/schema\\\/logo\\\/image\\\/\"},\"sameAs\":[\"https:\\\/\\\/www.facebook.com\\\/miumjaupood\\\/\"]}]}<\/script>\n<!-- \/ Yoast SEO plugin. -->","yoast_head_json":{"title":"Kiipeilypuu Petrebels, Superdome 100, pippuri - MiuMjau","description":"Ylellinen kissan raapimispuu, joka on p\u00e4\u00e4llystetty erityisen vahvalla sisalmatolla ja siin\u00e4 on eritt\u00e4in leve\u00e4 halkaisija. Sopii my\u00f6s Maine Cooneille. Eritt\u00e4in vahva ja vakaa!","robots":{"index":"index","follow":"follow","max-snippet":"max-snippet:-1","max-image-preview":"max-image-preview:large","max-video-preview":"max-video-preview:-1"},"canonical":"https:\/\/miumjau.ee\/fi\/tuote\/kiipeilypuu-petrebels-superdome-100-pepper\/","og_locale":"fi_FI","og_type":"article","og_title":"Kiipeilypuu Petrebels, Superdome 100, pippuri - MiuMjau","og_description":"Ylellinen kissan raapimispuu, joka on p\u00e4\u00e4llystetty erityisen vahvalla sisalmatolla ja siin\u00e4 on eritt\u00e4in leve\u00e4 halkaisija. Sopii my\u00f6s Maine Cooneille. Eritt\u00e4in vahva ja vakaa!","og_url":"https:\/\/miumjau.ee\/fi\/tuote\/kiipeilypuu-petrebels-superdome-100-pepper\/","og_site_name":"MiuMjau","article_publisher":"https:\/\/www.facebook.com\/miumjaupood\/","article_modified_time":"2026-01-07T21:00:22+00:00","og_image":[{"width":600,"height":800,"url":"https:\/\/miumjau.ee\/wp-content\/uploads\/2023\/07\/Superdome-100-antratsiit-kassi-kraapimispuu-1.jpg","type":"image\/jpeg"}],"twitter_card":"summary_large_image","schema":{"@context":"https:\/\/schema.org","@graph":[{"@type":"WebPage","@id":"https:\/\/miumjau.ee\/fi\/tuote\/kiipeilypuu-petrebels-superdome-100-pepper\/","url":"https:\/\/miumjau.ee\/fi\/tuote\/kiipeilypuu-petrebels-superdome-100-pepper\/","name":"Kiipeilypuu Petrebels, Superdome 100, pippuri - MiuMjau","isPartOf":{"@id":"https:\/\/miumjau.ee\/#website"},"primaryImageOfPage":{"@id":"https:\/\/miumjau.ee\/fi\/tuote\/kiipeilypuu-petrebels-superdome-100-pepper\/#primaryimage"},"image":{"@id":"https:\/\/miumjau.ee\/fi\/tuote\/kiipeilypuu-petrebels-superdome-100-pepper\/#primaryimage"},"thumbnailUrl":"https:\/\/miumjau.ee\/wp-content\/uploads\/2023\/07\/Superdome-100-antratsiit-kassi-kraapimispuu-1.jpg","datePublished":"2023-07-28T15:50:23+00:00","dateModified":"2026-01-07T21:00:22+00:00","description":"Ylellinen kissan raapimispuu, joka on p\u00e4\u00e4llystetty erityisen vahvalla sisalmatolla ja siin\u00e4 on eritt\u00e4in leve\u00e4 halkaisija. Sopii my\u00f6s Maine Cooneille. Eritt\u00e4in vahva ja vakaa!","breadcrumb":{"@id":"https:\/\/miumjau.ee\/fi\/tuote\/kiipeilypuu-petrebels-superdome-100-pepper\/#breadcrumb"},"inLanguage":"fi","potentialAction":[{"@type":"ReadAction","target":["https:\/\/miumjau.ee\/fi\/tuote\/kiipeilypuu-petrebels-superdome-100-pepper\/"]}]},{"@type":"ImageObject","inLanguage":"fi","@id":"https:\/\/miumjau.ee\/fi\/tuote\/kiipeilypuu-petrebels-superdome-100-pepper\/#primaryimage","url":"https:\/\/miumjau.ee\/wp-content\/uploads\/2023\/07\/Superdome-100-antratsiit-kassi-kraapimispuu-1.jpg","contentUrl":"https:\/\/miumjau.ee\/wp-content\/uploads\/2023\/07\/Superdome-100-antratsiit-kassi-kraapimispuu-1.jpg","width":600,"height":800,"caption":"Raapimispuu Petrebels SUperdome 100"},{"@type":"BreadcrumbList","@id":"https:\/\/miumjau.ee\/fi\/tuote\/kiipeilypuu-petrebels-superdome-100-pepper\/#breadcrumb","itemListElement":[{"@type":"ListItem","position":1,"name":"Home","item":"https:\/\/miumjau.ee\/fi\/"},{"@type":"ListItem","position":2,"name":"Kauppa","item":"https:\/\/miumjau.ee\/fi\/kauppa\/"},{"@type":"ListItem","position":3,"name":"Kiipeilypuu Petrebels, Superdome 100, pippuri"}]},{"@type":"WebSite","@id":"https:\/\/miumjau.ee\/#website","url":"https:\/\/miumjau.ee\/","name":"MiuMjau","description":"Kraapimispuud kassidele","publisher":{"@id":"https:\/\/miumjau.ee\/#organization"},"potentialAction":[{"@type":"SearchAction","target":{"@type":"EntryPoint","urlTemplate":"https:\/\/miumjau.ee\/?s={search_term_string}"},"query-input":{"@type":"PropertyValueSpecification","valueRequired":true,"valueName":"search_term_string"}}],"inLanguage":"fi"},{"@type":"Organization","@id":"https:\/\/miumjau.ee\/#organization","name":"MiuMjau O\u00dc","url":"https:\/\/miumjau.ee\/","logo":{"@type":"ImageObject","inLanguage":"fi","@id":"https:\/\/miumjau.ee\/#\/schema\/logo\/image\/","url":"https:\/\/miumjau.ee\/wp-content\/uploads\/2022\/04\/MiuMjau-logo-kollane.png","contentUrl":"https:\/\/miumjau.ee\/wp-content\/uploads\/2022\/04\/MiuMjau-logo-kollane.png","width":219,"height":100,"caption":"MiuMjau O\u00dc"},"image":{"@id":"https:\/\/miumjau.ee\/#\/schema\/logo\/image\/"},"sameAs":["https:\/\/www.facebook.com\/miumjaupood\/"]}]}},"_links":{"self":[{"href":"https:\/\/miumjau.ee\/fi\/wp-json\/wp\/v2\/product\/12664","targetHints":{"allow":["GET"]}}],"collection":[{"href":"https:\/\/miumjau.ee\/fi\/wp-json\/wp\/v2\/product"}],"about":[{"href":"https:\/\/miumjau.ee\/fi\/wp-json\/wp\/v2\/types\/product"}],"wp:featuredmedia":[{"embeddable":true,"href":"https:\/\/miumjau.ee\/fi\/wp-json\/wp\/v2\/media\/12665"}],"wp:attachment":[{"href":"https:\/\/miumjau.ee\/fi\/wp-json\/wp\/v2\/media?parent=12664"}],"wp:term":[{"taxonomy":"product_brand","embeddable":true,"href":"https:\/\/miumjau.ee\/fi\/wp-json\/wp\/v2\/product_brand?post=12664"},{"taxonomy":"product_cat","embeddable":true,"href":"https:\/\/miumjau.ee\/fi\/wp-json\/wp\/v2\/product_cat?post=12664"},{"taxonomy":"product_tag","embeddable":true,"href":"https:\/\/miumjau.ee\/fi\/wp-json\/wp\/v2\/product_tag?post=12664"}],"curies":[{"name":"wp","href":"https:\/\/api.w.org\/{rel}","templated":true}]}}