{"id":12619,"date":"2023-09-13T12:13:23","date_gmt":"2023-09-13T09:13:23","guid":{"rendered":"https:\/\/miumjau.ee\/toode\/raapimispuu-petrebels-siberian-200-pepper-tilauksessa\/"},"modified":"2026-01-07T23:00:22","modified_gmt":"2026-01-07T21:00:22","slug":"raapimispuu-petrebels-siberian-200-pepper","status":"publish","type":"product","link":"https:\/\/miumjau.ee\/fi\/tuote\/raapimispuu-petrebels-siberian-200-pepper\/","title":{"rendered":"Raapimispuu Petrebels Siberian 200 pippuri"},"content":{"rendered":"","protected":false},"excerpt":{"rendered":"<p>Raapimispuu Siberian 200 on tarkoitettu todellisille kissan yst\u00e4ville. Mik\u00e4\u00e4n ei ole tarpeeksi hyv\u00e4 heid\u00e4n kissoilleen, mutta vetoamme siihen, ett\u00e4 lemmikkisi rakastavat sit\u00e4! Raapimispylv\u00e4s on vakaa, moderni, ja siin\u00e4 on kaksi j\u00e4ttim\u00e4ist\u00e4 pehme\u00e4t\u00e4ytteist\u00e4 kotua, kaksi eritt\u00e4in raskaasti ulkonevaa pes\u00e4\u00e4 ja l\u00e4hes koko raapimistolpan leveydelt\u00e4 ulottuva yl\u00e4osa, jota kissat k\u00e4ytt\u00e4v\u00e4t n\u00e4k\u00f6tornina. Se on todellinen kissojen paratiisi! Kaikki paksut tolpat on kokonaan peitetty raaputettavalla materiaalilla.<\/p>\n<p>Pituus 118 cm, leveys 45 cm ja korkeus 200 cm.<br \/>\nUlkonevat pistorasiat ovat kooltaan 45&#215;45 cm ja niiden kantavuus on jopa 25 kg<br \/>\nKahden suuren talon mitat ovat 78x40x30 cm<br \/>\nYl\u00e4osan lukupaikan mitat ovat 118x41cm<\/p>\n<p>Sopii my\u00f6s eritt\u00e4in suurille ja painaville kissoille, kuten Maine Coonille, Ragdollsille ja Norjan mets\u00e4kissoille.<\/p>\n<p>Huom: Majassa olevat pehme\u00e4t tyynyt ovat konepest\u00e4vi\u00e4<\/p>\n<p>Tuote saapuu ostajalle kolmessa paketissa<br \/>\nPaketin nro 1 mitat 120*48*19; paketti nro 2 mitat 81*64*43; paketti nro 3 mitat 82*62*42<br \/>\nTuotteen paino ilman pakkausta 76,9 kg.<\/p>\n<p><a href=\"https:\/\/www.petrebels.com\/en\/wp-content\/uploads\/sites\/2\/2023\/08\/Siberian-200.pdf\" target=\"_blank\" rel=\"noopener\">Tuotteen kokoamisohjeet<\/a><\/p>\n<p>Tuote on CE-sertifioitu ja sen valmistaa hollantilainen laatumerkki PETREBELS. Panostamme laatuun!<\/p>\n","protected":false},"featured_media":12628,"template":"","meta":[],"product_brand":[],"product_cat":[116,139],"product_tag":[],"class_list":{"0":"post-12619","1":"product","2":"type-product","3":"status-publish","4":"has-post-thumbnail","6":"product_cat-isoille-kissoille-petrebels","7":"product_cat-kaup24-fi","8":"product_shipping_class-pakiautomaati-sobimatu-fi","10":"first","11":"outofstock","12":"taxable","13":"shipping-taxable","14":"purchasable","15":"product-type-simple"},"yoast_head":"<!-- This site is optimized with the Yoast SEO plugin v27.2 - https:\/\/yoast.com\/product\/yoast-seo-wordpress\/ -->\n<title>Raapimispuu Petrebels Siberian 200 pippuri - MiuMjau<\/title>\n<meta name=\"description\" content=\"Raapimispuu Siberian 200 on eritt\u00e4in massiivinen, vahva ja vakaa ja t\u00e4ytt\u00e4\u00e4 kaikki kissan tarpeet, mit\u00e4 raapimispuu voi t\u00e4ytt\u00e4\u00e4. Hollantilainen laatumerkki Petrebels.\" \/>\n<meta name=\"robots\" content=\"index, follow, max-snippet:-1, max-image-preview:large, max-video-preview:-1\" \/>\n<link rel=\"canonical\" href=\"https:\/\/miumjau.ee\/tuote\/petrebels-kraapimispuu-siberian-200-antratsiit\/\" \/>\n<meta property=\"og:locale\" content=\"fi_FI\" \/>\n<meta property=\"og:type\" content=\"article\" \/>\n<meta property=\"og:title\" content=\"Raapimispuu Petrebels Siberian 200 pippuri - MiuMjau\" \/>\n<meta property=\"og:description\" content=\"Raapimispuu Siberian 200 on eritt\u00e4in massiivinen, vahva ja vakaa ja t\u00e4ytt\u00e4\u00e4 kaikki kissan tarpeet, mit\u00e4 raapimispuu voi t\u00e4ytt\u00e4\u00e4. Hollantilainen laatumerkki Petrebels.\" \/>\n<meta property=\"og:url\" content=\"https:\/\/miumjau.ee\/tuote\/petrebels-kraapimispuu-siberian-200-antratsiit\/\" \/>\n<meta property=\"og:site_name\" content=\"MiuMjau\" \/>\n<meta property=\"article:publisher\" content=\"https:\/\/www.facebook.com\/miumjaupood\/\" \/>\n<meta property=\"article:modified_time\" content=\"2026-01-07T21:00:22+00:00\" \/>\n<meta property=\"og:image\" content=\"https:\/\/miumjau.ee\/wp-content\/uploads\/2023\/09\/siberian200-antratsiit-petrebels-kassi-kraapimispuu12.jpg\" \/>\n\t<meta property=\"og:image:width\" content=\"600\" \/>\n\t<meta property=\"og:image:height\" content=\"800\" \/>\n\t<meta property=\"og:image:type\" content=\"image\/jpeg\" \/>\n<meta name=\"twitter:card\" content=\"summary_large_image\" \/>\n<meta name=\"twitter:label1\" content=\"Arvioitu lukuaika\" \/>\n\t<meta name=\"twitter:data1\" content=\"1 minuutti\" \/>\n<script type=\"application\/ld+json\" class=\"yoast-schema-graph\">{\"@context\":\"https:\/\/schema.org\",\"@graph\":[{\"@type\":\"WebPage\",\"@id\":\"https:\/\/miumjau.ee\/tuote\/petrebels-kraapimispuu-siberian-200-antratsiit\/\",\"url\":\"https:\/\/miumjau.ee\/tuote\/petrebels-kraapimispuu-siberian-200-antratsiit\/\",\"name\":\"Raapimispuu Petrebels Siberian 200 pippuri - MiuMjau\",\"isPartOf\":{\"@id\":\"https:\/\/miumjau.ee\/#website\"},\"primaryImageOfPage\":{\"@id\":\"https:\/\/miumjau.ee\/tuote\/petrebels-kraapimispuu-siberian-200-antratsiit\/#primaryimage\"},\"image\":{\"@id\":\"https:\/\/miumjau.ee\/tuote\/petrebels-kraapimispuu-siberian-200-antratsiit\/#primaryimage\"},\"thumbnailUrl\":\"https:\/\/miumjau.ee\/wp-content\/uploads\/2023\/09\/siberian200-antratsiit-petrebels-kassi-kraapimispuu12.jpg\",\"datePublished\":\"2023-09-13T09:13:23+00:00\",\"dateModified\":\"2026-01-07T21:00:22+00:00\",\"description\":\"Raapimispuu Siberian 200 on eritt\u00e4in massiivinen, vahva ja vakaa ja t\u00e4ytt\u00e4\u00e4 kaikki kissan tarpeet, mit\u00e4 raapimispuu voi t\u00e4ytt\u00e4\u00e4. Hollantilainen laatumerkki Petrebels.\",\"breadcrumb\":{\"@id\":\"https:\/\/miumjau.ee\/tuote\/petrebels-kraapimispuu-siberian-200-antratsiit\/#breadcrumb\"},\"inLanguage\":\"fi\",\"potentialAction\":[{\"@type\":\"ReadAction\",\"target\":[\"https:\/\/miumjau.ee\/tuote\/petrebels-kraapimispuu-siberian-200-antratsiit\/\"]}]},{\"@type\":\"ImageObject\",\"inLanguage\":\"fi\",\"@id\":\"https:\/\/miumjau.ee\/tuote\/petrebels-kraapimispuu-siberian-200-antratsiit\/#primaryimage\",\"url\":\"https:\/\/miumjau.ee\/wp-content\/uploads\/2023\/09\/siberian200-antratsiit-petrebels-kassi-kraapimispuu12.jpg\",\"contentUrl\":\"https:\/\/miumjau.ee\/wp-content\/uploads\/2023\/09\/siberian200-antratsiit-petrebels-kassi-kraapimispuu12.jpg\",\"width\":600,\"height\":800,\"caption\":\"Raapimispuu Petrebels Siberian 200\"},{\"@type\":\"BreadcrumbList\",\"@id\":\"https:\/\/miumjau.ee\/tuote\/petrebels-kraapimispuu-siberian-200-antratsiit\/#breadcrumb\",\"itemListElement\":[{\"@type\":\"ListItem\",\"position\":1,\"name\":\"Home\",\"item\":\"https:\/\/miumjau.ee\/fi\/\"},{\"@type\":\"ListItem\",\"position\":2,\"name\":\"Kauppa\",\"item\":\"https:\/\/miumjau.ee\/fi\/kauppa\/\"},{\"@type\":\"ListItem\",\"position\":3,\"name\":\"Raapimispuu Petrebels Siberian 200 pippuri\"}]},{\"@type\":\"WebSite\",\"@id\":\"https:\/\/miumjau.ee\/#website\",\"url\":\"https:\/\/miumjau.ee\/\",\"name\":\"MiuMjau\",\"description\":\"Kraapimispuud kassidele\",\"publisher\":{\"@id\":\"https:\/\/miumjau.ee\/#organization\"},\"potentialAction\":[{\"@type\":\"SearchAction\",\"target\":{\"@type\":\"EntryPoint\",\"urlTemplate\":\"https:\/\/miumjau.ee\/?s={search_term_string}\"},\"query-input\":{\"@type\":\"PropertyValueSpecification\",\"valueRequired\":true,\"valueName\":\"search_term_string\"}}],\"inLanguage\":\"fi\"},{\"@type\":\"Organization\",\"@id\":\"https:\/\/miumjau.ee\/#organization\",\"name\":\"MiuMjau O\u00dc\",\"url\":\"https:\/\/miumjau.ee\/\",\"logo\":{\"@type\":\"ImageObject\",\"inLanguage\":\"fi\",\"@id\":\"https:\/\/miumjau.ee\/#\/schema\/logo\/image\/\",\"url\":\"https:\/\/miumjau.ee\/wp-content\/uploads\/2022\/04\/MiuMjau-logo-kollane.png\",\"contentUrl\":\"https:\/\/miumjau.ee\/wp-content\/uploads\/2022\/04\/MiuMjau-logo-kollane.png\",\"width\":219,\"height\":100,\"caption\":\"MiuMjau O\u00dc\"},\"image\":{\"@id\":\"https:\/\/miumjau.ee\/#\/schema\/logo\/image\/\"},\"sameAs\":[\"https:\/\/www.facebook.com\/miumjaupood\/\"]}]}<\/script>\n<!-- \/ Yoast SEO plugin. -->","yoast_head_json":{"title":"Raapimispuu Petrebels Siberian 200 pippuri - MiuMjau","description":"Raapimispuu Siberian 200 on eritt\u00e4in massiivinen, vahva ja vakaa ja t\u00e4ytt\u00e4\u00e4 kaikki kissan tarpeet, mit\u00e4 raapimispuu voi t\u00e4ytt\u00e4\u00e4. Hollantilainen laatumerkki Petrebels.","robots":{"index":"index","follow":"follow","max-snippet":"max-snippet:-1","max-image-preview":"max-image-preview:large","max-video-preview":"max-video-preview:-1"},"canonical":"https:\/\/miumjau.ee\/tuote\/petrebels-kraapimispuu-siberian-200-antratsiit\/","og_locale":"fi_FI","og_type":"article","og_title":"Raapimispuu Petrebels Siberian 200 pippuri - MiuMjau","og_description":"Raapimispuu Siberian 200 on eritt\u00e4in massiivinen, vahva ja vakaa ja t\u00e4ytt\u00e4\u00e4 kaikki kissan tarpeet, mit\u00e4 raapimispuu voi t\u00e4ytt\u00e4\u00e4. Hollantilainen laatumerkki Petrebels.","og_url":"https:\/\/miumjau.ee\/tuote\/petrebels-kraapimispuu-siberian-200-antratsiit\/","og_site_name":"MiuMjau","article_publisher":"https:\/\/www.facebook.com\/miumjaupood\/","article_modified_time":"2026-01-07T21:00:22+00:00","og_image":[{"width":600,"height":800,"url":"https:\/\/miumjau.ee\/wp-content\/uploads\/2023\/09\/siberian200-antratsiit-petrebels-kassi-kraapimispuu12.jpg","type":"image\/jpeg"}],"twitter_card":"summary_large_image","twitter_misc":{"Arvioitu lukuaika":"1 minuutti"},"schema":{"@context":"https:\/\/schema.org","@graph":[{"@type":"WebPage","@id":"https:\/\/miumjau.ee\/tuote\/petrebels-kraapimispuu-siberian-200-antratsiit\/","url":"https:\/\/miumjau.ee\/tuote\/petrebels-kraapimispuu-siberian-200-antratsiit\/","name":"Raapimispuu Petrebels Siberian 200 pippuri - MiuMjau","isPartOf":{"@id":"https:\/\/miumjau.ee\/#website"},"primaryImageOfPage":{"@id":"https:\/\/miumjau.ee\/tuote\/petrebels-kraapimispuu-siberian-200-antratsiit\/#primaryimage"},"image":{"@id":"https:\/\/miumjau.ee\/tuote\/petrebels-kraapimispuu-siberian-200-antratsiit\/#primaryimage"},"thumbnailUrl":"https:\/\/miumjau.ee\/wp-content\/uploads\/2023\/09\/siberian200-antratsiit-petrebels-kassi-kraapimispuu12.jpg","datePublished":"2023-09-13T09:13:23+00:00","dateModified":"2026-01-07T21:00:22+00:00","description":"Raapimispuu Siberian 200 on eritt\u00e4in massiivinen, vahva ja vakaa ja t\u00e4ytt\u00e4\u00e4 kaikki kissan tarpeet, mit\u00e4 raapimispuu voi t\u00e4ytt\u00e4\u00e4. Hollantilainen laatumerkki Petrebels.","breadcrumb":{"@id":"https:\/\/miumjau.ee\/tuote\/petrebels-kraapimispuu-siberian-200-antratsiit\/#breadcrumb"},"inLanguage":"fi","potentialAction":[{"@type":"ReadAction","target":["https:\/\/miumjau.ee\/tuote\/petrebels-kraapimispuu-siberian-200-antratsiit\/"]}]},{"@type":"ImageObject","inLanguage":"fi","@id":"https:\/\/miumjau.ee\/tuote\/petrebels-kraapimispuu-siberian-200-antratsiit\/#primaryimage","url":"https:\/\/miumjau.ee\/wp-content\/uploads\/2023\/09\/siberian200-antratsiit-petrebels-kassi-kraapimispuu12.jpg","contentUrl":"https:\/\/miumjau.ee\/wp-content\/uploads\/2023\/09\/siberian200-antratsiit-petrebels-kassi-kraapimispuu12.jpg","width":600,"height":800,"caption":"Raapimispuu Petrebels Siberian 200"},{"@type":"BreadcrumbList","@id":"https:\/\/miumjau.ee\/tuote\/petrebels-kraapimispuu-siberian-200-antratsiit\/#breadcrumb","itemListElement":[{"@type":"ListItem","position":1,"name":"Home","item":"https:\/\/miumjau.ee\/fi\/"},{"@type":"ListItem","position":2,"name":"Kauppa","item":"https:\/\/miumjau.ee\/fi\/kauppa\/"},{"@type":"ListItem","position":3,"name":"Raapimispuu Petrebels Siberian 200 pippuri"}]},{"@type":"WebSite","@id":"https:\/\/miumjau.ee\/#website","url":"https:\/\/miumjau.ee\/","name":"MiuMjau","description":"Kraapimispuud kassidele","publisher":{"@id":"https:\/\/miumjau.ee\/#organization"},"potentialAction":[{"@type":"SearchAction","target":{"@type":"EntryPoint","urlTemplate":"https:\/\/miumjau.ee\/?s={search_term_string}"},"query-input":{"@type":"PropertyValueSpecification","valueRequired":true,"valueName":"search_term_string"}}],"inLanguage":"fi"},{"@type":"Organization","@id":"https:\/\/miumjau.ee\/#organization","name":"MiuMjau O\u00dc","url":"https:\/\/miumjau.ee\/","logo":{"@type":"ImageObject","inLanguage":"fi","@id":"https:\/\/miumjau.ee\/#\/schema\/logo\/image\/","url":"https:\/\/miumjau.ee\/wp-content\/uploads\/2022\/04\/MiuMjau-logo-kollane.png","contentUrl":"https:\/\/miumjau.ee\/wp-content\/uploads\/2022\/04\/MiuMjau-logo-kollane.png","width":219,"height":100,"caption":"MiuMjau O\u00dc"},"image":{"@id":"https:\/\/miumjau.ee\/#\/schema\/logo\/image\/"},"sameAs":["https:\/\/www.facebook.com\/miumjaupood\/"]}]}},"_links":{"self":[{"href":"https:\/\/miumjau.ee\/fi\/wp-json\/wp\/v2\/product\/12619","targetHints":{"allow":["GET"]}}],"collection":[{"href":"https:\/\/miumjau.ee\/fi\/wp-json\/wp\/v2\/product"}],"about":[{"href":"https:\/\/miumjau.ee\/fi\/wp-json\/wp\/v2\/types\/product"}],"wp:featuredmedia":[{"embeddable":true,"href":"https:\/\/miumjau.ee\/fi\/wp-json\/wp\/v2\/media\/12628"}],"wp:attachment":[{"href":"https:\/\/miumjau.ee\/fi\/wp-json\/wp\/v2\/media?parent=12619"}],"wp:term":[{"taxonomy":"product_brand","embeddable":true,"href":"https:\/\/miumjau.ee\/fi\/wp-json\/wp\/v2\/product_brand?post=12619"},{"taxonomy":"product_cat","embeddable":true,"href":"https:\/\/miumjau.ee\/fi\/wp-json\/wp\/v2\/product_cat?post=12619"},{"taxonomy":"product_tag","embeddable":true,"href":"https:\/\/miumjau.ee\/fi\/wp-json\/wp\/v2\/product_tag?post=12619"}],"curies":[{"name":"wp","href":"https:\/\/api.w.org\/{rel}","templated":true}]}}