{"id":13831,"date":"2024-07-16T21:58:04","date_gmt":"2024-07-16T18:58:04","guid":{"rendered":"https:\/\/miumjau.ee\/?page_id=13831"},"modified":"2024-07-17T12:57:45","modified_gmt":"2024-07-17T09:57:45","slug":"lahjoita","status":"publish","type":"page","link":"https:\/\/miumjau.ee\/fi\/lahjoita\/","title":{"rendered":"Lahjoita"},"content":{"rendered":"<div class=\"fusion-fullwidth fullwidth-box fusion-builder-row-1 fusion-flex-container has-pattern-background has-mask-background nonhundred-percent-fullwidth non-hundred-percent-height-scrolling\" style=\"--awb-border-radius-top-left:0px;--awb-border-radius-top-right:0px;--awb-border-radius-bottom-right:0px;--awb-border-radius-bottom-left:0px;--awb-flex-wrap:wrap;\" ><div class=\"fusion-builder-row fusion-row fusion-flex-align-items-flex-start fusion-flex-content-wrap\" style=\"max-width:1248px;margin-left: calc(-4% \/ 2 );margin-right: calc(-4% \/ 2 );\"><div class=\"fusion-layout-column fusion_builder_column fusion-builder-column-0 fusion_builder_column_1_2 1_2 fusion-flex-column\" style=\"--awb-bg-size:cover;--awb-width-large:50%;--awb-margin-top-large:0px;--awb-spacing-right-large:3.84%;--awb-margin-bottom-large:20px;--awb-spacing-left-large:3.84%;--awb-width-medium:50%;--awb-order-medium:0;--awb-spacing-right-medium:3.84%;--awb-spacing-left-medium:3.84%;--awb-width-small:100%;--awb-order-small:0;--awb-spacing-right-small:1.92%;--awb-spacing-left-small:1.92%;\"><div class=\"fusion-column-wrapper fusion-column-has-shadow fusion-flex-justify-content-flex-start fusion-content-layout-column\"><div class=\"fusion-text fusion-text-1\"><p>Ne, jotka ovat jo perill\u00e4 toiminnastamme, tiet\u00e4v\u00e4t, ett\u00e4 teemme joka vuosi hyv\u00e4ntekev\u00e4isyysprojekteja. Tuemme suojakoteja, yhdistyksi\u00e4 ja sijaiskoteja resurssiemme mukaan. Haluamme tarjota my\u00f6s asiakkaillemme mahdollisuuden lahjoittaa yhteisty\u00f6kumppaneillemme v\u00e4ltt\u00e4m\u00e4tt\u00f6mi\u00e4 tarvikkeita. Olemme kiitollisia kaikille, jotka auttavat niit\u00e4, jotka eiv\u00e4t itse pysty auttamaan itse\u00e4\u00e4n. Jokainen lahjoitettu tuote on eritt\u00e4in tarpeellinen ja odotettu. Ruokaa, kissanhiekkaa ja raapimispuita kuluu kissahuoneissa huomattavia m\u00e4\u00e4ri\u00e4.<\/p>\n<h3>Kuinka auttaa?<\/h3>\n<ol>\n<li>Lis\u00e4\u00e4 valitut tuotteet ostoskoriin.<\/li>\n<li>Valitse toimitustavaksi Lahjoita ja itsellesi sopiva laitos, jota haluat auttaa. Me kattamme kuljetuskustannukset apua tarvitsevalle.<\/li>\n<li>Maksa lahjoitus.<\/li>\n<\/ol>\n<h3>Kuinka varmistua, ett\u00e4 lahjoitus saapuu apua tarvitsevalle?<\/h3>\n<p>L\u00e4het\u00e4mme lahjoitukset apua tarvitseville v\u00e4hint\u00e4\u00e4n kerran kuukaudessa ja useammin, jos niin on sovittu yhdistysten kanssa. Verkkokauppamme kasvaa vauhdilla, ja pyrimme lis\u00e4\u00e4m\u00e4\u00e4n edullisempia tuotteita my\u00f6s lahjoituksia varten. Jos lahjoituksia tulee riitt\u00e4v\u00e4sti, julkaisemme luovutuksesta kuvan my\u00f6s Facebook-sivullamme <a href=\"https:\/\/www.facebook.com\/miumjaupood\/\" target=\"_blank\" rel=\"noopener\">MiuMjau raapimispuita<\/a>.<\/p>\n<h3>Yhteisty\u00f6kumppanimme, joille voi tehd\u00e4 lahjoituksia:<\/h3>\n<p><strong>Cats Help ry<\/strong> &#8211; <a href=\"https:\/\/www.catshelp.ee\/\" target=\"_blank\" rel=\"noopener\">https:\/\/www.catshelp.ee\/<\/a><\/p>\n<p>MT\u00dc Cats Help on vapaaehtoisista koostuva organisaatio hyl\u00e4ttyjen kissojen auttamiseksi. Missiomme on tarjota pelastetuille kissoille hoitoa ja mikrosirutus, ehk\u00e4ist\u00e4 ei-toivottua lis\u00e4\u00e4ntymist\u00e4 ja l\u00f6yt\u00e4\u00e4 uusia koteja. Voimme auttaa el\u00e4imi\u00e4 vain hyvien lahjoittajien ansiosta.<\/p>\n<\/div><\/div><\/div><div class=\"fusion-layout-column fusion_builder_column fusion-builder-column-1 fusion_builder_column_1_2 1_2 fusion-flex-column\" style=\"--awb-bg-size:cover;--awb-width-large:50%;--awb-margin-top-large:0px;--awb-spacing-right-large:3.84%;--awb-margin-bottom-large:20px;--awb-spacing-left-large:3.84%;--awb-width-medium:50%;--awb-order-medium:0;--awb-spacing-right-medium:3.84%;--awb-spacing-left-medium:3.84%;--awb-width-small:100%;--awb-order-small:0;--awb-spacing-right-small:1.92%;--awb-spacing-left-small:1.92%;\"><div class=\"fusion-column-wrapper fusion-column-has-shadow fusion-flex-justify-content-flex-start fusion-content-layout-column\"><div class=\"fusion-image-element \" style=\"--awb-caption-title-font-family:var(--h2_typography-font-family);--awb-caption-title-font-weight:var(--h2_typography-font-weight);--awb-caption-title-font-style:var(--h2_typography-font-style);--awb-caption-title-size:var(--h2_typography-font-size);--awb-caption-title-transform:var(--h2_typography-text-transform);--awb-caption-title-line-height:var(--h2_typography-line-height);--awb-caption-title-letter-spacing:var(--h2_typography-letter-spacing);\"><span class=\" fusion-imageframe imageframe-none imageframe-1 hover-type-none\"><img decoding=\"async\" width=\"600\" height=\"1200\" title=\"annetus-fin\" src=\"https:\/\/miumjau.ee\/wp-content\/uploads\/2024\/07\/annetus-fin.jpg\" alt class=\"img-responsive wp-image-13866\" srcset=\"https:\/\/miumjau.ee\/wp-content\/uploads\/2024\/07\/annetus-fin-500x1000.jpg 500w, https:\/\/miumjau.ee\/wp-content\/uploads\/2024\/07\/annetus-fin-512x1024.jpg 512w, https:\/\/miumjau.ee\/wp-content\/uploads\/2024\/07\/annetus-fin.jpg 600w\" sizes=\"(max-width: 600px) 100vw, 600px\" \/><\/span><\/div><\/div><\/div><\/div><\/div>\n","protected":false},"excerpt":{"rendered":"","protected":false},"author":1,"featured_media":0,"parent":0,"menu_order":0,"comment_status":"closed","ping_status":"closed","template":"","meta":{"footnotes":""},"class_list":["post-13831","page","type-page","status-publish","hentry"],"yoast_head":"<!-- This site is optimized with the Yoast SEO plugin v27.2 - https:\/\/yoast.com\/product\/yoast-seo-wordpress\/ -->\n<title>Lahjoita - MiuMjau<\/title>\n<meta name=\"robots\" content=\"index, follow, max-snippet:-1, max-image-preview:large, max-video-preview:-1\" \/>\n<link rel=\"canonical\" href=\"https:\/\/miumjau.ee\/fi\/lahjoita\/\" \/>\n<meta property=\"og:locale\" content=\"fi_FI\" \/>\n<meta property=\"og:type\" content=\"article\" \/>\n<meta property=\"og:title\" content=\"Lahjoita - MiuMjau\" \/>\n<meta property=\"og:url\" content=\"https:\/\/miumjau.ee\/fi\/lahjoita\/\" \/>\n<meta property=\"og:site_name\" content=\"MiuMjau\" \/>\n<meta property=\"article:publisher\" content=\"https:\/\/www.facebook.com\/miumjaupood\/\" \/>\n<meta property=\"article:modified_time\" content=\"2024-07-17T09:57:45+00:00\" \/>\n<meta name=\"twitter:card\" content=\"summary_large_image\" \/>\n<meta name=\"twitter:label1\" content=\"Arvioitu lukuaika\" \/>\n\t<meta name=\"twitter:data1\" content=\"2 minuuttia\" \/>\n<script type=\"application\/ld+json\" class=\"yoast-schema-graph\">{\"@context\":\"https:\/\/schema.org\",\"@graph\":[{\"@type\":\"WebPage\",\"@id\":\"https:\/\/miumjau.ee\/fi\/lahjoita\/\",\"url\":\"https:\/\/miumjau.ee\/fi\/lahjoita\/\",\"name\":\"Lahjoita - MiuMjau\",\"isPartOf\":{\"@id\":\"https:\/\/miumjau.ee\/#website\"},\"datePublished\":\"2024-07-16T18:58:04+00:00\",\"dateModified\":\"2024-07-17T09:57:45+00:00\",\"breadcrumb\":{\"@id\":\"https:\/\/miumjau.ee\/fi\/lahjoita\/#breadcrumb\"},\"inLanguage\":\"fi\",\"potentialAction\":[{\"@type\":\"ReadAction\",\"target\":[\"https:\/\/miumjau.ee\/fi\/lahjoita\/\"]}]},{\"@type\":\"BreadcrumbList\",\"@id\":\"https:\/\/miumjau.ee\/fi\/lahjoita\/#breadcrumb\",\"itemListElement\":[{\"@type\":\"ListItem\",\"position\":1,\"name\":\"Home\",\"item\":\"https:\/\/miumjau.ee\/fi\/\"},{\"@type\":\"ListItem\",\"position\":2,\"name\":\"Lahjoita\"}]},{\"@type\":\"WebSite\",\"@id\":\"https:\/\/miumjau.ee\/#website\",\"url\":\"https:\/\/miumjau.ee\/\",\"name\":\"MiuMjau\",\"description\":\"Kraapimispuud kassidele\",\"publisher\":{\"@id\":\"https:\/\/miumjau.ee\/#organization\"},\"potentialAction\":[{\"@type\":\"SearchAction\",\"target\":{\"@type\":\"EntryPoint\",\"urlTemplate\":\"https:\/\/miumjau.ee\/?s={search_term_string}\"},\"query-input\":{\"@type\":\"PropertyValueSpecification\",\"valueRequired\":true,\"valueName\":\"search_term_string\"}}],\"inLanguage\":\"fi\"},{\"@type\":\"Organization\",\"@id\":\"https:\/\/miumjau.ee\/#organization\",\"name\":\"MiuMjau O\u00dc\",\"url\":\"https:\/\/miumjau.ee\/\",\"logo\":{\"@type\":\"ImageObject\",\"inLanguage\":\"fi\",\"@id\":\"https:\/\/miumjau.ee\/#\/schema\/logo\/image\/\",\"url\":\"https:\/\/miumjau.ee\/wp-content\/uploads\/2022\/04\/MiuMjau-logo-kollane.png\",\"contentUrl\":\"https:\/\/miumjau.ee\/wp-content\/uploads\/2022\/04\/MiuMjau-logo-kollane.png\",\"width\":219,\"height\":100,\"caption\":\"MiuMjau O\u00dc\"},\"image\":{\"@id\":\"https:\/\/miumjau.ee\/#\/schema\/logo\/image\/\"},\"sameAs\":[\"https:\/\/www.facebook.com\/miumjaupood\/\"]}]}<\/script>\n<!-- \/ Yoast SEO plugin. -->","yoast_head_json":{"title":"Lahjoita - MiuMjau","robots":{"index":"index","follow":"follow","max-snippet":"max-snippet:-1","max-image-preview":"max-image-preview:large","max-video-preview":"max-video-preview:-1"},"canonical":"https:\/\/miumjau.ee\/fi\/lahjoita\/","og_locale":"fi_FI","og_type":"article","og_title":"Lahjoita - MiuMjau","og_url":"https:\/\/miumjau.ee\/fi\/lahjoita\/","og_site_name":"MiuMjau","article_publisher":"https:\/\/www.facebook.com\/miumjaupood\/","article_modified_time":"2024-07-17T09:57:45+00:00","twitter_card":"summary_large_image","twitter_misc":{"Arvioitu lukuaika":"2 minuuttia"},"schema":{"@context":"https:\/\/schema.org","@graph":[{"@type":"WebPage","@id":"https:\/\/miumjau.ee\/fi\/lahjoita\/","url":"https:\/\/miumjau.ee\/fi\/lahjoita\/","name":"Lahjoita - MiuMjau","isPartOf":{"@id":"https:\/\/miumjau.ee\/#website"},"datePublished":"2024-07-16T18:58:04+00:00","dateModified":"2024-07-17T09:57:45+00:00","breadcrumb":{"@id":"https:\/\/miumjau.ee\/fi\/lahjoita\/#breadcrumb"},"inLanguage":"fi","potentialAction":[{"@type":"ReadAction","target":["https:\/\/miumjau.ee\/fi\/lahjoita\/"]}]},{"@type":"BreadcrumbList","@id":"https:\/\/miumjau.ee\/fi\/lahjoita\/#breadcrumb","itemListElement":[{"@type":"ListItem","position":1,"name":"Home","item":"https:\/\/miumjau.ee\/fi\/"},{"@type":"ListItem","position":2,"name":"Lahjoita"}]},{"@type":"WebSite","@id":"https:\/\/miumjau.ee\/#website","url":"https:\/\/miumjau.ee\/","name":"MiuMjau","description":"Kraapimispuud kassidele","publisher":{"@id":"https:\/\/miumjau.ee\/#organization"},"potentialAction":[{"@type":"SearchAction","target":{"@type":"EntryPoint","urlTemplate":"https:\/\/miumjau.ee\/?s={search_term_string}"},"query-input":{"@type":"PropertyValueSpecification","valueRequired":true,"valueName":"search_term_string"}}],"inLanguage":"fi"},{"@type":"Organization","@id":"https:\/\/miumjau.ee\/#organization","name":"MiuMjau O\u00dc","url":"https:\/\/miumjau.ee\/","logo":{"@type":"ImageObject","inLanguage":"fi","@id":"https:\/\/miumjau.ee\/#\/schema\/logo\/image\/","url":"https:\/\/miumjau.ee\/wp-content\/uploads\/2022\/04\/MiuMjau-logo-kollane.png","contentUrl":"https:\/\/miumjau.ee\/wp-content\/uploads\/2022\/04\/MiuMjau-logo-kollane.png","width":219,"height":100,"caption":"MiuMjau O\u00dc"},"image":{"@id":"https:\/\/miumjau.ee\/#\/schema\/logo\/image\/"},"sameAs":["https:\/\/www.facebook.com\/miumjaupood\/"]}]}},"_links":{"self":[{"href":"https:\/\/miumjau.ee\/fi\/wp-json\/wp\/v2\/pages\/13831","targetHints":{"allow":["GET"]}}],"collection":[{"href":"https:\/\/miumjau.ee\/fi\/wp-json\/wp\/v2\/pages"}],"about":[{"href":"https:\/\/miumjau.ee\/fi\/wp-json\/wp\/v2\/types\/page"}],"author":[{"embeddable":true,"href":"https:\/\/miumjau.ee\/fi\/wp-json\/wp\/v2\/users\/1"}],"replies":[{"embeddable":true,"href":"https:\/\/miumjau.ee\/fi\/wp-json\/wp\/v2\/comments?post=13831"}],"version-history":[{"count":2,"href":"https:\/\/miumjau.ee\/fi\/wp-json\/wp\/v2\/pages\/13831\/revisions"}],"predecessor-version":[{"id":13870,"href":"https:\/\/miumjau.ee\/fi\/wp-json\/wp\/v2\/pages\/13831\/revisions\/13870"}],"wp:attachment":[{"href":"https:\/\/miumjau.ee\/fi\/wp-json\/wp\/v2\/media?parent=13831"}],"curies":[{"name":"wp","href":"https:\/\/api.w.org\/{rel}","templated":true}]}}