{"id":13032,"date":"2022-04-05T12:30:45","date_gmt":"2022-04-05T09:30:45","guid":{"rendered":"https:\/\/miumjau.ee\/?page_id=13032"},"modified":"2024-07-10T16:52:39","modified_gmt":"2024-07-10T13:52:39","slug":"usein-kysytyt-kysymykset","status":"publish","type":"page","link":"https:\/\/miumjau.ee\/fi\/usein-kysytyt-kysymykset\/","title":{"rendered":"Usein kysytyt kysymykset"},"content":{"rendered":"<div class=\"fusion-fullwidth fullwidth-box fusion-builder-row-1 fusion-flex-container nonhundred-percent-fullwidth non-hundred-percent-height-scrolling\" style=\"--awb-border-radius-top-left:0px;--awb-border-radius-top-right:0px;--awb-border-radius-bottom-right:0px;--awb-border-radius-bottom-left:0px;--awb-flex-wrap:wrap;\" ><div class=\"fusion-builder-row fusion-row fusion-flex-align-items-flex-start fusion-flex-content-wrap\" style=\"max-width:1248px;margin-left: calc(-4% \/ 2 );margin-right: calc(-4% \/ 2 );\"><div class=\"fusion-layout-column fusion_builder_column fusion-builder-column-0 fusion_builder_column_4_5 4_5 fusion-flex-column\" style=\"--awb-bg-size:cover;--awb-width-large:80%;--awb-margin-top-large:0px;--awb-spacing-right-large:2.4%;--awb-margin-bottom-large:0px;--awb-spacing-left-large:2.4%;--awb-width-medium:80%;--awb-spacing-right-medium:2.4%;--awb-spacing-left-medium:2.4%;--awb-width-small:100%;--awb-spacing-right-small:1.92%;--awb-spacing-left-small:1.92%;\"><div class=\"fusion-column-wrapper fusion-flex-justify-content-flex-start fusion-content-layout-column\"><div class=\"fusion-text fusion-text-1\" style=\"--awb-text-transform:none;\"><h2>Kuidas valita &#8221;\u00f5ige&#8221; raapimispuu?<\/h2>\n<p>Paras tapa valita oikea raapimispuu on tulla paikan p\u00e4\u00e4lle ja n\u00e4hd\u00e4 se omin silmin. T\u00e4m\u00e4 on ainoa tapa, jolla voit varmistua siit\u00e4, kuinka suuri tuote on, millaisesta materiaalista se on valmistettu ja mitk\u00e4 ovat sen mahdollisuudet kissalle. Usein n\u00e4yt\u00f6n kautta esitetyist\u00e4 mitoista ei voi selv\u00e4sti ymm\u00e4rt\u00e4\u00e4, kuinka suuri tai pieni raapimispuu todellisuudessa on. On eritt\u00e4in t\u00e4rke\u00e4\u00e4 varmistua, ett\u00e4 mitat sopivat, esimerkiksi ett\u00e4 kissa mahtuu makuuplatformille ja majan sis\u00e4\u00e4nk\u00e4ynti on kissalle sopiva. Tuotteen paino on my\u00f6s pieni merkki siit\u00e4, mik\u00e4 paino kissalle sopii. (Esimerkiksi 3 kg painava pieni raapimispuu ei sovi varmasti 3 kg painavalle kissalle, koska se ei kest\u00e4, kaatuu ja hajoaa, eik\u00e4 kissa mahdu sille istumaan). Jos tilaa on, suuret raapimispuut ovat yleens\u00e4 turvallinen valinta, erityisesti lahjaksi annettaessa. Mieti, tarvitseeko kissa ehdottomasti majaa, haluaako se piiloutua. Onko sille t\u00e4rkeit\u00e4 raapimispylv\u00e4it\u00e4, tulisiko niit\u00e4 olla enemm\u00e4n? Kuinka hyv\u00e4 hypp\u00e4\u00e4j\u00e4 se on, tarvitseeko puu olla korkea ja hyppyyn vakaa, jotta se ei kaadu? Onko kissaa vaivaavia lapsia tai koiria, tarvitaanko korkeampaa tasoa? Ennen ostop\u00e4\u00e4t\u00f6st\u00e4 olisi hyv\u00e4 mietti\u00e4 n\u00e4ihin kaikkiin kysymyksiin l\u00f6yt\u00e4\u00e4ksesi parhaan mahdollisen mallin kissallesi. Kysymyksi\u00e4 voi aina esitt\u00e4\u00e4 konsultaatiossa. Olemme valmiita neuvomaan tiet\u00e4myksemme mukaan.<\/p>\n<h2>Kuinka nopeasti tilauksen k\u00e4sittely tapahtuu?<\/h2>\n<p>Teemme parhaamme, ett\u00e4 kaikki kuriiri- ja pakettiautomaattil\u00e4hetykset l\u00e4hetet\u00e4\u00e4n 48 tunnin kuluessa maksun saapumisesta (arkip\u00e4ivin\u00e4). Poikkeustapauksissa voi kest\u00e4\u00e4 kauemmin. Jos tarve on erityisen kiire, suosittelemme tarvittaessa noutamaan tuotteen itse.<\/p>\n<h2>Paljonko tuotteen toimitus maksaa?<\/h2>\n<p>Tuotteen toimitus riippumatta mallista on huhtikuun 2022 tilanteen mukaan 8 euroa pakettia kohti. P\u00e4ivit\u00e4mme hintaa k\u00e4ytetyn kuriirin hinnaston mukaisesti. Pakettiautomaatin hinnoittelu on palveluntarjoajan automaattinen. Pakkauskustannuksia tai muita maksuja ei lis\u00e4t\u00e4 hintaan, vain todellinen kuljetuskustannus.<\/p>\n<h2>Voiko tuotteen noutaa itse?<\/h2>\n<p>Tuotetta voi noutaa sovittuna aikana osoitteesta K\u00e4bliku 5, Tallinna. Ajan voi sopia soittamalla numeroon 58121217.<\/p>\n<h2>Onko tuotteelle takuuta?<\/h2>\n<p>Tuotteelle my\u00f6nnet\u00e4\u00e4n takuu Viron lains\u00e4\u00e4d\u00e4nn\u00f6n mukaisesti. Jos tuotteessa ilmenee vikoja, vaihdamme sen v\u00e4litt\u00f6m\u00e4sti. Asiakkaan tulee l\u00e4hett\u00e4\u00e4 meille tarkka tieto ja valokuvat kyseisest\u00e4 tuotteesta. Tuotepakkauksen tulee olla tallessa ja tuotetta ei saa olla k\u00e4ytetty. Vian sattuessa kattamme tuotteen kuljetuksen.<\/p>\n<h2>Voiko raapimispuut tulla katsomaan?<\/h2>\n<p>Kaikki raapimispuut voi tulla katsomaan sovittuna aikana osoitteeseen K\u00e4bliku 5, Tallinna. Ajan sopimiseksi soita meille numeroon 58121217 tai l\u00e4het\u00e4 s\u00e4hk\u00f6postia osoitteeseen info@miumjau.ee<\/p>\n<\/div><\/div><\/div><\/div><\/div>\n","protected":false},"excerpt":{"rendered":"","protected":false},"author":1,"featured_media":0,"parent":0,"menu_order":0,"comment_status":"closed","ping_status":"closed","template":"","meta":{"footnotes":""},"class_list":["post-13032","page","type-page","status-publish","hentry"],"yoast_head":"<!-- This site is optimized with the Yoast SEO plugin v27.2 - https:\/\/yoast.com\/product\/yoast-seo-wordpress\/ -->\n<title>Usein kysytyt kysymykset - MiuMjau<\/title>\n<meta name=\"robots\" content=\"index, follow, max-snippet:-1, max-image-preview:large, max-video-preview:-1\" \/>\n<link rel=\"canonical\" href=\"https:\/\/miumjau.ee\/fi\/usein-kysytyt-kysymykset\/\" \/>\n<meta property=\"og:locale\" content=\"fi_FI\" \/>\n<meta property=\"og:type\" content=\"article\" \/>\n<meta property=\"og:title\" content=\"Usein kysytyt kysymykset - MiuMjau\" \/>\n<meta property=\"og:url\" content=\"https:\/\/miumjau.ee\/fi\/usein-kysytyt-kysymykset\/\" \/>\n<meta property=\"og:site_name\" content=\"MiuMjau\" \/>\n<meta property=\"article:publisher\" content=\"https:\/\/www.facebook.com\/miumjaupood\/\" \/>\n<meta property=\"article:modified_time\" content=\"2024-07-10T13:52:39+00:00\" \/>\n<meta name=\"twitter:card\" content=\"summary_large_image\" \/>\n<meta name=\"twitter:label1\" content=\"Arvioitu lukuaika\" \/>\n\t<meta name=\"twitter:data1\" content=\"3 minuuttia\" \/>\n<script type=\"application\/ld+json\" class=\"yoast-schema-graph\">{\"@context\":\"https:\/\/schema.org\",\"@graph\":[{\"@type\":\"WebPage\",\"@id\":\"https:\/\/miumjau.ee\/fi\/usein-kysytyt-kysymykset\/\",\"url\":\"https:\/\/miumjau.ee\/fi\/usein-kysytyt-kysymykset\/\",\"name\":\"Usein kysytyt kysymykset - MiuMjau\",\"isPartOf\":{\"@id\":\"https:\/\/miumjau.ee\/#website\"},\"datePublished\":\"2022-04-05T09:30:45+00:00\",\"dateModified\":\"2024-07-10T13:52:39+00:00\",\"breadcrumb\":{\"@id\":\"https:\/\/miumjau.ee\/fi\/usein-kysytyt-kysymykset\/#breadcrumb\"},\"inLanguage\":\"fi\",\"potentialAction\":[{\"@type\":\"ReadAction\",\"target\":[\"https:\/\/miumjau.ee\/fi\/usein-kysytyt-kysymykset\/\"]}]},{\"@type\":\"BreadcrumbList\",\"@id\":\"https:\/\/miumjau.ee\/fi\/usein-kysytyt-kysymykset\/#breadcrumb\",\"itemListElement\":[{\"@type\":\"ListItem\",\"position\":1,\"name\":\"Home\",\"item\":\"https:\/\/miumjau.ee\/fi\/\"},{\"@type\":\"ListItem\",\"position\":2,\"name\":\"Usein kysytyt kysymykset\"}]},{\"@type\":\"WebSite\",\"@id\":\"https:\/\/miumjau.ee\/#website\",\"url\":\"https:\/\/miumjau.ee\/\",\"name\":\"MiuMjau\",\"description\":\"Kraapimispuud kassidele\",\"publisher\":{\"@id\":\"https:\/\/miumjau.ee\/#organization\"},\"potentialAction\":[{\"@type\":\"SearchAction\",\"target\":{\"@type\":\"EntryPoint\",\"urlTemplate\":\"https:\/\/miumjau.ee\/?s={search_term_string}\"},\"query-input\":{\"@type\":\"PropertyValueSpecification\",\"valueRequired\":true,\"valueName\":\"search_term_string\"}}],\"inLanguage\":\"fi\"},{\"@type\":\"Organization\",\"@id\":\"https:\/\/miumjau.ee\/#organization\",\"name\":\"MiuMjau O\u00dc\",\"url\":\"https:\/\/miumjau.ee\/\",\"logo\":{\"@type\":\"ImageObject\",\"inLanguage\":\"fi\",\"@id\":\"https:\/\/miumjau.ee\/#\/schema\/logo\/image\/\",\"url\":\"https:\/\/miumjau.ee\/wp-content\/uploads\/2022\/04\/MiuMjau-logo-kollane.png\",\"contentUrl\":\"https:\/\/miumjau.ee\/wp-content\/uploads\/2022\/04\/MiuMjau-logo-kollane.png\",\"width\":219,\"height\":100,\"caption\":\"MiuMjau O\u00dc\"},\"image\":{\"@id\":\"https:\/\/miumjau.ee\/#\/schema\/logo\/image\/\"},\"sameAs\":[\"https:\/\/www.facebook.com\/miumjaupood\/\"]}]}<\/script>\n<!-- \/ Yoast SEO plugin. -->","yoast_head_json":{"title":"Usein kysytyt kysymykset - MiuMjau","robots":{"index":"index","follow":"follow","max-snippet":"max-snippet:-1","max-image-preview":"max-image-preview:large","max-video-preview":"max-video-preview:-1"},"canonical":"https:\/\/miumjau.ee\/fi\/usein-kysytyt-kysymykset\/","og_locale":"fi_FI","og_type":"article","og_title":"Usein kysytyt kysymykset - MiuMjau","og_url":"https:\/\/miumjau.ee\/fi\/usein-kysytyt-kysymykset\/","og_site_name":"MiuMjau","article_publisher":"https:\/\/www.facebook.com\/miumjaupood\/","article_modified_time":"2024-07-10T13:52:39+00:00","twitter_card":"summary_large_image","twitter_misc":{"Arvioitu lukuaika":"3 minuuttia"},"schema":{"@context":"https:\/\/schema.org","@graph":[{"@type":"WebPage","@id":"https:\/\/miumjau.ee\/fi\/usein-kysytyt-kysymykset\/","url":"https:\/\/miumjau.ee\/fi\/usein-kysytyt-kysymykset\/","name":"Usein kysytyt kysymykset - MiuMjau","isPartOf":{"@id":"https:\/\/miumjau.ee\/#website"},"datePublished":"2022-04-05T09:30:45+00:00","dateModified":"2024-07-10T13:52:39+00:00","breadcrumb":{"@id":"https:\/\/miumjau.ee\/fi\/usein-kysytyt-kysymykset\/#breadcrumb"},"inLanguage":"fi","potentialAction":[{"@type":"ReadAction","target":["https:\/\/miumjau.ee\/fi\/usein-kysytyt-kysymykset\/"]}]},{"@type":"BreadcrumbList","@id":"https:\/\/miumjau.ee\/fi\/usein-kysytyt-kysymykset\/#breadcrumb","itemListElement":[{"@type":"ListItem","position":1,"name":"Home","item":"https:\/\/miumjau.ee\/fi\/"},{"@type":"ListItem","position":2,"name":"Usein kysytyt kysymykset"}]},{"@type":"WebSite","@id":"https:\/\/miumjau.ee\/#website","url":"https:\/\/miumjau.ee\/","name":"MiuMjau","description":"Kraapimispuud kassidele","publisher":{"@id":"https:\/\/miumjau.ee\/#organization"},"potentialAction":[{"@type":"SearchAction","target":{"@type":"EntryPoint","urlTemplate":"https:\/\/miumjau.ee\/?s={search_term_string}"},"query-input":{"@type":"PropertyValueSpecification","valueRequired":true,"valueName":"search_term_string"}}],"inLanguage":"fi"},{"@type":"Organization","@id":"https:\/\/miumjau.ee\/#organization","name":"MiuMjau O\u00dc","url":"https:\/\/miumjau.ee\/","logo":{"@type":"ImageObject","inLanguage":"fi","@id":"https:\/\/miumjau.ee\/#\/schema\/logo\/image\/","url":"https:\/\/miumjau.ee\/wp-content\/uploads\/2022\/04\/MiuMjau-logo-kollane.png","contentUrl":"https:\/\/miumjau.ee\/wp-content\/uploads\/2022\/04\/MiuMjau-logo-kollane.png","width":219,"height":100,"caption":"MiuMjau O\u00dc"},"image":{"@id":"https:\/\/miumjau.ee\/#\/schema\/logo\/image\/"},"sameAs":["https:\/\/www.facebook.com\/miumjaupood\/"]}]}},"_links":{"self":[{"href":"https:\/\/miumjau.ee\/fi\/wp-json\/wp\/v2\/pages\/13032","targetHints":{"allow":["GET"]}}],"collection":[{"href":"https:\/\/miumjau.ee\/fi\/wp-json\/wp\/v2\/pages"}],"about":[{"href":"https:\/\/miumjau.ee\/fi\/wp-json\/wp\/v2\/types\/page"}],"author":[{"embeddable":true,"href":"https:\/\/miumjau.ee\/fi\/wp-json\/wp\/v2\/users\/1"}],"replies":[{"embeddable":true,"href":"https:\/\/miumjau.ee\/fi\/wp-json\/wp\/v2\/comments?post=13032"}],"version-history":[{"count":1,"href":"https:\/\/miumjau.ee\/fi\/wp-json\/wp\/v2\/pages\/13032\/revisions"}],"predecessor-version":[{"id":13033,"href":"https:\/\/miumjau.ee\/fi\/wp-json\/wp\/v2\/pages\/13032\/revisions\/13033"}],"wp:attachment":[{"href":"https:\/\/miumjau.ee\/fi\/wp-json\/wp\/v2\/media?parent=13032"}],"curies":[{"name":"wp","href":"https:\/\/api.w.org\/{rel}","templated":true}]}}