{"id":13026,"date":"2022-04-05T12:31:12","date_gmt":"2022-04-05T09:31:12","guid":{"rendered":"https:\/\/miumjau.ee\/?page_id=13026"},"modified":"2024-07-13T18:11:07","modified_gmt":"2024-07-13T15:11:07","slug":"myyntiehdot","status":"publish","type":"page","link":"https:\/\/miumjau.ee\/fi\/myyntiehdot\/","title":{"rendered":"Myyntiehdot"},"content":{"rendered":"<div class=\"fusion-fullwidth fullwidth-box fusion-builder-row-1 fusion-flex-container nonhundred-percent-fullwidth non-hundred-percent-height-scrolling\" style=\"--awb-border-radius-top-left:0px;--awb-border-radius-top-right:0px;--awb-border-radius-bottom-right:0px;--awb-border-radius-bottom-left:0px;--awb-flex-wrap:wrap;\" ><div class=\"fusion-builder-row fusion-row fusion-flex-align-items-flex-start fusion-flex-content-wrap\" style=\"max-width:1248px;margin-left: calc(-4% \/ 2 );margin-right: calc(-4% \/ 2 );\"><div class=\"fusion-layout-column fusion_builder_column fusion-builder-column-0 fusion_builder_column_4_5 4_5 fusion-flex-column\" style=\"--awb-bg-size:cover;--awb-width-large:80%;--awb-margin-top-large:0px;--awb-spacing-right-large:2.4%;--awb-margin-bottom-large:0px;--awb-spacing-left-large:2.4%;--awb-width-medium:80%;--awb-spacing-right-medium:2.4%;--awb-spacing-left-medium:2.4%;--awb-width-small:100%;--awb-spacing-right-small:1.92%;--awb-spacing-left-small:1.92%;\"><div class=\"fusion-column-wrapper fusion-flex-justify-content-flex-start fusion-content-layout-column\"><div class=\"fusion-text fusion-text-1\"><p>M\u00fc\u00fcgitingimukset Verkkokauppa https:\/\/miumjau.ee\/ (j\u00e4ljemp\u00e4n\u00e4 Verkkokauppa) omistaa MiuMjau O\u00dc (rekisterikoodi 14687325), osoitteessa K\u00e4bliku 5, Tallinna, 13426, Harjumaa.<\/p>\n<h3>Myyntisopimuksen voimassaolo, tavara- ja hintatiedot Myyntiehdot ovat voimassa<\/h3>\n<p>Verkkokaupasta ostettaessa.<\/p>\n<p>Tieto tuotteista on esitetty Verkkokaupassa suoraan tuotteen kohdalla.<\/p>\n<p>Verkkokaupassa myyt\u00e4vien tuotteiden hinnat on merkitty tuotteiden viereen. Hinnan lis\u00e4ksi perit\u00e4\u00e4n maksu tavaran toimittamisesta.<\/p>\n<p>Tavaran toimituskustannus riippuu ostajan sijainnista ja toimitustavasta. Toimituskustannus n\u00e4ytet\u00e4\u00e4n ostajalle tilauksen yhteydess\u00e4.<\/p>\n<p>Toimituskustannukset Virossa:<\/p>\n<ul>\n<li>Omniva-pakettiautomaatti, alkaen \u2013 3 \u20ac;<\/li>\n<li>Kuriiri kiinte\u00e4 maksu alle 30 kg l\u00e4hetyksille \u2013 8 \u20ac.<\/li>\n<li>Kuriiri kiinte\u00e4 maksu yli 30 kg l\u00e4hetyksille \u2013 15 \u20ac.<\/li>\n<\/ul>\n<p>Tarjoamme t\u00e4ll\u00e4 hetkell\u00e4 kuriiripalvelua my\u00f6s Suomeen, Latviaan ja Liettuaan. Hinnasto n\u00e4ytet\u00e4\u00e4n kassalla automaattisesti tuotteen painon mukaan.<\/p>\n<h3>Tilaaminen<\/h3>\n<p>Tilatakseen tavaraa tulee lis\u00e4t\u00e4 halutut tuotteet ostoskoriin. Tilauksen tekemiseksi tulee t\u00e4ytt\u00e4\u00e4 vaaditut tietokent\u00e4t ja valita sopiva tuotteiden toimitustapa. Sen j\u00e4lkeen n\u00e4ytet\u00e4\u00e4n maksettava summa, joka voidaan maksaa pankkisiirrolla. Ostajalle l\u00e4hetet\u00e4\u00e4n lasku automaattisesti s\u00e4hk\u00f6postiin.<\/p>\n<p>Sopimus astuu voimaan siit\u00e4 hetkest\u00e4, kun maksettava summa on saapunut Verkkokaupan tilille.<\/p>\n<p>Jos tilattua tavaraa ei voida toimittaa varaston loppumisen tai muun syyn vuoksi, siit\u00e4 ilmoitetaan ostajalle mahdollisimman pian ja maksettu raha (mukaan lukien toimituskulut) palautetaan viipym\u00e4tt\u00e4, mutta viimeist\u00e4\u00e4n 14 p\u00e4iv\u00e4n kuluessa ilmoituksen l\u00e4hett\u00e4misest\u00e4.<\/p>\n<h3>Toimitus<\/h3>\n<p>Tavaroita toimitetaan seuraaviin maihin: Euroopan unionin j\u00e4senvaltiot.<\/p>\n<p>Tavaran toimituskulut maksaa ostaja ja vastaava hintatieto n\u00e4ytet\u00e4\u00e4n toimitustavan yhteydess\u00e4.<\/p>\n<p>Viron sis\u00e4iset l\u00e4hetykset saapuvat yleens\u00e4 ostajan m\u00e4\u00e4rittelem\u00e4\u00e4n kohteeseen 1-3 arkip\u00e4iv\u00e4n kuluessa myyntisopimuksen voimaantulosta. Virossa ulkopuolella toimitus tapahtuu 14 kalenterip\u00e4iv\u00e4n kuluessa.<\/p>\n<p>Poikkeuksellisissa tapauksissa on oikeus toimittaa tavara jopa 30 kalenterip\u00e4iv\u00e4n kuluessa.<\/p>\n<h3>Peruutusoikeus<\/h3>\n<p>Tilauksen vastaanottamisen j\u00e4lkeen ostajalla on oikeus peruuttaa Verkkokaupassa tehty sopimus 14 p\u00e4iv\u00e4n kuluessa.<\/p>\n<p>Peruutusoikeus ei koske, jos ostaja on juridinen henkil\u00f6.<\/p>\n<p>14 p\u00e4iv\u00e4n palautusoikeuden k\u00e4ytt\u00e4miseksi tilattua tavaraa ei saa k\u00e4ytt\u00e4\u00e4 muulla tavoin kuin mik\u00e4 on tarpeen tavaran olemuksen, ominaisuuksien ja toiminnan varmistamiseksi samalla tavalla kuin fyysisess\u00e4 myym\u00e4l\u00e4ss\u00e4 tavaraa kokeiltaessa.<\/p>\n<p>Jos tavaraa on k\u00e4ytetty muuhun tarkoitukseen kuin sen olemuksen, ominaisuuksien ja toiminnan varmistamiseksi tai jos siin\u00e4 on k\u00e4yt\u00f6n tai kulumisen merkkej\u00e4, Verkkokaupalla on oikeus alentaa palautettavaa summaa tavaran arvon alenemisen mukaisesti. (Yleens\u00e4 pyyd\u00e4mme l\u00e4hett\u00e4m\u00e4\u00e4n tuotteesta kuvia osoittaaksemme, ett\u00e4 sit\u00e4 ei ole k\u00e4ytetty)<\/p>\n<p>Tavaran palauttamiseksi tulee tehd\u00e4 peruuttamisilmoitus ja l\u00e4hett\u00e4\u00e4 se s\u00e4hk\u00f6postitse osoitteeseen miumjaupood@gmail.com viimeist\u00e4\u00e4n 14 p\u00e4iv\u00e4n kuluessa tavaran vastaanottamisesta.<\/p>\n<p>Tavaran palautuskustannukset maksaa ostaja, paitsi jos palauttamisen syyn\u00e4 on se, ett\u00e4 palautettava tavara ei vastaa tilattua (esim. v\u00e4\u00e4r\u00e4 tai viallinen).<\/p>\n<p>Ostajan tulee palauttaa tavara 14 p\u00e4iv\u00e4n kuluessa peruuttamisilmoituksen tekemisest\u00e4 tai esitt\u00e4\u00e4 todiste, ett\u00e4 tavara on luovutettu kuljetusliikkeelle mainitun ajanjakson aikana. Tavara tulee palauttaa alkuper\u00e4ispakkauksessa, eli samassa pakkauksessa, jossa se saatiin. Tuote tulee palauttaa samassa kunnossa kuin se oli alun perin l\u00e4hetetty. Jos pakkaus on vahingoittunut tai h\u00e4vitetty, siit\u00e4 tulee ilmoittaa myyj\u00e4lle viipym\u00e4tt\u00e4 ja myyj\u00e4ll\u00e4 on oikeus vaatia maksua tavaran arvon alenemisen vuoksi 20 % tuotteen myyntihinnasta. Jos tuotetta on s\u00e4ilytetty ep\u00e4puhtaassa ymp\u00e4rist\u00f6ss\u00e4 tai siin\u00e4 on tarttunut savunhajua, katsomme tuotteen k\u00e4ytetyksi, koska se ei ole palautettu samassa kunnossa kuin se alun perin l\u00e4hetettiin. T\u00e4m\u00e4 johtuu yksinkertaisesta syyst\u00e4, ett\u00e4 raapimispuut sis\u00e4lt\u00e4v\u00e4t paljon tekstiili\u00e4, joka imee itseens\u00e4 kaikki hajut.<\/p>\n<p>Verkkokauppa palauttaa palautetun tavaran vastaanottamisen j\u00e4lkeen ostajalle viipym\u00e4tt\u00e4, mutta viimeist\u00e4\u00e4n 14 p\u00e4iv\u00e4n kuluessa peruuttamisilmoituksen vastaanottamisesta, kaikki ostajalta sopimuksen perusteella saadut maksut. Jos tilaus palautetaan osittain, palautamme tilauksessa maksetun toimituskulun suhteessa palautettujen tuotteiden m\u00e4\u00e4r\u00e4\u00e4n. Tarkastamme tavaran ja jos kaikki ehdot t\u00e4yttyv\u00e4t, palautamme ostosumman viipym\u00e4tt\u00e4.<\/p>\n<p>Verkkokauppa voi kielt\u00e4yty\u00e4 maksujen palauttamisesta, kunnes se on saanut sopimuksen kohteena olevan tavaran takaisin tai kunnes ostaja on esitt\u00e4nyt todisteet, ett\u00e4 tavara on l\u00e4hetetty takaisin, riippuen siit\u00e4, kumpi tapahtuu ensin.<\/p>\n<p>Jos ostaja on nimenomaisesti valinnut Verkkokaupan tarjoamasta halvimmasta tavallisesta toimitustavasta poikkeavan toimitustavan, Verkkokauppa ei ole velvollinen palauttamaan kulua, joka ylitt\u00e4\u00e4 tavallisen toimitustavan kustannuksen.<\/p>\n<p>Verkkokaupalla on oikeus peruuttaa myyntisopimus ja vaatia ostajalta tavaran palauttamista, jos tuotteen hinta Verkkokaupassa on virheen vuoksi merkitty huomattavasti alle tuotteen markkinahinnan.<\/p>\n<h3>Reklamaatio-oikeus<\/h3>\n<p>Verkkokauppa vastaa ostajalle myydyn tavaran sopimusehtojen vastaisuudesta tai viasta, joka oli olemassa jo tavaran luovutushetkell\u00e4 ja joka ilmenee kahden vuoden kuluessa tavaran luovutuksesta ostajalle. Ensimm\u00e4isen kuuden kuukauden aikana tavaran luovutuksesta ostajalle oletetaan, ett\u00e4 vika oli olemassa jo tavaran luovutushetkell\u00e4. Kyseisen oletuksen kumoaminen on Verkkokaupan vastuulla.<\/p>\n<p>Ostajalla on oikeus vian ilmetess\u00e4 ottaa yhteytt\u00e4 Verkkokauppaan viimeist\u00e4\u00e4n kahden kuukauden kuluessa, l\u00e4hett\u00e4m\u00e4ll\u00e4 s\u00e4hk\u00f6postia osoitteeseen miumjaupood@gmail.com tai soittamalla numeroon: +372 5812 1217.<\/p>\n<p>Verkkokauppa ei vastaa vioista, jotka ovat syntyneet tavaran luovutuksen j\u00e4lkeen ostajalle.<\/p>\n<p>Jos Verkkokaupasta ostetussa tavarassa on vikoja, joista Verkkokauppa on vastuussa, Verkkokauppa korjaa tai vaihtaa viallisen tavaran. Jos tavaraa ei ole mahdollista korjata tai vaihtaa, Verkkokauppa palauttaa ostajalle kaikki myyntisopimukseen liittyv\u00e4t maksut.<\/p>\n<p>Verkkokauppa vastaa kuluttajan tekem\u00e4\u00e4n valitukseen kirjallisesti tai kirjallisesti toistettavassa muodossa 15 p\u00e4iv\u00e4n kuluessa.<\/p>\n<h3>Henkil\u00f6tietojen k\u00e4sittely<\/h3>\n<p>Verkkokauppa k\u00e4ytt\u00e4\u00e4 ostajan antamia henkil\u00f6tietoja (ml. nimi, puhelinnumero, osoite, s\u00e4hk\u00f6postiosoite, pankkitiedot) vain tilauksen k\u00e4sittelyyn ja tavaran l\u00e4hett\u00e4miseen ostajalle. Verkkokauppa v\u00e4litt\u00e4\u00e4 henkil\u00f6tietoja kuljetuspalvelua tarjoaville yrityksille tavaran toimittamiseksi.<\/p>\n<h3>Riitojen ratkaisu<\/h3>\n<p>Jos ostajalla on Verkkokauppaa koskevia valituksia, ne tulee l\u00e4hett\u00e4\u00e4 s\u00e4hk\u00f6postitse osoitteeseen miumjaupood@gmail.com tai soittaa numeroon: +372 5812 1217<\/p>\n<p>Jos ostaja ja Verkkokauppa eiv\u00e4t pysty ratkaisemaan riitaa sopimusteitse, ostaja voi k\u00e4\u00e4nty\u00e4 Kuluttajariitalautakunnan puoleen. K\u00e4sittelyehdot l\u00f6ytyv\u00e4t ja hakemus voidaan tehd\u00e4<a href=\"https:\/\/komisjon.ee\/et\" target=\"_blank\" rel=\"noopener noreferrer\"> Kuluttajariitalautakunnan verkkosivuilla<\/a>.<\/p>\n<p>Kuluttajariitalautakunta on toimivaltainen ratkaisemaan ostajan ja Verkkokaupan v\u00e4lill\u00e4 tehdyst\u00e4 sopimuksesta johtuvia riitoja. Ostajan valituksen k\u00e4sittely lautakunnassa on maksutonta.<\/p>\n<p>Ostaja voi k\u00e4\u00e4nty\u00e4 my\u00f6s <a href=\"https:\/\/ec.europa.eu\/consumers\/odr\/main\/index.cfm?event=main.home.chooseLanguage\" target=\"_blank\" rel=\"noopener noreferrer\">Euroopan unionin kuluttajariitojen ratkaisufoorumin<\/a> puoleen.<\/p>\n<\/div><\/div><\/div><\/div><\/div>\n","protected":false},"excerpt":{"rendered":"","protected":false},"author":1,"featured_media":0,"parent":0,"menu_order":0,"comment_status":"closed","ping_status":"closed","template":"","meta":{"footnotes":""},"class_list":["post-13026","page","type-page","status-publish","hentry"],"yoast_head":"<!-- This site is optimized with the Yoast SEO plugin v27.2 - https:\/\/yoast.com\/product\/yoast-seo-wordpress\/ -->\n<title>Myyntiehdot - MiuMjau<\/title>\n<meta name=\"robots\" content=\"index, follow, max-snippet:-1, max-image-preview:large, max-video-preview:-1\" \/>\n<link rel=\"canonical\" href=\"https:\/\/miumjau.ee\/fi\/myyntiehdot\/\" \/>\n<meta property=\"og:locale\" content=\"fi_FI\" \/>\n<meta property=\"og:type\" content=\"article\" \/>\n<meta property=\"og:title\" content=\"Myyntiehdot - MiuMjau\" \/>\n<meta property=\"og:url\" content=\"https:\/\/miumjau.ee\/fi\/myyntiehdot\/\" \/>\n<meta property=\"og:site_name\" content=\"MiuMjau\" \/>\n<meta property=\"article:publisher\" content=\"https:\/\/www.facebook.com\/miumjaupood\/\" \/>\n<meta property=\"article:modified_time\" content=\"2024-07-13T15:11:07+00:00\" \/>\n<meta name=\"twitter:card\" content=\"summary_large_image\" \/>\n<meta name=\"twitter:label1\" content=\"Arvioitu lukuaika\" \/>\n\t<meta name=\"twitter:data1\" content=\"5 minuuttia\" \/>\n<script type=\"application\/ld+json\" class=\"yoast-schema-graph\">{\"@context\":\"https:\/\/schema.org\",\"@graph\":[{\"@type\":\"WebPage\",\"@id\":\"https:\/\/miumjau.ee\/fi\/myyntiehdot\/\",\"url\":\"https:\/\/miumjau.ee\/fi\/myyntiehdot\/\",\"name\":\"Myyntiehdot - MiuMjau\",\"isPartOf\":{\"@id\":\"https:\/\/miumjau.ee\/#website\"},\"datePublished\":\"2022-04-05T09:31:12+00:00\",\"dateModified\":\"2024-07-13T15:11:07+00:00\",\"breadcrumb\":{\"@id\":\"https:\/\/miumjau.ee\/fi\/myyntiehdot\/#breadcrumb\"},\"inLanguage\":\"fi\",\"potentialAction\":[{\"@type\":\"ReadAction\",\"target\":[\"https:\/\/miumjau.ee\/fi\/myyntiehdot\/\"]}]},{\"@type\":\"BreadcrumbList\",\"@id\":\"https:\/\/miumjau.ee\/fi\/myyntiehdot\/#breadcrumb\",\"itemListElement\":[{\"@type\":\"ListItem\",\"position\":1,\"name\":\"Home\",\"item\":\"https:\/\/miumjau.ee\/fi\/\"},{\"@type\":\"ListItem\",\"position\":2,\"name\":\"Myyntiehdot\"}]},{\"@type\":\"WebSite\",\"@id\":\"https:\/\/miumjau.ee\/#website\",\"url\":\"https:\/\/miumjau.ee\/\",\"name\":\"MiuMjau\",\"description\":\"Kraapimispuud kassidele\",\"publisher\":{\"@id\":\"https:\/\/miumjau.ee\/#organization\"},\"potentialAction\":[{\"@type\":\"SearchAction\",\"target\":{\"@type\":\"EntryPoint\",\"urlTemplate\":\"https:\/\/miumjau.ee\/?s={search_term_string}\"},\"query-input\":{\"@type\":\"PropertyValueSpecification\",\"valueRequired\":true,\"valueName\":\"search_term_string\"}}],\"inLanguage\":\"fi\"},{\"@type\":\"Organization\",\"@id\":\"https:\/\/miumjau.ee\/#organization\",\"name\":\"MiuMjau O\u00dc\",\"url\":\"https:\/\/miumjau.ee\/\",\"logo\":{\"@type\":\"ImageObject\",\"inLanguage\":\"fi\",\"@id\":\"https:\/\/miumjau.ee\/#\/schema\/logo\/image\/\",\"url\":\"https:\/\/miumjau.ee\/wp-content\/uploads\/2022\/04\/MiuMjau-logo-kollane.png\",\"contentUrl\":\"https:\/\/miumjau.ee\/wp-content\/uploads\/2022\/04\/MiuMjau-logo-kollane.png\",\"width\":219,\"height\":100,\"caption\":\"MiuMjau O\u00dc\"},\"image\":{\"@id\":\"https:\/\/miumjau.ee\/#\/schema\/logo\/image\/\"},\"sameAs\":[\"https:\/\/www.facebook.com\/miumjaupood\/\"]}]}<\/script>\n<!-- \/ Yoast SEO plugin. -->","yoast_head_json":{"title":"Myyntiehdot - MiuMjau","robots":{"index":"index","follow":"follow","max-snippet":"max-snippet:-1","max-image-preview":"max-image-preview:large","max-video-preview":"max-video-preview:-1"},"canonical":"https:\/\/miumjau.ee\/fi\/myyntiehdot\/","og_locale":"fi_FI","og_type":"article","og_title":"Myyntiehdot - MiuMjau","og_url":"https:\/\/miumjau.ee\/fi\/myyntiehdot\/","og_site_name":"MiuMjau","article_publisher":"https:\/\/www.facebook.com\/miumjaupood\/","article_modified_time":"2024-07-13T15:11:07+00:00","twitter_card":"summary_large_image","twitter_misc":{"Arvioitu lukuaika":"5 minuuttia"},"schema":{"@context":"https:\/\/schema.org","@graph":[{"@type":"WebPage","@id":"https:\/\/miumjau.ee\/fi\/myyntiehdot\/","url":"https:\/\/miumjau.ee\/fi\/myyntiehdot\/","name":"Myyntiehdot - MiuMjau","isPartOf":{"@id":"https:\/\/miumjau.ee\/#website"},"datePublished":"2022-04-05T09:31:12+00:00","dateModified":"2024-07-13T15:11:07+00:00","breadcrumb":{"@id":"https:\/\/miumjau.ee\/fi\/myyntiehdot\/#breadcrumb"},"inLanguage":"fi","potentialAction":[{"@type":"ReadAction","target":["https:\/\/miumjau.ee\/fi\/myyntiehdot\/"]}]},{"@type":"BreadcrumbList","@id":"https:\/\/miumjau.ee\/fi\/myyntiehdot\/#breadcrumb","itemListElement":[{"@type":"ListItem","position":1,"name":"Home","item":"https:\/\/miumjau.ee\/fi\/"},{"@type":"ListItem","position":2,"name":"Myyntiehdot"}]},{"@type":"WebSite","@id":"https:\/\/miumjau.ee\/#website","url":"https:\/\/miumjau.ee\/","name":"MiuMjau","description":"Kraapimispuud kassidele","publisher":{"@id":"https:\/\/miumjau.ee\/#organization"},"potentialAction":[{"@type":"SearchAction","target":{"@type":"EntryPoint","urlTemplate":"https:\/\/miumjau.ee\/?s={search_term_string}"},"query-input":{"@type":"PropertyValueSpecification","valueRequired":true,"valueName":"search_term_string"}}],"inLanguage":"fi"},{"@type":"Organization","@id":"https:\/\/miumjau.ee\/#organization","name":"MiuMjau O\u00dc","url":"https:\/\/miumjau.ee\/","logo":{"@type":"ImageObject","inLanguage":"fi","@id":"https:\/\/miumjau.ee\/#\/schema\/logo\/image\/","url":"https:\/\/miumjau.ee\/wp-content\/uploads\/2022\/04\/MiuMjau-logo-kollane.png","contentUrl":"https:\/\/miumjau.ee\/wp-content\/uploads\/2022\/04\/MiuMjau-logo-kollane.png","width":219,"height":100,"caption":"MiuMjau O\u00dc"},"image":{"@id":"https:\/\/miumjau.ee\/#\/schema\/logo\/image\/"},"sameAs":["https:\/\/www.facebook.com\/miumjaupood\/"]}]}},"_links":{"self":[{"href":"https:\/\/miumjau.ee\/fi\/wp-json\/wp\/v2\/pages\/13026","targetHints":{"allow":["GET"]}}],"collection":[{"href":"https:\/\/miumjau.ee\/fi\/wp-json\/wp\/v2\/pages"}],"about":[{"href":"https:\/\/miumjau.ee\/fi\/wp-json\/wp\/v2\/types\/page"}],"author":[{"embeddable":true,"href":"https:\/\/miumjau.ee\/fi\/wp-json\/wp\/v2\/users\/1"}],"replies":[{"embeddable":true,"href":"https:\/\/miumjau.ee\/fi\/wp-json\/wp\/v2\/comments?post=13026"}],"version-history":[{"count":3,"href":"https:\/\/miumjau.ee\/fi\/wp-json\/wp\/v2\/pages\/13026\/revisions"}],"predecessor-version":[{"id":13162,"href":"https:\/\/miumjau.ee\/fi\/wp-json\/wp\/v2\/pages\/13026\/revisions\/13162"}],"wp:attachment":[{"href":"https:\/\/miumjau.ee\/fi\/wp-json\/wp\/v2\/media?parent=13026"}],"curies":[{"name":"wp","href":"https:\/\/api.w.org\/{rel}","templated":true}]}}