{"id":13025,"date":"2022-04-05T12:31:32","date_gmt":"2022-04-05T09:31:32","guid":{"rendered":"https:\/\/miumjau.ee\/?page_id=13025"},"modified":"2024-07-13T17:55:33","modified_gmt":"2024-07-13T14:55:33","slug":"tietosuojakaytanto","status":"publish","type":"page","link":"https:\/\/miumjau.ee\/fi\/tietosuojakaytanto\/","title":{"rendered":"Tietosuojak\u00e4yt\u00e4nt\u00f6"},"content":{"rendered":"<div class=\"fusion-fullwidth fullwidth-box fusion-builder-row-1 fusion-flex-container nonhundred-percent-fullwidth non-hundred-percent-height-scrolling\" style=\"--awb-border-radius-top-left:0px;--awb-border-radius-top-right:0px;--awb-border-radius-bottom-right:0px;--awb-border-radius-bottom-left:0px;--awb-flex-wrap:wrap;\" ><div class=\"fusion-builder-row fusion-row fusion-flex-align-items-flex-start fusion-flex-content-wrap\" style=\"max-width:1248px;margin-left: calc(-4% \/ 2 );margin-right: calc(-4% \/ 2 );\"><div class=\"fusion-layout-column fusion_builder_column fusion-builder-column-0 fusion_builder_column_5_6 5_6 fusion-flex-column\" style=\"--awb-bg-size:cover;--awb-width-large:83.333333333333%;--awb-margin-top-large:0px;--awb-spacing-right-large:2.304%;--awb-margin-bottom-large:0px;--awb-spacing-left-large:2.304%;--awb-width-medium:83.333333333333%;--awb-spacing-right-medium:2.304%;--awb-spacing-left-medium:2.304%;--awb-width-small:100%;--awb-spacing-right-small:1.92%;--awb-spacing-left-small:1.92%;\"><div class=\"fusion-column-wrapper fusion-flex-justify-content-flex-start fusion-content-layout-column\"><div class=\"fusion-text fusion-text-1\"><p>T\u00e4m\u00e4 tietosuojak\u00e4yt\u00e4nt\u00f6 ja ev\u00e4steiden k\u00e4ytt\u00f6tiedote (j\u00e4ljemp\u00e4n\u00e4 tiedote) sis\u00e4lt\u00e4v\u00e4t hy\u00f6dyllist\u00e4 tietoa siit\u00e4, miten ja miksi MiuMjau O\u00dc ker\u00e4\u00e4, k\u00e4sittelee ja jakaa henkil\u00f6tietoja (tietoja). Tietosuojak\u00e4yt\u00e4nt\u00f6 perustuu yleiseen tietosuoja-asetukseen (GDPR \u2013 General Data Protection Regulation).<\/p>\n<p>Tietosuojak\u00e4yt\u00e4nn\u00f6n tavoitteena on suojata asiakkaiden yksityisyytt\u00e4 Viron tasavallan lakien ja Euroopan unionin s\u00e4\u00e4d\u00f6sten mukaisesti.<\/p>\n<p>K\u00e4ytt\u00e4m\u00e4ll\u00e4 verkkosivustoamme hyv\u00e4ksyt ev\u00e4steiden k\u00e4yt\u00f6n ja henkil\u00f6tietojen k\u00e4sittelyehdot, kuten tietosuojak\u00e4yt\u00e4nn\u00f6ss\u00e4mme ja ev\u00e4steiden k\u00e4yt\u00f6ss\u00e4 on kuvattu.<\/p>\n<p>Voimassa 10.01.2019 alkaen.<\/p>\n<h3>Henkil\u00f6tietojen ker\u00e4\u00e4minen ja k\u00e4ytt\u00f6<\/h3>\n<p>&#8221;Henkil\u00f6tiedot&#8221; ovat mit\u00e4 tahansa tietoja tunnistetusta tai tunnistettavasta luonnollisesta henkil\u00f6st\u00e4, kuten nimi, osoite, s\u00e4hk\u00f6postiosoite sek\u00e4 tiedot verkkosivustomme vierailuista, sosiaalisen median kanavista ja palveluidemme k\u00e4yt\u00f6st\u00e4.<\/p>\n<p>K\u00e4sittelemme henkil\u00f6tietoja t\u00e4ytt\u00e4\u00e4ksemme sopimusvelvoitteemme sek\u00e4 tarjotaksemme potentiaalisille asiakkaille laadukkaampaa palvelua ja tietoa.<\/p>\n<p>MiuMjau O\u00dc markkinointikanavista (mukaan lukien verkkosivusto) ker\u00e4\u00e4mme tietoja niiden k\u00e4yt\u00f6st\u00e4 ja potentiaalisten asiakkaiden kiinnostuksen kohteista ymm\u00e4rt\u00e4\u00e4ksemme paremmin asiakkaidemme todellisia tarpeita, tarjotaksemme laadukkaampaa tietoa ja parantaaksemme verkkosivuston toiminnallisuutta ja k\u00e4ytt\u00e4j\u00e4yst\u00e4v\u00e4llisyytt\u00e4.<\/p>\n<p>T\u00e4ss\u00e4 tapauksessa k\u00e4sittelyn oikeusperusteena on oikeutettu etumme ymm\u00e4rt\u00e4\u00e4 paremmin asiakkaiden tarpeita ja tarjota parempaa palvelua.<\/p>\n<p>Esimerkiksi MiuMjau O\u00dc k\u00e4sittelee tietoja asiakkaan ostok\u00e4ytt\u00e4ytymisest\u00e4 tarjotakseen asiakkaalle h\u00e4nen suosimiaan tarjouksia ja sis\u00e4lt\u00f6\u00e4.<\/p>\n<p>MiuMjau O\u00dc on henkil\u00f6tietojen rekisterinpit\u00e4j\u00e4 ja kysymyksiss\u00e4 voit kirjoittaa osoitteeseen miumjaupood@gmail.com<\/p>\n<p>Henkil\u00f6tietojen ker\u00e4\u00e4minen voi tapahtua seuraavilla tavoilla:<\/p>\n<ul>\n<li>Yhteystietojen (kuten nimen, postiosoitteen, puhelinnumeron, s\u00e4hk\u00f6postiosoitteen) antaminen verkkosivustollamme tai muualla (esim. koulutuksessa, ty\u00f6pajassa, messuilla);<\/li>\n<li>Verkkosivuston k\u00e4ytt\u00f6 ev\u00e4steiden (cookies) kautta (kuten selaimen tyyppi, laitetyyppi, k\u00e4ytt\u00f6liittym\u00e4n kieli, verkkosivuston osoite, josta k\u00e4ytt\u00e4j\u00e4 saapui, mit\u00e4 sis\u00e4lt\u00f6sivuja tarkasteli sek\u00e4 k\u00e4ytt\u00e4j\u00e4n IP-osoite ja muut liikennetiedot);<\/li>\n<li>Oston tai tilauksen tekeminen ty\u00f6pajassamme, koulutuksessa, messuilla tai verkkokaupassa;<\/li>\n<li>K\u00e4ytt\u00e4j\u00e4n toimet MiuMjau O\u00dc s\u00e4hk\u00f6postien yhteydess\u00e4;<\/li>\n<li>Muut henkil\u00f6tiedot, jotka olette julkisesti saataville asettaneet tai jotka ovat saatavilla kolmansien osapuolten sosiaalisissa verkostoissa kuten LinkedIn, Facebook, Google Plus, Instagram jne. MiuMjau O\u00dc ei k\u00e4sittele rekisterinpit\u00e4j\u00e4n\u00e4 erityisi\u00e4 henkil\u00f6tietoryhmi\u00e4.<\/li>\n<\/ul>\n<h3>Miten tietoja ker\u00e4t\u00e4\u00e4n<\/h3>\n<p>Yleisesti ottaen ker\u00e4\u00e4mme henkil\u00f6tietoja suoraan tietosubjekteilta ja heid\u00e4n suostumuksellaan. Lis\u00e4ksi k\u00e4yt\u00e4mme automaattisia tietojenker\u00e4ysty\u00f6kaluja, mukaan lukien ev\u00e4steit\u00e4 ja muita seurantaty\u00f6kaluja, optimoidaksemme verkkosivustomme k\u00e4ytt\u00f6kokemusta ja tarjotaksemme asiakkaillemme parempia palveluja.<\/p>\n<h3>Ev\u00e4steet ja niist\u00e4 vapautuminen<\/h3>\n<p>Ev\u00e4ste (cookie) on pieni tekstitiedosto, jonka verkkopalvelin l\u00e4hett\u00e4\u00e4 k\u00e4ytt\u00e4j\u00e4n verkkoselaimeen ja joka tallennetaan k\u00e4ytt\u00e4j\u00e4n tietokoneen kiintolevylle. Se mahdollistaa k\u00e4ytt\u00e4j\u00e4n asetusten, kuten tekstikoon, k\u00e4ytt\u00f6liittym\u00e4n kielen, laitteen tiedot, k\u00e4vij\u00e4tilastot jne. muistamisen.<\/p>\n<p>Kaikki verkkoselaimet on oletuksena asetettu hyv\u00e4ksym\u00e4\u00e4n ev\u00e4steit\u00e4, mutta selainasetuksia voidaan yleens\u00e4 muuttaa siten, ett\u00e4 selain kielt\u00e4ytyy ev\u00e4steist\u00e4 kokonaan, est\u00e4\u00e4 kolmannen osapuolen ev\u00e4steet tai ilmoittaa k\u00e4ytt\u00e4j\u00e4lle jokaisesta l\u00e4hetetyst\u00e4 ev\u00e4steest\u00e4.<\/p>\n<p>MiuMjau O\u00dc k\u00e4ytt\u00e4\u00e4 seuraavia ev\u00e4steit\u00e4:<\/p>\n<ul>\n<li>Istuntoev\u00e4steet (v\u00e4liaikaiset ev\u00e4steet), joiden tarkoituksena on mahdollistaa palvelun k\u00e4ytt\u00f6.<\/li>\n<li>Pysyv\u00e4t ev\u00e4steet (tallentuvat k\u00e4ytt\u00e4j\u00e4n tietokoneelle selaimen sulkemisen j\u00e4lkeen), joiden tarkoituksena on muistaa asiakkaan valinnat MiuMjau O\u00dc verkkosivustoilla.<\/li>\n<\/ul>\n<p>Tarkemmin sanottuna MiuMjau O\u00dc k\u00e4ytt\u00e4\u00e4:<\/p>\n<ul>\n<li>Analyyttisi\u00e4 ev\u00e4steit\u00e4, jotka ker\u00e4\u00e4v\u00e4t tietoja siit\u00e4, miten verkkosivustoa k\u00e4ytet\u00e4\u00e4n. Esimerkiksi, mit\u00e4 sis\u00e4lt\u00f6sivuja vieraillaan eniten tai mit\u00e4 vierailijat etsiv\u00e4t verkkosivustolta jne. N\u00e4m\u00e4 ev\u00e4steet eiv\u00e4t ker\u00e4\u00e4 tietoja, jotka mahdollistavat verkkosivuston k\u00e4ytt\u00e4j\u00e4n suoran tunnistamisen. N\u00e4ihin kuuluvat esim. Google Analyticsin ja Hotjarin ev\u00e4steet.<\/li>\n<li>Kolmannen osapuolen ev\u00e4steit\u00e4, kuten YouTube ja Google Maps. Sijaintikarttoja ja videoita ei n\u00e4ytet\u00e4, jos yksityisyydensuojan ehtoja ei ole hyv\u00e4ksytty. T\u00e4m\u00e4n teknisen mahdollisuuden varmistamiseksi k\u00e4yt\u00e4mme Avada-muotoilun luomaa privacy_embeds-ev\u00e4stett\u00e4.<\/li>\n<\/ul>\n<p>K\u00e4ytt\u00e4j\u00e4ll\u00e4 on oikeus kielt\u00e4yty\u00e4 ev\u00e4steiden tallentamisesta tietokoneelleen. T\u00e4ss\u00e4 tapauksessa k\u00e4ytt\u00e4j\u00e4n tulee muuttaa verkkoselaimensa asetuksia.<\/p>\n<p>Ohjeet yleisimpien verkkoselaimien asetusten muuttamiseen:<\/p>\n<p>Internet Explorer: http:\/\/support.microsoft.com\/kb\/278835<br \/>\nChrome: https:\/\/support.google.com\/chrome\/answer\/95647?hl=en<br \/>\nFirefox: http:\/\/support.mozilla.org\/en-US\/kb\/Clear%20Recent%20History<br \/>\nOpera: http:\/\/www.opera.com\/browser\/tutorials\/security\/privacy<br \/>\nSafari: https:\/\/support.apple.com\/guide\/safari\/manage-cookies-and-website-data-sfri11471\/mac<\/p>\n<p>Ev\u00e4steiden est\u00e4minen saattaa vaikuttaa siihen, ett\u00e4 kaikki verkkosivuston toiminnot eiv\u00e4t ole en\u00e4\u00e4 k\u00e4ytt\u00e4j\u00e4n k\u00e4ytett\u00e4viss\u00e4.<\/p>\n<h3>Henkil\u00f6tietojen jakaminen<\/h3>\n<p>MiuMjau O\u00dc ei siirr\u00e4 asiakastietoja Euroopan (EU) talousalueen ulkopuolelle.<\/p>\n<p>MiuMjau O\u00dc ei jaa asiakkaan henkil\u00f6tietoja kolmansille osapuolille, paitsi alla mainituissa tapauksissa. Kaikkia tietoja k\u00e4ytet\u00e4\u00e4n vain yhteydenpitoon ja paremman tuotteen tai palvelun tarjoamiseen.<\/p>\n<p>Voimme jakaa henkil\u00f6tietojasi seuraavissa tapauksissa:<\/p>\n<p>Tilattujen tuotteiden toimitus \u2013 kuljetuspalveluita v\u00e4litt\u00e4v\u00e4t tai tarjoavat henkil\u00f6t, laitokset ja organisaatiot.<br \/>\nVelkojen perint\u00e4 \u2013 perint\u00e4palvelujen tarjoajat, maksuh\u00e4iri\u00f6rekisterit.<br \/>\nValtion valvontaviranomaiset ja poliisi.<br \/>\nJulkinen palaute asiakkaan suostumuksella.<\/p>\n<h3>Henkil\u00f6tietojen (tietojen) turvallisuus, k\u00e4ytt\u00f6 ja s\u00e4ilytt\u00e4minen<\/h3>\n<p><strong>Henkil\u00f6tietojen turvallisuus<\/strong><\/p>\n<p>Henkil\u00f6tietojen turvallinen s\u00e4ilytt\u00e4minen on MiuMjau O\u00dc korkein turvallisuusprioriteetti. Pyrimme tekem\u00e4\u00e4n kaiken mahdollisen luvattoman p\u00e4\u00e4syn, tietojen julkistamisen ja muun lainvastaisen k\u00e4sittelyn est\u00e4miseksi. Suojaamme henkil\u00f6tietojen luottamuksellisuutta ja koskemattomuutta sek\u00e4 varmistamme tietojen saatavuuden voimassa olevien s\u00e4\u00e4d\u00f6sten mukaisesti.<\/p>\n<p>Olemme ottaneet k\u00e4ytt\u00f6\u00f6n kohtuulliset ja riitt\u00e4v\u00e4t organisatoriset toimenpiteet sek\u00e4 tekniset ja fyysiset rajoitukset ker\u00e4\u00e4miemme ja k\u00e4sittelemiemme henkil\u00f6tietojen suojaamiseksi. K\u00e4ytett\u00e4v\u00e4t toimenpiteet riippuvat henkil\u00f6tietojen tyypist\u00e4 ja niiden julkistamisen mahdollisista seurauksista.<\/p>\n<p>MiuMjau O\u00dc on ottanut k\u00e4ytt\u00f6\u00f6n tarvittavat tekniset, fyysiset ja organisatoriset turvatoimet asiakkaiden henkil\u00f6tietojen (tietojen) suojaamiseksi katoamiselta ja laittomalta k\u00e4sittelylt\u00e4.<\/p>\n<p>Kaikkia MiuMjau O\u00dc verkkokaupan vierailujen ja ostosten aikana saatuja asiakkaan henkil\u00f6tietoja k\u00e4sitell\u00e4\u00e4n luottamuksellisina tietoina. Pankkien kanssa k\u00e4ytetty salattu tietoliikennekanava varmistaa ostajan henkil\u00f6tietojen ja pankkitietojen turvallisuuden.<\/p>\n<p><strong>S\u00e4ilytysaika \u2013 kuinka kauan s\u00e4ilyt\u00e4mme henkil\u00f6tietoja?<\/strong><\/p>\n<p>MiuMjau O\u00dc s\u00e4ilytt\u00e4\u00e4 henkil\u00f6tietoja vain niin kauan kuin on tarpeen niiden ker\u00e4\u00e4mistarkoituksen saavuttamiseksi. S\u00e4ilytysaika riippuu my\u00f6s tarpeesta vastata tietosubjektien kyselyihin, ratkaista ongelmia ja t\u00e4ytt\u00e4\u00e4 lainmukaiset asiakirjojen s\u00e4ilytysvaatimukset.<\/p>\n<p>Kun emme en\u00e4\u00e4 tarvitse henkil\u00f6tietoja ja lains\u00e4\u00e4d\u00e4nt\u00f6 ei vaadi niiden s\u00e4ilytt\u00e4mist\u00e4, poistamme kyseiset henkil\u00f6tiedot.<\/p>\n<p>Saatamme jatkaa kyseisten tietojen k\u00e4ytt\u00f6\u00e4 tilastollisiin tarkoituksiin, mutta vain pseudonymisoidussa tai anonymisoidussa muodossa.<\/p>\n<p>Jos sinulla on kysymyksi\u00e4, ota yhteytt\u00e4 osoitteeseen miumjaupood@gmail.com.<\/p>\n<h3>Asiakkaan (tietosubjektin) oikeudet<\/h3>\n<p>Asiakkaalla on oikeus p\u00e4\u00e4st\u00e4 k\u00e4siksi MiuMjau O\u00dc k\u00e4sittelemiin omiin henkil\u00f6tietoihinsa ja oikeus vaatia virheellisten henkil\u00f6tietojen korjaamista.<\/p>\n<p>Jos asiakkaalla on kysymyksi\u00e4 oikeuksistaan tai h\u00e4n katsoo, ett\u00e4 MiuMjau O\u00dc on rikkonut h\u00e4nen oikeuksiaan henkil\u00f6tietojen (tietojen) k\u00e4sittelyss\u00e4, h\u00e4nen tulee ehdottomasti ottaa yhteytt\u00e4 s\u00e4hk\u00f6postitse osoitteeseen miumjaupood@gmail.com.<\/p>\n<p>Tietosubjektin oikeudet<\/p>\n<p>Oikaisuoikeus \u2013 tietosubjektilla on oikeus vaatia, ett\u00e4 h\u00e4nt\u00e4 koskevat virheelliset henkil\u00f6tiedot korjataan ilman aiheetonta viivytyst\u00e4.<\/p>\n<p>Poisto-oikeus \u2013 tietosubjektilla on oikeus vaatia, ett\u00e4 h\u00e4nen henkil\u00f6tietonsa poistetaan ilman aiheetonta viivytyst\u00e4, kun tietyt lis\u00e4ehdot t\u00e4yttyv\u00e4t.<\/p>\n<p>Tietyiss\u00e4 tapauksissa tietosubjektilla on oikeus rajoittaa omien henkil\u00f6tietojensa k\u00e4sittely\u00e4.<\/p>\n<p>Tietosubjektilla on oikeus tutustua henkil\u00f6tietoihin, joita s\u00e4ilyt\u00e4mme h\u00e4nest\u00e4 ja jotka h\u00e4n on meille antanut, sek\u00e4 oikeus siirt\u00e4\u00e4 n\u00e4m\u00e4 tiedot toiselle rekisterinpit\u00e4j\u00e4lle, jos se on teknisesti mahdollista ja k\u00e4sittely perustuu suostumukseen tai sopimukseen ja tapahtuu automatisoidusti.<\/p>\n<p>Tietosubjektilla on oikeus esitt\u00e4\u00e4 vastalauseita omien henkil\u00f6tietojensa k\u00e4sittely\u00e4 vastaan milloin tahansa, perustuen h\u00e4nen erityiseen tilanteeseensa, mukaan lukien profiloinnin osalta, joka tapahtuu asiaankuuluvien lakien mukaisesti.<\/p>\n<p>Ellei lains\u00e4\u00e4d\u00e4nn\u00f6st\u00e4 muuta johdu, tietosubjektilla on oikeus siihen, ettei h\u00e4nen osaltaan tehd\u00e4 p\u00e4\u00e4t\u00f6st\u00e4, joka perustuu pelk\u00e4st\u00e4\u00e4n automatisoituun k\u00e4sittelyyn, mukaan lukien profilointi, ja joka aiheuttaa h\u00e4nelle oikeudellisia seurauksia tai vaikuttaa h\u00e4neen merkitt\u00e4v\u00e4sti.<\/p>\n<p>Jos henkil\u00f6tietojen k\u00e4sittelyn perusteena on tietosubjektin suostumus, tietosubjektilla on oikeus peruuttaa t\u00e4m\u00e4 suostumus milloin tahansa, ilman ett\u00e4 se vaikuttaa ennen peruuttamista suoritetun k\u00e4sittelyn laillisuuteen.<\/p>\n<p>Jos haluat k\u00e4ytt\u00e4\u00e4 edell\u00e4 mainittuja oikeuksia, ota meihin yhteytt\u00e4.<\/p>\n<p>Jos MiuMjau O\u00dc tarjoama ratkaisu ei tyydyt\u00e4 sinua, sinulla on oikeus k\u00e4\u00e4nty\u00e4 Viron tasavallan tietosuojaviranomaisen ja tuomioistuimen puoleen.<\/p>\n<h3>Muut ehdot<\/h3>\n<p>MiuMjau O\u00dc pid\u00e4tt\u00e4\u00e4 oikeuden muuttaa tietosuojak\u00e4yt\u00e4nt\u00f6\u00e4 ja ev\u00e4steiden k\u00e4ytt\u00f6\u00e4 yksipuolisesti. Tietosuojak\u00e4yt\u00e4nn\u00f6n ja ev\u00e4steiden k\u00e4yt\u00f6n uusin versio on aina saatavilla t\u00e4ll\u00e4 verkkosivustolla.<\/p>\n<p>T\u00e4h\u00e4n tietosuojak\u00e4yt\u00e4nt\u00f6\u00f6n ja ev\u00e4steiden k\u00e4ytt\u00f6\u00f6n sovelletaan Viron tasavallan lakeja. Politiikasta johtuvat kiistat tai vaatimukset k\u00e4sitell\u00e4\u00e4n Tallinnan Harjun k\u00e4r\u00e4j\u00e4oikeudessa.<\/p>\n<\/div><\/div><\/div><\/div><\/div>\n","protected":false},"excerpt":{"rendered":"","protected":false},"author":1,"featured_media":0,"parent":0,"menu_order":0,"comment_status":"closed","ping_status":"closed","template":"","meta":{"footnotes":""},"class_list":["post-13025","page","type-page","status-publish","hentry"],"yoast_head":"<!-- This site is optimized with the Yoast SEO plugin v27.4 - https:\/\/yoast.com\/product\/yoast-seo-wordpress\/ -->\n<title>Tietosuojak\u00e4yt\u00e4nt\u00f6 - MiuMjau<\/title>\n<meta name=\"robots\" content=\"index, follow, max-snippet:-1, max-image-preview:large, max-video-preview:-1\" \/>\n<link rel=\"canonical\" href=\"https:\/\/miumjau.ee\/fi\/tietosuojakaytanto\/\" \/>\n<meta property=\"og:locale\" content=\"fi_FI\" \/>\n<meta property=\"og:type\" content=\"article\" \/>\n<meta property=\"og:title\" content=\"Tietosuojak\u00e4yt\u00e4nt\u00f6 - MiuMjau\" \/>\n<meta property=\"og:url\" content=\"https:\/\/miumjau.ee\/fi\/tietosuojakaytanto\/\" \/>\n<meta property=\"og:site_name\" content=\"MiuMjau\" \/>\n<meta property=\"article:publisher\" content=\"https:\/\/www.facebook.com\/miumjaupood\/\" \/>\n<meta property=\"article:modified_time\" content=\"2024-07-13T14:55:33+00:00\" \/>\n<meta name=\"twitter:card\" content=\"summary_large_image\" \/>\n<meta name=\"twitter:label1\" content=\"Arvioitu lukuaika\" \/>\n\t<meta name=\"twitter:data1\" content=\"6 minuuttia\" \/>\n<script type=\"application\/ld+json\" class=\"yoast-schema-graph\">{\"@context\":\"https:\\\/\\\/schema.org\",\"@graph\":[{\"@type\":\"WebPage\",\"@id\":\"https:\\\/\\\/miumjau.ee\\\/fi\\\/tietosuojakaytanto\\\/\",\"url\":\"https:\\\/\\\/miumjau.ee\\\/fi\\\/tietosuojakaytanto\\\/\",\"name\":\"Tietosuojak\u00e4yt\u00e4nt\u00f6 - MiuMjau\",\"isPartOf\":{\"@id\":\"https:\\\/\\\/miumjau.ee\\\/#website\"},\"datePublished\":\"2022-04-05T09:31:32+00:00\",\"dateModified\":\"2024-07-13T14:55:33+00:00\",\"breadcrumb\":{\"@id\":\"https:\\\/\\\/miumjau.ee\\\/fi\\\/tietosuojakaytanto\\\/#breadcrumb\"},\"inLanguage\":\"fi\",\"potentialAction\":[{\"@type\":\"ReadAction\",\"target\":[\"https:\\\/\\\/miumjau.ee\\\/fi\\\/tietosuojakaytanto\\\/\"]}]},{\"@type\":\"BreadcrumbList\",\"@id\":\"https:\\\/\\\/miumjau.ee\\\/fi\\\/tietosuojakaytanto\\\/#breadcrumb\",\"itemListElement\":[{\"@type\":\"ListItem\",\"position\":1,\"name\":\"Home\",\"item\":\"https:\\\/\\\/miumjau.ee\\\/fi\\\/\"},{\"@type\":\"ListItem\",\"position\":2,\"name\":\"Tietosuojak\u00e4yt\u00e4nt\u00f6\"}]},{\"@type\":\"WebSite\",\"@id\":\"https:\\\/\\\/miumjau.ee\\\/#website\",\"url\":\"https:\\\/\\\/miumjau.ee\\\/\",\"name\":\"MiuMjau\",\"description\":\"Kraapimispuud kassidele\",\"publisher\":{\"@id\":\"https:\\\/\\\/miumjau.ee\\\/#organization\"},\"potentialAction\":[{\"@type\":\"SearchAction\",\"target\":{\"@type\":\"EntryPoint\",\"urlTemplate\":\"https:\\\/\\\/miumjau.ee\\\/?s={search_term_string}\"},\"query-input\":{\"@type\":\"PropertyValueSpecification\",\"valueRequired\":true,\"valueName\":\"search_term_string\"}}],\"inLanguage\":\"fi\"},{\"@type\":\"Organization\",\"@id\":\"https:\\\/\\\/miumjau.ee\\\/#organization\",\"name\":\"MiuMjau O\u00dc\",\"url\":\"https:\\\/\\\/miumjau.ee\\\/\",\"logo\":{\"@type\":\"ImageObject\",\"inLanguage\":\"fi\",\"@id\":\"https:\\\/\\\/miumjau.ee\\\/#\\\/schema\\\/logo\\\/image\\\/\",\"url\":\"https:\\\/\\\/miumjau.ee\\\/wp-content\\\/uploads\\\/2022\\\/04\\\/MiuMjau-logo-kollane.png\",\"contentUrl\":\"https:\\\/\\\/miumjau.ee\\\/wp-content\\\/uploads\\\/2022\\\/04\\\/MiuMjau-logo-kollane.png\",\"width\":219,\"height\":100,\"caption\":\"MiuMjau O\u00dc\"},\"image\":{\"@id\":\"https:\\\/\\\/miumjau.ee\\\/#\\\/schema\\\/logo\\\/image\\\/\"},\"sameAs\":[\"https:\\\/\\\/www.facebook.com\\\/miumjaupood\\\/\"]}]}<\/script>\n<!-- \/ Yoast SEO plugin. -->","yoast_head_json":{"title":"Tietosuojak\u00e4yt\u00e4nt\u00f6 - MiuMjau","robots":{"index":"index","follow":"follow","max-snippet":"max-snippet:-1","max-image-preview":"max-image-preview:large","max-video-preview":"max-video-preview:-1"},"canonical":"https:\/\/miumjau.ee\/fi\/tietosuojakaytanto\/","og_locale":"fi_FI","og_type":"article","og_title":"Tietosuojak\u00e4yt\u00e4nt\u00f6 - MiuMjau","og_url":"https:\/\/miumjau.ee\/fi\/tietosuojakaytanto\/","og_site_name":"MiuMjau","article_publisher":"https:\/\/www.facebook.com\/miumjaupood\/","article_modified_time":"2024-07-13T14:55:33+00:00","twitter_card":"summary_large_image","twitter_misc":{"Arvioitu lukuaika":"6 minuuttia"},"schema":{"@context":"https:\/\/schema.org","@graph":[{"@type":"WebPage","@id":"https:\/\/miumjau.ee\/fi\/tietosuojakaytanto\/","url":"https:\/\/miumjau.ee\/fi\/tietosuojakaytanto\/","name":"Tietosuojak\u00e4yt\u00e4nt\u00f6 - MiuMjau","isPartOf":{"@id":"https:\/\/miumjau.ee\/#website"},"datePublished":"2022-04-05T09:31:32+00:00","dateModified":"2024-07-13T14:55:33+00:00","breadcrumb":{"@id":"https:\/\/miumjau.ee\/fi\/tietosuojakaytanto\/#breadcrumb"},"inLanguage":"fi","potentialAction":[{"@type":"ReadAction","target":["https:\/\/miumjau.ee\/fi\/tietosuojakaytanto\/"]}]},{"@type":"BreadcrumbList","@id":"https:\/\/miumjau.ee\/fi\/tietosuojakaytanto\/#breadcrumb","itemListElement":[{"@type":"ListItem","position":1,"name":"Home","item":"https:\/\/miumjau.ee\/fi\/"},{"@type":"ListItem","position":2,"name":"Tietosuojak\u00e4yt\u00e4nt\u00f6"}]},{"@type":"WebSite","@id":"https:\/\/miumjau.ee\/#website","url":"https:\/\/miumjau.ee\/","name":"MiuMjau","description":"Kraapimispuud kassidele","publisher":{"@id":"https:\/\/miumjau.ee\/#organization"},"potentialAction":[{"@type":"SearchAction","target":{"@type":"EntryPoint","urlTemplate":"https:\/\/miumjau.ee\/?s={search_term_string}"},"query-input":{"@type":"PropertyValueSpecification","valueRequired":true,"valueName":"search_term_string"}}],"inLanguage":"fi"},{"@type":"Organization","@id":"https:\/\/miumjau.ee\/#organization","name":"MiuMjau O\u00dc","url":"https:\/\/miumjau.ee\/","logo":{"@type":"ImageObject","inLanguage":"fi","@id":"https:\/\/miumjau.ee\/#\/schema\/logo\/image\/","url":"https:\/\/miumjau.ee\/wp-content\/uploads\/2022\/04\/MiuMjau-logo-kollane.png","contentUrl":"https:\/\/miumjau.ee\/wp-content\/uploads\/2022\/04\/MiuMjau-logo-kollane.png","width":219,"height":100,"caption":"MiuMjau O\u00dc"},"image":{"@id":"https:\/\/miumjau.ee\/#\/schema\/logo\/image\/"},"sameAs":["https:\/\/www.facebook.com\/miumjaupood\/"]}]}},"_links":{"self":[{"href":"https:\/\/miumjau.ee\/fi\/wp-json\/wp\/v2\/pages\/13025","targetHints":{"allow":["GET"]}}],"collection":[{"href":"https:\/\/miumjau.ee\/fi\/wp-json\/wp\/v2\/pages"}],"about":[{"href":"https:\/\/miumjau.ee\/fi\/wp-json\/wp\/v2\/types\/page"}],"author":[{"embeddable":true,"href":"https:\/\/miumjau.ee\/fi\/wp-json\/wp\/v2\/users\/1"}],"replies":[{"embeddable":true,"href":"https:\/\/miumjau.ee\/fi\/wp-json\/wp\/v2\/comments?post=13025"}],"version-history":[{"count":2,"href":"https:\/\/miumjau.ee\/fi\/wp-json\/wp\/v2\/pages\/13025\/revisions"}],"predecessor-version":[{"id":13160,"href":"https:\/\/miumjau.ee\/fi\/wp-json\/wp\/v2\/pages\/13025\/revisions\/13160"}],"wp:attachment":[{"href":"https:\/\/miumjau.ee\/fi\/wp-json\/wp\/v2\/media?parent=13025"}],"curies":[{"name":"wp","href":"https:\/\/api.w.org\/{rel}","templated":true}]}}