{"id":55095,"date":"2026-03-10T12:36:36","date_gmt":"2026-03-10T10:36:36","guid":{"rendered":"https:\/\/miumjau.ee\/toode\/kong-retractable-leash-terrain-black-m\/"},"modified":"2026-03-10T12:36:36","modified_gmt":"2026-03-10T10:36:36","slug":"kong-retractable-leash-terrain-black-m","status":"publish","type":"product","link":"https:\/\/miumjau.ee\/en\/product\/kong-retractable-leash-terrain-black-m\/","title":{"rendered":"KONG retractable leash, Terrain Black M"},"content":{"rendered":"","protected":false},"excerpt":{"rendered":"<p data-start=\"96\" data-end=\"162\">With KONG retractable leashes, everything is always under control!<\/p>\n<p data-start=\"164\" data-end=\"444\">KONG retractable leashes feature a soft handle that makes them comfortable to hold. The practical and well-designed braking system works smoothly together with you and your dog\u2019s movement. Like all KONG products, these retractable leashes are durable and made with strong quality.<\/p>\n<p data-start=\"446\" data-end=\"460\"><strong data-start=\"446\" data-end=\"460\">Advantages<\/strong><\/p>\n<p data-start=\"462\" data-end=\"617\">Soft and supportive handle<br data-start=\"488\" data-end=\"491\" \/>Easy to brake and lock<br data-start=\"513\" data-end=\"516\" \/>KONG rubber thumb grip<br data-start=\"538\" data-end=\"541\" \/>Anti-twist system and reflective stitching<br data-start=\"583\" data-end=\"586\" \/>Strong metal swivel carabiner<\/p>\n<p data-start=\"619\" data-end=\"633\"><strong data-start=\"619\" data-end=\"633\">Dimensions<\/strong><\/p>\n<p data-start=\"635\" data-end=\"799\">XS: 11.4 \u00d7 15.1 \u00d7 3.2 cm (fits perfectly in a pocket and is easy for children to hold)<br data-start=\"721\" data-end=\"724\" \/>S: 15.4 \u00d7 12.6 \u00d7 3.6 cm<br data-start=\"747\" data-end=\"750\" \/>M: 16.8 \u00d7 14.7 \u00d7 3.8 cm<br data-start=\"773\" data-end=\"776\" \/>L: 22.2 \u00d7 15.9 \u00d7 4 cm<\/p>\n<p data-start=\"801\" data-end=\"819\"><strong data-start=\"801\" data-end=\"819\">Specifications<\/strong><\/p>\n<p data-start=\"821\" data-end=\"1001\">XS: 3 m leash, suitable for dogs 3\u201312 kg<br data-start=\"861\" data-end=\"864\" \/>S: 5 m leash, suitable for dogs up to 20 kg<br data-start=\"907\" data-end=\"910\" \/>M: 5 m leash, suitable for dogs up to 30 kg<br data-start=\"953\" data-end=\"956\" \/>L: 5 m leash, suitable for dogs up to 50 kg<\/p>\n","protected":false},"featured_media":54695,"template":"","meta":[],"product_brand":[],"product_cat":[861],"product_tag":[],"class_list":{"0":"post-55095","1":"product","2":"type-product","3":"status-publish","4":"has-post-thumbnail","6":"product_cat-dog-clothes-footwear","8":"first","9":"instock","10":"taxable","11":"shipping-taxable","12":"purchasable","13":"product-type-simple"},"yoast_head":"<!-- This site is optimized with the Yoast SEO plugin v27.4 - https:\/\/yoast.com\/product\/yoast-seo-wordpress\/ -->\n<title>KONG retractable leash, Terrain Black M - MiuMjau<\/title>\n<meta name=\"robots\" content=\"index, follow, max-snippet:-1, max-image-preview:large, max-video-preview:-1\" \/>\n<link rel=\"canonical\" href=\"https:\/\/miumjau.ee\/en\/product\/kong-retractable-leash-terrain-black-m\/\" \/>\n<meta property=\"og:locale\" content=\"en_US\" \/>\n<meta property=\"og:type\" content=\"article\" \/>\n<meta property=\"og:title\" content=\"KONG retractable leash, Terrain Black M - MiuMjau\" \/>\n<meta property=\"og:description\" content=\"With KONG retractable leashes, everything is always under control! KONG retractable leashes feature a soft handle that makes them comfortable to hold. The practical and well-designed braking system works smoothly together with you and your dog\u2019s movement. Like all KONG products, these retractable leashes are durable and made with strong quality. Advantages Soft and supportive handleEasy to brake and lockKONG rubber thumb gripAnti-twist system and reflective stitchingStrong metal swivel carabiner Dimensions XS: 11.4 \u00d7 15.1 \u00d7 3.2 cm (fits perfectly in a pocket and is easy for children to hold)S: 15.4 \u00d7 12.6 \u00d7 3.6 cmM: 16.8 \u00d7 14.7 \u00d7 3.8 cmL: 22.2 \u00d7 15.9 \u00d7 4 cm Specifications XS: 3 m leash, suitable for dogs 3\u201312 kgS: 5 m leash, suitable for dogs up to 20 kgM: 5 m leash, suitable for dogs up to 30 kgL: 5 m leash, suitable for dogs up to 50 kg\" \/>\n<meta property=\"og:url\" content=\"https:\/\/miumjau.ee\/en\/product\/kong-retractable-leash-terrain-black-m\/\" \/>\n<meta property=\"og:site_name\" content=\"MiuMjau\" \/>\n<meta property=\"article:publisher\" content=\"https:\/\/www.facebook.com\/miumjaupood\/\" \/>\n<meta property=\"og:image\" content=\"https:\/\/miumjau.ee\/wp-content\/uploads\/2026\/03\/KONGTRNMDBK-main.jpg\" \/>\n\t<meta property=\"og:image:width\" content=\"600\" \/>\n\t<meta property=\"og:image:height\" content=\"800\" \/>\n\t<meta property=\"og:image:type\" content=\"image\/jpeg\" \/>\n<meta name=\"twitter:card\" content=\"summary_large_image\" \/>\n<script type=\"application\/ld+json\" class=\"yoast-schema-graph\">{\"@context\":\"https:\\\/\\\/schema.org\",\"@graph\":[{\"@type\":\"WebPage\",\"@id\":\"https:\\\/\\\/miumjau.ee\\\/en\\\/product\\\/kong-retractable-leash-terrain-black-m\\\/\",\"url\":\"https:\\\/\\\/miumjau.ee\\\/en\\\/product\\\/kong-retractable-leash-terrain-black-m\\\/\",\"name\":\"KONG retractable leash, Terrain Black M - MiuMjau\",\"isPartOf\":{\"@id\":\"https:\\\/\\\/miumjau.ee\\\/#website\"},\"primaryImageOfPage\":{\"@id\":\"https:\\\/\\\/miumjau.ee\\\/en\\\/product\\\/kong-retractable-leash-terrain-black-m\\\/#primaryimage\"},\"image\":{\"@id\":\"https:\\\/\\\/miumjau.ee\\\/en\\\/product\\\/kong-retractable-leash-terrain-black-m\\\/#primaryimage\"},\"thumbnailUrl\":\"https:\\\/\\\/miumjau.ee\\\/wp-content\\\/uploads\\\/2026\\\/03\\\/KONGTRNMDBK-main.jpg\",\"datePublished\":\"2026-03-10T10:36:36+00:00\",\"breadcrumb\":{\"@id\":\"https:\\\/\\\/miumjau.ee\\\/en\\\/product\\\/kong-retractable-leash-terrain-black-m\\\/#breadcrumb\"},\"inLanguage\":\"en-US\",\"potentialAction\":[{\"@type\":\"ReadAction\",\"target\":[\"https:\\\/\\\/miumjau.ee\\\/en\\\/product\\\/kong-retractable-leash-terrain-black-m\\\/\"]}]},{\"@type\":\"ImageObject\",\"inLanguage\":\"en-US\",\"@id\":\"https:\\\/\\\/miumjau.ee\\\/en\\\/product\\\/kong-retractable-leash-terrain-black-m\\\/#primaryimage\",\"url\":\"https:\\\/\\\/miumjau.ee\\\/wp-content\\\/uploads\\\/2026\\\/03\\\/KONGTRNMDBK-main.jpg\",\"contentUrl\":\"https:\\\/\\\/miumjau.ee\\\/wp-content\\\/uploads\\\/2026\\\/03\\\/KONGTRNMDBK-main.jpg\",\"width\":600,\"height\":800,\"caption\":\"Kong rullikrihm, Terrain Black M\"},{\"@type\":\"BreadcrumbList\",\"@id\":\"https:\\\/\\\/miumjau.ee\\\/en\\\/product\\\/kong-retractable-leash-terrain-black-m\\\/#breadcrumb\",\"itemListElement\":[{\"@type\":\"ListItem\",\"position\":1,\"name\":\"Home\",\"item\":\"https:\\\/\\\/miumjau.ee\\\/en\\\/\"},{\"@type\":\"ListItem\",\"position\":2,\"name\":\"Shop\",\"item\":\"https:\\\/\\\/miumjau.ee\\\/en\\\/products\\\/\"},{\"@type\":\"ListItem\",\"position\":3,\"name\":\"KONG retractable leash, Terrain Black M\"}]},{\"@type\":\"WebSite\",\"@id\":\"https:\\\/\\\/miumjau.ee\\\/#website\",\"url\":\"https:\\\/\\\/miumjau.ee\\\/\",\"name\":\"MiuMjau\",\"description\":\"Kraapimispuud kassidele\",\"publisher\":{\"@id\":\"https:\\\/\\\/miumjau.ee\\\/#organization\"},\"potentialAction\":[{\"@type\":\"SearchAction\",\"target\":{\"@type\":\"EntryPoint\",\"urlTemplate\":\"https:\\\/\\\/miumjau.ee\\\/?s={search_term_string}\"},\"query-input\":{\"@type\":\"PropertyValueSpecification\",\"valueRequired\":true,\"valueName\":\"search_term_string\"}}],\"inLanguage\":\"en-US\"},{\"@type\":\"Organization\",\"@id\":\"https:\\\/\\\/miumjau.ee\\\/#organization\",\"name\":\"MiuMjau O\u00dc\",\"url\":\"https:\\\/\\\/miumjau.ee\\\/\",\"logo\":{\"@type\":\"ImageObject\",\"inLanguage\":\"en-US\",\"@id\":\"https:\\\/\\\/miumjau.ee\\\/#\\\/schema\\\/logo\\\/image\\\/\",\"url\":\"https:\\\/\\\/miumjau.ee\\\/wp-content\\\/uploads\\\/2022\\\/04\\\/MiuMjau-logo-kollane.png\",\"contentUrl\":\"https:\\\/\\\/miumjau.ee\\\/wp-content\\\/uploads\\\/2022\\\/04\\\/MiuMjau-logo-kollane.png\",\"width\":219,\"height\":100,\"caption\":\"MiuMjau O\u00dc\"},\"image\":{\"@id\":\"https:\\\/\\\/miumjau.ee\\\/#\\\/schema\\\/logo\\\/image\\\/\"},\"sameAs\":[\"https:\\\/\\\/www.facebook.com\\\/miumjaupood\\\/\"]}]}<\/script>\n<!-- \/ Yoast SEO plugin. -->","yoast_head_json":{"title":"KONG retractable leash, Terrain Black M - MiuMjau","robots":{"index":"index","follow":"follow","max-snippet":"max-snippet:-1","max-image-preview":"max-image-preview:large","max-video-preview":"max-video-preview:-1"},"canonical":"https:\/\/miumjau.ee\/en\/product\/kong-retractable-leash-terrain-black-m\/","og_locale":"en_US","og_type":"article","og_title":"KONG retractable leash, Terrain Black M - MiuMjau","og_description":"With KONG retractable leashes, everything is always under control! KONG retractable leashes feature a soft handle that makes them comfortable to hold. The practical and well-designed braking system works smoothly together with you and your dog\u2019s movement. Like all KONG products, these retractable leashes are durable and made with strong quality. Advantages Soft and supportive handleEasy to brake and lockKONG rubber thumb gripAnti-twist system and reflective stitchingStrong metal swivel carabiner Dimensions XS: 11.4 \u00d7 15.1 \u00d7 3.2 cm (fits perfectly in a pocket and is easy for children to hold)S: 15.4 \u00d7 12.6 \u00d7 3.6 cmM: 16.8 \u00d7 14.7 \u00d7 3.8 cmL: 22.2 \u00d7 15.9 \u00d7 4 cm Specifications XS: 3 m leash, suitable for dogs 3\u201312 kgS: 5 m leash, suitable for dogs up to 20 kgM: 5 m leash, suitable for dogs up to 30 kgL: 5 m leash, suitable for dogs up to 50 kg","og_url":"https:\/\/miumjau.ee\/en\/product\/kong-retractable-leash-terrain-black-m\/","og_site_name":"MiuMjau","article_publisher":"https:\/\/www.facebook.com\/miumjaupood\/","og_image":[{"width":600,"height":800,"url":"https:\/\/miumjau.ee\/wp-content\/uploads\/2026\/03\/KONGTRNMDBK-main.jpg","type":"image\/jpeg"}],"twitter_card":"summary_large_image","schema":{"@context":"https:\/\/schema.org","@graph":[{"@type":"WebPage","@id":"https:\/\/miumjau.ee\/en\/product\/kong-retractable-leash-terrain-black-m\/","url":"https:\/\/miumjau.ee\/en\/product\/kong-retractable-leash-terrain-black-m\/","name":"KONG retractable leash, Terrain Black M - MiuMjau","isPartOf":{"@id":"https:\/\/miumjau.ee\/#website"},"primaryImageOfPage":{"@id":"https:\/\/miumjau.ee\/en\/product\/kong-retractable-leash-terrain-black-m\/#primaryimage"},"image":{"@id":"https:\/\/miumjau.ee\/en\/product\/kong-retractable-leash-terrain-black-m\/#primaryimage"},"thumbnailUrl":"https:\/\/miumjau.ee\/wp-content\/uploads\/2026\/03\/KONGTRNMDBK-main.jpg","datePublished":"2026-03-10T10:36:36+00:00","breadcrumb":{"@id":"https:\/\/miumjau.ee\/en\/product\/kong-retractable-leash-terrain-black-m\/#breadcrumb"},"inLanguage":"en-US","potentialAction":[{"@type":"ReadAction","target":["https:\/\/miumjau.ee\/en\/product\/kong-retractable-leash-terrain-black-m\/"]}]},{"@type":"ImageObject","inLanguage":"en-US","@id":"https:\/\/miumjau.ee\/en\/product\/kong-retractable-leash-terrain-black-m\/#primaryimage","url":"https:\/\/miumjau.ee\/wp-content\/uploads\/2026\/03\/KONGTRNMDBK-main.jpg","contentUrl":"https:\/\/miumjau.ee\/wp-content\/uploads\/2026\/03\/KONGTRNMDBK-main.jpg","width":600,"height":800,"caption":"Kong rullikrihm, Terrain Black M"},{"@type":"BreadcrumbList","@id":"https:\/\/miumjau.ee\/en\/product\/kong-retractable-leash-terrain-black-m\/#breadcrumb","itemListElement":[{"@type":"ListItem","position":1,"name":"Home","item":"https:\/\/miumjau.ee\/en\/"},{"@type":"ListItem","position":2,"name":"Shop","item":"https:\/\/miumjau.ee\/en\/products\/"},{"@type":"ListItem","position":3,"name":"KONG retractable leash, Terrain Black M"}]},{"@type":"WebSite","@id":"https:\/\/miumjau.ee\/#website","url":"https:\/\/miumjau.ee\/","name":"MiuMjau","description":"Kraapimispuud kassidele","publisher":{"@id":"https:\/\/miumjau.ee\/#organization"},"potentialAction":[{"@type":"SearchAction","target":{"@type":"EntryPoint","urlTemplate":"https:\/\/miumjau.ee\/?s={search_term_string}"},"query-input":{"@type":"PropertyValueSpecification","valueRequired":true,"valueName":"search_term_string"}}],"inLanguage":"en-US"},{"@type":"Organization","@id":"https:\/\/miumjau.ee\/#organization","name":"MiuMjau O\u00dc","url":"https:\/\/miumjau.ee\/","logo":{"@type":"ImageObject","inLanguage":"en-US","@id":"https:\/\/miumjau.ee\/#\/schema\/logo\/image\/","url":"https:\/\/miumjau.ee\/wp-content\/uploads\/2022\/04\/MiuMjau-logo-kollane.png","contentUrl":"https:\/\/miumjau.ee\/wp-content\/uploads\/2022\/04\/MiuMjau-logo-kollane.png","width":219,"height":100,"caption":"MiuMjau O\u00dc"},"image":{"@id":"https:\/\/miumjau.ee\/#\/schema\/logo\/image\/"},"sameAs":["https:\/\/www.facebook.com\/miumjaupood\/"]}]}},"_links":{"self":[{"href":"https:\/\/miumjau.ee\/en\/wp-json\/wp\/v2\/product\/55095","targetHints":{"allow":["GET"]}}],"collection":[{"href":"https:\/\/miumjau.ee\/en\/wp-json\/wp\/v2\/product"}],"about":[{"href":"https:\/\/miumjau.ee\/en\/wp-json\/wp\/v2\/types\/product"}],"wp:featuredmedia":[{"embeddable":true,"href":"https:\/\/miumjau.ee\/en\/wp-json\/wp\/v2\/media\/54695"}],"wp:attachment":[{"href":"https:\/\/miumjau.ee\/en\/wp-json\/wp\/v2\/media?parent=55095"}],"wp:term":[{"taxonomy":"product_brand","embeddable":true,"href":"https:\/\/miumjau.ee\/en\/wp-json\/wp\/v2\/product_brand?post=55095"},{"taxonomy":"product_cat","embeddable":true,"href":"https:\/\/miumjau.ee\/en\/wp-json\/wp\/v2\/product_cat?post=55095"},{"taxonomy":"product_tag","embeddable":true,"href":"https:\/\/miumjau.ee\/en\/wp-json\/wp\/v2\/product_tag?post=55095"}],"curies":[{"name":"wp","href":"https:\/\/api.w.org\/{rel}","templated":true}]}}