{"id":51370,"date":"2025-05-21T20:01:07","date_gmt":"2025-05-21T17:01:07","guid":{"rendered":"https:\/\/miumjau.ee\/toode\/velxara-single-protein-lamb-pate-canned-dog-food-6-x-400-g\/"},"modified":"2026-01-07T23:23:31","modified_gmt":"2026-01-07T21:23:31","slug":"velxara-single-protein-lamb-pate-canned-dog-food-6-x-400-g","status":"publish","type":"product","link":"https:\/\/miumjau.ee\/en\/product\/velxara-single-protein-lamb-pate-canned-dog-food-6-x-400-g\/","title":{"rendered":"Velxara Single Protein Lamb P\u00e2t\u00e9 \u2013 Canned Dog Food 6 \u00d7 400 g"},"content":{"rendered":"","protected":false},"excerpt":{"rendered":"<p data-start=\"236\" data-end=\"855\">Velxara Single Protein Lamb P\u00e2t\u00e9 6 \u00d7 400 g. A holistic complete food for dogs with a single animal protein source \u2013 lamb. Suitable for all breeds of dogs with normal activity levels. Velxara canned dog food is produced without grains, gluten or soy, using only one animal protein source. Due to the absence of multiple meat types, this food is suitable for dogs with sensitive digestion, allergies and food intolerances. The can does not contain large meat chunks; the soft p\u00e2t\u00e9 texture is easy to eat even for senior dogs and dogs with health issues (including dental problems). Added fibres support healthy digestion.<\/p>\n<ul data-start=\"857\" data-end=\"998\">\n<li data-start=\"857\" data-end=\"898\">\n<p data-start=\"859\" data-end=\"898\">Vitamin D3 for strong bones and teeth<\/p>\n<\/li>\n<li data-start=\"899\" data-end=\"946\">\n<p data-start=\"901\" data-end=\"946\">Vitamin E for proper immune system function<\/p>\n<\/li>\n<li data-start=\"947\" data-end=\"998\">\n<p data-start=\"949\" data-end=\"998\">Flaxseed oil and zinc for healthy skin and coat<\/p>\n<\/li>\n<\/ul>\n<p data-start=\"1000\" data-end=\"1094\"><strong data-start=\"1000\" data-end=\"1016\">Composition:<\/strong> lamb 70%, lamb broth 28.7%, minerals 0.7%, cellulose 0.5%, flaxseed oil 0.1%.<\/p>\n<p data-start=\"1096\" data-end=\"1211\"><strong data-start=\"1096\" data-end=\"1124\">Analytical constituents:<\/strong> moisture 78.0%, crude protein 11.0%, crude fat 5.5%, crude ash 3.3%, crude fibre 0.5%.<\/p>\n<p data-start=\"1213\" data-end=\"1445\"><strong data-start=\"1213\" data-end=\"1246\">Nutritional additives per kg:<\/strong> vitamin D3 140 IU, vitamin E 30 mg, zinc (zinc sulphate monohydrate) 20 mg, copper (copper sulphate pentahydrate) 2.3 mg, manganese (manganese oxide) 2 mg, iodine (calcium iodate, anhydrous) 0.5 mg.<\/p>\n<p data-start=\"1447\" data-end=\"1622\"><strong data-start=\"1447\" data-end=\"1470\">Feeding guidelines:<\/strong> recommended amounts when fed as the sole diet. When combined with dry food, raw food or home-prepared meals, quantities should be adjusted accordingly.<\/p>\n<div class=\"TyagGW_tableContainer\">\n<div class=\"group TyagGW_tableWrapper flex w-fit flex-col-reverse\" tabindex=\"-1\">\n<table class=\"w-fit min-w-(--thread-content-width)\" data-start=\"1624\" data-end=\"1767\">\n<thead data-start=\"1624\" data-end=\"1683\">\n<tr data-start=\"1624\" data-end=\"1683\">\n<th data-start=\"1624\" data-end=\"1643\" data-col-size=\"sm\">Adult dog weight<\/th>\n<th data-start=\"1643\" data-end=\"1650\" data-col-size=\"sm\">5 kg<\/th>\n<th data-start=\"1650\" data-end=\"1658\" data-col-size=\"sm\">10 kg<\/th>\n<th data-start=\"1658\" data-end=\"1666\" data-col-size=\"sm\">15 kg<\/th>\n<th data-start=\"1666\" data-end=\"1674\" data-col-size=\"sm\">20 kg<\/th>\n<th data-start=\"1674\" data-end=\"1683\" data-col-size=\"sm\">30 kg<\/th>\n<\/tr>\n<\/thead>\n<tbody data-start=\"1710\" data-end=\"1767\">\n<tr data-start=\"1710\" data-end=\"1767\">\n<td data-start=\"1710\" data-end=\"1725\" data-col-size=\"sm\">Daily amount<\/td>\n<td data-start=\"1725\" data-end=\"1733\" data-col-size=\"sm\">335 g<\/td>\n<td data-start=\"1733\" data-end=\"1741\" data-col-size=\"sm\">565 g<\/td>\n<td data-start=\"1741\" data-end=\"1749\" data-col-size=\"sm\">765 g<\/td>\n<td data-start=\"1749\" data-end=\"1757\" data-col-size=\"sm\">950 g<\/td>\n<td data-start=\"1757\" data-end=\"1767\" data-col-size=\"sm\">1290 g<\/td>\n<\/tr>\n<\/tbody>\n<\/table>\n<\/div>\n<\/div>\n<p data-start=\"1769\" data-end=\"1934\">Feeding guidelines are indicative. Individual requirements depend on the dog\u2019s age, body condition and activity level. Fresh drinking water must always be available.<\/p>\n<p data-start=\"1936\" data-end=\"2019\">Serve at room temperature. Once opened, keep refrigerated for up to 4 days (+4 \u00b0C).<\/p>\n<p data-start=\"2021\" data-end=\"2114\">Best before and batch number: see packaging. Made in the Czech Republic. Partner in Pet Food.<\/p>\n","protected":false},"featured_media":35398,"template":"","meta":[],"product_brand":[],"product_cat":[493],"product_tag":[],"class_list":{"0":"post-51370","1":"product","2":"type-product","3":"status-publish","4":"has-post-thumbnail","6":"product_cat-wet-food-for-dogs","8":"first","9":"instock","10":"taxable","11":"shipping-taxable","12":"purchasable","13":"product-type-simple"},"yoast_head":"<!-- This site is optimized with the Yoast SEO plugin v27.2 - https:\/\/yoast.com\/product\/yoast-seo-wordpress\/ -->\n<title>Velxara Single Protein Lamb P\u00e2t\u00e9 \u2013 Canned Dog Food 6 \u00d7 400 g - MiuMjau<\/title>\n<meta name=\"robots\" content=\"index, follow, max-snippet:-1, max-image-preview:large, max-video-preview:-1\" \/>\n<link rel=\"canonical\" href=\"https:\/\/miumjau.ee\/en\/product\/velxara-single-protein-lamb-pate-canned-dog-food-6-x-400-g\/\" \/>\n<meta property=\"og:locale\" content=\"en_US\" \/>\n<meta property=\"og:type\" content=\"article\" \/>\n<meta property=\"og:title\" content=\"Velxara Single Protein Lamb P\u00e2t\u00e9 \u2013 Canned Dog Food 6 \u00d7 400 g - MiuMjau\" \/>\n<meta property=\"og:description\" content=\"Velxara Single Protein Lamb P\u00e2t\u00e9 6 \u00d7 400 g. A holistic complete food for dogs with a single animal protein source \u2013 lamb. Suitable for all breeds of dogs with normal activity levels. Velxara canned dog food is produced without grains, gluten or soy, using only one animal protein source. Due to the absence of multiple meat types, this food is suitable for dogs with sensitive digestion, allergies and food intolerances. The can does not contain large meat chunks; the soft p\u00e2t\u00e9 texture is easy to eat even for senior dogs and dogs with health issues (including dental problems). Added fibres support healthy digestion.     Vitamin D3 for strong bones and teeth    Vitamin E for proper immune system function    Flaxseed oil and zinc for healthy skin and coat   Composition: lamb 70%, lamb broth 28.7%, minerals 0.7%, cellulose 0.5%, flaxseed oil 0.1%. Analytical constituents: moisture 78.0%, crude protein 11.0%, crude fat 5.5%, crude ash 3.3%, crude fibre 0.5%. Nutritional additives per kg: vitamin D3 140 IU, vitamin E 30 mg, zinc (zinc sulphate monohydrate) 20 mg, copper (copper sulphate pentahydrate) 2.3 mg, manganese (manganese oxide) 2 mg, iodine (calcium iodate, anhydrous) 0.5 mg. Feeding guidelines: recommended amounts when fed as the sole diet. When combined with dry food, raw food or home-prepared meals, quantities should be adjusted accordingly.       Adult dog weight 5 kg 10 kg 15 kg 20 kg 30 kg     Daily amount 335 g 565 g 765 g 950 g 1290 g      Feeding guidelines are indicative. Individual requirements depend on the dog\u2019s age, body condition and activity level. Fresh drinking water must always be available. Serve at room temperature. Once opened, keep refrigerated for up to 4 days (+4 \u00b0C). Best before and batch number: see packaging. Made in the Czech Republic. Partner in Pet Food.\" \/>\n<meta property=\"og:url\" content=\"https:\/\/miumjau.ee\/en\/product\/velxara-single-protein-lamb-pate-canned-dog-food-6-x-400-g\/\" \/>\n<meta property=\"og:site_name\" content=\"MiuMjau\" \/>\n<meta property=\"article:publisher\" content=\"https:\/\/www.facebook.com\/miumjaupood\/\" \/>\n<meta property=\"article:modified_time\" content=\"2026-01-07T21:23:31+00:00\" \/>\n<meta property=\"og:image\" content=\"https:\/\/miumjau.ee\/wp-content\/uploads\/2025\/05\/velxara-koerakonserv-lammas-Photoroom.webp\" \/>\n\t<meta property=\"og:image:width\" content=\"600\" \/>\n\t<meta property=\"og:image:height\" content=\"800\" \/>\n\t<meta property=\"og:image:type\" content=\"image\/webp\" \/>\n<meta name=\"twitter:card\" content=\"summary_large_image\" \/>\n<script type=\"application\/ld+json\" class=\"yoast-schema-graph\">{\"@context\":\"https:\/\/schema.org\",\"@graph\":[{\"@type\":\"WebPage\",\"@id\":\"https:\/\/miumjau.ee\/en\/product\/velxara-single-protein-lamb-pate-canned-dog-food-6-x-400-g\/\",\"url\":\"https:\/\/miumjau.ee\/en\/product\/velxara-single-protein-lamb-pate-canned-dog-food-6-x-400-g\/\",\"name\":\"Velxara Single Protein Lamb P\u00e2t\u00e9 \u2013 Canned Dog Food 6 \u00d7 400 g - MiuMjau\",\"isPartOf\":{\"@id\":\"https:\/\/miumjau.ee\/#website\"},\"primaryImageOfPage\":{\"@id\":\"https:\/\/miumjau.ee\/en\/product\/velxara-single-protein-lamb-pate-canned-dog-food-6-x-400-g\/#primaryimage\"},\"image\":{\"@id\":\"https:\/\/miumjau.ee\/en\/product\/velxara-single-protein-lamb-pate-canned-dog-food-6-x-400-g\/#primaryimage\"},\"thumbnailUrl\":\"https:\/\/miumjau.ee\/wp-content\/uploads\/2025\/05\/velxara-koerakonserv-lammas-Photoroom.webp\",\"datePublished\":\"2025-05-21T17:01:07+00:00\",\"dateModified\":\"2026-01-07T21:23:31+00:00\",\"breadcrumb\":{\"@id\":\"https:\/\/miumjau.ee\/en\/product\/velxara-single-protein-lamb-pate-canned-dog-food-6-x-400-g\/#breadcrumb\"},\"inLanguage\":\"en-US\",\"potentialAction\":[{\"@type\":\"ReadAction\",\"target\":[\"https:\/\/miumjau.ee\/en\/product\/velxara-single-protein-lamb-pate-canned-dog-food-6-x-400-g\/\"]}]},{\"@type\":\"ImageObject\",\"inLanguage\":\"en-US\",\"@id\":\"https:\/\/miumjau.ee\/en\/product\/velxara-single-protein-lamb-pate-canned-dog-food-6-x-400-g\/#primaryimage\",\"url\":\"https:\/\/miumjau.ee\/wp-content\/uploads\/2025\/05\/velxara-koerakonserv-lammas-Photoroom.webp\",\"contentUrl\":\"https:\/\/miumjau.ee\/wp-content\/uploads\/2025\/05\/velxara-koerakonserv-lammas-Photoroom.webp\",\"width\":600,\"height\":800,\"caption\":\"Velxara monoproteiin pate koerakonserv lambaga 6x 400g\"},{\"@type\":\"BreadcrumbList\",\"@id\":\"https:\/\/miumjau.ee\/en\/product\/velxara-single-protein-lamb-pate-canned-dog-food-6-x-400-g\/#breadcrumb\",\"itemListElement\":[{\"@type\":\"ListItem\",\"position\":1,\"name\":\"Home\",\"item\":\"https:\/\/miumjau.ee\/en\/\"},{\"@type\":\"ListItem\",\"position\":2,\"name\":\"Shop\",\"item\":\"https:\/\/miumjau.ee\/en\/products\/\"},{\"@type\":\"ListItem\",\"position\":3,\"name\":\"Velxara Single Protein Lamb P\u00e2t\u00e9 \u2013 Canned Dog Food 6 \u00d7 400 g\"}]},{\"@type\":\"WebSite\",\"@id\":\"https:\/\/miumjau.ee\/#website\",\"url\":\"https:\/\/miumjau.ee\/\",\"name\":\"MiuMjau\",\"description\":\"Kraapimispuud kassidele\",\"publisher\":{\"@id\":\"https:\/\/miumjau.ee\/#organization\"},\"potentialAction\":[{\"@type\":\"SearchAction\",\"target\":{\"@type\":\"EntryPoint\",\"urlTemplate\":\"https:\/\/miumjau.ee\/?s={search_term_string}\"},\"query-input\":{\"@type\":\"PropertyValueSpecification\",\"valueRequired\":true,\"valueName\":\"search_term_string\"}}],\"inLanguage\":\"en-US\"},{\"@type\":\"Organization\",\"@id\":\"https:\/\/miumjau.ee\/#organization\",\"name\":\"MiuMjau O\u00dc\",\"url\":\"https:\/\/miumjau.ee\/\",\"logo\":{\"@type\":\"ImageObject\",\"inLanguage\":\"en-US\",\"@id\":\"https:\/\/miumjau.ee\/#\/schema\/logo\/image\/\",\"url\":\"https:\/\/miumjau.ee\/wp-content\/uploads\/2022\/04\/MiuMjau-logo-kollane.png\",\"contentUrl\":\"https:\/\/miumjau.ee\/wp-content\/uploads\/2022\/04\/MiuMjau-logo-kollane.png\",\"width\":219,\"height\":100,\"caption\":\"MiuMjau O\u00dc\"},\"image\":{\"@id\":\"https:\/\/miumjau.ee\/#\/schema\/logo\/image\/\"},\"sameAs\":[\"https:\/\/www.facebook.com\/miumjaupood\/\"]}]}<\/script>\n<!-- \/ Yoast SEO plugin. -->","yoast_head_json":{"title":"Velxara Single Protein Lamb P\u00e2t\u00e9 \u2013 Canned Dog Food 6 \u00d7 400 g - MiuMjau","robots":{"index":"index","follow":"follow","max-snippet":"max-snippet:-1","max-image-preview":"max-image-preview:large","max-video-preview":"max-video-preview:-1"},"canonical":"https:\/\/miumjau.ee\/en\/product\/velxara-single-protein-lamb-pate-canned-dog-food-6-x-400-g\/","og_locale":"en_US","og_type":"article","og_title":"Velxara Single Protein Lamb P\u00e2t\u00e9 \u2013 Canned Dog Food 6 \u00d7 400 g - MiuMjau","og_description":"Velxara Single Protein Lamb P\u00e2t\u00e9 6 \u00d7 400 g. A holistic complete food for dogs with a single animal protein source \u2013 lamb. Suitable for all breeds of dogs with normal activity levels. Velxara canned dog food is produced without grains, gluten or soy, using only one animal protein source. Due to the absence of multiple meat types, this food is suitable for dogs with sensitive digestion, allergies and food intolerances. The can does not contain large meat chunks; the soft p\u00e2t\u00e9 texture is easy to eat even for senior dogs and dogs with health issues (including dental problems). Added fibres support healthy digestion.     Vitamin D3 for strong bones and teeth    Vitamin E for proper immune system function    Flaxseed oil and zinc for healthy skin and coat   Composition: lamb 70%, lamb broth 28.7%, minerals 0.7%, cellulose 0.5%, flaxseed oil 0.1%. Analytical constituents: moisture 78.0%, crude protein 11.0%, crude fat 5.5%, crude ash 3.3%, crude fibre 0.5%. Nutritional additives per kg: vitamin D3 140 IU, vitamin E 30 mg, zinc (zinc sulphate monohydrate) 20 mg, copper (copper sulphate pentahydrate) 2.3 mg, manganese (manganese oxide) 2 mg, iodine (calcium iodate, anhydrous) 0.5 mg. Feeding guidelines: recommended amounts when fed as the sole diet. When combined with dry food, raw food or home-prepared meals, quantities should be adjusted accordingly.       Adult dog weight 5 kg 10 kg 15 kg 20 kg 30 kg     Daily amount 335 g 565 g 765 g 950 g 1290 g      Feeding guidelines are indicative. Individual requirements depend on the dog\u2019s age, body condition and activity level. Fresh drinking water must always be available. Serve at room temperature. Once opened, keep refrigerated for up to 4 days (+4 \u00b0C). Best before and batch number: see packaging. Made in the Czech Republic. Partner in Pet Food.","og_url":"https:\/\/miumjau.ee\/en\/product\/velxara-single-protein-lamb-pate-canned-dog-food-6-x-400-g\/","og_site_name":"MiuMjau","article_publisher":"https:\/\/www.facebook.com\/miumjaupood\/","article_modified_time":"2026-01-07T21:23:31+00:00","og_image":[{"width":600,"height":800,"url":"https:\/\/miumjau.ee\/wp-content\/uploads\/2025\/05\/velxara-koerakonserv-lammas-Photoroom.webp","type":"image\/webp"}],"twitter_card":"summary_large_image","schema":{"@context":"https:\/\/schema.org","@graph":[{"@type":"WebPage","@id":"https:\/\/miumjau.ee\/en\/product\/velxara-single-protein-lamb-pate-canned-dog-food-6-x-400-g\/","url":"https:\/\/miumjau.ee\/en\/product\/velxara-single-protein-lamb-pate-canned-dog-food-6-x-400-g\/","name":"Velxara Single Protein Lamb P\u00e2t\u00e9 \u2013 Canned Dog Food 6 \u00d7 400 g - MiuMjau","isPartOf":{"@id":"https:\/\/miumjau.ee\/#website"},"primaryImageOfPage":{"@id":"https:\/\/miumjau.ee\/en\/product\/velxara-single-protein-lamb-pate-canned-dog-food-6-x-400-g\/#primaryimage"},"image":{"@id":"https:\/\/miumjau.ee\/en\/product\/velxara-single-protein-lamb-pate-canned-dog-food-6-x-400-g\/#primaryimage"},"thumbnailUrl":"https:\/\/miumjau.ee\/wp-content\/uploads\/2025\/05\/velxara-koerakonserv-lammas-Photoroom.webp","datePublished":"2025-05-21T17:01:07+00:00","dateModified":"2026-01-07T21:23:31+00:00","breadcrumb":{"@id":"https:\/\/miumjau.ee\/en\/product\/velxara-single-protein-lamb-pate-canned-dog-food-6-x-400-g\/#breadcrumb"},"inLanguage":"en-US","potentialAction":[{"@type":"ReadAction","target":["https:\/\/miumjau.ee\/en\/product\/velxara-single-protein-lamb-pate-canned-dog-food-6-x-400-g\/"]}]},{"@type":"ImageObject","inLanguage":"en-US","@id":"https:\/\/miumjau.ee\/en\/product\/velxara-single-protein-lamb-pate-canned-dog-food-6-x-400-g\/#primaryimage","url":"https:\/\/miumjau.ee\/wp-content\/uploads\/2025\/05\/velxara-koerakonserv-lammas-Photoroom.webp","contentUrl":"https:\/\/miumjau.ee\/wp-content\/uploads\/2025\/05\/velxara-koerakonserv-lammas-Photoroom.webp","width":600,"height":800,"caption":"Velxara monoproteiin pate koerakonserv lambaga 6x 400g"},{"@type":"BreadcrumbList","@id":"https:\/\/miumjau.ee\/en\/product\/velxara-single-protein-lamb-pate-canned-dog-food-6-x-400-g\/#breadcrumb","itemListElement":[{"@type":"ListItem","position":1,"name":"Home","item":"https:\/\/miumjau.ee\/en\/"},{"@type":"ListItem","position":2,"name":"Shop","item":"https:\/\/miumjau.ee\/en\/products\/"},{"@type":"ListItem","position":3,"name":"Velxara Single Protein Lamb P\u00e2t\u00e9 \u2013 Canned Dog Food 6 \u00d7 400 g"}]},{"@type":"WebSite","@id":"https:\/\/miumjau.ee\/#website","url":"https:\/\/miumjau.ee\/","name":"MiuMjau","description":"Kraapimispuud kassidele","publisher":{"@id":"https:\/\/miumjau.ee\/#organization"},"potentialAction":[{"@type":"SearchAction","target":{"@type":"EntryPoint","urlTemplate":"https:\/\/miumjau.ee\/?s={search_term_string}"},"query-input":{"@type":"PropertyValueSpecification","valueRequired":true,"valueName":"search_term_string"}}],"inLanguage":"en-US"},{"@type":"Organization","@id":"https:\/\/miumjau.ee\/#organization","name":"MiuMjau O\u00dc","url":"https:\/\/miumjau.ee\/","logo":{"@type":"ImageObject","inLanguage":"en-US","@id":"https:\/\/miumjau.ee\/#\/schema\/logo\/image\/","url":"https:\/\/miumjau.ee\/wp-content\/uploads\/2022\/04\/MiuMjau-logo-kollane.png","contentUrl":"https:\/\/miumjau.ee\/wp-content\/uploads\/2022\/04\/MiuMjau-logo-kollane.png","width":219,"height":100,"caption":"MiuMjau O\u00dc"},"image":{"@id":"https:\/\/miumjau.ee\/#\/schema\/logo\/image\/"},"sameAs":["https:\/\/www.facebook.com\/miumjaupood\/"]}]}},"_links":{"self":[{"href":"https:\/\/miumjau.ee\/en\/wp-json\/wp\/v2\/product\/51370","targetHints":{"allow":["GET"]}}],"collection":[{"href":"https:\/\/miumjau.ee\/en\/wp-json\/wp\/v2\/product"}],"about":[{"href":"https:\/\/miumjau.ee\/en\/wp-json\/wp\/v2\/types\/product"}],"wp:featuredmedia":[{"embeddable":true,"href":"https:\/\/miumjau.ee\/en\/wp-json\/wp\/v2\/media\/35398"}],"wp:attachment":[{"href":"https:\/\/miumjau.ee\/en\/wp-json\/wp\/v2\/media?parent=51370"}],"wp:term":[{"taxonomy":"product_brand","embeddable":true,"href":"https:\/\/miumjau.ee\/en\/wp-json\/wp\/v2\/product_brand?post=51370"},{"taxonomy":"product_cat","embeddable":true,"href":"https:\/\/miumjau.ee\/en\/wp-json\/wp\/v2\/product_cat?post=51370"},{"taxonomy":"product_tag","embeddable":true,"href":"https:\/\/miumjau.ee\/en\/wp-json\/wp\/v2\/product_tag?post=51370"}],"curies":[{"name":"wp","href":"https:\/\/api.w.org\/{rel}","templated":true}]}}