{"id":51071,"date":"2025-04-07T14:19:12","date_gmt":"2025-04-07T11:19:12","guid":{"rendered":"https:\/\/miumjau.ee\/toode\/ambrosia-grain-free-dog-food-with-turkey-duck-12-kg\/"},"modified":"2026-01-07T23:23:45","modified_gmt":"2026-01-07T21:23:45","slug":"ambrosia-grain-free-dog-food-with-turkey-duck-12-kg","status":"publish","type":"product","link":"https:\/\/miumjau.ee\/en\/product\/ambrosia-grain-free-dog-food-with-turkey-duck-12-kg\/","title":{"rendered":"Ambrosia Grain-Free Dog Food with Turkey &#038; Duck 12 kg"},"content":{"rendered":"","protected":false},"excerpt":{"rendered":"<p data-start=\"171\" data-end=\"272\"><strong data-start=\"171\" data-end=\"203\">Ambrosia Fresh Turkey &amp; Duck<\/strong> \u2013 complete food with two poultry protein sources for all dog breeds!<\/p>\n<p data-start=\"274\" data-end=\"621\">A combination of fresh turkey fillet and dried duck provides high-quality animal protein, ideal for daily feeding for dogs of all sizes and breeds. The recipe is enriched with prebiotics and probiotics to support digestion and immunity, glucosamine and chondroitin for joint protection, and taurine and L-carnitine to strengthen heart and muscles.<\/p>\n<p data-start=\"623\" data-end=\"669\"><strong data-start=\"623\" data-end=\"669\">Medium-sized kibble suitable for all dogs!<\/strong><\/p>\n<p data-start=\"671\" data-end=\"976\"><strong data-start=\"671\" data-end=\"727\">Dual poultry special recipe \u2013 balance in every bite!<\/strong><br data-start=\"727\" data-end=\"730\" \/>\ud83c\udf57 <strong data-start=\"733\" data-end=\"764\">Two quality protein sources<\/strong> \u2013 turkey and duck<br data-start=\"782\" data-end=\"785\" \/>\ud83e\udda0 <strong data-start=\"788\" data-end=\"809\">Pre- &amp; probiotics<\/strong> \u2013 support digestion and immune system<br data-start=\"847\" data-end=\"850\" \/>\ud83e\uddb4 <strong data-start=\"853\" data-end=\"882\">Glucosamine &amp; chondroitin<\/strong> \u2013 support joint mobility<br data-start=\"907\" data-end=\"910\" \/>\ud83d\udc93 <strong data-start=\"913\" data-end=\"938\">Taurine &amp; L-carnitine<\/strong> \u2013 support heart and muscle function<\/p>\n<p data-start=\"978\" data-end=\"1292\"><strong data-start=\"978\" data-end=\"1033\">Natural superfoods to support your dog\u2019s wellbeing!<\/strong><br data-start=\"1033\" data-end=\"1036\" \/>\ud83e\udd66 <strong data-start=\"1039\" data-end=\"1051\">Broccoli<\/strong> \u2013 anti-inflammatory and eye-protecting superfood<br data-start=\"1100\" data-end=\"1103\" \/>\ud83e\udd6c <strong data-start=\"1106\" data-end=\"1117\">Spinach<\/strong> \u2013 full of antioxidants and supports blood pressure<br data-start=\"1168\" data-end=\"1171\" \/>\ud83c\udf52 <strong data-start=\"1174\" data-end=\"1189\">Cranberries<\/strong> \u2013 strengthen heart and support digestion<br data-start=\"1230\" data-end=\"1233\" \/>\ud83e\uded0 <strong data-start=\"1236\" data-end=\"1251\">Blueberries<\/strong> \u2013 keep the mind sharp and bones strong<\/p>\n<p data-start=\"1294\" data-end=\"1836\"><strong data-start=\"1294\" data-end=\"1310\">Ingredients:<\/strong><br data-start=\"1310\" data-end=\"1313\" \/>Poultry meat (35%, incl. fresh boneless turkey 15%, dried poultry meat 20%), animal fat (poultry, 13%), green peas (10%), split peas (10%), potato starch, hydrolysed chicken protein (10%), dried duck (4%), flaxseed, dried beet pulp, minerals, chicory (natural source of FOS and inulin), brewer\u2019s yeast, salmon oil, MOS &amp; beta-glucans, dried broccoli, spinach, cranberries, blueberries, glucosamine hydrochloride (300 mg\/kg), chondroitin sulphate (300 mg\/kg), plant extracts (rosemary, grape seed, turmeric, citrus, cloves).<\/p>\n<p data-start=\"1838\" data-end=\"1969\"><strong data-start=\"1838\" data-end=\"1861\">Additives (per kg):<\/strong><br data-start=\"1861\" data-end=\"1864\" \/>Vitamin A \u2013 14,000 IU, Vitamin D3 \u2013 1,350 IU, Vitamin E \u2013 400 mg, Taurine \u2013 1,000 mg, L-carnitine \u2013 50 mg<\/p>\n<p data-start=\"1971\" data-end=\"2158\"><strong data-start=\"1971\" data-end=\"1999\">Analytical constituents:<\/strong><br data-start=\"1999\" data-end=\"2002\" \/>Crude protein 30%, Crude fat 20%, Omega-3 fatty acids 0.8%, Omega-6 fatty acids 2.7%, Crude fibre 2.5%, Ash 7.5%, Moisture 9%, Calcium 1.5%, Phosphorus 0.9%<\/p>\n<p data-start=\"2160\" data-end=\"2199\"><strong data-start=\"2160\" data-end=\"2185\">Metabolisable energy:<\/strong> 4,020 kcal\/kg<\/p>\n<p data-start=\"2201\" data-end=\"2302\">\ud83d\udc99 <strong data-start=\"2204\" data-end=\"2236\">Ambrosia Fresh Turkey &amp; Duck<\/strong> \u2013 grain-free, tasty, and nutrient-rich choice for all adult dogs!<\/p>\n","protected":false},"featured_media":31862,"template":"","meta":[],"product_brand":[],"product_cat":[490],"product_tag":[],"class_list":{"0":"post-51071","1":"product","2":"type-product","3":"status-publish","4":"has-post-thumbnail","6":"product_cat-dry-food-for-dogs","8":"first","9":"instock","10":"taxable","11":"shipping-taxable","12":"purchasable","13":"product-type-simple"},"yoast_head":"<!-- This site is optimized with the Yoast SEO plugin v27.2 - https:\/\/yoast.com\/product\/yoast-seo-wordpress\/ -->\n<title>Ambrosia Grain-Free Dog Food with Turkey &amp; Duck 12 kg - MiuMjau<\/title>\n<meta name=\"robots\" content=\"index, follow, max-snippet:-1, max-image-preview:large, max-video-preview:-1\" \/>\n<link rel=\"canonical\" href=\"https:\/\/miumjau.ee\/en\/product\/ambrosia-grain-free-dog-food-with-turkey-duck-12-kg\/\" \/>\n<meta property=\"og:locale\" content=\"en_US\" \/>\n<meta property=\"og:type\" content=\"article\" \/>\n<meta property=\"og:title\" content=\"Ambrosia Grain-Free Dog Food with Turkey &amp; Duck 12 kg - MiuMjau\" \/>\n<meta property=\"og:description\" content=\"Ambrosia Fresh Turkey &amp; Duck \u2013 complete food with two poultry protein sources for all dog breeds! A combination of fresh turkey fillet and dried duck provides high-quality animal protein, ideal for daily feeding for dogs of all sizes and breeds. The recipe is enriched with prebiotics and probiotics to support digestion and immunity, glucosamine and chondroitin for joint protection, and taurine and L-carnitine to strengthen heart and muscles. Medium-sized kibble suitable for all dogs! Dual poultry special recipe \u2013 balance in every bite!\ud83c\udf57 Two quality protein sources \u2013 turkey and duck\ud83e\udda0 Pre- &amp; probiotics \u2013 support digestion and immune system\ud83e\uddb4 Glucosamine &amp; chondroitin \u2013 support joint mobility\ud83d\udc93 Taurine &amp; L-carnitine \u2013 support heart and muscle function Natural superfoods to support your dog\u2019s wellbeing!\ud83e\udd66 Broccoli \u2013 anti-inflammatory and eye-protecting superfood\ud83e\udd6c Spinach \u2013 full of antioxidants and supports blood pressure\ud83c\udf52 Cranberries \u2013 strengthen heart and support digestion\ud83e\uded0 Blueberries \u2013 keep the mind sharp and bones strong Ingredients:Poultry meat (35%, incl. fresh boneless turkey 15%, dried poultry meat 20%), animal fat (poultry, 13%), green peas (10%), split peas (10%), potato starch, hydrolysed chicken protein (10%), dried duck (4%), flaxseed, dried beet pulp, minerals, chicory (natural source of FOS and inulin), brewer\u2019s yeast, salmon oil, MOS &amp; beta-glucans, dried broccoli, spinach, cranberries, blueberries, glucosamine hydrochloride (300 mg\/kg), chondroitin sulphate (300 mg\/kg), plant extracts (rosemary, grape seed, turmeric, citrus, cloves). Additives (per kg):Vitamin A \u2013 14,000 IU, Vitamin D3 \u2013 1,350 IU, Vitamin E \u2013 400 mg, Taurine \u2013 1,000 mg, L-carnitine \u2013 50 mg Analytical constituents:Crude protein 30%, Crude fat 20%, Omega-3 fatty acids 0.8%, Omega-6 fatty acids 2.7%, Crude fibre 2.5%, Ash 7.5%, Moisture 9%, Calcium 1.5%, Phosphorus 0.9% Metabolisable energy: 4,020 kcal\/kg \ud83d\udc99 Ambrosia Fresh Turkey &amp; Duck \u2013 grain-free, tasty, and nutrient-rich choice for all adult dogs!\" \/>\n<meta property=\"og:url\" content=\"https:\/\/miumjau.ee\/en\/product\/ambrosia-grain-free-dog-food-with-turkey-duck-12-kg\/\" \/>\n<meta property=\"og:site_name\" content=\"MiuMjau\" \/>\n<meta property=\"article:publisher\" content=\"https:\/\/www.facebook.com\/miumjaupood\/\" \/>\n<meta property=\"article:modified_time\" content=\"2026-01-07T21:23:45+00:00\" \/>\n<meta property=\"og:image\" content=\"https:\/\/miumjau.ee\/wp-content\/uploads\/2025\/04\/ambrosia-adult-turkey-duck-Photoroom.webp\" \/>\n\t<meta property=\"og:image:width\" content=\"600\" \/>\n\t<meta property=\"og:image:height\" content=\"800\" \/>\n\t<meta property=\"og:image:type\" content=\"image\/webp\" \/>\n<meta name=\"twitter:card\" content=\"summary_large_image\" \/>\n<script type=\"application\/ld+json\" class=\"yoast-schema-graph\">{\"@context\":\"https:\/\/schema.org\",\"@graph\":[{\"@type\":\"WebPage\",\"@id\":\"https:\/\/miumjau.ee\/en\/product\/ambrosia-grain-free-dog-food-with-turkey-duck-12-kg\/\",\"url\":\"https:\/\/miumjau.ee\/en\/product\/ambrosia-grain-free-dog-food-with-turkey-duck-12-kg\/\",\"name\":\"Ambrosia Grain-Free Dog Food with Turkey & Duck 12 kg - MiuMjau\",\"isPartOf\":{\"@id\":\"https:\/\/miumjau.ee\/#website\"},\"primaryImageOfPage\":{\"@id\":\"https:\/\/miumjau.ee\/en\/product\/ambrosia-grain-free-dog-food-with-turkey-duck-12-kg\/#primaryimage\"},\"image\":{\"@id\":\"https:\/\/miumjau.ee\/en\/product\/ambrosia-grain-free-dog-food-with-turkey-duck-12-kg\/#primaryimage\"},\"thumbnailUrl\":\"https:\/\/miumjau.ee\/wp-content\/uploads\/2025\/04\/ambrosia-adult-turkey-duck-Photoroom.webp\",\"datePublished\":\"2025-04-07T11:19:12+00:00\",\"dateModified\":\"2026-01-07T21:23:45+00:00\",\"breadcrumb\":{\"@id\":\"https:\/\/miumjau.ee\/en\/product\/ambrosia-grain-free-dog-food-with-turkey-duck-12-kg\/#breadcrumb\"},\"inLanguage\":\"en-US\",\"potentialAction\":[{\"@type\":\"ReadAction\",\"target\":[\"https:\/\/miumjau.ee\/en\/product\/ambrosia-grain-free-dog-food-with-turkey-duck-12-kg\/\"]}]},{\"@type\":\"ImageObject\",\"inLanguage\":\"en-US\",\"@id\":\"https:\/\/miumjau.ee\/en\/product\/ambrosia-grain-free-dog-food-with-turkey-duck-12-kg\/#primaryimage\",\"url\":\"https:\/\/miumjau.ee\/wp-content\/uploads\/2025\/04\/ambrosia-adult-turkey-duck-Photoroom.webp\",\"contentUrl\":\"https:\/\/miumjau.ee\/wp-content\/uploads\/2025\/04\/ambrosia-adult-turkey-duck-Photoroom.webp\",\"width\":600,\"height\":800,\"caption\":\"Ambrosia teraviljavaba t\u00e4iss\u00f6\u00f6t koertele\"},{\"@type\":\"BreadcrumbList\",\"@id\":\"https:\/\/miumjau.ee\/en\/product\/ambrosia-grain-free-dog-food-with-turkey-duck-12-kg\/#breadcrumb\",\"itemListElement\":[{\"@type\":\"ListItem\",\"position\":1,\"name\":\"Home\",\"item\":\"https:\/\/miumjau.ee\/en\/\"},{\"@type\":\"ListItem\",\"position\":2,\"name\":\"Shop\",\"item\":\"https:\/\/miumjau.ee\/en\/products\/\"},{\"@type\":\"ListItem\",\"position\":3,\"name\":\"Ambrosia Grain-Free Dog Food with Turkey &#038; Duck 12 kg\"}]},{\"@type\":\"WebSite\",\"@id\":\"https:\/\/miumjau.ee\/#website\",\"url\":\"https:\/\/miumjau.ee\/\",\"name\":\"MiuMjau\",\"description\":\"Kraapimispuud kassidele\",\"publisher\":{\"@id\":\"https:\/\/miumjau.ee\/#organization\"},\"potentialAction\":[{\"@type\":\"SearchAction\",\"target\":{\"@type\":\"EntryPoint\",\"urlTemplate\":\"https:\/\/miumjau.ee\/?s={search_term_string}\"},\"query-input\":{\"@type\":\"PropertyValueSpecification\",\"valueRequired\":true,\"valueName\":\"search_term_string\"}}],\"inLanguage\":\"en-US\"},{\"@type\":\"Organization\",\"@id\":\"https:\/\/miumjau.ee\/#organization\",\"name\":\"MiuMjau O\u00dc\",\"url\":\"https:\/\/miumjau.ee\/\",\"logo\":{\"@type\":\"ImageObject\",\"inLanguage\":\"en-US\",\"@id\":\"https:\/\/miumjau.ee\/#\/schema\/logo\/image\/\",\"url\":\"https:\/\/miumjau.ee\/wp-content\/uploads\/2022\/04\/MiuMjau-logo-kollane.png\",\"contentUrl\":\"https:\/\/miumjau.ee\/wp-content\/uploads\/2022\/04\/MiuMjau-logo-kollane.png\",\"width\":219,\"height\":100,\"caption\":\"MiuMjau O\u00dc\"},\"image\":{\"@id\":\"https:\/\/miumjau.ee\/#\/schema\/logo\/image\/\"},\"sameAs\":[\"https:\/\/www.facebook.com\/miumjaupood\/\"]}]}<\/script>\n<!-- \/ Yoast SEO plugin. -->","yoast_head_json":{"title":"Ambrosia Grain-Free Dog Food with Turkey & Duck 12 kg - MiuMjau","robots":{"index":"index","follow":"follow","max-snippet":"max-snippet:-1","max-image-preview":"max-image-preview:large","max-video-preview":"max-video-preview:-1"},"canonical":"https:\/\/miumjau.ee\/en\/product\/ambrosia-grain-free-dog-food-with-turkey-duck-12-kg\/","og_locale":"en_US","og_type":"article","og_title":"Ambrosia Grain-Free Dog Food with Turkey & Duck 12 kg - MiuMjau","og_description":"Ambrosia Fresh Turkey &amp; Duck \u2013 complete food with two poultry protein sources for all dog breeds! A combination of fresh turkey fillet and dried duck provides high-quality animal protein, ideal for daily feeding for dogs of all sizes and breeds. The recipe is enriched with prebiotics and probiotics to support digestion and immunity, glucosamine and chondroitin for joint protection, and taurine and L-carnitine to strengthen heart and muscles. Medium-sized kibble suitable for all dogs! Dual poultry special recipe \u2013 balance in every bite!\ud83c\udf57 Two quality protein sources \u2013 turkey and duck\ud83e\udda0 Pre- &amp; probiotics \u2013 support digestion and immune system\ud83e\uddb4 Glucosamine &amp; chondroitin \u2013 support joint mobility\ud83d\udc93 Taurine &amp; L-carnitine \u2013 support heart and muscle function Natural superfoods to support your dog\u2019s wellbeing!\ud83e\udd66 Broccoli \u2013 anti-inflammatory and eye-protecting superfood\ud83e\udd6c Spinach \u2013 full of antioxidants and supports blood pressure\ud83c\udf52 Cranberries \u2013 strengthen heart and support digestion\ud83e\uded0 Blueberries \u2013 keep the mind sharp and bones strong Ingredients:Poultry meat (35%, incl. fresh boneless turkey 15%, dried poultry meat 20%), animal fat (poultry, 13%), green peas (10%), split peas (10%), potato starch, hydrolysed chicken protein (10%), dried duck (4%), flaxseed, dried beet pulp, minerals, chicory (natural source of FOS and inulin), brewer\u2019s yeast, salmon oil, MOS &amp; beta-glucans, dried broccoli, spinach, cranberries, blueberries, glucosamine hydrochloride (300 mg\/kg), chondroitin sulphate (300 mg\/kg), plant extracts (rosemary, grape seed, turmeric, citrus, cloves). Additives (per kg):Vitamin A \u2013 14,000 IU, Vitamin D3 \u2013 1,350 IU, Vitamin E \u2013 400 mg, Taurine \u2013 1,000 mg, L-carnitine \u2013 50 mg Analytical constituents:Crude protein 30%, Crude fat 20%, Omega-3 fatty acids 0.8%, Omega-6 fatty acids 2.7%, Crude fibre 2.5%, Ash 7.5%, Moisture 9%, Calcium 1.5%, Phosphorus 0.9% Metabolisable energy: 4,020 kcal\/kg \ud83d\udc99 Ambrosia Fresh Turkey &amp; Duck \u2013 grain-free, tasty, and nutrient-rich choice for all adult dogs!","og_url":"https:\/\/miumjau.ee\/en\/product\/ambrosia-grain-free-dog-food-with-turkey-duck-12-kg\/","og_site_name":"MiuMjau","article_publisher":"https:\/\/www.facebook.com\/miumjaupood\/","article_modified_time":"2026-01-07T21:23:45+00:00","og_image":[{"width":600,"height":800,"url":"https:\/\/miumjau.ee\/wp-content\/uploads\/2025\/04\/ambrosia-adult-turkey-duck-Photoroom.webp","type":"image\/webp"}],"twitter_card":"summary_large_image","schema":{"@context":"https:\/\/schema.org","@graph":[{"@type":"WebPage","@id":"https:\/\/miumjau.ee\/en\/product\/ambrosia-grain-free-dog-food-with-turkey-duck-12-kg\/","url":"https:\/\/miumjau.ee\/en\/product\/ambrosia-grain-free-dog-food-with-turkey-duck-12-kg\/","name":"Ambrosia Grain-Free Dog Food with Turkey & Duck 12 kg - MiuMjau","isPartOf":{"@id":"https:\/\/miumjau.ee\/#website"},"primaryImageOfPage":{"@id":"https:\/\/miumjau.ee\/en\/product\/ambrosia-grain-free-dog-food-with-turkey-duck-12-kg\/#primaryimage"},"image":{"@id":"https:\/\/miumjau.ee\/en\/product\/ambrosia-grain-free-dog-food-with-turkey-duck-12-kg\/#primaryimage"},"thumbnailUrl":"https:\/\/miumjau.ee\/wp-content\/uploads\/2025\/04\/ambrosia-adult-turkey-duck-Photoroom.webp","datePublished":"2025-04-07T11:19:12+00:00","dateModified":"2026-01-07T21:23:45+00:00","breadcrumb":{"@id":"https:\/\/miumjau.ee\/en\/product\/ambrosia-grain-free-dog-food-with-turkey-duck-12-kg\/#breadcrumb"},"inLanguage":"en-US","potentialAction":[{"@type":"ReadAction","target":["https:\/\/miumjau.ee\/en\/product\/ambrosia-grain-free-dog-food-with-turkey-duck-12-kg\/"]}]},{"@type":"ImageObject","inLanguage":"en-US","@id":"https:\/\/miumjau.ee\/en\/product\/ambrosia-grain-free-dog-food-with-turkey-duck-12-kg\/#primaryimage","url":"https:\/\/miumjau.ee\/wp-content\/uploads\/2025\/04\/ambrosia-adult-turkey-duck-Photoroom.webp","contentUrl":"https:\/\/miumjau.ee\/wp-content\/uploads\/2025\/04\/ambrosia-adult-turkey-duck-Photoroom.webp","width":600,"height":800,"caption":"Ambrosia teraviljavaba t\u00e4iss\u00f6\u00f6t koertele"},{"@type":"BreadcrumbList","@id":"https:\/\/miumjau.ee\/en\/product\/ambrosia-grain-free-dog-food-with-turkey-duck-12-kg\/#breadcrumb","itemListElement":[{"@type":"ListItem","position":1,"name":"Home","item":"https:\/\/miumjau.ee\/en\/"},{"@type":"ListItem","position":2,"name":"Shop","item":"https:\/\/miumjau.ee\/en\/products\/"},{"@type":"ListItem","position":3,"name":"Ambrosia Grain-Free Dog Food with Turkey &#038; Duck 12 kg"}]},{"@type":"WebSite","@id":"https:\/\/miumjau.ee\/#website","url":"https:\/\/miumjau.ee\/","name":"MiuMjau","description":"Kraapimispuud kassidele","publisher":{"@id":"https:\/\/miumjau.ee\/#organization"},"potentialAction":[{"@type":"SearchAction","target":{"@type":"EntryPoint","urlTemplate":"https:\/\/miumjau.ee\/?s={search_term_string}"},"query-input":{"@type":"PropertyValueSpecification","valueRequired":true,"valueName":"search_term_string"}}],"inLanguage":"en-US"},{"@type":"Organization","@id":"https:\/\/miumjau.ee\/#organization","name":"MiuMjau O\u00dc","url":"https:\/\/miumjau.ee\/","logo":{"@type":"ImageObject","inLanguage":"en-US","@id":"https:\/\/miumjau.ee\/#\/schema\/logo\/image\/","url":"https:\/\/miumjau.ee\/wp-content\/uploads\/2022\/04\/MiuMjau-logo-kollane.png","contentUrl":"https:\/\/miumjau.ee\/wp-content\/uploads\/2022\/04\/MiuMjau-logo-kollane.png","width":219,"height":100,"caption":"MiuMjau O\u00dc"},"image":{"@id":"https:\/\/miumjau.ee\/#\/schema\/logo\/image\/"},"sameAs":["https:\/\/www.facebook.com\/miumjaupood\/"]}]}},"_links":{"self":[{"href":"https:\/\/miumjau.ee\/en\/wp-json\/wp\/v2\/product\/51071","targetHints":{"allow":["GET"]}}],"collection":[{"href":"https:\/\/miumjau.ee\/en\/wp-json\/wp\/v2\/product"}],"about":[{"href":"https:\/\/miumjau.ee\/en\/wp-json\/wp\/v2\/types\/product"}],"wp:featuredmedia":[{"embeddable":true,"href":"https:\/\/miumjau.ee\/en\/wp-json\/wp\/v2\/media\/31862"}],"wp:attachment":[{"href":"https:\/\/miumjau.ee\/en\/wp-json\/wp\/v2\/media?parent=51071"}],"wp:term":[{"taxonomy":"product_brand","embeddable":true,"href":"https:\/\/miumjau.ee\/en\/wp-json\/wp\/v2\/product_brand?post=51071"},{"taxonomy":"product_cat","embeddable":true,"href":"https:\/\/miumjau.ee\/en\/wp-json\/wp\/v2\/product_cat?post=51071"},{"taxonomy":"product_tag","embeddable":true,"href":"https:\/\/miumjau.ee\/en\/wp-json\/wp\/v2\/product_tag?post=51071"}],"curies":[{"name":"wp","href":"https:\/\/api.w.org\/{rel}","templated":true}]}}