{"id":51064,"date":"2025-04-07T14:20:05","date_gmt":"2025-04-07T11:20:05","guid":{"rendered":"https:\/\/miumjau.ee\/toode\/ambrosia-grain-free-dog-food-with-venison-lamb-12-kg\/"},"modified":"2026-01-07T23:23:45","modified_gmt":"2026-01-07T21:23:45","slug":"ambrosia-grain-free-dog-food-with-venison-lamb-12-kg","status":"publish","type":"product","link":"https:\/\/miumjau.ee\/en\/product\/ambrosia-grain-free-dog-food-with-venison-lamb-12-kg\/","title":{"rendered":"Ambrosia Grain-Free Dog Food with Venison &#038; Lamb 12 kg"},"content":{"rendered":"","protected":false},"excerpt":{"rendered":"<p data-start=\"171\" data-end=\"265\"><strong data-start=\"171\" data-end=\"204\">Ambrosia Fresh Venison &amp; Lamb<\/strong> \u2013 richly protein-packed venison and lamb for all dog breeds!<\/p>\n<p data-start=\"267\" data-end=\"592\">Fresh venison and lamb provide high protein content and exquisite taste, suitable for dogs of all sizes and breeds. The food contains prebiotics and probiotics to support digestion and strengthen the immune system. Glucosamine and chondroitin protect the joints, while taurine and L-carnitine support heart and muscle health.<\/p>\n<p data-start=\"594\" data-end=\"637\"><strong data-start=\"594\" data-end=\"637\">Medium-sized kibble ideal for all dogs!<\/strong><\/p>\n<p data-start=\"639\" data-end=\"1029\"><strong data-start=\"639\" data-end=\"704\">A special dual-meat recipe \u2013 natural balance and top quality!<\/strong><br data-start=\"704\" data-end=\"707\" \/>\ud83e\udd8c <strong data-start=\"710\" data-end=\"721\">Venison<\/strong> \u2013 valuable and easily digestible protein source<br data-start=\"769\" data-end=\"772\" \/>\ud83d\udc11 <strong data-start=\"775\" data-end=\"783\">Lamb<\/strong> \u2013 tasty, nutritious protein for strong muscles<br data-start=\"830\" data-end=\"833\" \/>\ud83e\uddb4 <strong data-start=\"836\" data-end=\"865\">Glucosamine &amp; chondroitin<\/strong> \u2013 support joint mobility<br data-start=\"890\" data-end=\"893\" \/>\ud83e\udda0 <strong data-start=\"896\" data-end=\"917\">Pre- &amp; probiotics<\/strong> \u2013 for digestion and immune health<br data-start=\"951\" data-end=\"954\" \/>\ud83d\udc93 <strong data-start=\"957\" data-end=\"982\">Taurine &amp; L-carnitine<\/strong> \u2013 support for heart, muscles, and metabolism<\/p>\n<p data-start=\"1031\" data-end=\"1366\"><strong data-start=\"1031\" data-end=\"1065\">Superfoods for daily vitality!<\/strong><br data-start=\"1065\" data-end=\"1068\" \/>\ud83e\udd66 <strong data-start=\"1071\" data-end=\"1083\">Broccoli<\/strong> \u2013 helps prevent inflammation and supports vision<br data-start=\"1132\" data-end=\"1135\" \/>\ud83e\udd6c <strong data-start=\"1138\" data-end=\"1149\">Spinach<\/strong> \u2013 full of antioxidants, supports blood pressure<br data-start=\"1197\" data-end=\"1200\" \/>\ud83c\udf45 <strong data-start=\"1203\" data-end=\"1215\">Tomatoes<\/strong> \u2013 strengthen the immune system<br data-start=\"1246\" data-end=\"1249\" \/>\ud83c\udf52 <strong data-start=\"1252\" data-end=\"1267\">Cranberries<\/strong> \u2013 support heart and digestive health<br data-start=\"1304\" data-end=\"1307\" \/>\ud83e\uded0 <strong data-start=\"1310\" data-end=\"1325\">Blueberries<\/strong> \u2013 keep the mind sharp and bones strong<\/p>\n<p data-start=\"1368\" data-end=\"1963\"><strong data-start=\"1368\" data-end=\"1384\">Ingredients:<\/strong><br data-start=\"1384\" data-end=\"1387\" \/>Lamb (20%, incl. fresh boneless lamb 10%, dried lamb protein 10%), green peas, split peas, potato flakes, dried animal protein (11%), fresh venison (10%), hydrolysed animal protein (10%), animal fat (9.5%), dried beet pulp, flaxseed, potato protein, minerals, yeast extract (source of MOS &amp; beta-glucans), salmon oil, chicory (natural source of FOS and inulin), brewer\u2019s yeast, dried broccoli, spinach, tomatoes, cranberries, blueberries, glucosamine hydrochloride (100 mg\/kg), chondroitin sulphate (100 mg\/kg), plant extracts (rosemary, grape seed, turmeric, citrus, cloves).<\/p>\n<p data-start=\"1965\" data-end=\"2096\"><strong data-start=\"1965\" data-end=\"1988\">Additives (per kg):<\/strong><br data-start=\"1988\" data-end=\"1991\" \/>Vitamin A \u2013 14,000 IU, Vitamin D3 \u2013 1,350 IU, Vitamin E \u2013 400 mg, Taurine \u2013 1,000 mg, L-carnitine \u2013 50 mg<\/p>\n<p data-start=\"2098\" data-end=\"2283\"><strong data-start=\"2098\" data-end=\"2126\">Analytical constituents:<\/strong><br data-start=\"2126\" data-end=\"2129\" \/>Crude protein 30%, Crude fat 20%, Omega-3 fatty acids 0.6%, Omega-6 fatty acids 2.5%, Crude fibre 3%, Ash 8.5%, Moisture 9%, Calcium 1.8%, Phosphorus 1.2%<\/p>\n<p data-start=\"2285\" data-end=\"2324\"><strong data-start=\"2285\" data-end=\"2310\">Metabolisable energy:<\/strong> 3,963 kcal\/kg<\/p>\n<p data-start=\"2326\" data-end=\"2438\">\ud83d\udc99 <strong data-start=\"2329\" data-end=\"2362\">Ambrosia Fresh Venison &amp; Lamb<\/strong> \u2013 nutritious, natural, and tasty choice for all dogs that deserve the best!<\/p>\n","protected":false},"featured_media":31874,"template":"","meta":[],"product_brand":[],"product_cat":[490],"product_tag":[],"class_list":{"0":"post-51064","1":"product","2":"type-product","3":"status-publish","4":"has-post-thumbnail","6":"product_cat-dry-food-for-dogs","8":"first","9":"instock","10":"sale","11":"taxable","12":"shipping-taxable","13":"purchasable","14":"product-type-simple"},"yoast_head":"<!-- This site is optimized with the Yoast SEO plugin v27.2 - https:\/\/yoast.com\/product\/yoast-seo-wordpress\/ -->\n<title>Ambrosia Grain-Free Dog Food with Venison &amp; Lamb 12 kg - MiuMjau<\/title>\n<meta name=\"robots\" content=\"index, follow, max-snippet:-1, max-image-preview:large, max-video-preview:-1\" \/>\n<link rel=\"canonical\" href=\"https:\/\/miumjau.ee\/en\/product\/ambrosia-grain-free-dog-food-with-venison-lamb-12-kg\/\" \/>\n<meta property=\"og:locale\" content=\"en_US\" \/>\n<meta property=\"og:type\" content=\"article\" \/>\n<meta property=\"og:title\" content=\"Ambrosia Grain-Free Dog Food with Venison &amp; Lamb 12 kg - MiuMjau\" \/>\n<meta property=\"og:description\" content=\"Ambrosia Fresh Venison &amp; Lamb \u2013 richly protein-packed venison and lamb for all dog breeds! Fresh venison and lamb provide high protein content and exquisite taste, suitable for dogs of all sizes and breeds. The food contains prebiotics and probiotics to support digestion and strengthen the immune system. Glucosamine and chondroitin protect the joints, while taurine and L-carnitine support heart and muscle health. Medium-sized kibble ideal for all dogs! A special dual-meat recipe \u2013 natural balance and top quality!\ud83e\udd8c Venison \u2013 valuable and easily digestible protein source\ud83d\udc11 Lamb \u2013 tasty, nutritious protein for strong muscles\ud83e\uddb4 Glucosamine &amp; chondroitin \u2013 support joint mobility\ud83e\udda0 Pre- &amp; probiotics \u2013 for digestion and immune health\ud83d\udc93 Taurine &amp; L-carnitine \u2013 support for heart, muscles, and metabolism Superfoods for daily vitality!\ud83e\udd66 Broccoli \u2013 helps prevent inflammation and supports vision\ud83e\udd6c Spinach \u2013 full of antioxidants, supports blood pressure\ud83c\udf45 Tomatoes \u2013 strengthen the immune system\ud83c\udf52 Cranberries \u2013 support heart and digestive health\ud83e\uded0 Blueberries \u2013 keep the mind sharp and bones strong Ingredients:Lamb (20%, incl. fresh boneless lamb 10%, dried lamb protein 10%), green peas, split peas, potato flakes, dried animal protein (11%), fresh venison (10%), hydrolysed animal protein (10%), animal fat (9.5%), dried beet pulp, flaxseed, potato protein, minerals, yeast extract (source of MOS &amp; beta-glucans), salmon oil, chicory (natural source of FOS and inulin), brewer\u2019s yeast, dried broccoli, spinach, tomatoes, cranberries, blueberries, glucosamine hydrochloride (100 mg\/kg), chondroitin sulphate (100 mg\/kg), plant extracts (rosemary, grape seed, turmeric, citrus, cloves). Additives (per kg):Vitamin A \u2013 14,000 IU, Vitamin D3 \u2013 1,350 IU, Vitamin E \u2013 400 mg, Taurine \u2013 1,000 mg, L-carnitine \u2013 50 mg Analytical constituents:Crude protein 30%, Crude fat 20%, Omega-3 fatty acids 0.6%, Omega-6 fatty acids 2.5%, Crude fibre 3%, Ash 8.5%, Moisture 9%, Calcium 1.8%, Phosphorus 1.2% Metabolisable energy: 3,963 kcal\/kg \ud83d\udc99 Ambrosia Fresh Venison &amp; Lamb \u2013 nutritious, natural, and tasty choice for all dogs that deserve the best!\" \/>\n<meta property=\"og:url\" content=\"https:\/\/miumjau.ee\/en\/product\/ambrosia-grain-free-dog-food-with-venison-lamb-12-kg\/\" \/>\n<meta property=\"og:site_name\" content=\"MiuMjau\" \/>\n<meta property=\"article:publisher\" content=\"https:\/\/www.facebook.com\/miumjaupood\/\" \/>\n<meta property=\"article:modified_time\" content=\"2026-01-07T21:23:45+00:00\" \/>\n<meta property=\"og:image\" content=\"https:\/\/miumjau.ee\/wp-content\/uploads\/2025\/04\/ambrosia-venison-lamb-Photoroom.webp\" \/>\n\t<meta property=\"og:image:width\" content=\"600\" \/>\n\t<meta property=\"og:image:height\" content=\"800\" \/>\n\t<meta property=\"og:image:type\" content=\"image\/webp\" \/>\n<meta name=\"twitter:card\" content=\"summary_large_image\" \/>\n<script type=\"application\/ld+json\" class=\"yoast-schema-graph\">{\"@context\":\"https:\/\/schema.org\",\"@graph\":[{\"@type\":\"WebPage\",\"@id\":\"https:\/\/miumjau.ee\/en\/product\/ambrosia-grain-free-dog-food-with-venison-lamb-12-kg\/\",\"url\":\"https:\/\/miumjau.ee\/en\/product\/ambrosia-grain-free-dog-food-with-venison-lamb-12-kg\/\",\"name\":\"Ambrosia Grain-Free Dog Food with Venison & Lamb 12 kg - MiuMjau\",\"isPartOf\":{\"@id\":\"https:\/\/miumjau.ee\/#website\"},\"primaryImageOfPage\":{\"@id\":\"https:\/\/miumjau.ee\/en\/product\/ambrosia-grain-free-dog-food-with-venison-lamb-12-kg\/#primaryimage\"},\"image\":{\"@id\":\"https:\/\/miumjau.ee\/en\/product\/ambrosia-grain-free-dog-food-with-venison-lamb-12-kg\/#primaryimage\"},\"thumbnailUrl\":\"https:\/\/miumjau.ee\/wp-content\/uploads\/2025\/04\/ambrosia-venison-lamb-Photoroom.webp\",\"datePublished\":\"2025-04-07T11:20:05+00:00\",\"dateModified\":\"2026-01-07T21:23:45+00:00\",\"breadcrumb\":{\"@id\":\"https:\/\/miumjau.ee\/en\/product\/ambrosia-grain-free-dog-food-with-venison-lamb-12-kg\/#breadcrumb\"},\"inLanguage\":\"en-US\",\"potentialAction\":[{\"@type\":\"ReadAction\",\"target\":[\"https:\/\/miumjau.ee\/en\/product\/ambrosia-grain-free-dog-food-with-venison-lamb-12-kg\/\"]}]},{\"@type\":\"ImageObject\",\"inLanguage\":\"en-US\",\"@id\":\"https:\/\/miumjau.ee\/en\/product\/ambrosia-grain-free-dog-food-with-venison-lamb-12-kg\/#primaryimage\",\"url\":\"https:\/\/miumjau.ee\/wp-content\/uploads\/2025\/04\/ambrosia-venison-lamb-Photoroom.webp\",\"contentUrl\":\"https:\/\/miumjau.ee\/wp-content\/uploads\/2025\/04\/ambrosia-venison-lamb-Photoroom.webp\",\"width\":600,\"height\":800,\"caption\":\"Ambrosia teraviljavaba t\u00e4iss\u00f6\u00f6t koertele\"},{\"@type\":\"BreadcrumbList\",\"@id\":\"https:\/\/miumjau.ee\/en\/product\/ambrosia-grain-free-dog-food-with-venison-lamb-12-kg\/#breadcrumb\",\"itemListElement\":[{\"@type\":\"ListItem\",\"position\":1,\"name\":\"Home\",\"item\":\"https:\/\/miumjau.ee\/en\/\"},{\"@type\":\"ListItem\",\"position\":2,\"name\":\"Shop\",\"item\":\"https:\/\/miumjau.ee\/en\/products\/\"},{\"@type\":\"ListItem\",\"position\":3,\"name\":\"Ambrosia Grain-Free Dog Food with Venison &#038; Lamb 12 kg\"}]},{\"@type\":\"WebSite\",\"@id\":\"https:\/\/miumjau.ee\/#website\",\"url\":\"https:\/\/miumjau.ee\/\",\"name\":\"MiuMjau\",\"description\":\"Kraapimispuud kassidele\",\"publisher\":{\"@id\":\"https:\/\/miumjau.ee\/#organization\"},\"potentialAction\":[{\"@type\":\"SearchAction\",\"target\":{\"@type\":\"EntryPoint\",\"urlTemplate\":\"https:\/\/miumjau.ee\/?s={search_term_string}\"},\"query-input\":{\"@type\":\"PropertyValueSpecification\",\"valueRequired\":true,\"valueName\":\"search_term_string\"}}],\"inLanguage\":\"en-US\"},{\"@type\":\"Organization\",\"@id\":\"https:\/\/miumjau.ee\/#organization\",\"name\":\"MiuMjau O\u00dc\",\"url\":\"https:\/\/miumjau.ee\/\",\"logo\":{\"@type\":\"ImageObject\",\"inLanguage\":\"en-US\",\"@id\":\"https:\/\/miumjau.ee\/#\/schema\/logo\/image\/\",\"url\":\"https:\/\/miumjau.ee\/wp-content\/uploads\/2022\/04\/MiuMjau-logo-kollane.png\",\"contentUrl\":\"https:\/\/miumjau.ee\/wp-content\/uploads\/2022\/04\/MiuMjau-logo-kollane.png\",\"width\":219,\"height\":100,\"caption\":\"MiuMjau O\u00dc\"},\"image\":{\"@id\":\"https:\/\/miumjau.ee\/#\/schema\/logo\/image\/\"},\"sameAs\":[\"https:\/\/www.facebook.com\/miumjaupood\/\"]}]}<\/script>\n<!-- \/ Yoast SEO plugin. -->","yoast_head_json":{"title":"Ambrosia Grain-Free Dog Food with Venison & Lamb 12 kg - MiuMjau","robots":{"index":"index","follow":"follow","max-snippet":"max-snippet:-1","max-image-preview":"max-image-preview:large","max-video-preview":"max-video-preview:-1"},"canonical":"https:\/\/miumjau.ee\/en\/product\/ambrosia-grain-free-dog-food-with-venison-lamb-12-kg\/","og_locale":"en_US","og_type":"article","og_title":"Ambrosia Grain-Free Dog Food with Venison & Lamb 12 kg - MiuMjau","og_description":"Ambrosia Fresh Venison &amp; Lamb \u2013 richly protein-packed venison and lamb for all dog breeds! Fresh venison and lamb provide high protein content and exquisite taste, suitable for dogs of all sizes and breeds. The food contains prebiotics and probiotics to support digestion and strengthen the immune system. Glucosamine and chondroitin protect the joints, while taurine and L-carnitine support heart and muscle health. Medium-sized kibble ideal for all dogs! A special dual-meat recipe \u2013 natural balance and top quality!\ud83e\udd8c Venison \u2013 valuable and easily digestible protein source\ud83d\udc11 Lamb \u2013 tasty, nutritious protein for strong muscles\ud83e\uddb4 Glucosamine &amp; chondroitin \u2013 support joint mobility\ud83e\udda0 Pre- &amp; probiotics \u2013 for digestion and immune health\ud83d\udc93 Taurine &amp; L-carnitine \u2013 support for heart, muscles, and metabolism Superfoods for daily vitality!\ud83e\udd66 Broccoli \u2013 helps prevent inflammation and supports vision\ud83e\udd6c Spinach \u2013 full of antioxidants, supports blood pressure\ud83c\udf45 Tomatoes \u2013 strengthen the immune system\ud83c\udf52 Cranberries \u2013 support heart and digestive health\ud83e\uded0 Blueberries \u2013 keep the mind sharp and bones strong Ingredients:Lamb (20%, incl. fresh boneless lamb 10%, dried lamb protein 10%), green peas, split peas, potato flakes, dried animal protein (11%), fresh venison (10%), hydrolysed animal protein (10%), animal fat (9.5%), dried beet pulp, flaxseed, potato protein, minerals, yeast extract (source of MOS &amp; beta-glucans), salmon oil, chicory (natural source of FOS and inulin), brewer\u2019s yeast, dried broccoli, spinach, tomatoes, cranberries, blueberries, glucosamine hydrochloride (100 mg\/kg), chondroitin sulphate (100 mg\/kg), plant extracts (rosemary, grape seed, turmeric, citrus, cloves). Additives (per kg):Vitamin A \u2013 14,000 IU, Vitamin D3 \u2013 1,350 IU, Vitamin E \u2013 400 mg, Taurine \u2013 1,000 mg, L-carnitine \u2013 50 mg Analytical constituents:Crude protein 30%, Crude fat 20%, Omega-3 fatty acids 0.6%, Omega-6 fatty acids 2.5%, Crude fibre 3%, Ash 8.5%, Moisture 9%, Calcium 1.8%, Phosphorus 1.2% Metabolisable energy: 3,963 kcal\/kg \ud83d\udc99 Ambrosia Fresh Venison &amp; Lamb \u2013 nutritious, natural, and tasty choice for all dogs that deserve the best!","og_url":"https:\/\/miumjau.ee\/en\/product\/ambrosia-grain-free-dog-food-with-venison-lamb-12-kg\/","og_site_name":"MiuMjau","article_publisher":"https:\/\/www.facebook.com\/miumjaupood\/","article_modified_time":"2026-01-07T21:23:45+00:00","og_image":[{"width":600,"height":800,"url":"https:\/\/miumjau.ee\/wp-content\/uploads\/2025\/04\/ambrosia-venison-lamb-Photoroom.webp","type":"image\/webp"}],"twitter_card":"summary_large_image","schema":{"@context":"https:\/\/schema.org","@graph":[{"@type":"WebPage","@id":"https:\/\/miumjau.ee\/en\/product\/ambrosia-grain-free-dog-food-with-venison-lamb-12-kg\/","url":"https:\/\/miumjau.ee\/en\/product\/ambrosia-grain-free-dog-food-with-venison-lamb-12-kg\/","name":"Ambrosia Grain-Free Dog Food with Venison & Lamb 12 kg - MiuMjau","isPartOf":{"@id":"https:\/\/miumjau.ee\/#website"},"primaryImageOfPage":{"@id":"https:\/\/miumjau.ee\/en\/product\/ambrosia-grain-free-dog-food-with-venison-lamb-12-kg\/#primaryimage"},"image":{"@id":"https:\/\/miumjau.ee\/en\/product\/ambrosia-grain-free-dog-food-with-venison-lamb-12-kg\/#primaryimage"},"thumbnailUrl":"https:\/\/miumjau.ee\/wp-content\/uploads\/2025\/04\/ambrosia-venison-lamb-Photoroom.webp","datePublished":"2025-04-07T11:20:05+00:00","dateModified":"2026-01-07T21:23:45+00:00","breadcrumb":{"@id":"https:\/\/miumjau.ee\/en\/product\/ambrosia-grain-free-dog-food-with-venison-lamb-12-kg\/#breadcrumb"},"inLanguage":"en-US","potentialAction":[{"@type":"ReadAction","target":["https:\/\/miumjau.ee\/en\/product\/ambrosia-grain-free-dog-food-with-venison-lamb-12-kg\/"]}]},{"@type":"ImageObject","inLanguage":"en-US","@id":"https:\/\/miumjau.ee\/en\/product\/ambrosia-grain-free-dog-food-with-venison-lamb-12-kg\/#primaryimage","url":"https:\/\/miumjau.ee\/wp-content\/uploads\/2025\/04\/ambrosia-venison-lamb-Photoroom.webp","contentUrl":"https:\/\/miumjau.ee\/wp-content\/uploads\/2025\/04\/ambrosia-venison-lamb-Photoroom.webp","width":600,"height":800,"caption":"Ambrosia teraviljavaba t\u00e4iss\u00f6\u00f6t koertele"},{"@type":"BreadcrumbList","@id":"https:\/\/miumjau.ee\/en\/product\/ambrosia-grain-free-dog-food-with-venison-lamb-12-kg\/#breadcrumb","itemListElement":[{"@type":"ListItem","position":1,"name":"Home","item":"https:\/\/miumjau.ee\/en\/"},{"@type":"ListItem","position":2,"name":"Shop","item":"https:\/\/miumjau.ee\/en\/products\/"},{"@type":"ListItem","position":3,"name":"Ambrosia Grain-Free Dog Food with Venison &#038; Lamb 12 kg"}]},{"@type":"WebSite","@id":"https:\/\/miumjau.ee\/#website","url":"https:\/\/miumjau.ee\/","name":"MiuMjau","description":"Kraapimispuud kassidele","publisher":{"@id":"https:\/\/miumjau.ee\/#organization"},"potentialAction":[{"@type":"SearchAction","target":{"@type":"EntryPoint","urlTemplate":"https:\/\/miumjau.ee\/?s={search_term_string}"},"query-input":{"@type":"PropertyValueSpecification","valueRequired":true,"valueName":"search_term_string"}}],"inLanguage":"en-US"},{"@type":"Organization","@id":"https:\/\/miumjau.ee\/#organization","name":"MiuMjau O\u00dc","url":"https:\/\/miumjau.ee\/","logo":{"@type":"ImageObject","inLanguage":"en-US","@id":"https:\/\/miumjau.ee\/#\/schema\/logo\/image\/","url":"https:\/\/miumjau.ee\/wp-content\/uploads\/2022\/04\/MiuMjau-logo-kollane.png","contentUrl":"https:\/\/miumjau.ee\/wp-content\/uploads\/2022\/04\/MiuMjau-logo-kollane.png","width":219,"height":100,"caption":"MiuMjau O\u00dc"},"image":{"@id":"https:\/\/miumjau.ee\/#\/schema\/logo\/image\/"},"sameAs":["https:\/\/www.facebook.com\/miumjaupood\/"]}]}},"_links":{"self":[{"href":"https:\/\/miumjau.ee\/en\/wp-json\/wp\/v2\/product\/51064","targetHints":{"allow":["GET"]}}],"collection":[{"href":"https:\/\/miumjau.ee\/en\/wp-json\/wp\/v2\/product"}],"about":[{"href":"https:\/\/miumjau.ee\/en\/wp-json\/wp\/v2\/types\/product"}],"wp:featuredmedia":[{"embeddable":true,"href":"https:\/\/miumjau.ee\/en\/wp-json\/wp\/v2\/media\/31874"}],"wp:attachment":[{"href":"https:\/\/miumjau.ee\/en\/wp-json\/wp\/v2\/media?parent=51064"}],"wp:term":[{"taxonomy":"product_brand","embeddable":true,"href":"https:\/\/miumjau.ee\/en\/wp-json\/wp\/v2\/product_brand?post=51064"},{"taxonomy":"product_cat","embeddable":true,"href":"https:\/\/miumjau.ee\/en\/wp-json\/wp\/v2\/product_cat?post=51064"},{"taxonomy":"product_tag","embeddable":true,"href":"https:\/\/miumjau.ee\/en\/wp-json\/wp\/v2\/product_tag?post=51064"}],"curies":[{"name":"wp","href":"https:\/\/api.w.org\/{rel}","templated":true}]}}