{"id":51058,"date":"2025-04-07T14:29:00","date_gmt":"2025-04-07T11:29:00","guid":{"rendered":"https:\/\/miumjau.ee\/toode\/ambrosia-grain-free-dog-food-with-turkey-rabbit-12-kg\/"},"modified":"2026-01-07T23:23:45","modified_gmt":"2026-01-07T21:23:45","slug":"ambrosia-grain-free-dog-food-with-turkey-rabbit-12-kg","status":"publish","type":"product","link":"https:\/\/miumjau.ee\/en\/product\/ambrosia-grain-free-dog-food-with-turkey-rabbit-12-kg\/","title":{"rendered":"Ambrosia Grain-Free Dog Food with Turkey &#038; Rabbit 12 kg"},"content":{"rendered":"","protected":false},"excerpt":{"rendered":"<p data-start=\"196\" data-end=\"277\"><strong data-start=\"196\" data-end=\"230\">Ambrosia Fresh Turkey &amp; Rabbit<\/strong> \u2013 a unique and balanced recipe for adult dogs!<\/p>\n<p data-start=\"279\" data-end=\"629\">A combination of fresh turkey fillet and dried rabbit protein provides a high-quality diet suitable for all breeds. The recipe is enriched with prebiotics and probiotics to support digestion and strengthen the immune system. Chondroitin and glucosamine help maintain joint flexibility, while taurine and L-carnitine support heart and muscle function.<\/p>\n<p data-start=\"631\" data-end=\"677\"><strong data-start=\"631\" data-end=\"677\">Medium-sized kibble suitable for all dogs!<\/strong><\/p>\n<p data-start=\"679\" data-end=\"1054\"><strong data-start=\"679\" data-end=\"741\">Powerful Turkey &amp; Rabbit duo \u2013 natural care in every bite!<\/strong><br data-start=\"741\" data-end=\"744\" \/>\ud83e\udd83 <strong data-start=\"747\" data-end=\"757\">Turkey<\/strong> \u2013 easily digestible, low-fat protein source<br data-start=\"801\" data-end=\"804\" \/>\ud83d\udc07 <strong data-start=\"807\" data-end=\"817\">Rabbit<\/strong> \u2013 an exclusive protein to help reduce food intolerances<br data-start=\"873\" data-end=\"876\" \/>\ud83e\udda0 <strong data-start=\"879\" data-end=\"900\">Pre- &amp; probiotics<\/strong> \u2013 for balanced digestion<br data-start=\"925\" data-end=\"928\" \/>\ud83e\uddb4 <strong data-start=\"931\" data-end=\"960\">Glucosamine &amp; chondroitin<\/strong> \u2013 to maintain joint mobility<br data-start=\"989\" data-end=\"992\" \/>\ud83d\udc93 <strong data-start=\"995\" data-end=\"1020\">Taurine &amp; L-carnitine<\/strong> \u2013 support for heart and muscles<\/p>\n<p data-start=\"1056\" data-end=\"1413\"><strong data-start=\"1056\" data-end=\"1098\">Healthy superfoods for daily vitality!<\/strong><br data-start=\"1098\" data-end=\"1101\" \/>\ud83e\udd66 <strong data-start=\"1104\" data-end=\"1116\">Broccoli<\/strong> \u2013 anti-inflammatory properties, supports eye health<br data-start=\"1168\" data-end=\"1171\" \/>\ud83e\udd6c <strong data-start=\"1174\" data-end=\"1185\">Spinach<\/strong> \u2013 boosts immunity and supports blood pressure balance<br data-start=\"1239\" data-end=\"1242\" \/>\ud83c\udf45 <strong data-start=\"1245\" data-end=\"1257\">Tomatoes<\/strong> \u2013 natural antioxidants<br data-start=\"1280\" data-end=\"1283\" \/>\ud83c\udf52 <strong data-start=\"1286\" data-end=\"1301\">Cranberries<\/strong> \u2013 support circulation and heart health<br data-start=\"1340\" data-end=\"1343\" \/>\ud83e\uded0 <strong data-start=\"1346\" data-end=\"1361\">Blueberries<\/strong> \u2013 enhance mental performance and strengthen bones<\/p>\n<p data-start=\"1415\" data-end=\"1976\"><strong data-start=\"1415\" data-end=\"1431\">Ingredients:<\/strong><br data-start=\"1431\" data-end=\"1434\" \/>Poultry meat (35%, incl. fresh boneless turkey 15%, dried poultry meat 20%), potato flakes, poultry fat (11%), peas, split peas, hydrolysed poultry protein (10%), dried rabbit protein (4%), dried beet pulp, flaxseed, chicory (natural source of FOS and inulin), brewer\u2019s yeast, salmon oil (0.5%), MOS &amp; beta-glucans, minerals, dried broccoli, spinach, tomatoes, cranberries, blueberries, glucosamine hydrochloride (150 mg\/kg), chondroitin sulphate (150 mg\/kg), plant extracts (Yucca schidigera, rosemary, grape seed, turmeric, citrus, cloves).<\/p>\n<p data-start=\"1978\" data-end=\"2109\"><strong data-start=\"1978\" data-end=\"2001\">Additives (per kg):<\/strong><br data-start=\"2001\" data-end=\"2004\" \/>Vitamin A \u2013 14,000 IU, Vitamin D3 \u2013 1,000 IU, Vitamin E \u2013 350 mg, Taurine \u2013 1,500 mg, L-carnitine \u2013 50 mg<\/p>\n<p data-start=\"2111\" data-end=\"2294\"><strong data-start=\"2111\" data-end=\"2139\">Analytical constituents:<\/strong><br data-start=\"2139\" data-end=\"2142\" \/>Crude protein 30%, Crude fat 20%, Omega-3 fatty acids 0.8%, Omega-6 fatty acids 2.7%, Crude fibre 3%, Ash 7.5%, Moisture 9%, Calcium 1.6%, Phosphorus 1%<\/p>\n<p data-start=\"2296\" data-end=\"2335\"><strong data-start=\"2296\" data-end=\"2321\">Metabolisable energy:<\/strong> 4,055 kcal\/kg<\/p>\n<p data-start=\"2337\" data-end=\"2441\">\ud83d\udc99 <strong data-start=\"2340\" data-end=\"2374\">Ambrosia Fresh Turkey &amp; Rabbit<\/strong> \u2013 gourmet-level kibble that delights even the most demanding dogs!<\/p>\n","protected":false},"featured_media":31870,"template":"","meta":[],"product_brand":[],"product_cat":[490],"product_tag":[],"class_list":{"0":"post-51058","1":"product","2":"type-product","3":"status-publish","4":"has-post-thumbnail","6":"product_cat-dry-food-for-dogs","8":"first","9":"instock","10":"taxable","11":"shipping-taxable","12":"purchasable","13":"product-type-simple"},"yoast_head":"<!-- This site is optimized with the Yoast SEO plugin v27.2 - https:\/\/yoast.com\/product\/yoast-seo-wordpress\/ -->\n<title>Ambrosia Grain-Free Dog Food with Turkey &amp; Rabbit 12 kg - MiuMjau<\/title>\n<meta name=\"robots\" content=\"index, follow, max-snippet:-1, max-image-preview:large, max-video-preview:-1\" \/>\n<link rel=\"canonical\" href=\"https:\/\/miumjau.ee\/en\/product\/ambrosia-grain-free-dog-food-with-turkey-rabbit-12-kg\/\" \/>\n<meta property=\"og:locale\" content=\"en_US\" \/>\n<meta property=\"og:type\" content=\"article\" \/>\n<meta property=\"og:title\" content=\"Ambrosia Grain-Free Dog Food with Turkey &amp; Rabbit 12 kg - MiuMjau\" \/>\n<meta property=\"og:description\" content=\"Ambrosia Fresh Turkey &amp; Rabbit \u2013 a unique and balanced recipe for adult dogs! A combination of fresh turkey fillet and dried rabbit protein provides a high-quality diet suitable for all breeds. The recipe is enriched with prebiotics and probiotics to support digestion and strengthen the immune system. Chondroitin and glucosamine help maintain joint flexibility, while taurine and L-carnitine support heart and muscle function. Medium-sized kibble suitable for all dogs! Powerful Turkey &amp; Rabbit duo \u2013 natural care in every bite!\ud83e\udd83 Turkey \u2013 easily digestible, low-fat protein source\ud83d\udc07 Rabbit \u2013 an exclusive protein to help reduce food intolerances\ud83e\udda0 Pre- &amp; probiotics \u2013 for balanced digestion\ud83e\uddb4 Glucosamine &amp; chondroitin \u2013 to maintain joint mobility\ud83d\udc93 Taurine &amp; L-carnitine \u2013 support for heart and muscles Healthy superfoods for daily vitality!\ud83e\udd66 Broccoli \u2013 anti-inflammatory properties, supports eye health\ud83e\udd6c Spinach \u2013 boosts immunity and supports blood pressure balance\ud83c\udf45 Tomatoes \u2013 natural antioxidants\ud83c\udf52 Cranberries \u2013 support circulation and heart health\ud83e\uded0 Blueberries \u2013 enhance mental performance and strengthen bones Ingredients:Poultry meat (35%, incl. fresh boneless turkey 15%, dried poultry meat 20%), potato flakes, poultry fat (11%), peas, split peas, hydrolysed poultry protein (10%), dried rabbit protein (4%), dried beet pulp, flaxseed, chicory (natural source of FOS and inulin), brewer\u2019s yeast, salmon oil (0.5%), MOS &amp; beta-glucans, minerals, dried broccoli, spinach, tomatoes, cranberries, blueberries, glucosamine hydrochloride (150 mg\/kg), chondroitin sulphate (150 mg\/kg), plant extracts (Yucca schidigera, rosemary, grape seed, turmeric, citrus, cloves). Additives (per kg):Vitamin A \u2013 14,000 IU, Vitamin D3 \u2013 1,000 IU, Vitamin E \u2013 350 mg, Taurine \u2013 1,500 mg, L-carnitine \u2013 50 mg Analytical constituents:Crude protein 30%, Crude fat 20%, Omega-3 fatty acids 0.8%, Omega-6 fatty acids 2.7%, Crude fibre 3%, Ash 7.5%, Moisture 9%, Calcium 1.6%, Phosphorus 1% Metabolisable energy: 4,055 kcal\/kg \ud83d\udc99 Ambrosia Fresh Turkey &amp; Rabbit \u2013 gourmet-level kibble that delights even the most demanding dogs!\" \/>\n<meta property=\"og:url\" content=\"https:\/\/miumjau.ee\/en\/product\/ambrosia-grain-free-dog-food-with-turkey-rabbit-12-kg\/\" \/>\n<meta property=\"og:site_name\" content=\"MiuMjau\" \/>\n<meta property=\"article:publisher\" content=\"https:\/\/www.facebook.com\/miumjaupood\/\" \/>\n<meta property=\"article:modified_time\" content=\"2026-01-07T21:23:45+00:00\" \/>\n<meta property=\"og:image\" content=\"https:\/\/miumjau.ee\/wp-content\/uploads\/2025\/04\/ambrosia-turkey-rabbit-adult-Photoroom.webp\" \/>\n\t<meta property=\"og:image:width\" content=\"600\" \/>\n\t<meta property=\"og:image:height\" content=\"800\" \/>\n\t<meta property=\"og:image:type\" content=\"image\/webp\" \/>\n<meta name=\"twitter:card\" content=\"summary_large_image\" \/>\n<script type=\"application\/ld+json\" class=\"yoast-schema-graph\">{\"@context\":\"https:\/\/schema.org\",\"@graph\":[{\"@type\":\"WebPage\",\"@id\":\"https:\/\/miumjau.ee\/en\/product\/ambrosia-grain-free-dog-food-with-turkey-rabbit-12-kg\/\",\"url\":\"https:\/\/miumjau.ee\/en\/product\/ambrosia-grain-free-dog-food-with-turkey-rabbit-12-kg\/\",\"name\":\"Ambrosia Grain-Free Dog Food with Turkey & Rabbit 12 kg - MiuMjau\",\"isPartOf\":{\"@id\":\"https:\/\/miumjau.ee\/#website\"},\"primaryImageOfPage\":{\"@id\":\"https:\/\/miumjau.ee\/en\/product\/ambrosia-grain-free-dog-food-with-turkey-rabbit-12-kg\/#primaryimage\"},\"image\":{\"@id\":\"https:\/\/miumjau.ee\/en\/product\/ambrosia-grain-free-dog-food-with-turkey-rabbit-12-kg\/#primaryimage\"},\"thumbnailUrl\":\"https:\/\/miumjau.ee\/wp-content\/uploads\/2025\/04\/ambrosia-turkey-rabbit-adult-Photoroom.webp\",\"datePublished\":\"2025-04-07T11:29:00+00:00\",\"dateModified\":\"2026-01-07T21:23:45+00:00\",\"breadcrumb\":{\"@id\":\"https:\/\/miumjau.ee\/en\/product\/ambrosia-grain-free-dog-food-with-turkey-rabbit-12-kg\/#breadcrumb\"},\"inLanguage\":\"en-US\",\"potentialAction\":[{\"@type\":\"ReadAction\",\"target\":[\"https:\/\/miumjau.ee\/en\/product\/ambrosia-grain-free-dog-food-with-turkey-rabbit-12-kg\/\"]}]},{\"@type\":\"ImageObject\",\"inLanguage\":\"en-US\",\"@id\":\"https:\/\/miumjau.ee\/en\/product\/ambrosia-grain-free-dog-food-with-turkey-rabbit-12-kg\/#primaryimage\",\"url\":\"https:\/\/miumjau.ee\/wp-content\/uploads\/2025\/04\/ambrosia-turkey-rabbit-adult-Photoroom.webp\",\"contentUrl\":\"https:\/\/miumjau.ee\/wp-content\/uploads\/2025\/04\/ambrosia-turkey-rabbit-adult-Photoroom.webp\",\"width\":600,\"height\":800,\"caption\":\"Ambrosia teraviljavaba t\u00e4iss\u00f6\u00f6t koertele\"},{\"@type\":\"BreadcrumbList\",\"@id\":\"https:\/\/miumjau.ee\/en\/product\/ambrosia-grain-free-dog-food-with-turkey-rabbit-12-kg\/#breadcrumb\",\"itemListElement\":[{\"@type\":\"ListItem\",\"position\":1,\"name\":\"Home\",\"item\":\"https:\/\/miumjau.ee\/en\/\"},{\"@type\":\"ListItem\",\"position\":2,\"name\":\"Shop\",\"item\":\"https:\/\/miumjau.ee\/en\/products\/\"},{\"@type\":\"ListItem\",\"position\":3,\"name\":\"Ambrosia Grain-Free Dog Food with Turkey &#038; Rabbit 12 kg\"}]},{\"@type\":\"WebSite\",\"@id\":\"https:\/\/miumjau.ee\/#website\",\"url\":\"https:\/\/miumjau.ee\/\",\"name\":\"MiuMjau\",\"description\":\"Kraapimispuud kassidele\",\"publisher\":{\"@id\":\"https:\/\/miumjau.ee\/#organization\"},\"potentialAction\":[{\"@type\":\"SearchAction\",\"target\":{\"@type\":\"EntryPoint\",\"urlTemplate\":\"https:\/\/miumjau.ee\/?s={search_term_string}\"},\"query-input\":{\"@type\":\"PropertyValueSpecification\",\"valueRequired\":true,\"valueName\":\"search_term_string\"}}],\"inLanguage\":\"en-US\"},{\"@type\":\"Organization\",\"@id\":\"https:\/\/miumjau.ee\/#organization\",\"name\":\"MiuMjau O\u00dc\",\"url\":\"https:\/\/miumjau.ee\/\",\"logo\":{\"@type\":\"ImageObject\",\"inLanguage\":\"en-US\",\"@id\":\"https:\/\/miumjau.ee\/#\/schema\/logo\/image\/\",\"url\":\"https:\/\/miumjau.ee\/wp-content\/uploads\/2022\/04\/MiuMjau-logo-kollane.png\",\"contentUrl\":\"https:\/\/miumjau.ee\/wp-content\/uploads\/2022\/04\/MiuMjau-logo-kollane.png\",\"width\":219,\"height\":100,\"caption\":\"MiuMjau O\u00dc\"},\"image\":{\"@id\":\"https:\/\/miumjau.ee\/#\/schema\/logo\/image\/\"},\"sameAs\":[\"https:\/\/www.facebook.com\/miumjaupood\/\"]}]}<\/script>\n<!-- \/ Yoast SEO plugin. -->","yoast_head_json":{"title":"Ambrosia Grain-Free Dog Food with Turkey & Rabbit 12 kg - MiuMjau","robots":{"index":"index","follow":"follow","max-snippet":"max-snippet:-1","max-image-preview":"max-image-preview:large","max-video-preview":"max-video-preview:-1"},"canonical":"https:\/\/miumjau.ee\/en\/product\/ambrosia-grain-free-dog-food-with-turkey-rabbit-12-kg\/","og_locale":"en_US","og_type":"article","og_title":"Ambrosia Grain-Free Dog Food with Turkey & Rabbit 12 kg - MiuMjau","og_description":"Ambrosia Fresh Turkey &amp; Rabbit \u2013 a unique and balanced recipe for adult dogs! A combination of fresh turkey fillet and dried rabbit protein provides a high-quality diet suitable for all breeds. The recipe is enriched with prebiotics and probiotics to support digestion and strengthen the immune system. Chondroitin and glucosamine help maintain joint flexibility, while taurine and L-carnitine support heart and muscle function. Medium-sized kibble suitable for all dogs! Powerful Turkey &amp; Rabbit duo \u2013 natural care in every bite!\ud83e\udd83 Turkey \u2013 easily digestible, low-fat protein source\ud83d\udc07 Rabbit \u2013 an exclusive protein to help reduce food intolerances\ud83e\udda0 Pre- &amp; probiotics \u2013 for balanced digestion\ud83e\uddb4 Glucosamine &amp; chondroitin \u2013 to maintain joint mobility\ud83d\udc93 Taurine &amp; L-carnitine \u2013 support for heart and muscles Healthy superfoods for daily vitality!\ud83e\udd66 Broccoli \u2013 anti-inflammatory properties, supports eye health\ud83e\udd6c Spinach \u2013 boosts immunity and supports blood pressure balance\ud83c\udf45 Tomatoes \u2013 natural antioxidants\ud83c\udf52 Cranberries \u2013 support circulation and heart health\ud83e\uded0 Blueberries \u2013 enhance mental performance and strengthen bones Ingredients:Poultry meat (35%, incl. fresh boneless turkey 15%, dried poultry meat 20%), potato flakes, poultry fat (11%), peas, split peas, hydrolysed poultry protein (10%), dried rabbit protein (4%), dried beet pulp, flaxseed, chicory (natural source of FOS and inulin), brewer\u2019s yeast, salmon oil (0.5%), MOS &amp; beta-glucans, minerals, dried broccoli, spinach, tomatoes, cranberries, blueberries, glucosamine hydrochloride (150 mg\/kg), chondroitin sulphate (150 mg\/kg), plant extracts (Yucca schidigera, rosemary, grape seed, turmeric, citrus, cloves). Additives (per kg):Vitamin A \u2013 14,000 IU, Vitamin D3 \u2013 1,000 IU, Vitamin E \u2013 350 mg, Taurine \u2013 1,500 mg, L-carnitine \u2013 50 mg Analytical constituents:Crude protein 30%, Crude fat 20%, Omega-3 fatty acids 0.8%, Omega-6 fatty acids 2.7%, Crude fibre 3%, Ash 7.5%, Moisture 9%, Calcium 1.6%, Phosphorus 1% Metabolisable energy: 4,055 kcal\/kg \ud83d\udc99 Ambrosia Fresh Turkey &amp; Rabbit \u2013 gourmet-level kibble that delights even the most demanding dogs!","og_url":"https:\/\/miumjau.ee\/en\/product\/ambrosia-grain-free-dog-food-with-turkey-rabbit-12-kg\/","og_site_name":"MiuMjau","article_publisher":"https:\/\/www.facebook.com\/miumjaupood\/","article_modified_time":"2026-01-07T21:23:45+00:00","og_image":[{"width":600,"height":800,"url":"https:\/\/miumjau.ee\/wp-content\/uploads\/2025\/04\/ambrosia-turkey-rabbit-adult-Photoroom.webp","type":"image\/webp"}],"twitter_card":"summary_large_image","schema":{"@context":"https:\/\/schema.org","@graph":[{"@type":"WebPage","@id":"https:\/\/miumjau.ee\/en\/product\/ambrosia-grain-free-dog-food-with-turkey-rabbit-12-kg\/","url":"https:\/\/miumjau.ee\/en\/product\/ambrosia-grain-free-dog-food-with-turkey-rabbit-12-kg\/","name":"Ambrosia Grain-Free Dog Food with Turkey & Rabbit 12 kg - MiuMjau","isPartOf":{"@id":"https:\/\/miumjau.ee\/#website"},"primaryImageOfPage":{"@id":"https:\/\/miumjau.ee\/en\/product\/ambrosia-grain-free-dog-food-with-turkey-rabbit-12-kg\/#primaryimage"},"image":{"@id":"https:\/\/miumjau.ee\/en\/product\/ambrosia-grain-free-dog-food-with-turkey-rabbit-12-kg\/#primaryimage"},"thumbnailUrl":"https:\/\/miumjau.ee\/wp-content\/uploads\/2025\/04\/ambrosia-turkey-rabbit-adult-Photoroom.webp","datePublished":"2025-04-07T11:29:00+00:00","dateModified":"2026-01-07T21:23:45+00:00","breadcrumb":{"@id":"https:\/\/miumjau.ee\/en\/product\/ambrosia-grain-free-dog-food-with-turkey-rabbit-12-kg\/#breadcrumb"},"inLanguage":"en-US","potentialAction":[{"@type":"ReadAction","target":["https:\/\/miumjau.ee\/en\/product\/ambrosia-grain-free-dog-food-with-turkey-rabbit-12-kg\/"]}]},{"@type":"ImageObject","inLanguage":"en-US","@id":"https:\/\/miumjau.ee\/en\/product\/ambrosia-grain-free-dog-food-with-turkey-rabbit-12-kg\/#primaryimage","url":"https:\/\/miumjau.ee\/wp-content\/uploads\/2025\/04\/ambrosia-turkey-rabbit-adult-Photoroom.webp","contentUrl":"https:\/\/miumjau.ee\/wp-content\/uploads\/2025\/04\/ambrosia-turkey-rabbit-adult-Photoroom.webp","width":600,"height":800,"caption":"Ambrosia teraviljavaba t\u00e4iss\u00f6\u00f6t koertele"},{"@type":"BreadcrumbList","@id":"https:\/\/miumjau.ee\/en\/product\/ambrosia-grain-free-dog-food-with-turkey-rabbit-12-kg\/#breadcrumb","itemListElement":[{"@type":"ListItem","position":1,"name":"Home","item":"https:\/\/miumjau.ee\/en\/"},{"@type":"ListItem","position":2,"name":"Shop","item":"https:\/\/miumjau.ee\/en\/products\/"},{"@type":"ListItem","position":3,"name":"Ambrosia Grain-Free Dog Food with Turkey &#038; Rabbit 12 kg"}]},{"@type":"WebSite","@id":"https:\/\/miumjau.ee\/#website","url":"https:\/\/miumjau.ee\/","name":"MiuMjau","description":"Kraapimispuud kassidele","publisher":{"@id":"https:\/\/miumjau.ee\/#organization"},"potentialAction":[{"@type":"SearchAction","target":{"@type":"EntryPoint","urlTemplate":"https:\/\/miumjau.ee\/?s={search_term_string}"},"query-input":{"@type":"PropertyValueSpecification","valueRequired":true,"valueName":"search_term_string"}}],"inLanguage":"en-US"},{"@type":"Organization","@id":"https:\/\/miumjau.ee\/#organization","name":"MiuMjau O\u00dc","url":"https:\/\/miumjau.ee\/","logo":{"@type":"ImageObject","inLanguage":"en-US","@id":"https:\/\/miumjau.ee\/#\/schema\/logo\/image\/","url":"https:\/\/miumjau.ee\/wp-content\/uploads\/2022\/04\/MiuMjau-logo-kollane.png","contentUrl":"https:\/\/miumjau.ee\/wp-content\/uploads\/2022\/04\/MiuMjau-logo-kollane.png","width":219,"height":100,"caption":"MiuMjau O\u00dc"},"image":{"@id":"https:\/\/miumjau.ee\/#\/schema\/logo\/image\/"},"sameAs":["https:\/\/www.facebook.com\/miumjaupood\/"]}]}},"_links":{"self":[{"href":"https:\/\/miumjau.ee\/en\/wp-json\/wp\/v2\/product\/51058","targetHints":{"allow":["GET"]}}],"collection":[{"href":"https:\/\/miumjau.ee\/en\/wp-json\/wp\/v2\/product"}],"about":[{"href":"https:\/\/miumjau.ee\/en\/wp-json\/wp\/v2\/types\/product"}],"wp:featuredmedia":[{"embeddable":true,"href":"https:\/\/miumjau.ee\/en\/wp-json\/wp\/v2\/media\/31870"}],"wp:attachment":[{"href":"https:\/\/miumjau.ee\/en\/wp-json\/wp\/v2\/media?parent=51058"}],"wp:term":[{"taxonomy":"product_brand","embeddable":true,"href":"https:\/\/miumjau.ee\/en\/wp-json\/wp\/v2\/product_brand?post=51058"},{"taxonomy":"product_cat","embeddable":true,"href":"https:\/\/miumjau.ee\/en\/wp-json\/wp\/v2\/product_cat?post=51058"},{"taxonomy":"product_tag","embeddable":true,"href":"https:\/\/miumjau.ee\/en\/wp-json\/wp\/v2\/product_tag?post=51058"}],"curies":[{"name":"wp","href":"https:\/\/api.w.org\/{rel}","templated":true}]}}