{"id":49304,"date":"2025-06-18T17:32:38","date_gmt":"2025-06-18T14:32:38","guid":{"rendered":"https:\/\/miumjau.ee\/toode\/bugalugs-papaya-coconut-scented-2-in-1-shampoo-250-ml\/"},"modified":"2026-01-07T23:25:53","modified_gmt":"2026-01-07T21:25:53","slug":"bugalugs-papaya-coconut-scented-2-in-1-shampoo-250-ml","status":"publish","type":"product","link":"https:\/\/miumjau.ee\/en\/product\/bugalugs-papaya-coconut-scented-2-in-1-shampoo-250-ml\/","title":{"rendered":"Bugalugs Papaya &#038; Coconut Scented 2-in-1 Shampoo 250 ml"},"content":{"rendered":"","protected":false},"excerpt":{"rendered":"<p data-start=\"152\" data-end=\"485\">A long-lasting papaya and coconut scented 2-in-1 conditioning shampoo for dogs that soothes, cleanses, conditions and moisturises. The shampoo deeply cleans the coat without irritating the skin, leaving the fur clean, soft and irresistibly fragrant. Suitable for dogs from 8 weeks of age and for all coat types. Paraben-free formula.<\/p>\n<p data-start=\"487\" data-end=\"941\">This irresistibly rich papaya and coconut scented 2-in-1 conditioning shampoo contains colloidal oatmeal and coconut oil to cleanse, soothe and nourish your dog\u2019s skin and coat. To help prevent dry skin and add shine to the coat, bathe your pet regularly. Coconut oil gently cleanses and moisturises, while papaya helps restore the skin\u2019s and coat\u2019s natural moisture balance. The pleasant tropical scent remains noticeable in the coat even after washing.<\/p>\n<p data-start=\"943\" data-end=\"1227\"><strong data-start=\"943\" data-end=\"966\">Directions for use:<\/strong> Wet the dog\u2019s coat with warm water. Can be diluted at a ratio of 10:1. Apply shampoo to the coat, lather and rinse thoroughly. Towel dry afterwards. Avoid contact with eyes \u2013 if this occurs, rinse thoroughly with plenty of water. Keep out of reach of children.<\/p>\n<p data-start=\"1229\" data-end=\"1698\"><strong data-start=\"1229\" data-end=\"1245\">Ingredients:<\/strong> Aqua, Sodium Laureth Sulfate, Glycerin, Cocamidopropyl Betaine, Coco-Glucoside, Glyceryl Oleate, Parfum, Polyglyceryl-2 Caprate, Glycol Distearate, Sodium Chloride, Benzophenone-4, Sodium Hydroxide, Citric Acid, Laureth-4, Coconut Oil, Papaya Fruit Extract, Avena Sativa (Oat) Kernel Flour, Lactic Acid, Hydrogenated Palm Glycerides Citrate, Tocopherol, Leuconostoc\/Radish Root Ferment Filtrate, Polysorbate 20, Polyquaternium-4, Phenoxyethanol, CI 11.<\/p>\n<p data-start=\"1700\" data-end=\"1736\"><strong data-start=\"1700\" data-end=\"1717\">Manufacturer:<\/strong> Lakeland Cosmetics<\/p>\n","protected":false},"featured_media":36625,"template":"","meta":[],"product_brand":[],"product_cat":[489],"product_tag":[],"class_list":{"0":"post-49304","1":"product","2":"type-product","3":"status-publish","4":"has-post-thumbnail","6":"product_cat-grooming-products-for-dogs","8":"first","9":"instock","10":"taxable","11":"shipping-taxable","12":"purchasable","13":"product-type-simple"},"yoast_head":"<!-- This site is optimized with the Yoast SEO plugin v27.2 - https:\/\/yoast.com\/product\/yoast-seo-wordpress\/ -->\n<title>Bugalugs Papaya &amp; Coconut Scented 2-in-1 Shampoo 250 ml - MiuMjau<\/title>\n<meta name=\"robots\" content=\"index, follow, max-snippet:-1, max-image-preview:large, max-video-preview:-1\" \/>\n<link rel=\"canonical\" href=\"https:\/\/miumjau.ee\/en\/product\/bugalugs-papaya-coconut-scented-2-in-1-shampoo-250-ml\/\" \/>\n<meta property=\"og:locale\" content=\"en_US\" \/>\n<meta property=\"og:type\" content=\"article\" \/>\n<meta property=\"og:title\" content=\"Bugalugs Papaya &amp; Coconut Scented 2-in-1 Shampoo 250 ml - MiuMjau\" \/>\n<meta property=\"og:description\" content=\"A long-lasting papaya and coconut scented 2-in-1 conditioning shampoo for dogs that soothes, cleanses, conditions and moisturises. The shampoo deeply cleans the coat without irritating the skin, leaving the fur clean, soft and irresistibly fragrant. Suitable for dogs from 8 weeks of age and for all coat types. Paraben-free formula. This irresistibly rich papaya and coconut scented 2-in-1 conditioning shampoo contains colloidal oatmeal and coconut oil to cleanse, soothe and nourish your dog\u2019s skin and coat. To help prevent dry skin and add shine to the coat, bathe your pet regularly. Coconut oil gently cleanses and moisturises, while papaya helps restore the skin\u2019s and coat\u2019s natural moisture balance. The pleasant tropical scent remains noticeable in the coat even after washing. Directions for use: Wet the dog\u2019s coat with warm water. Can be diluted at a ratio of 10:1. Apply shampoo to the coat, lather and rinse thoroughly. Towel dry afterwards. Avoid contact with eyes \u2013 if this occurs, rinse thoroughly with plenty of water. Keep out of reach of children. Ingredients: Aqua, Sodium Laureth Sulfate, Glycerin, Cocamidopropyl Betaine, Coco-Glucoside, Glyceryl Oleate, Parfum, Polyglyceryl-2 Caprate, Glycol Distearate, Sodium Chloride, Benzophenone-4, Sodium Hydroxide, Citric Acid, Laureth-4, Coconut Oil, Papaya Fruit Extract, Avena Sativa (Oat) Kernel Flour, Lactic Acid, Hydrogenated Palm Glycerides Citrate, Tocopherol, Leuconostoc\/Radish Root Ferment Filtrate, Polysorbate 20, Polyquaternium-4, Phenoxyethanol, CI 11. Manufacturer: Lakeland Cosmetics\" \/>\n<meta property=\"og:url\" content=\"https:\/\/miumjau.ee\/en\/product\/bugalugs-papaya-coconut-scented-2-in-1-shampoo-250-ml\/\" \/>\n<meta property=\"og:site_name\" content=\"MiuMjau\" \/>\n<meta property=\"article:publisher\" content=\"https:\/\/www.facebook.com\/miumjaupood\/\" \/>\n<meta property=\"article:modified_time\" content=\"2026-01-07T21:25:53+00:00\" \/>\n<meta property=\"og:image\" content=\"https:\/\/miumjau.ee\/wp-content\/uploads\/2025\/06\/bugalugs-2in1-sampoon-papaia-kookos2-1.webp\" \/>\n\t<meta property=\"og:image:width\" content=\"600\" \/>\n\t<meta property=\"og:image:height\" content=\"800\" \/>\n\t<meta property=\"og:image:type\" content=\"image\/webp\" \/>\n<meta name=\"twitter:card\" content=\"summary_large_image\" \/>\n<script type=\"application\/ld+json\" class=\"yoast-schema-graph\">{\"@context\":\"https:\/\/schema.org\",\"@graph\":[{\"@type\":\"WebPage\",\"@id\":\"https:\/\/miumjau.ee\/en\/product\/bugalugs-papaya-coconut-scented-2-in-1-shampoo-250-ml\/\",\"url\":\"https:\/\/miumjau.ee\/en\/product\/bugalugs-papaya-coconut-scented-2-in-1-shampoo-250-ml\/\",\"name\":\"Bugalugs Papaya & Coconut Scented 2-in-1 Shampoo 250 ml - MiuMjau\",\"isPartOf\":{\"@id\":\"https:\/\/miumjau.ee\/#website\"},\"primaryImageOfPage\":{\"@id\":\"https:\/\/miumjau.ee\/en\/product\/bugalugs-papaya-coconut-scented-2-in-1-shampoo-250-ml\/#primaryimage\"},\"image\":{\"@id\":\"https:\/\/miumjau.ee\/en\/product\/bugalugs-papaya-coconut-scented-2-in-1-shampoo-250-ml\/#primaryimage\"},\"thumbnailUrl\":\"https:\/\/miumjau.ee\/wp-content\/uploads\/2025\/06\/bugalugs-2in1-sampoon-papaia-kookos2-1.webp\",\"datePublished\":\"2025-06-18T14:32:38+00:00\",\"dateModified\":\"2026-01-07T21:25:53+00:00\",\"breadcrumb\":{\"@id\":\"https:\/\/miumjau.ee\/en\/product\/bugalugs-papaya-coconut-scented-2-in-1-shampoo-250-ml\/#breadcrumb\"},\"inLanguage\":\"en-US\",\"potentialAction\":[{\"@type\":\"ReadAction\",\"target\":[\"https:\/\/miumjau.ee\/en\/product\/bugalugs-papaya-coconut-scented-2-in-1-shampoo-250-ml\/\"]}]},{\"@type\":\"ImageObject\",\"inLanguage\":\"en-US\",\"@id\":\"https:\/\/miumjau.ee\/en\/product\/bugalugs-papaya-coconut-scented-2-in-1-shampoo-250-ml\/#primaryimage\",\"url\":\"https:\/\/miumjau.ee\/wp-content\/uploads\/2025\/06\/bugalugs-2in1-sampoon-papaia-kookos2-1.webp\",\"contentUrl\":\"https:\/\/miumjau.ee\/wp-content\/uploads\/2025\/06\/bugalugs-2in1-sampoon-papaia-kookos2-1.webp\",\"width\":600,\"height\":800,\"caption\":\"Bugalugs papaia ja kookosp\u00e4hkli l\u00f5hnaline 2-in-1 \u0161ampoon 250ml\"},{\"@type\":\"BreadcrumbList\",\"@id\":\"https:\/\/miumjau.ee\/en\/product\/bugalugs-papaya-coconut-scented-2-in-1-shampoo-250-ml\/#breadcrumb\",\"itemListElement\":[{\"@type\":\"ListItem\",\"position\":1,\"name\":\"Home\",\"item\":\"https:\/\/miumjau.ee\/en\/\"},{\"@type\":\"ListItem\",\"position\":2,\"name\":\"Shop\",\"item\":\"https:\/\/miumjau.ee\/en\/products\/\"},{\"@type\":\"ListItem\",\"position\":3,\"name\":\"Bugalugs Papaya &#038; Coconut Scented 2-in-1 Shampoo 250 ml\"}]},{\"@type\":\"WebSite\",\"@id\":\"https:\/\/miumjau.ee\/#website\",\"url\":\"https:\/\/miumjau.ee\/\",\"name\":\"MiuMjau\",\"description\":\"Kraapimispuud kassidele\",\"publisher\":{\"@id\":\"https:\/\/miumjau.ee\/#organization\"},\"potentialAction\":[{\"@type\":\"SearchAction\",\"target\":{\"@type\":\"EntryPoint\",\"urlTemplate\":\"https:\/\/miumjau.ee\/?s={search_term_string}\"},\"query-input\":{\"@type\":\"PropertyValueSpecification\",\"valueRequired\":true,\"valueName\":\"search_term_string\"}}],\"inLanguage\":\"en-US\"},{\"@type\":\"Organization\",\"@id\":\"https:\/\/miumjau.ee\/#organization\",\"name\":\"MiuMjau O\u00dc\",\"url\":\"https:\/\/miumjau.ee\/\",\"logo\":{\"@type\":\"ImageObject\",\"inLanguage\":\"en-US\",\"@id\":\"https:\/\/miumjau.ee\/#\/schema\/logo\/image\/\",\"url\":\"https:\/\/miumjau.ee\/wp-content\/uploads\/2022\/04\/MiuMjau-logo-kollane.png\",\"contentUrl\":\"https:\/\/miumjau.ee\/wp-content\/uploads\/2022\/04\/MiuMjau-logo-kollane.png\",\"width\":219,\"height\":100,\"caption\":\"MiuMjau O\u00dc\"},\"image\":{\"@id\":\"https:\/\/miumjau.ee\/#\/schema\/logo\/image\/\"},\"sameAs\":[\"https:\/\/www.facebook.com\/miumjaupood\/\"]}]}<\/script>\n<!-- \/ Yoast SEO plugin. -->","yoast_head_json":{"title":"Bugalugs Papaya & Coconut Scented 2-in-1 Shampoo 250 ml - MiuMjau","robots":{"index":"index","follow":"follow","max-snippet":"max-snippet:-1","max-image-preview":"max-image-preview:large","max-video-preview":"max-video-preview:-1"},"canonical":"https:\/\/miumjau.ee\/en\/product\/bugalugs-papaya-coconut-scented-2-in-1-shampoo-250-ml\/","og_locale":"en_US","og_type":"article","og_title":"Bugalugs Papaya & Coconut Scented 2-in-1 Shampoo 250 ml - MiuMjau","og_description":"A long-lasting papaya and coconut scented 2-in-1 conditioning shampoo for dogs that soothes, cleanses, conditions and moisturises. The shampoo deeply cleans the coat without irritating the skin, leaving the fur clean, soft and irresistibly fragrant. Suitable for dogs from 8 weeks of age and for all coat types. Paraben-free formula. This irresistibly rich papaya and coconut scented 2-in-1 conditioning shampoo contains colloidal oatmeal and coconut oil to cleanse, soothe and nourish your dog\u2019s skin and coat. To help prevent dry skin and add shine to the coat, bathe your pet regularly. Coconut oil gently cleanses and moisturises, while papaya helps restore the skin\u2019s and coat\u2019s natural moisture balance. The pleasant tropical scent remains noticeable in the coat even after washing. Directions for use: Wet the dog\u2019s coat with warm water. Can be diluted at a ratio of 10:1. Apply shampoo to the coat, lather and rinse thoroughly. Towel dry afterwards. Avoid contact with eyes \u2013 if this occurs, rinse thoroughly with plenty of water. Keep out of reach of children. Ingredients: Aqua, Sodium Laureth Sulfate, Glycerin, Cocamidopropyl Betaine, Coco-Glucoside, Glyceryl Oleate, Parfum, Polyglyceryl-2 Caprate, Glycol Distearate, Sodium Chloride, Benzophenone-4, Sodium Hydroxide, Citric Acid, Laureth-4, Coconut Oil, Papaya Fruit Extract, Avena Sativa (Oat) Kernel Flour, Lactic Acid, Hydrogenated Palm Glycerides Citrate, Tocopherol, Leuconostoc\/Radish Root Ferment Filtrate, Polysorbate 20, Polyquaternium-4, Phenoxyethanol, CI 11. Manufacturer: Lakeland Cosmetics","og_url":"https:\/\/miumjau.ee\/en\/product\/bugalugs-papaya-coconut-scented-2-in-1-shampoo-250-ml\/","og_site_name":"MiuMjau","article_publisher":"https:\/\/www.facebook.com\/miumjaupood\/","article_modified_time":"2026-01-07T21:25:53+00:00","og_image":[{"width":600,"height":800,"url":"https:\/\/miumjau.ee\/wp-content\/uploads\/2025\/06\/bugalugs-2in1-sampoon-papaia-kookos2-1.webp","type":"image\/webp"}],"twitter_card":"summary_large_image","schema":{"@context":"https:\/\/schema.org","@graph":[{"@type":"WebPage","@id":"https:\/\/miumjau.ee\/en\/product\/bugalugs-papaya-coconut-scented-2-in-1-shampoo-250-ml\/","url":"https:\/\/miumjau.ee\/en\/product\/bugalugs-papaya-coconut-scented-2-in-1-shampoo-250-ml\/","name":"Bugalugs Papaya & Coconut Scented 2-in-1 Shampoo 250 ml - MiuMjau","isPartOf":{"@id":"https:\/\/miumjau.ee\/#website"},"primaryImageOfPage":{"@id":"https:\/\/miumjau.ee\/en\/product\/bugalugs-papaya-coconut-scented-2-in-1-shampoo-250-ml\/#primaryimage"},"image":{"@id":"https:\/\/miumjau.ee\/en\/product\/bugalugs-papaya-coconut-scented-2-in-1-shampoo-250-ml\/#primaryimage"},"thumbnailUrl":"https:\/\/miumjau.ee\/wp-content\/uploads\/2025\/06\/bugalugs-2in1-sampoon-papaia-kookos2-1.webp","datePublished":"2025-06-18T14:32:38+00:00","dateModified":"2026-01-07T21:25:53+00:00","breadcrumb":{"@id":"https:\/\/miumjau.ee\/en\/product\/bugalugs-papaya-coconut-scented-2-in-1-shampoo-250-ml\/#breadcrumb"},"inLanguage":"en-US","potentialAction":[{"@type":"ReadAction","target":["https:\/\/miumjau.ee\/en\/product\/bugalugs-papaya-coconut-scented-2-in-1-shampoo-250-ml\/"]}]},{"@type":"ImageObject","inLanguage":"en-US","@id":"https:\/\/miumjau.ee\/en\/product\/bugalugs-papaya-coconut-scented-2-in-1-shampoo-250-ml\/#primaryimage","url":"https:\/\/miumjau.ee\/wp-content\/uploads\/2025\/06\/bugalugs-2in1-sampoon-papaia-kookos2-1.webp","contentUrl":"https:\/\/miumjau.ee\/wp-content\/uploads\/2025\/06\/bugalugs-2in1-sampoon-papaia-kookos2-1.webp","width":600,"height":800,"caption":"Bugalugs papaia ja kookosp\u00e4hkli l\u00f5hnaline 2-in-1 \u0161ampoon 250ml"},{"@type":"BreadcrumbList","@id":"https:\/\/miumjau.ee\/en\/product\/bugalugs-papaya-coconut-scented-2-in-1-shampoo-250-ml\/#breadcrumb","itemListElement":[{"@type":"ListItem","position":1,"name":"Home","item":"https:\/\/miumjau.ee\/en\/"},{"@type":"ListItem","position":2,"name":"Shop","item":"https:\/\/miumjau.ee\/en\/products\/"},{"@type":"ListItem","position":3,"name":"Bugalugs Papaya &#038; Coconut Scented 2-in-1 Shampoo 250 ml"}]},{"@type":"WebSite","@id":"https:\/\/miumjau.ee\/#website","url":"https:\/\/miumjau.ee\/","name":"MiuMjau","description":"Kraapimispuud kassidele","publisher":{"@id":"https:\/\/miumjau.ee\/#organization"},"potentialAction":[{"@type":"SearchAction","target":{"@type":"EntryPoint","urlTemplate":"https:\/\/miumjau.ee\/?s={search_term_string}"},"query-input":{"@type":"PropertyValueSpecification","valueRequired":true,"valueName":"search_term_string"}}],"inLanguage":"en-US"},{"@type":"Organization","@id":"https:\/\/miumjau.ee\/#organization","name":"MiuMjau O\u00dc","url":"https:\/\/miumjau.ee\/","logo":{"@type":"ImageObject","inLanguage":"en-US","@id":"https:\/\/miumjau.ee\/#\/schema\/logo\/image\/","url":"https:\/\/miumjau.ee\/wp-content\/uploads\/2022\/04\/MiuMjau-logo-kollane.png","contentUrl":"https:\/\/miumjau.ee\/wp-content\/uploads\/2022\/04\/MiuMjau-logo-kollane.png","width":219,"height":100,"caption":"MiuMjau O\u00dc"},"image":{"@id":"https:\/\/miumjau.ee\/#\/schema\/logo\/image\/"},"sameAs":["https:\/\/www.facebook.com\/miumjaupood\/"]}]}},"_links":{"self":[{"href":"https:\/\/miumjau.ee\/en\/wp-json\/wp\/v2\/product\/49304","targetHints":{"allow":["GET"]}}],"collection":[{"href":"https:\/\/miumjau.ee\/en\/wp-json\/wp\/v2\/product"}],"about":[{"href":"https:\/\/miumjau.ee\/en\/wp-json\/wp\/v2\/types\/product"}],"wp:featuredmedia":[{"embeddable":true,"href":"https:\/\/miumjau.ee\/en\/wp-json\/wp\/v2\/media\/36625"}],"wp:attachment":[{"href":"https:\/\/miumjau.ee\/en\/wp-json\/wp\/v2\/media?parent=49304"}],"wp:term":[{"taxonomy":"product_brand","embeddable":true,"href":"https:\/\/miumjau.ee\/en\/wp-json\/wp\/v2\/product_brand?post=49304"},{"taxonomy":"product_cat","embeddable":true,"href":"https:\/\/miumjau.ee\/en\/wp-json\/wp\/v2\/product_cat?post=49304"},{"taxonomy":"product_tag","embeddable":true,"href":"https:\/\/miumjau.ee\/en\/wp-json\/wp\/v2\/product_tag?post=49304"}],"curies":[{"name":"wp","href":"https:\/\/api.w.org\/{rel}","templated":true}]}}