{"id":48681,"date":"2025-05-03T08:56:22","date_gmt":"2025-05-03T05:56:22","guid":{"rendered":"https:\/\/miumjau.ee\/toode\/dog-pool-coolpets-80-x-20-cm\/"},"modified":"2026-01-07T23:27:19","modified_gmt":"2026-01-07T21:27:19","slug":"dog-pool-coolpets-80-x-20-cm","status":"publish","type":"product","link":"https:\/\/miumjau.ee\/en\/product\/dog-pool-coolpets-80-x-20-cm\/","title":{"rendered":"Dog Pool Coolpets 80 x 20 cm"},"content":{"rendered":"","protected":false},"excerpt":{"rendered":"<p data-start=\"157\" data-end=\"447\">This pool offers dogs the best opportunity to cool down!<br data-start=\"213\" data-end=\"216\" \/>Made from very durable materials, making it suitable for long-term use. The pool walls and bottom are covered with non-slip material. The material is UV-resistant and equipped with a drain plug, making it easy to release the water.<\/p>\n<p data-start=\"449\" data-end=\"531\">Should be used on a flat surface without stones or other sharp objects underneath.<\/p>\n<p data-start=\"533\" data-end=\"824\"><strong data-start=\"533\" data-end=\"546\">Benefits:<\/strong><br data-start=\"546\" data-end=\"549\" \/>\u2714\ufe0f Provides pleasant cooling<br data-start=\"577\" data-end=\"580\" \/>\u2714\ufe0f Easy to set up in the yard, on the terrace or balcony<br data-start=\"636\" data-end=\"639\" \/>\u2714\ufe0f Reduces the risk of overheating<br data-start=\"673\" data-end=\"676\" \/>\u2714\ufe0f Non-slip bottom and sides<br data-start=\"704\" data-end=\"707\" \/>\u2714\ufe0f Plug for easy draining<br data-start=\"732\" data-end=\"735\" \/>\u2714\ufe0f Foldable and compact for storage during the winter period<br data-start=\"795\" data-end=\"798\" \/>\u2714\ufe0f UV-resistant material<\/p>\n<p data-start=\"826\" data-end=\"899\"><strong data-start=\"826\" data-end=\"841\">Dimensions:<\/strong><br data-start=\"841\" data-end=\"844\" \/>S: \u00f8 80 x 20 cm<br data-start=\"859\" data-end=\"862\" \/>M: \u00f8 100 x 25 cm<br data-start=\"878\" data-end=\"881\" \/>L: \u00f8 120 x 30 cm<\/p>\n","protected":false},"featured_media":33777,"template":"","meta":[],"product_brand":[],"product_cat":[496],"product_tag":[],"class_list":{"0":"post-48681","1":"product","2":"type-product","3":"status-publish","4":"has-post-thumbnail","6":"product_cat-toys-for-dogs","8":"first","9":"instock","10":"sale","11":"taxable","12":"shipping-taxable","13":"purchasable","14":"product-type-simple"},"yoast_head":"<!-- This site is optimized with the Yoast SEO plugin v27.4 - https:\/\/yoast.com\/product\/yoast-seo-wordpress\/ -->\n<title>Dog Pool Coolpets 80 x 20 cm - MiuMjau<\/title>\n<meta name=\"robots\" content=\"index, follow, max-snippet:-1, max-image-preview:large, max-video-preview:-1\" \/>\n<link rel=\"canonical\" href=\"https:\/\/miumjau.ee\/en\/product\/dog-pool-coolpets-80-x-20-cm\/\" \/>\n<meta property=\"og:locale\" content=\"en_US\" \/>\n<meta property=\"og:type\" content=\"article\" \/>\n<meta property=\"og:title\" content=\"Dog Pool Coolpets 80 x 20 cm - MiuMjau\" \/>\n<meta property=\"og:description\" content=\"This pool offers dogs the best opportunity to cool down!Made from very durable materials, making it suitable for long-term use. The pool walls and bottom are covered with non-slip material. The material is UV-resistant and equipped with a drain plug, making it easy to release the water. Should be used on a flat surface without stones or other sharp objects underneath. Benefits:\u2714\ufe0f Provides pleasant cooling\u2714\ufe0f Easy to set up in the yard, on the terrace or balcony\u2714\ufe0f Reduces the risk of overheating\u2714\ufe0f Non-slip bottom and sides\u2714\ufe0f Plug for easy draining\u2714\ufe0f Foldable and compact for storage during the winter period\u2714\ufe0f UV-resistant material Dimensions:S: \u00f8 80 x 20 cmM: \u00f8 100 x 25 cmL: \u00f8 120 x 30 cm\" \/>\n<meta property=\"og:url\" content=\"https:\/\/miumjau.ee\/en\/product\/dog-pool-coolpets-80-x-20-cm\/\" \/>\n<meta property=\"og:site_name\" content=\"MiuMjau\" \/>\n<meta property=\"article:publisher\" content=\"https:\/\/www.facebook.com\/miumjaupood\/\" \/>\n<meta property=\"article:modified_time\" content=\"2026-01-07T21:27:19+00:00\" \/>\n<meta property=\"og:image\" content=\"https:\/\/miumjau.ee\/wp-content\/uploads\/2025\/05\/koerte-bassein-coolpets4.webp\" \/>\n\t<meta property=\"og:image:width\" content=\"600\" \/>\n\t<meta property=\"og:image:height\" content=\"800\" \/>\n\t<meta property=\"og:image:type\" content=\"image\/webp\" \/>\n<meta name=\"twitter:card\" content=\"summary_large_image\" \/>\n<script type=\"application\/ld+json\" class=\"yoast-schema-graph\">{\"@context\":\"https:\\\/\\\/schema.org\",\"@graph\":[{\"@type\":\"WebPage\",\"@id\":\"https:\\\/\\\/miumjau.ee\\\/en\\\/product\\\/dog-pool-coolpets-80-x-20-cm\\\/\",\"url\":\"https:\\\/\\\/miumjau.ee\\\/en\\\/product\\\/dog-pool-coolpets-80-x-20-cm\\\/\",\"name\":\"Dog Pool Coolpets 80 x 20 cm - MiuMjau\",\"isPartOf\":{\"@id\":\"https:\\\/\\\/miumjau.ee\\\/#website\"},\"primaryImageOfPage\":{\"@id\":\"https:\\\/\\\/miumjau.ee\\\/en\\\/product\\\/dog-pool-coolpets-80-x-20-cm\\\/#primaryimage\"},\"image\":{\"@id\":\"https:\\\/\\\/miumjau.ee\\\/en\\\/product\\\/dog-pool-coolpets-80-x-20-cm\\\/#primaryimage\"},\"thumbnailUrl\":\"https:\\\/\\\/miumjau.ee\\\/wp-content\\\/uploads\\\/2025\\\/05\\\/koerte-bassein-coolpets4.webp\",\"datePublished\":\"2025-05-03T05:56:22+00:00\",\"dateModified\":\"2026-01-07T21:27:19+00:00\",\"breadcrumb\":{\"@id\":\"https:\\\/\\\/miumjau.ee\\\/en\\\/product\\\/dog-pool-coolpets-80-x-20-cm\\\/#breadcrumb\"},\"inLanguage\":\"en-US\",\"potentialAction\":[{\"@type\":\"ReadAction\",\"target\":[\"https:\\\/\\\/miumjau.ee\\\/en\\\/product\\\/dog-pool-coolpets-80-x-20-cm\\\/\"]}]},{\"@type\":\"ImageObject\",\"inLanguage\":\"en-US\",\"@id\":\"https:\\\/\\\/miumjau.ee\\\/en\\\/product\\\/dog-pool-coolpets-80-x-20-cm\\\/#primaryimage\",\"url\":\"https:\\\/\\\/miumjau.ee\\\/wp-content\\\/uploads\\\/2025\\\/05\\\/koerte-bassein-coolpets4.webp\",\"contentUrl\":\"https:\\\/\\\/miumjau.ee\\\/wp-content\\\/uploads\\\/2025\\\/05\\\/koerte-bassein-coolpets4.webp\",\"width\":600,\"height\":800,\"caption\":\"Koerte bassein Coolpets 80x20cm\"},{\"@type\":\"BreadcrumbList\",\"@id\":\"https:\\\/\\\/miumjau.ee\\\/en\\\/product\\\/dog-pool-coolpets-80-x-20-cm\\\/#breadcrumb\",\"itemListElement\":[{\"@type\":\"ListItem\",\"position\":1,\"name\":\"Home\",\"item\":\"https:\\\/\\\/miumjau.ee\\\/en\\\/\"},{\"@type\":\"ListItem\",\"position\":2,\"name\":\"Shop\",\"item\":\"https:\\\/\\\/miumjau.ee\\\/en\\\/products\\\/\"},{\"@type\":\"ListItem\",\"position\":3,\"name\":\"Dog Pool Coolpets 80 x 20 cm\"}]},{\"@type\":\"WebSite\",\"@id\":\"https:\\\/\\\/miumjau.ee\\\/#website\",\"url\":\"https:\\\/\\\/miumjau.ee\\\/\",\"name\":\"MiuMjau\",\"description\":\"Kraapimispuud kassidele\",\"publisher\":{\"@id\":\"https:\\\/\\\/miumjau.ee\\\/#organization\"},\"potentialAction\":[{\"@type\":\"SearchAction\",\"target\":{\"@type\":\"EntryPoint\",\"urlTemplate\":\"https:\\\/\\\/miumjau.ee\\\/?s={search_term_string}\"},\"query-input\":{\"@type\":\"PropertyValueSpecification\",\"valueRequired\":true,\"valueName\":\"search_term_string\"}}],\"inLanguage\":\"en-US\"},{\"@type\":\"Organization\",\"@id\":\"https:\\\/\\\/miumjau.ee\\\/#organization\",\"name\":\"MiuMjau O\u00dc\",\"url\":\"https:\\\/\\\/miumjau.ee\\\/\",\"logo\":{\"@type\":\"ImageObject\",\"inLanguage\":\"en-US\",\"@id\":\"https:\\\/\\\/miumjau.ee\\\/#\\\/schema\\\/logo\\\/image\\\/\",\"url\":\"https:\\\/\\\/miumjau.ee\\\/wp-content\\\/uploads\\\/2022\\\/04\\\/MiuMjau-logo-kollane.png\",\"contentUrl\":\"https:\\\/\\\/miumjau.ee\\\/wp-content\\\/uploads\\\/2022\\\/04\\\/MiuMjau-logo-kollane.png\",\"width\":219,\"height\":100,\"caption\":\"MiuMjau O\u00dc\"},\"image\":{\"@id\":\"https:\\\/\\\/miumjau.ee\\\/#\\\/schema\\\/logo\\\/image\\\/\"},\"sameAs\":[\"https:\\\/\\\/www.facebook.com\\\/miumjaupood\\\/\"]}]}<\/script>\n<!-- \/ Yoast SEO plugin. -->","yoast_head_json":{"title":"Dog Pool Coolpets 80 x 20 cm - MiuMjau","robots":{"index":"index","follow":"follow","max-snippet":"max-snippet:-1","max-image-preview":"max-image-preview:large","max-video-preview":"max-video-preview:-1"},"canonical":"https:\/\/miumjau.ee\/en\/product\/dog-pool-coolpets-80-x-20-cm\/","og_locale":"en_US","og_type":"article","og_title":"Dog Pool Coolpets 80 x 20 cm - MiuMjau","og_description":"This pool offers dogs the best opportunity to cool down!Made from very durable materials, making it suitable for long-term use. The pool walls and bottom are covered with non-slip material. The material is UV-resistant and equipped with a drain plug, making it easy to release the water. Should be used on a flat surface without stones or other sharp objects underneath. Benefits:\u2714\ufe0f Provides pleasant cooling\u2714\ufe0f Easy to set up in the yard, on the terrace or balcony\u2714\ufe0f Reduces the risk of overheating\u2714\ufe0f Non-slip bottom and sides\u2714\ufe0f Plug for easy draining\u2714\ufe0f Foldable and compact for storage during the winter period\u2714\ufe0f UV-resistant material Dimensions:S: \u00f8 80 x 20 cmM: \u00f8 100 x 25 cmL: \u00f8 120 x 30 cm","og_url":"https:\/\/miumjau.ee\/en\/product\/dog-pool-coolpets-80-x-20-cm\/","og_site_name":"MiuMjau","article_publisher":"https:\/\/www.facebook.com\/miumjaupood\/","article_modified_time":"2026-01-07T21:27:19+00:00","og_image":[{"width":600,"height":800,"url":"https:\/\/miumjau.ee\/wp-content\/uploads\/2025\/05\/koerte-bassein-coolpets4.webp","type":"image\/webp"}],"twitter_card":"summary_large_image","schema":{"@context":"https:\/\/schema.org","@graph":[{"@type":"WebPage","@id":"https:\/\/miumjau.ee\/en\/product\/dog-pool-coolpets-80-x-20-cm\/","url":"https:\/\/miumjau.ee\/en\/product\/dog-pool-coolpets-80-x-20-cm\/","name":"Dog Pool Coolpets 80 x 20 cm - MiuMjau","isPartOf":{"@id":"https:\/\/miumjau.ee\/#website"},"primaryImageOfPage":{"@id":"https:\/\/miumjau.ee\/en\/product\/dog-pool-coolpets-80-x-20-cm\/#primaryimage"},"image":{"@id":"https:\/\/miumjau.ee\/en\/product\/dog-pool-coolpets-80-x-20-cm\/#primaryimage"},"thumbnailUrl":"https:\/\/miumjau.ee\/wp-content\/uploads\/2025\/05\/koerte-bassein-coolpets4.webp","datePublished":"2025-05-03T05:56:22+00:00","dateModified":"2026-01-07T21:27:19+00:00","breadcrumb":{"@id":"https:\/\/miumjau.ee\/en\/product\/dog-pool-coolpets-80-x-20-cm\/#breadcrumb"},"inLanguage":"en-US","potentialAction":[{"@type":"ReadAction","target":["https:\/\/miumjau.ee\/en\/product\/dog-pool-coolpets-80-x-20-cm\/"]}]},{"@type":"ImageObject","inLanguage":"en-US","@id":"https:\/\/miumjau.ee\/en\/product\/dog-pool-coolpets-80-x-20-cm\/#primaryimage","url":"https:\/\/miumjau.ee\/wp-content\/uploads\/2025\/05\/koerte-bassein-coolpets4.webp","contentUrl":"https:\/\/miumjau.ee\/wp-content\/uploads\/2025\/05\/koerte-bassein-coolpets4.webp","width":600,"height":800,"caption":"Koerte bassein Coolpets 80x20cm"},{"@type":"BreadcrumbList","@id":"https:\/\/miumjau.ee\/en\/product\/dog-pool-coolpets-80-x-20-cm\/#breadcrumb","itemListElement":[{"@type":"ListItem","position":1,"name":"Home","item":"https:\/\/miumjau.ee\/en\/"},{"@type":"ListItem","position":2,"name":"Shop","item":"https:\/\/miumjau.ee\/en\/products\/"},{"@type":"ListItem","position":3,"name":"Dog Pool Coolpets 80 x 20 cm"}]},{"@type":"WebSite","@id":"https:\/\/miumjau.ee\/#website","url":"https:\/\/miumjau.ee\/","name":"MiuMjau","description":"Kraapimispuud kassidele","publisher":{"@id":"https:\/\/miumjau.ee\/#organization"},"potentialAction":[{"@type":"SearchAction","target":{"@type":"EntryPoint","urlTemplate":"https:\/\/miumjau.ee\/?s={search_term_string}"},"query-input":{"@type":"PropertyValueSpecification","valueRequired":true,"valueName":"search_term_string"}}],"inLanguage":"en-US"},{"@type":"Organization","@id":"https:\/\/miumjau.ee\/#organization","name":"MiuMjau O\u00dc","url":"https:\/\/miumjau.ee\/","logo":{"@type":"ImageObject","inLanguage":"en-US","@id":"https:\/\/miumjau.ee\/#\/schema\/logo\/image\/","url":"https:\/\/miumjau.ee\/wp-content\/uploads\/2022\/04\/MiuMjau-logo-kollane.png","contentUrl":"https:\/\/miumjau.ee\/wp-content\/uploads\/2022\/04\/MiuMjau-logo-kollane.png","width":219,"height":100,"caption":"MiuMjau O\u00dc"},"image":{"@id":"https:\/\/miumjau.ee\/#\/schema\/logo\/image\/"},"sameAs":["https:\/\/www.facebook.com\/miumjaupood\/"]}]}},"_links":{"self":[{"href":"https:\/\/miumjau.ee\/en\/wp-json\/wp\/v2\/product\/48681","targetHints":{"allow":["GET"]}}],"collection":[{"href":"https:\/\/miumjau.ee\/en\/wp-json\/wp\/v2\/product"}],"about":[{"href":"https:\/\/miumjau.ee\/en\/wp-json\/wp\/v2\/types\/product"}],"wp:featuredmedia":[{"embeddable":true,"href":"https:\/\/miumjau.ee\/en\/wp-json\/wp\/v2\/media\/33777"}],"wp:attachment":[{"href":"https:\/\/miumjau.ee\/en\/wp-json\/wp\/v2\/media?parent=48681"}],"wp:term":[{"taxonomy":"product_brand","embeddable":true,"href":"https:\/\/miumjau.ee\/en\/wp-json\/wp\/v2\/product_brand?post=48681"},{"taxonomy":"product_cat","embeddable":true,"href":"https:\/\/miumjau.ee\/en\/wp-json\/wp\/v2\/product_cat?post=48681"},{"taxonomy":"product_tag","embeddable":true,"href":"https:\/\/miumjau.ee\/en\/wp-json\/wp\/v2\/product_tag?post=48681"}],"curies":[{"name":"wp","href":"https:\/\/api.w.org\/{rel}","templated":true}]}}