{"id":48116,"date":"2025-05-28T16:11:12","date_gmt":"2025-05-28T13:11:12","guid":{"rendered":"https:\/\/miumjau.ee\/toode\/buffalo-horn-rope-dog-toy-frigera-l\/"},"modified":"2026-01-07T23:27:55","modified_gmt":"2026-01-07T21:27:55","slug":"buffalo-horn-rope-dog-toy-frigera-l","status":"publish","type":"product","link":"https:\/\/miumjau.ee\/en\/product\/buffalo-horn-rope-dog-toy-frigera-l\/","title":{"rendered":"Buffalo Horn Rope, Dog Toy, Frigera L"},"content":{"rendered":"","protected":false},"excerpt":{"rendered":"<p data-start=\"140\" data-end=\"532\">Does your four-legged friend just can\u2019t resist chewing your expensive sneakers? Don\u2019t worry \u2013 the friGERA buffalo horn rope toy is here to help! This handcrafted natural toy provides hours of chewing enjoyment for your dog. In addition to relieving boredom, intense chewing is believed to reduce anxiety symptoms and help decrease plaque, supporting your beloved pet\u2019s overall oral hygiene.<\/p>\n<p data-start=\"534\" data-end=\"892\">Our toy, made from buffalo horn and cotton rope, is a healthy and responsible alternative to expensive synthetic chew toys, combining organic cotton rope with nutrient-rich buffalo horn pieces. These pieces are full of protein, calcium, and phosphorus, supporting healthy bones and muscles! With the inner keratin, this toy can last for weeks, even months!<\/p>\n<p data-start=\"894\" data-end=\"954\">Net weight: 390 g<br data-start=\"911\" data-end=\"914\" \/>Ingredients: Buffalo horn, cotton rope<\/p>\n","protected":false},"featured_media":35742,"template":"","meta":[],"product_brand":[],"product_cat":[496],"product_tag":[],"class_list":{"0":"post-48116","1":"product","2":"type-product","3":"status-publish","4":"has-post-thumbnail","6":"product_cat-toys-for-dogs","8":"first","9":"instock","10":"sale","11":"taxable","12":"shipping-taxable","13":"purchasable","14":"product-type-simple"},"yoast_head":"<!-- This site is optimized with the Yoast SEO plugin v27.4 - https:\/\/yoast.com\/product\/yoast-seo-wordpress\/ -->\n<title>Buffalo Horn Rope, Dog Toy, Frigera L - MiuMjau<\/title>\n<meta name=\"robots\" content=\"index, follow, max-snippet:-1, max-image-preview:large, max-video-preview:-1\" \/>\n<link rel=\"canonical\" href=\"https:\/\/miumjau.ee\/en\/product\/buffalo-horn-rope-dog-toy-frigera-l\/\" \/>\n<meta property=\"og:locale\" content=\"en_US\" \/>\n<meta property=\"og:type\" content=\"article\" \/>\n<meta property=\"og:title\" content=\"Buffalo Horn Rope, Dog Toy, Frigera L - MiuMjau\" \/>\n<meta property=\"og:description\" content=\"Does your four-legged friend just can\u2019t resist chewing your expensive sneakers? Don\u2019t worry \u2013 the friGERA buffalo horn rope toy is here to help! This handcrafted natural toy provides hours of chewing enjoyment for your dog. In addition to relieving boredom, intense chewing is believed to reduce anxiety symptoms and help decrease plaque, supporting your beloved pet\u2019s overall oral hygiene. Our toy, made from buffalo horn and cotton rope, is a healthy and responsible alternative to expensive synthetic chew toys, combining organic cotton rope with nutrient-rich buffalo horn pieces. These pieces are full of protein, calcium, and phosphorus, supporting healthy bones and muscles! With the inner keratin, this toy can last for weeks, even months! Net weight: 390 gIngredients: Buffalo horn, cotton rope\" \/>\n<meta property=\"og:url\" content=\"https:\/\/miumjau.ee\/en\/product\/buffalo-horn-rope-dog-toy-frigera-l\/\" \/>\n<meta property=\"og:site_name\" content=\"MiuMjau\" \/>\n<meta property=\"article:publisher\" content=\"https:\/\/www.facebook.com\/miumjaupood\/\" \/>\n<meta property=\"article:modified_time\" content=\"2026-01-07T21:27:55+00:00\" \/>\n<meta property=\"og:image\" content=\"https:\/\/miumjau.ee\/wp-content\/uploads\/2025\/05\/kois-puhvli-sarvega-frigera3.webp\" \/>\n\t<meta property=\"og:image:width\" content=\"600\" \/>\n\t<meta property=\"og:image:height\" content=\"800\" \/>\n\t<meta property=\"og:image:type\" content=\"image\/webp\" \/>\n<meta name=\"twitter:card\" content=\"summary_large_image\" \/>\n<script type=\"application\/ld+json\" class=\"yoast-schema-graph\">{\"@context\":\"https:\\\/\\\/schema.org\",\"@graph\":[{\"@type\":\"WebPage\",\"@id\":\"https:\\\/\\\/miumjau.ee\\\/en\\\/product\\\/buffalo-horn-rope-dog-toy-frigera-l\\\/\",\"url\":\"https:\\\/\\\/miumjau.ee\\\/en\\\/product\\\/buffalo-horn-rope-dog-toy-frigera-l\\\/\",\"name\":\"Buffalo Horn Rope, Dog Toy, Frigera L - MiuMjau\",\"isPartOf\":{\"@id\":\"https:\\\/\\\/miumjau.ee\\\/#website\"},\"primaryImageOfPage\":{\"@id\":\"https:\\\/\\\/miumjau.ee\\\/en\\\/product\\\/buffalo-horn-rope-dog-toy-frigera-l\\\/#primaryimage\"},\"image\":{\"@id\":\"https:\\\/\\\/miumjau.ee\\\/en\\\/product\\\/buffalo-horn-rope-dog-toy-frigera-l\\\/#primaryimage\"},\"thumbnailUrl\":\"https:\\\/\\\/miumjau.ee\\\/wp-content\\\/uploads\\\/2025\\\/05\\\/kois-puhvli-sarvega-frigera3.webp\",\"datePublished\":\"2025-05-28T13:11:12+00:00\",\"dateModified\":\"2026-01-07T21:27:55+00:00\",\"breadcrumb\":{\"@id\":\"https:\\\/\\\/miumjau.ee\\\/en\\\/product\\\/buffalo-horn-rope-dog-toy-frigera-l\\\/#breadcrumb\"},\"inLanguage\":\"en-US\",\"potentialAction\":[{\"@type\":\"ReadAction\",\"target\":[\"https:\\\/\\\/miumjau.ee\\\/en\\\/product\\\/buffalo-horn-rope-dog-toy-frigera-l\\\/\"]}]},{\"@type\":\"ImageObject\",\"inLanguage\":\"en-US\",\"@id\":\"https:\\\/\\\/miumjau.ee\\\/en\\\/product\\\/buffalo-horn-rope-dog-toy-frigera-l\\\/#primaryimage\",\"url\":\"https:\\\/\\\/miumjau.ee\\\/wp-content\\\/uploads\\\/2025\\\/05\\\/kois-puhvli-sarvega-frigera3.webp\",\"contentUrl\":\"https:\\\/\\\/miumjau.ee\\\/wp-content\\\/uploads\\\/2025\\\/05\\\/kois-puhvli-sarvega-frigera3.webp\",\"width\":600,\"height\":800,\"caption\":\"P\u00fchvli sarvega k\u00f6is, m\u00e4nguasi koertele L\"},{\"@type\":\"BreadcrumbList\",\"@id\":\"https:\\\/\\\/miumjau.ee\\\/en\\\/product\\\/buffalo-horn-rope-dog-toy-frigera-l\\\/#breadcrumb\",\"itemListElement\":[{\"@type\":\"ListItem\",\"position\":1,\"name\":\"Home\",\"item\":\"https:\\\/\\\/miumjau.ee\\\/en\\\/\"},{\"@type\":\"ListItem\",\"position\":2,\"name\":\"Shop\",\"item\":\"https:\\\/\\\/miumjau.ee\\\/en\\\/products\\\/\"},{\"@type\":\"ListItem\",\"position\":3,\"name\":\"Buffalo Horn Rope, Dog Toy, Frigera L\"}]},{\"@type\":\"WebSite\",\"@id\":\"https:\\\/\\\/miumjau.ee\\\/#website\",\"url\":\"https:\\\/\\\/miumjau.ee\\\/\",\"name\":\"MiuMjau\",\"description\":\"Kraapimispuud kassidele\",\"publisher\":{\"@id\":\"https:\\\/\\\/miumjau.ee\\\/#organization\"},\"potentialAction\":[{\"@type\":\"SearchAction\",\"target\":{\"@type\":\"EntryPoint\",\"urlTemplate\":\"https:\\\/\\\/miumjau.ee\\\/?s={search_term_string}\"},\"query-input\":{\"@type\":\"PropertyValueSpecification\",\"valueRequired\":true,\"valueName\":\"search_term_string\"}}],\"inLanguage\":\"en-US\"},{\"@type\":\"Organization\",\"@id\":\"https:\\\/\\\/miumjau.ee\\\/#organization\",\"name\":\"MiuMjau O\u00dc\",\"url\":\"https:\\\/\\\/miumjau.ee\\\/\",\"logo\":{\"@type\":\"ImageObject\",\"inLanguage\":\"en-US\",\"@id\":\"https:\\\/\\\/miumjau.ee\\\/#\\\/schema\\\/logo\\\/image\\\/\",\"url\":\"https:\\\/\\\/miumjau.ee\\\/wp-content\\\/uploads\\\/2022\\\/04\\\/MiuMjau-logo-kollane.png\",\"contentUrl\":\"https:\\\/\\\/miumjau.ee\\\/wp-content\\\/uploads\\\/2022\\\/04\\\/MiuMjau-logo-kollane.png\",\"width\":219,\"height\":100,\"caption\":\"MiuMjau O\u00dc\"},\"image\":{\"@id\":\"https:\\\/\\\/miumjau.ee\\\/#\\\/schema\\\/logo\\\/image\\\/\"},\"sameAs\":[\"https:\\\/\\\/www.facebook.com\\\/miumjaupood\\\/\"]}]}<\/script>\n<!-- \/ Yoast SEO plugin. -->","yoast_head_json":{"title":"Buffalo Horn Rope, Dog Toy, Frigera L - MiuMjau","robots":{"index":"index","follow":"follow","max-snippet":"max-snippet:-1","max-image-preview":"max-image-preview:large","max-video-preview":"max-video-preview:-1"},"canonical":"https:\/\/miumjau.ee\/en\/product\/buffalo-horn-rope-dog-toy-frigera-l\/","og_locale":"en_US","og_type":"article","og_title":"Buffalo Horn Rope, Dog Toy, Frigera L - MiuMjau","og_description":"Does your four-legged friend just can\u2019t resist chewing your expensive sneakers? Don\u2019t worry \u2013 the friGERA buffalo horn rope toy is here to help! This handcrafted natural toy provides hours of chewing enjoyment for your dog. In addition to relieving boredom, intense chewing is believed to reduce anxiety symptoms and help decrease plaque, supporting your beloved pet\u2019s overall oral hygiene. Our toy, made from buffalo horn and cotton rope, is a healthy and responsible alternative to expensive synthetic chew toys, combining organic cotton rope with nutrient-rich buffalo horn pieces. These pieces are full of protein, calcium, and phosphorus, supporting healthy bones and muscles! With the inner keratin, this toy can last for weeks, even months! Net weight: 390 gIngredients: Buffalo horn, cotton rope","og_url":"https:\/\/miumjau.ee\/en\/product\/buffalo-horn-rope-dog-toy-frigera-l\/","og_site_name":"MiuMjau","article_publisher":"https:\/\/www.facebook.com\/miumjaupood\/","article_modified_time":"2026-01-07T21:27:55+00:00","og_image":[{"width":600,"height":800,"url":"https:\/\/miumjau.ee\/wp-content\/uploads\/2025\/05\/kois-puhvli-sarvega-frigera3.webp","type":"image\/webp"}],"twitter_card":"summary_large_image","schema":{"@context":"https:\/\/schema.org","@graph":[{"@type":"WebPage","@id":"https:\/\/miumjau.ee\/en\/product\/buffalo-horn-rope-dog-toy-frigera-l\/","url":"https:\/\/miumjau.ee\/en\/product\/buffalo-horn-rope-dog-toy-frigera-l\/","name":"Buffalo Horn Rope, Dog Toy, Frigera L - MiuMjau","isPartOf":{"@id":"https:\/\/miumjau.ee\/#website"},"primaryImageOfPage":{"@id":"https:\/\/miumjau.ee\/en\/product\/buffalo-horn-rope-dog-toy-frigera-l\/#primaryimage"},"image":{"@id":"https:\/\/miumjau.ee\/en\/product\/buffalo-horn-rope-dog-toy-frigera-l\/#primaryimage"},"thumbnailUrl":"https:\/\/miumjau.ee\/wp-content\/uploads\/2025\/05\/kois-puhvli-sarvega-frigera3.webp","datePublished":"2025-05-28T13:11:12+00:00","dateModified":"2026-01-07T21:27:55+00:00","breadcrumb":{"@id":"https:\/\/miumjau.ee\/en\/product\/buffalo-horn-rope-dog-toy-frigera-l\/#breadcrumb"},"inLanguage":"en-US","potentialAction":[{"@type":"ReadAction","target":["https:\/\/miumjau.ee\/en\/product\/buffalo-horn-rope-dog-toy-frigera-l\/"]}]},{"@type":"ImageObject","inLanguage":"en-US","@id":"https:\/\/miumjau.ee\/en\/product\/buffalo-horn-rope-dog-toy-frigera-l\/#primaryimage","url":"https:\/\/miumjau.ee\/wp-content\/uploads\/2025\/05\/kois-puhvli-sarvega-frigera3.webp","contentUrl":"https:\/\/miumjau.ee\/wp-content\/uploads\/2025\/05\/kois-puhvli-sarvega-frigera3.webp","width":600,"height":800,"caption":"P\u00fchvli sarvega k\u00f6is, m\u00e4nguasi koertele L"},{"@type":"BreadcrumbList","@id":"https:\/\/miumjau.ee\/en\/product\/buffalo-horn-rope-dog-toy-frigera-l\/#breadcrumb","itemListElement":[{"@type":"ListItem","position":1,"name":"Home","item":"https:\/\/miumjau.ee\/en\/"},{"@type":"ListItem","position":2,"name":"Shop","item":"https:\/\/miumjau.ee\/en\/products\/"},{"@type":"ListItem","position":3,"name":"Buffalo Horn Rope, Dog Toy, Frigera L"}]},{"@type":"WebSite","@id":"https:\/\/miumjau.ee\/#website","url":"https:\/\/miumjau.ee\/","name":"MiuMjau","description":"Kraapimispuud kassidele","publisher":{"@id":"https:\/\/miumjau.ee\/#organization"},"potentialAction":[{"@type":"SearchAction","target":{"@type":"EntryPoint","urlTemplate":"https:\/\/miumjau.ee\/?s={search_term_string}"},"query-input":{"@type":"PropertyValueSpecification","valueRequired":true,"valueName":"search_term_string"}}],"inLanguage":"en-US"},{"@type":"Organization","@id":"https:\/\/miumjau.ee\/#organization","name":"MiuMjau O\u00dc","url":"https:\/\/miumjau.ee\/","logo":{"@type":"ImageObject","inLanguage":"en-US","@id":"https:\/\/miumjau.ee\/#\/schema\/logo\/image\/","url":"https:\/\/miumjau.ee\/wp-content\/uploads\/2022\/04\/MiuMjau-logo-kollane.png","contentUrl":"https:\/\/miumjau.ee\/wp-content\/uploads\/2022\/04\/MiuMjau-logo-kollane.png","width":219,"height":100,"caption":"MiuMjau O\u00dc"},"image":{"@id":"https:\/\/miumjau.ee\/#\/schema\/logo\/image\/"},"sameAs":["https:\/\/www.facebook.com\/miumjaupood\/"]}]}},"_links":{"self":[{"href":"https:\/\/miumjau.ee\/en\/wp-json\/wp\/v2\/product\/48116","targetHints":{"allow":["GET"]}}],"collection":[{"href":"https:\/\/miumjau.ee\/en\/wp-json\/wp\/v2\/product"}],"about":[{"href":"https:\/\/miumjau.ee\/en\/wp-json\/wp\/v2\/types\/product"}],"wp:featuredmedia":[{"embeddable":true,"href":"https:\/\/miumjau.ee\/en\/wp-json\/wp\/v2\/media\/35742"}],"wp:attachment":[{"href":"https:\/\/miumjau.ee\/en\/wp-json\/wp\/v2\/media?parent=48116"}],"wp:term":[{"taxonomy":"product_brand","embeddable":true,"href":"https:\/\/miumjau.ee\/en\/wp-json\/wp\/v2\/product_brand?post=48116"},{"taxonomy":"product_cat","embeddable":true,"href":"https:\/\/miumjau.ee\/en\/wp-json\/wp\/v2\/product_cat?post=48116"},{"taxonomy":"product_tag","embeddable":true,"href":"https:\/\/miumjau.ee\/en\/wp-json\/wp\/v2\/product_tag?post=48116"}],"curies":[{"name":"wp","href":"https:\/\/api.w.org\/{rel}","templated":true}]}}