{"id":47314,"date":"2025-05-10T14:13:43","date_gmt":"2025-05-10T11:13:43","guid":{"rendered":"https:\/\/miumjau.ee\/toode\/ontario-chicken-rabbit-cranberry-meat-pate-for-adult-cats-400-g\/"},"modified":"2026-01-07T23:28:37","modified_gmt":"2026-01-07T21:28:37","slug":"ontario-chicken-rabbit-cranberry-meat-pate-for-adult-cats-400-g","status":"publish","type":"product","link":"https:\/\/miumjau.ee\/en\/product\/ontario-chicken-rabbit-cranberry-meat-pate-for-adult-cats-400-g\/","title":{"rendered":"Ontario Chicken, Rabbit &#038; Cranberry Meat P\u00e2t\u00e9 for Adult Cats 400 g"},"content":{"rendered":"","protected":false},"excerpt":{"rendered":"<p data-start=\"3075\" data-end=\"3181\">A rich chicken and rabbit p\u00e2t\u00e9 flavored with cranberries. Complete food for adult cats from 1 year of age.<\/p>\n<p data-start=\"3183\" data-end=\"3355\"><strong data-start=\"3183\" data-end=\"3199\">Composition:<\/strong> Broth 28.175%, chicken 23.6%, pork 18.6%, rabbit 10%, beef 9.8%, liver 6.5%, poultry 1.5%, minerals 0.9%, salmon oil 0.5%, inulin 0.4%, cranberries 0.025%.<\/p>\n<p data-start=\"3357\" data-end=\"3466\"><strong data-start=\"3357\" data-end=\"3385\">Analytical constituents:<\/strong> Crude protein 11%, crude fat 6%, crude ash 2.5%, crude fibre 0.5%, moisture 80%.<\/p>\n<p data-start=\"3468\" data-end=\"3747\"><strong data-start=\"3468\" data-end=\"3513\">Additives per kg \/ Nutritional additives:<\/strong> Vitamin D3 160 IU, Vitamin E 100 mg, zinc (zinc sulphate monohydrate): 10 mg, manganese (manganese oxide): 2 mg, copper (copper sulphate pentahydrate): 1.2 mg, iodine (anhydrous calcium iodate): 0.2 mg, taurine 520 mg, biotin 100 \u03bcg.<\/p>\n<p data-start=\"3749\" data-end=\"4342\"><strong data-start=\"3749\" data-end=\"3774\">Feeding instructions:<\/strong> The daily amount depends on your cat\u2019s activity, age, environment and breed. A medium-sized cat (3\u20135 kg) needs 220\u2013310 g of food per day, ideally divided into two meals. Initially feed the recommended daily amount and adjust gradually to maintain optimal body condition. Best served at room temperature. Store unopened cans in a cool, dry place away from direct sunlight. Once opened, refrigerate and use within 2 days. Not intended for human consumption. Always ensure access to fresh drinking water. Best before date\/batch number: see code on the bottom of the can.<\/p>\n","protected":false},"featured_media":34050,"template":"","meta":[],"product_brand":[],"product_cat":[135],"product_tag":[],"class_list":{"0":"post-47314","1":"product","2":"type-product","3":"status-publish","4":"has-post-thumbnail","6":"product_cat-wet-food","8":"first","9":"instock","10":"taxable","11":"shipping-taxable","12":"purchasable","13":"product-type-simple"},"yoast_head":"<!-- This site is optimized with the Yoast SEO plugin v27.4 - https:\/\/yoast.com\/product\/yoast-seo-wordpress\/ -->\n<title>Ontario Chicken, Rabbit &amp; Cranberry Meat P\u00e2t\u00e9 for Adult Cats 400 g - MiuMjau<\/title>\n<meta name=\"robots\" content=\"index, follow, max-snippet:-1, max-image-preview:large, max-video-preview:-1\" \/>\n<link rel=\"canonical\" href=\"https:\/\/miumjau.ee\/en\/product\/ontario-chicken-rabbit-cranberry-meat-pate-for-adult-cats-400-g\/\" \/>\n<meta property=\"og:locale\" content=\"en_US\" \/>\n<meta property=\"og:type\" content=\"article\" \/>\n<meta property=\"og:title\" content=\"Ontario Chicken, Rabbit &amp; Cranberry Meat P\u00e2t\u00e9 for Adult Cats 400 g - MiuMjau\" \/>\n<meta property=\"og:description\" content=\"A rich chicken and rabbit p\u00e2t\u00e9 flavored with cranberries. Complete food for adult cats from 1 year of age. Composition: Broth 28.175%, chicken 23.6%, pork 18.6%, rabbit 10%, beef 9.8%, liver 6.5%, poultry 1.5%, minerals 0.9%, salmon oil 0.5%, inulin 0.4%, cranberries 0.025%. Analytical constituents: Crude protein 11%, crude fat 6%, crude ash 2.5%, crude fibre 0.5%, moisture 80%. Additives per kg \/ Nutritional additives: Vitamin D3 160 IU, Vitamin E 100 mg, zinc (zinc sulphate monohydrate): 10 mg, manganese (manganese oxide): 2 mg, copper (copper sulphate pentahydrate): 1.2 mg, iodine (anhydrous calcium iodate): 0.2 mg, taurine 520 mg, biotin 100 \u03bcg. Feeding instructions: The daily amount depends on your cat\u2019s activity, age, environment and breed. A medium-sized cat (3\u20135 kg) needs 220\u2013310 g of food per day, ideally divided into two meals. Initially feed the recommended daily amount and adjust gradually to maintain optimal body condition. Best served at room temperature. Store unopened cans in a cool, dry place away from direct sunlight. Once opened, refrigerate and use within 2 days. Not intended for human consumption. Always ensure access to fresh drinking water. Best before date\/batch number: see code on the bottom of the can.\" \/>\n<meta property=\"og:url\" content=\"https:\/\/miumjau.ee\/en\/product\/ontario-chicken-rabbit-cranberry-meat-pate-for-adult-cats-400-g\/\" \/>\n<meta property=\"og:site_name\" content=\"MiuMjau\" \/>\n<meta property=\"article:publisher\" content=\"https:\/\/www.facebook.com\/miumjaupood\/\" \/>\n<meta property=\"article:modified_time\" content=\"2026-01-07T21:28:37+00:00\" \/>\n<meta property=\"og:image\" content=\"https:\/\/miumjau.ee\/wp-content\/uploads\/2025\/05\/ontario-kassi-konserv-kana-kuulik-400g.jpg\" \/>\n\t<meta property=\"og:image:width\" content=\"600\" \/>\n\t<meta property=\"og:image:height\" content=\"800\" \/>\n\t<meta property=\"og:image:type\" content=\"image\/jpeg\" \/>\n<meta name=\"twitter:card\" content=\"summary_large_image\" \/>\n<script type=\"application\/ld+json\" class=\"yoast-schema-graph\">{\"@context\":\"https:\\\/\\\/schema.org\",\"@graph\":[{\"@type\":\"WebPage\",\"@id\":\"https:\\\/\\\/miumjau.ee\\\/en\\\/product\\\/ontario-chicken-rabbit-cranberry-meat-pate-for-adult-cats-400-g\\\/\",\"url\":\"https:\\\/\\\/miumjau.ee\\\/en\\\/product\\\/ontario-chicken-rabbit-cranberry-meat-pate-for-adult-cats-400-g\\\/\",\"name\":\"Ontario Chicken, Rabbit & Cranberry Meat P\u00e2t\u00e9 for Adult Cats 400 g - MiuMjau\",\"isPartOf\":{\"@id\":\"https:\\\/\\\/miumjau.ee\\\/#website\"},\"primaryImageOfPage\":{\"@id\":\"https:\\\/\\\/miumjau.ee\\\/en\\\/product\\\/ontario-chicken-rabbit-cranberry-meat-pate-for-adult-cats-400-g\\\/#primaryimage\"},\"image\":{\"@id\":\"https:\\\/\\\/miumjau.ee\\\/en\\\/product\\\/ontario-chicken-rabbit-cranberry-meat-pate-for-adult-cats-400-g\\\/#primaryimage\"},\"thumbnailUrl\":\"https:\\\/\\\/miumjau.ee\\\/wp-content\\\/uploads\\\/2025\\\/05\\\/ontario-kassi-konserv-kana-kuulik-400g.jpg\",\"datePublished\":\"2025-05-10T11:13:43+00:00\",\"dateModified\":\"2026-01-07T21:28:37+00:00\",\"breadcrumb\":{\"@id\":\"https:\\\/\\\/miumjau.ee\\\/en\\\/product\\\/ontario-chicken-rabbit-cranberry-meat-pate-for-adult-cats-400-g\\\/#breadcrumb\"},\"inLanguage\":\"en-US\",\"potentialAction\":[{\"@type\":\"ReadAction\",\"target\":[\"https:\\\/\\\/miumjau.ee\\\/en\\\/product\\\/ontario-chicken-rabbit-cranberry-meat-pate-for-adult-cats-400-g\\\/\"]}]},{\"@type\":\"ImageObject\",\"inLanguage\":\"en-US\",\"@id\":\"https:\\\/\\\/miumjau.ee\\\/en\\\/product\\\/ontario-chicken-rabbit-cranberry-meat-pate-for-adult-cats-400-g\\\/#primaryimage\",\"url\":\"https:\\\/\\\/miumjau.ee\\\/wp-content\\\/uploads\\\/2025\\\/05\\\/ontario-kassi-konserv-kana-kuulik-400g.jpg\",\"contentUrl\":\"https:\\\/\\\/miumjau.ee\\\/wp-content\\\/uploads\\\/2025\\\/05\\\/ontario-kassi-konserv-kana-kuulik-400g.jpg\",\"width\":600,\"height\":800,\"caption\":\"Ontario lihapatee kassile kana, k\u00fc\u00fcliku ja j\u00f5hvikatega 400g\"},{\"@type\":\"BreadcrumbList\",\"@id\":\"https:\\\/\\\/miumjau.ee\\\/en\\\/product\\\/ontario-chicken-rabbit-cranberry-meat-pate-for-adult-cats-400-g\\\/#breadcrumb\",\"itemListElement\":[{\"@type\":\"ListItem\",\"position\":1,\"name\":\"Home\",\"item\":\"https:\\\/\\\/miumjau.ee\\\/en\\\/\"},{\"@type\":\"ListItem\",\"position\":2,\"name\":\"Shop\",\"item\":\"https:\\\/\\\/miumjau.ee\\\/en\\\/products\\\/\"},{\"@type\":\"ListItem\",\"position\":3,\"name\":\"Ontario Chicken, Rabbit &#038; Cranberry Meat P\u00e2t\u00e9 for Adult Cats 400 g\"}]},{\"@type\":\"WebSite\",\"@id\":\"https:\\\/\\\/miumjau.ee\\\/#website\",\"url\":\"https:\\\/\\\/miumjau.ee\\\/\",\"name\":\"MiuMjau\",\"description\":\"Kraapimispuud kassidele\",\"publisher\":{\"@id\":\"https:\\\/\\\/miumjau.ee\\\/#organization\"},\"potentialAction\":[{\"@type\":\"SearchAction\",\"target\":{\"@type\":\"EntryPoint\",\"urlTemplate\":\"https:\\\/\\\/miumjau.ee\\\/?s={search_term_string}\"},\"query-input\":{\"@type\":\"PropertyValueSpecification\",\"valueRequired\":true,\"valueName\":\"search_term_string\"}}],\"inLanguage\":\"en-US\"},{\"@type\":\"Organization\",\"@id\":\"https:\\\/\\\/miumjau.ee\\\/#organization\",\"name\":\"MiuMjau O\u00dc\",\"url\":\"https:\\\/\\\/miumjau.ee\\\/\",\"logo\":{\"@type\":\"ImageObject\",\"inLanguage\":\"en-US\",\"@id\":\"https:\\\/\\\/miumjau.ee\\\/#\\\/schema\\\/logo\\\/image\\\/\",\"url\":\"https:\\\/\\\/miumjau.ee\\\/wp-content\\\/uploads\\\/2022\\\/04\\\/MiuMjau-logo-kollane.png\",\"contentUrl\":\"https:\\\/\\\/miumjau.ee\\\/wp-content\\\/uploads\\\/2022\\\/04\\\/MiuMjau-logo-kollane.png\",\"width\":219,\"height\":100,\"caption\":\"MiuMjau O\u00dc\"},\"image\":{\"@id\":\"https:\\\/\\\/miumjau.ee\\\/#\\\/schema\\\/logo\\\/image\\\/\"},\"sameAs\":[\"https:\\\/\\\/www.facebook.com\\\/miumjaupood\\\/\"]}]}<\/script>\n<!-- \/ Yoast SEO plugin. -->","yoast_head_json":{"title":"Ontario Chicken, Rabbit & Cranberry Meat P\u00e2t\u00e9 for Adult Cats 400 g - MiuMjau","robots":{"index":"index","follow":"follow","max-snippet":"max-snippet:-1","max-image-preview":"max-image-preview:large","max-video-preview":"max-video-preview:-1"},"canonical":"https:\/\/miumjau.ee\/en\/product\/ontario-chicken-rabbit-cranberry-meat-pate-for-adult-cats-400-g\/","og_locale":"en_US","og_type":"article","og_title":"Ontario Chicken, Rabbit & Cranberry Meat P\u00e2t\u00e9 for Adult Cats 400 g - MiuMjau","og_description":"A rich chicken and rabbit p\u00e2t\u00e9 flavored with cranberries. Complete food for adult cats from 1 year of age. Composition: Broth 28.175%, chicken 23.6%, pork 18.6%, rabbit 10%, beef 9.8%, liver 6.5%, poultry 1.5%, minerals 0.9%, salmon oil 0.5%, inulin 0.4%, cranberries 0.025%. Analytical constituents: Crude protein 11%, crude fat 6%, crude ash 2.5%, crude fibre 0.5%, moisture 80%. Additives per kg \/ Nutritional additives: Vitamin D3 160 IU, Vitamin E 100 mg, zinc (zinc sulphate monohydrate): 10 mg, manganese (manganese oxide): 2 mg, copper (copper sulphate pentahydrate): 1.2 mg, iodine (anhydrous calcium iodate): 0.2 mg, taurine 520 mg, biotin 100 \u03bcg. Feeding instructions: The daily amount depends on your cat\u2019s activity, age, environment and breed. A medium-sized cat (3\u20135 kg) needs 220\u2013310 g of food per day, ideally divided into two meals. Initially feed the recommended daily amount and adjust gradually to maintain optimal body condition. Best served at room temperature. Store unopened cans in a cool, dry place away from direct sunlight. Once opened, refrigerate and use within 2 days. Not intended for human consumption. Always ensure access to fresh drinking water. Best before date\/batch number: see code on the bottom of the can.","og_url":"https:\/\/miumjau.ee\/en\/product\/ontario-chicken-rabbit-cranberry-meat-pate-for-adult-cats-400-g\/","og_site_name":"MiuMjau","article_publisher":"https:\/\/www.facebook.com\/miumjaupood\/","article_modified_time":"2026-01-07T21:28:37+00:00","og_image":[{"width":600,"height":800,"url":"https:\/\/miumjau.ee\/wp-content\/uploads\/2025\/05\/ontario-kassi-konserv-kana-kuulik-400g.jpg","type":"image\/jpeg"}],"twitter_card":"summary_large_image","schema":{"@context":"https:\/\/schema.org","@graph":[{"@type":"WebPage","@id":"https:\/\/miumjau.ee\/en\/product\/ontario-chicken-rabbit-cranberry-meat-pate-for-adult-cats-400-g\/","url":"https:\/\/miumjau.ee\/en\/product\/ontario-chicken-rabbit-cranberry-meat-pate-for-adult-cats-400-g\/","name":"Ontario Chicken, Rabbit & Cranberry Meat P\u00e2t\u00e9 for Adult Cats 400 g - MiuMjau","isPartOf":{"@id":"https:\/\/miumjau.ee\/#website"},"primaryImageOfPage":{"@id":"https:\/\/miumjau.ee\/en\/product\/ontario-chicken-rabbit-cranberry-meat-pate-for-adult-cats-400-g\/#primaryimage"},"image":{"@id":"https:\/\/miumjau.ee\/en\/product\/ontario-chicken-rabbit-cranberry-meat-pate-for-adult-cats-400-g\/#primaryimage"},"thumbnailUrl":"https:\/\/miumjau.ee\/wp-content\/uploads\/2025\/05\/ontario-kassi-konserv-kana-kuulik-400g.jpg","datePublished":"2025-05-10T11:13:43+00:00","dateModified":"2026-01-07T21:28:37+00:00","breadcrumb":{"@id":"https:\/\/miumjau.ee\/en\/product\/ontario-chicken-rabbit-cranberry-meat-pate-for-adult-cats-400-g\/#breadcrumb"},"inLanguage":"en-US","potentialAction":[{"@type":"ReadAction","target":["https:\/\/miumjau.ee\/en\/product\/ontario-chicken-rabbit-cranberry-meat-pate-for-adult-cats-400-g\/"]}]},{"@type":"ImageObject","inLanguage":"en-US","@id":"https:\/\/miumjau.ee\/en\/product\/ontario-chicken-rabbit-cranberry-meat-pate-for-adult-cats-400-g\/#primaryimage","url":"https:\/\/miumjau.ee\/wp-content\/uploads\/2025\/05\/ontario-kassi-konserv-kana-kuulik-400g.jpg","contentUrl":"https:\/\/miumjau.ee\/wp-content\/uploads\/2025\/05\/ontario-kassi-konserv-kana-kuulik-400g.jpg","width":600,"height":800,"caption":"Ontario lihapatee kassile kana, k\u00fc\u00fcliku ja j\u00f5hvikatega 400g"},{"@type":"BreadcrumbList","@id":"https:\/\/miumjau.ee\/en\/product\/ontario-chicken-rabbit-cranberry-meat-pate-for-adult-cats-400-g\/#breadcrumb","itemListElement":[{"@type":"ListItem","position":1,"name":"Home","item":"https:\/\/miumjau.ee\/en\/"},{"@type":"ListItem","position":2,"name":"Shop","item":"https:\/\/miumjau.ee\/en\/products\/"},{"@type":"ListItem","position":3,"name":"Ontario Chicken, Rabbit &#038; Cranberry Meat P\u00e2t\u00e9 for Adult Cats 400 g"}]},{"@type":"WebSite","@id":"https:\/\/miumjau.ee\/#website","url":"https:\/\/miumjau.ee\/","name":"MiuMjau","description":"Kraapimispuud kassidele","publisher":{"@id":"https:\/\/miumjau.ee\/#organization"},"potentialAction":[{"@type":"SearchAction","target":{"@type":"EntryPoint","urlTemplate":"https:\/\/miumjau.ee\/?s={search_term_string}"},"query-input":{"@type":"PropertyValueSpecification","valueRequired":true,"valueName":"search_term_string"}}],"inLanguage":"en-US"},{"@type":"Organization","@id":"https:\/\/miumjau.ee\/#organization","name":"MiuMjau O\u00dc","url":"https:\/\/miumjau.ee\/","logo":{"@type":"ImageObject","inLanguage":"en-US","@id":"https:\/\/miumjau.ee\/#\/schema\/logo\/image\/","url":"https:\/\/miumjau.ee\/wp-content\/uploads\/2022\/04\/MiuMjau-logo-kollane.png","contentUrl":"https:\/\/miumjau.ee\/wp-content\/uploads\/2022\/04\/MiuMjau-logo-kollane.png","width":219,"height":100,"caption":"MiuMjau O\u00dc"},"image":{"@id":"https:\/\/miumjau.ee\/#\/schema\/logo\/image\/"},"sameAs":["https:\/\/www.facebook.com\/miumjaupood\/"]}]}},"_links":{"self":[{"href":"https:\/\/miumjau.ee\/en\/wp-json\/wp\/v2\/product\/47314","targetHints":{"allow":["GET"]}}],"collection":[{"href":"https:\/\/miumjau.ee\/en\/wp-json\/wp\/v2\/product"}],"about":[{"href":"https:\/\/miumjau.ee\/en\/wp-json\/wp\/v2\/types\/product"}],"wp:featuredmedia":[{"embeddable":true,"href":"https:\/\/miumjau.ee\/en\/wp-json\/wp\/v2\/media\/34050"}],"wp:attachment":[{"href":"https:\/\/miumjau.ee\/en\/wp-json\/wp\/v2\/media?parent=47314"}],"wp:term":[{"taxonomy":"product_brand","embeddable":true,"href":"https:\/\/miumjau.ee\/en\/wp-json\/wp\/v2\/product_brand?post=47314"},{"taxonomy":"product_cat","embeddable":true,"href":"https:\/\/miumjau.ee\/en\/wp-json\/wp\/v2\/product_cat?post=47314"},{"taxonomy":"product_tag","embeddable":true,"href":"https:\/\/miumjau.ee\/en\/wp-json\/wp\/v2\/product_tag?post=47314"}],"curies":[{"name":"wp","href":"https:\/\/api.w.org\/{rel}","templated":true}]}}