{"id":47304,"date":"2025-05-03T09:17:43","date_gmt":"2025-05-03T06:17:43","guid":{"rendered":"https:\/\/miumjau.ee\/toode\/ontario-meat-pate-for-kittens-with-chicken-and-shrimp-400-g\/"},"modified":"2026-01-07T23:28:37","modified_gmt":"2026-01-07T21:28:37","slug":"ontario-meat-pate-for-kittens-with-chicken-and-shrimp-400-g","status":"publish","type":"product","link":"https:\/\/miumjau.ee\/en\/product\/ontario-meat-pate-for-kittens-with-chicken-and-shrimp-400-g\/","title":{"rendered":"Ontario meat p\u00e2t\u00e9 for kittens with chicken and shrimp 400 g"},"content":{"rendered":"","protected":false},"excerpt":{"rendered":"<p data-start=\"154\" data-end=\"240\">Ontario rich chicken p\u00e2t\u00e9 with shrimp. Complete food for kittens from 2 months of age.<\/p>\n<p data-start=\"242\" data-end=\"414\"><strong data-start=\"242\" data-end=\"258\">Composition:<\/strong> broth 28.075%, chicken 25.1%, pork 18.2%, beef 10.7%, liver 8%, shrimp 5%, cooked rice 3%, minerals 1%, salmon oil 0.5%, inulin 0.4%, sea buckthorn 0.025%.<\/p>\n<p data-start=\"416\" data-end=\"544\"><strong data-start=\"416\" data-end=\"444\">Analytical constituents:<\/strong> crude protein 11.5%, crude fat 6.5%, crude ash 2.5%, crude fibre 0.4%, moisture 80%, calcium 0.27%.<\/p>\n<p data-start=\"546\" data-end=\"842\"><strong data-start=\"546\" data-end=\"591\">Additives \/ Nutritional additives per kg:<\/strong> vitamin A 2500 IU, vitamin D3 160 IU, vitamin E 100 mg, zinc (zinc sulphate monohydrate) 10 mg, manganese (manganese oxide) 2.5 mg, copper (copper sulphate pentahydrate) 1.2 mg, iodine (anhydrous calcium iodate) 0.2 mg, taurine 520 mg, biotin 100 \u03bcg.<\/p>\n<p data-start=\"844\" data-end=\"1444\"><strong data-start=\"844\" data-end=\"869\">Feeding instructions:<\/strong><br data-start=\"869\" data-end=\"872\" \/>The daily amount depends on your kitten\u2019s activity, age, environment and breed. The recommended daily amount can be found in the feeding table. Feed preferably 2\u20133 times a day. Start with the recommended amount and gradually adjust it to maintain optimal body condition. Serve at room temperature. Store unopened in a dry, cool place away from direct sunlight. After opening, keep refrigerated and use within 2 days. Not intended for human consumption. Ensure access to fresh drinking water at all times. Best before date \/ batch number: see code on the bottom of the can.<\/p>\n","protected":false},"featured_media":33805,"template":"","meta":[],"product_brand":[],"product_cat":[135],"product_tag":[],"class_list":{"0":"post-47304","1":"product","2":"type-product","3":"status-publish","4":"has-post-thumbnail","6":"product_cat-wet-food","8":"first","9":"instock","10":"taxable","11":"shipping-taxable","12":"purchasable","13":"product-type-simple"},"yoast_head":"<!-- This site is optimized with the Yoast SEO plugin v27.4 - https:\/\/yoast.com\/product\/yoast-seo-wordpress\/ -->\n<title>Ontario meat p\u00e2t\u00e9 for kittens with chicken and shrimp 400 g - MiuMjau<\/title>\n<meta name=\"robots\" content=\"index, follow, max-snippet:-1, max-image-preview:large, max-video-preview:-1\" \/>\n<link rel=\"canonical\" href=\"https:\/\/miumjau.ee\/en\/product\/ontario-meat-pate-for-kittens-with-chicken-and-shrimp-400-g\/\" \/>\n<meta property=\"og:locale\" content=\"en_US\" \/>\n<meta property=\"og:type\" content=\"article\" \/>\n<meta property=\"og:title\" content=\"Ontario meat p\u00e2t\u00e9 for kittens with chicken and shrimp 400 g - MiuMjau\" \/>\n<meta property=\"og:description\" content=\"Ontario rich chicken p\u00e2t\u00e9 with shrimp. Complete food for kittens from 2 months of age. Composition: broth 28.075%, chicken 25.1%, pork 18.2%, beef 10.7%, liver 8%, shrimp 5%, cooked rice 3%, minerals 1%, salmon oil 0.5%, inulin 0.4%, sea buckthorn 0.025%. Analytical constituents: crude protein 11.5%, crude fat 6.5%, crude ash 2.5%, crude fibre 0.4%, moisture 80%, calcium 0.27%. Additives \/ Nutritional additives per kg: vitamin A 2500 IU, vitamin D3 160 IU, vitamin E 100 mg, zinc (zinc sulphate monohydrate) 10 mg, manganese (manganese oxide) 2.5 mg, copper (copper sulphate pentahydrate) 1.2 mg, iodine (anhydrous calcium iodate) 0.2 mg, taurine 520 mg, biotin 100 \u03bcg. Feeding instructions:The daily amount depends on your kitten\u2019s activity, age, environment and breed. The recommended daily amount can be found in the feeding table. Feed preferably 2\u20133 times a day. Start with the recommended amount and gradually adjust it to maintain optimal body condition. Serve at room temperature. Store unopened in a dry, cool place away from direct sunlight. After opening, keep refrigerated and use within 2 days. Not intended for human consumption. Ensure access to fresh drinking water at all times. Best before date \/ batch number: see code on the bottom of the can.\" \/>\n<meta property=\"og:url\" content=\"https:\/\/miumjau.ee\/en\/product\/ontario-meat-pate-for-kittens-with-chicken-and-shrimp-400-g\/\" \/>\n<meta property=\"og:site_name\" content=\"MiuMjau\" \/>\n<meta property=\"article:publisher\" content=\"https:\/\/www.facebook.com\/miumjaupood\/\" \/>\n<meta property=\"article:modified_time\" content=\"2026-01-07T21:28:37+00:00\" \/>\n<meta property=\"og:image\" content=\"https:\/\/miumjau.ee\/wp-content\/uploads\/2025\/05\/konserv-kassidele-ontario-400g3.webp\" \/>\n\t<meta property=\"og:image:width\" content=\"1200\" \/>\n\t<meta property=\"og:image:height\" content=\"1600\" \/>\n\t<meta property=\"og:image:type\" content=\"image\/webp\" \/>\n<meta name=\"twitter:card\" content=\"summary_large_image\" \/>\n<script type=\"application\/ld+json\" class=\"yoast-schema-graph\">{\"@context\":\"https:\\\/\\\/schema.org\",\"@graph\":[{\"@type\":\"WebPage\",\"@id\":\"https:\\\/\\\/miumjau.ee\\\/en\\\/product\\\/ontario-meat-pate-for-kittens-with-chicken-and-shrimp-400-g\\\/\",\"url\":\"https:\\\/\\\/miumjau.ee\\\/en\\\/product\\\/ontario-meat-pate-for-kittens-with-chicken-and-shrimp-400-g\\\/\",\"name\":\"Ontario meat p\u00e2t\u00e9 for kittens with chicken and shrimp 400 g - MiuMjau\",\"isPartOf\":{\"@id\":\"https:\\\/\\\/miumjau.ee\\\/#website\"},\"primaryImageOfPage\":{\"@id\":\"https:\\\/\\\/miumjau.ee\\\/en\\\/product\\\/ontario-meat-pate-for-kittens-with-chicken-and-shrimp-400-g\\\/#primaryimage\"},\"image\":{\"@id\":\"https:\\\/\\\/miumjau.ee\\\/en\\\/product\\\/ontario-meat-pate-for-kittens-with-chicken-and-shrimp-400-g\\\/#primaryimage\"},\"thumbnailUrl\":\"https:\\\/\\\/miumjau.ee\\\/wp-content\\\/uploads\\\/2025\\\/05\\\/konserv-kassidele-ontario-400g3.webp\",\"datePublished\":\"2025-05-03T06:17:43+00:00\",\"dateModified\":\"2026-01-07T21:28:37+00:00\",\"breadcrumb\":{\"@id\":\"https:\\\/\\\/miumjau.ee\\\/en\\\/product\\\/ontario-meat-pate-for-kittens-with-chicken-and-shrimp-400-g\\\/#breadcrumb\"},\"inLanguage\":\"en-US\",\"potentialAction\":[{\"@type\":\"ReadAction\",\"target\":[\"https:\\\/\\\/miumjau.ee\\\/en\\\/product\\\/ontario-meat-pate-for-kittens-with-chicken-and-shrimp-400-g\\\/\"]}]},{\"@type\":\"ImageObject\",\"inLanguage\":\"en-US\",\"@id\":\"https:\\\/\\\/miumjau.ee\\\/en\\\/product\\\/ontario-meat-pate-for-kittens-with-chicken-and-shrimp-400-g\\\/#primaryimage\",\"url\":\"https:\\\/\\\/miumjau.ee\\\/wp-content\\\/uploads\\\/2025\\\/05\\\/konserv-kassidele-ontario-400g3.webp\",\"contentUrl\":\"https:\\\/\\\/miumjau.ee\\\/wp-content\\\/uploads\\\/2025\\\/05\\\/konserv-kassidele-ontario-400g3.webp\",\"width\":1200,\"height\":1600,\"caption\":\"Ontario lihapatee kassipojale kana ja krevettidega 400g\"},{\"@type\":\"BreadcrumbList\",\"@id\":\"https:\\\/\\\/miumjau.ee\\\/en\\\/product\\\/ontario-meat-pate-for-kittens-with-chicken-and-shrimp-400-g\\\/#breadcrumb\",\"itemListElement\":[{\"@type\":\"ListItem\",\"position\":1,\"name\":\"Home\",\"item\":\"https:\\\/\\\/miumjau.ee\\\/en\\\/\"},{\"@type\":\"ListItem\",\"position\":2,\"name\":\"Shop\",\"item\":\"https:\\\/\\\/miumjau.ee\\\/en\\\/products\\\/\"},{\"@type\":\"ListItem\",\"position\":3,\"name\":\"Ontario meat p\u00e2t\u00e9 for kittens with chicken and shrimp 400 g\"}]},{\"@type\":\"WebSite\",\"@id\":\"https:\\\/\\\/miumjau.ee\\\/#website\",\"url\":\"https:\\\/\\\/miumjau.ee\\\/\",\"name\":\"MiuMjau\",\"description\":\"Kraapimispuud kassidele\",\"publisher\":{\"@id\":\"https:\\\/\\\/miumjau.ee\\\/#organization\"},\"potentialAction\":[{\"@type\":\"SearchAction\",\"target\":{\"@type\":\"EntryPoint\",\"urlTemplate\":\"https:\\\/\\\/miumjau.ee\\\/?s={search_term_string}\"},\"query-input\":{\"@type\":\"PropertyValueSpecification\",\"valueRequired\":true,\"valueName\":\"search_term_string\"}}],\"inLanguage\":\"en-US\"},{\"@type\":\"Organization\",\"@id\":\"https:\\\/\\\/miumjau.ee\\\/#organization\",\"name\":\"MiuMjau O\u00dc\",\"url\":\"https:\\\/\\\/miumjau.ee\\\/\",\"logo\":{\"@type\":\"ImageObject\",\"inLanguage\":\"en-US\",\"@id\":\"https:\\\/\\\/miumjau.ee\\\/#\\\/schema\\\/logo\\\/image\\\/\",\"url\":\"https:\\\/\\\/miumjau.ee\\\/wp-content\\\/uploads\\\/2022\\\/04\\\/MiuMjau-logo-kollane.png\",\"contentUrl\":\"https:\\\/\\\/miumjau.ee\\\/wp-content\\\/uploads\\\/2022\\\/04\\\/MiuMjau-logo-kollane.png\",\"width\":219,\"height\":100,\"caption\":\"MiuMjau O\u00dc\"},\"image\":{\"@id\":\"https:\\\/\\\/miumjau.ee\\\/#\\\/schema\\\/logo\\\/image\\\/\"},\"sameAs\":[\"https:\\\/\\\/www.facebook.com\\\/miumjaupood\\\/\"]}]}<\/script>\n<!-- \/ Yoast SEO plugin. -->","yoast_head_json":{"title":"Ontario meat p\u00e2t\u00e9 for kittens with chicken and shrimp 400 g - MiuMjau","robots":{"index":"index","follow":"follow","max-snippet":"max-snippet:-1","max-image-preview":"max-image-preview:large","max-video-preview":"max-video-preview:-1"},"canonical":"https:\/\/miumjau.ee\/en\/product\/ontario-meat-pate-for-kittens-with-chicken-and-shrimp-400-g\/","og_locale":"en_US","og_type":"article","og_title":"Ontario meat p\u00e2t\u00e9 for kittens with chicken and shrimp 400 g - MiuMjau","og_description":"Ontario rich chicken p\u00e2t\u00e9 with shrimp. Complete food for kittens from 2 months of age. Composition: broth 28.075%, chicken 25.1%, pork 18.2%, beef 10.7%, liver 8%, shrimp 5%, cooked rice 3%, minerals 1%, salmon oil 0.5%, inulin 0.4%, sea buckthorn 0.025%. Analytical constituents: crude protein 11.5%, crude fat 6.5%, crude ash 2.5%, crude fibre 0.4%, moisture 80%, calcium 0.27%. Additives \/ Nutritional additives per kg: vitamin A 2500 IU, vitamin D3 160 IU, vitamin E 100 mg, zinc (zinc sulphate monohydrate) 10 mg, manganese (manganese oxide) 2.5 mg, copper (copper sulphate pentahydrate) 1.2 mg, iodine (anhydrous calcium iodate) 0.2 mg, taurine 520 mg, biotin 100 \u03bcg. Feeding instructions:The daily amount depends on your kitten\u2019s activity, age, environment and breed. The recommended daily amount can be found in the feeding table. Feed preferably 2\u20133 times a day. Start with the recommended amount and gradually adjust it to maintain optimal body condition. Serve at room temperature. Store unopened in a dry, cool place away from direct sunlight. After opening, keep refrigerated and use within 2 days. Not intended for human consumption. Ensure access to fresh drinking water at all times. Best before date \/ batch number: see code on the bottom of the can.","og_url":"https:\/\/miumjau.ee\/en\/product\/ontario-meat-pate-for-kittens-with-chicken-and-shrimp-400-g\/","og_site_name":"MiuMjau","article_publisher":"https:\/\/www.facebook.com\/miumjaupood\/","article_modified_time":"2026-01-07T21:28:37+00:00","og_image":[{"width":1200,"height":1600,"url":"https:\/\/miumjau.ee\/wp-content\/uploads\/2025\/05\/konserv-kassidele-ontario-400g3.webp","type":"image\/webp"}],"twitter_card":"summary_large_image","schema":{"@context":"https:\/\/schema.org","@graph":[{"@type":"WebPage","@id":"https:\/\/miumjau.ee\/en\/product\/ontario-meat-pate-for-kittens-with-chicken-and-shrimp-400-g\/","url":"https:\/\/miumjau.ee\/en\/product\/ontario-meat-pate-for-kittens-with-chicken-and-shrimp-400-g\/","name":"Ontario meat p\u00e2t\u00e9 for kittens with chicken and shrimp 400 g - MiuMjau","isPartOf":{"@id":"https:\/\/miumjau.ee\/#website"},"primaryImageOfPage":{"@id":"https:\/\/miumjau.ee\/en\/product\/ontario-meat-pate-for-kittens-with-chicken-and-shrimp-400-g\/#primaryimage"},"image":{"@id":"https:\/\/miumjau.ee\/en\/product\/ontario-meat-pate-for-kittens-with-chicken-and-shrimp-400-g\/#primaryimage"},"thumbnailUrl":"https:\/\/miumjau.ee\/wp-content\/uploads\/2025\/05\/konserv-kassidele-ontario-400g3.webp","datePublished":"2025-05-03T06:17:43+00:00","dateModified":"2026-01-07T21:28:37+00:00","breadcrumb":{"@id":"https:\/\/miumjau.ee\/en\/product\/ontario-meat-pate-for-kittens-with-chicken-and-shrimp-400-g\/#breadcrumb"},"inLanguage":"en-US","potentialAction":[{"@type":"ReadAction","target":["https:\/\/miumjau.ee\/en\/product\/ontario-meat-pate-for-kittens-with-chicken-and-shrimp-400-g\/"]}]},{"@type":"ImageObject","inLanguage":"en-US","@id":"https:\/\/miumjau.ee\/en\/product\/ontario-meat-pate-for-kittens-with-chicken-and-shrimp-400-g\/#primaryimage","url":"https:\/\/miumjau.ee\/wp-content\/uploads\/2025\/05\/konserv-kassidele-ontario-400g3.webp","contentUrl":"https:\/\/miumjau.ee\/wp-content\/uploads\/2025\/05\/konserv-kassidele-ontario-400g3.webp","width":1200,"height":1600,"caption":"Ontario lihapatee kassipojale kana ja krevettidega 400g"},{"@type":"BreadcrumbList","@id":"https:\/\/miumjau.ee\/en\/product\/ontario-meat-pate-for-kittens-with-chicken-and-shrimp-400-g\/#breadcrumb","itemListElement":[{"@type":"ListItem","position":1,"name":"Home","item":"https:\/\/miumjau.ee\/en\/"},{"@type":"ListItem","position":2,"name":"Shop","item":"https:\/\/miumjau.ee\/en\/products\/"},{"@type":"ListItem","position":3,"name":"Ontario meat p\u00e2t\u00e9 for kittens with chicken and shrimp 400 g"}]},{"@type":"WebSite","@id":"https:\/\/miumjau.ee\/#website","url":"https:\/\/miumjau.ee\/","name":"MiuMjau","description":"Kraapimispuud kassidele","publisher":{"@id":"https:\/\/miumjau.ee\/#organization"},"potentialAction":[{"@type":"SearchAction","target":{"@type":"EntryPoint","urlTemplate":"https:\/\/miumjau.ee\/?s={search_term_string}"},"query-input":{"@type":"PropertyValueSpecification","valueRequired":true,"valueName":"search_term_string"}}],"inLanguage":"en-US"},{"@type":"Organization","@id":"https:\/\/miumjau.ee\/#organization","name":"MiuMjau O\u00dc","url":"https:\/\/miumjau.ee\/","logo":{"@type":"ImageObject","inLanguage":"en-US","@id":"https:\/\/miumjau.ee\/#\/schema\/logo\/image\/","url":"https:\/\/miumjau.ee\/wp-content\/uploads\/2022\/04\/MiuMjau-logo-kollane.png","contentUrl":"https:\/\/miumjau.ee\/wp-content\/uploads\/2022\/04\/MiuMjau-logo-kollane.png","width":219,"height":100,"caption":"MiuMjau O\u00dc"},"image":{"@id":"https:\/\/miumjau.ee\/#\/schema\/logo\/image\/"},"sameAs":["https:\/\/www.facebook.com\/miumjaupood\/"]}]}},"_links":{"self":[{"href":"https:\/\/miumjau.ee\/en\/wp-json\/wp\/v2\/product\/47304","targetHints":{"allow":["GET"]}}],"collection":[{"href":"https:\/\/miumjau.ee\/en\/wp-json\/wp\/v2\/product"}],"about":[{"href":"https:\/\/miumjau.ee\/en\/wp-json\/wp\/v2\/types\/product"}],"wp:featuredmedia":[{"embeddable":true,"href":"https:\/\/miumjau.ee\/en\/wp-json\/wp\/v2\/media\/33805"}],"wp:attachment":[{"href":"https:\/\/miumjau.ee\/en\/wp-json\/wp\/v2\/media?parent=47304"}],"wp:term":[{"taxonomy":"product_brand","embeddable":true,"href":"https:\/\/miumjau.ee\/en\/wp-json\/wp\/v2\/product_brand?post=47304"},{"taxonomy":"product_cat","embeddable":true,"href":"https:\/\/miumjau.ee\/en\/wp-json\/wp\/v2\/product_cat?post=47304"},{"taxonomy":"product_tag","embeddable":true,"href":"https:\/\/miumjau.ee\/en\/wp-json\/wp\/v2\/product_tag?post=47304"}],"curies":[{"name":"wp","href":"https:\/\/api.w.org\/{rel}","templated":true}]}}