{"id":45843,"date":"2025-03-31T15:07:20","date_gmt":"2025-03-31T12:07:20","guid":{"rendered":"https:\/\/miumjau.ee\/toode\/brit-premium-by-nature-puppy-canned-food-turkey-liver-400-g\/"},"modified":"2026-01-07T23:29:27","modified_gmt":"2026-01-07T21:29:27","slug":"brit-premium-by-nature-puppy-canned-food-turkey-liver-400-g","status":"publish","type":"product","link":"https:\/\/miumjau.ee\/en\/product\/brit-premium-by-nature-puppy-canned-food-turkey-liver-400-g\/","title":{"rendered":"Brit Premium by Nature puppy canned food \u2013 turkey &#038; liver 400 g"},"content":{"rendered":"","protected":false},"excerpt":{"rendered":"<p data-start=\"151\" data-end=\"227\">Complete food for JUNIOR dogs of all breeds. Meaty p\u00e2t\u00e9 with liver for dogs.<\/p>\n<p data-start=\"229\" data-end=\"477\">An ideal addition to kibble. Can be used as a complete meal, a treat, or to enhance the flavour of dry food for junior dogs of all breeds. Improves food intake and hydration. Contains chamomile for sensitive digestion, salmon oil, fruits and herbs.<\/p>\n<p data-start=\"479\" data-end=\"623\"><strong data-start=\"479\" data-end=\"521\">Excellent digestibility and fine taste<\/strong><br data-start=\"521\" data-end=\"524\" \/><strong data-start=\"524\" data-end=\"579\">Balanced levels of nutrients, vitamins and minerals<\/strong><br data-start=\"579\" data-end=\"582\" \/><strong data-start=\"582\" data-end=\"623\">Grain-free \u2013 no added salt \u2013 GMO-free<\/strong><\/p>\n<p data-start=\"625\" data-end=\"757\"><strong data-start=\"625\" data-end=\"641\">Composition:<\/strong> turkey (36%), chicken (22%), turkey liver (4%), dried chamomile (1%), pea flour, lignocellulose, salmon oil (0.5%).<\/p>\n<p data-start=\"759\" data-end=\"917\"><strong data-start=\"759\" data-end=\"787\">Analytical constituents:<\/strong> crude protein 8.0%, crude fat 5.5%, crude fibre 0.4%, crude ash 2.8%, moisture 78.0%, calcium 0.3%, phosphorus 0.3%, sodium 0.5%.<\/p>\n<p data-start=\"919\" data-end=\"1149\"><strong data-start=\"919\" data-end=\"945\">Nutritional additives:<\/strong> Vitamin A (3a672a) 800 IU, Vitamin D3 (E671) 200 IU, Vitamin E (3a700) 100 mg, Vitamin B1 (3a821) 1.3 mg, biotin (3a880) 0.5 mg, zinc (3b606) 10 mg, iron 6 mg, copper (3b502) 2 mg, iodine (3b201) 0.5 mg.<\/p>\n<p data-start=\"1151\" data-end=\"1190\"><strong data-start=\"1151\" data-end=\"1176\">Metabolizable energy:<\/strong> 1010 kcal\/kg.<\/p>\n","protected":false},"featured_media":31417,"template":"","meta":[],"product_brand":[],"product_cat":[493],"product_tag":[],"class_list":{"0":"post-45843","1":"product","2":"type-product","3":"status-publish","4":"has-post-thumbnail","6":"product_cat-wet-food-for-dogs","8":"first","9":"instock","10":"taxable","11":"shipping-taxable","12":"purchasable","13":"product-type-simple"},"yoast_head":"<!-- This site is optimized with the Yoast SEO plugin v27.2 - https:\/\/yoast.com\/product\/yoast-seo-wordpress\/ -->\n<title>Brit Premium by Nature puppy canned food \u2013 turkey &amp; liver 400 g - MiuMjau<\/title>\n<meta name=\"robots\" content=\"index, follow, max-snippet:-1, max-image-preview:large, max-video-preview:-1\" \/>\n<link rel=\"canonical\" href=\"https:\/\/miumjau.ee\/en\/product\/brit-premium-by-nature-puppy-canned-food-turkey-liver-400-g\/\" \/>\n<meta property=\"og:locale\" content=\"en_US\" \/>\n<meta property=\"og:type\" content=\"article\" \/>\n<meta property=\"og:title\" content=\"Brit Premium by Nature puppy canned food \u2013 turkey &amp; liver 400 g - MiuMjau\" \/>\n<meta property=\"og:description\" content=\"Complete food for JUNIOR dogs of all breeds. Meaty p\u00e2t\u00e9 with liver for dogs. An ideal addition to kibble. Can be used as a complete meal, a treat, or to enhance the flavour of dry food for junior dogs of all breeds. Improves food intake and hydration. Contains chamomile for sensitive digestion, salmon oil, fruits and herbs. Excellent digestibility and fine tasteBalanced levels of nutrients, vitamins and mineralsGrain-free \u2013 no added salt \u2013 GMO-free Composition: turkey (36%), chicken (22%), turkey liver (4%), dried chamomile (1%), pea flour, lignocellulose, salmon oil (0.5%). Analytical constituents: crude protein 8.0%, crude fat 5.5%, crude fibre 0.4%, crude ash 2.8%, moisture 78.0%, calcium 0.3%, phosphorus 0.3%, sodium 0.5%. Nutritional additives: Vitamin A (3a672a) 800 IU, Vitamin D3 (E671) 200 IU, Vitamin E (3a700) 100 mg, Vitamin B1 (3a821) 1.3 mg, biotin (3a880) 0.5 mg, zinc (3b606) 10 mg, iron 6 mg, copper (3b502) 2 mg, iodine (3b201) 0.5 mg. Metabolizable energy: 1010 kcal\/kg.\" \/>\n<meta property=\"og:url\" content=\"https:\/\/miumjau.ee\/en\/product\/brit-premium-by-nature-puppy-canned-food-turkey-liver-400-g\/\" \/>\n<meta property=\"og:site_name\" content=\"MiuMjau\" \/>\n<meta property=\"article:publisher\" content=\"https:\/\/www.facebook.com\/miumjaupood\/\" \/>\n<meta property=\"article:modified_time\" content=\"2026-01-07T21:29:27+00:00\" \/>\n<meta property=\"og:image\" content=\"https:\/\/miumjau.ee\/wp-content\/uploads\/2025\/03\/brit-premium-taissoot-kalkun-maks1-Photoroom.webp\" \/>\n\t<meta property=\"og:image:width\" content=\"600\" \/>\n\t<meta property=\"og:image:height\" content=\"800\" \/>\n\t<meta property=\"og:image:type\" content=\"image\/webp\" \/>\n<meta name=\"twitter:card\" content=\"summary_large_image\" \/>\n<script type=\"application\/ld+json\" class=\"yoast-schema-graph\">{\"@context\":\"https:\/\/schema.org\",\"@graph\":[{\"@type\":\"WebPage\",\"@id\":\"https:\/\/miumjau.ee\/en\/product\/brit-premium-by-nature-puppy-canned-food-turkey-liver-400-g\/\",\"url\":\"https:\/\/miumjau.ee\/en\/product\/brit-premium-by-nature-puppy-canned-food-turkey-liver-400-g\/\",\"name\":\"Brit Premium by Nature puppy canned food \u2013 turkey & liver 400 g - MiuMjau\",\"isPartOf\":{\"@id\":\"https:\/\/miumjau.ee\/#website\"},\"primaryImageOfPage\":{\"@id\":\"https:\/\/miumjau.ee\/en\/product\/brit-premium-by-nature-puppy-canned-food-turkey-liver-400-g\/#primaryimage\"},\"image\":{\"@id\":\"https:\/\/miumjau.ee\/en\/product\/brit-premium-by-nature-puppy-canned-food-turkey-liver-400-g\/#primaryimage\"},\"thumbnailUrl\":\"https:\/\/miumjau.ee\/wp-content\/uploads\/2025\/03\/brit-premium-taissoot-kalkun-maks1-Photoroom.webp\",\"datePublished\":\"2025-03-31T12:07:20+00:00\",\"dateModified\":\"2026-01-07T21:29:27+00:00\",\"breadcrumb\":{\"@id\":\"https:\/\/miumjau.ee\/en\/product\/brit-premium-by-nature-puppy-canned-food-turkey-liver-400-g\/#breadcrumb\"},\"inLanguage\":\"en-US\",\"potentialAction\":[{\"@type\":\"ReadAction\",\"target\":[\"https:\/\/miumjau.ee\/en\/product\/brit-premium-by-nature-puppy-canned-food-turkey-liver-400-g\/\"]}]},{\"@type\":\"ImageObject\",\"inLanguage\":\"en-US\",\"@id\":\"https:\/\/miumjau.ee\/en\/product\/brit-premium-by-nature-puppy-canned-food-turkey-liver-400-g\/#primaryimage\",\"url\":\"https:\/\/miumjau.ee\/wp-content\/uploads\/2025\/03\/brit-premium-taissoot-kalkun-maks1-Photoroom.webp\",\"contentUrl\":\"https:\/\/miumjau.ee\/wp-content\/uploads\/2025\/03\/brit-premium-taissoot-kalkun-maks1-Photoroom.webp\",\"width\":600,\"height\":800,\"caption\":\"Brit Premium t\u00e4iss\u00f6\u00f6t koerale - konserv\"},{\"@type\":\"BreadcrumbList\",\"@id\":\"https:\/\/miumjau.ee\/en\/product\/brit-premium-by-nature-puppy-canned-food-turkey-liver-400-g\/#breadcrumb\",\"itemListElement\":[{\"@type\":\"ListItem\",\"position\":1,\"name\":\"Home\",\"item\":\"https:\/\/miumjau.ee\/en\/\"},{\"@type\":\"ListItem\",\"position\":2,\"name\":\"Shop\",\"item\":\"https:\/\/miumjau.ee\/en\/products\/\"},{\"@type\":\"ListItem\",\"position\":3,\"name\":\"Brit Premium by Nature puppy canned food \u2013 turkey &#038; liver 400 g\"}]},{\"@type\":\"WebSite\",\"@id\":\"https:\/\/miumjau.ee\/#website\",\"url\":\"https:\/\/miumjau.ee\/\",\"name\":\"MiuMjau\",\"description\":\"Kraapimispuud kassidele\",\"publisher\":{\"@id\":\"https:\/\/miumjau.ee\/#organization\"},\"potentialAction\":[{\"@type\":\"SearchAction\",\"target\":{\"@type\":\"EntryPoint\",\"urlTemplate\":\"https:\/\/miumjau.ee\/?s={search_term_string}\"},\"query-input\":{\"@type\":\"PropertyValueSpecification\",\"valueRequired\":true,\"valueName\":\"search_term_string\"}}],\"inLanguage\":\"en-US\"},{\"@type\":\"Organization\",\"@id\":\"https:\/\/miumjau.ee\/#organization\",\"name\":\"MiuMjau O\u00dc\",\"url\":\"https:\/\/miumjau.ee\/\",\"logo\":{\"@type\":\"ImageObject\",\"inLanguage\":\"en-US\",\"@id\":\"https:\/\/miumjau.ee\/#\/schema\/logo\/image\/\",\"url\":\"https:\/\/miumjau.ee\/wp-content\/uploads\/2022\/04\/MiuMjau-logo-kollane.png\",\"contentUrl\":\"https:\/\/miumjau.ee\/wp-content\/uploads\/2022\/04\/MiuMjau-logo-kollane.png\",\"width\":219,\"height\":100,\"caption\":\"MiuMjau O\u00dc\"},\"image\":{\"@id\":\"https:\/\/miumjau.ee\/#\/schema\/logo\/image\/\"},\"sameAs\":[\"https:\/\/www.facebook.com\/miumjaupood\/\"]}]}<\/script>\n<!-- \/ Yoast SEO plugin. -->","yoast_head_json":{"title":"Brit Premium by Nature puppy canned food \u2013 turkey & liver 400 g - MiuMjau","robots":{"index":"index","follow":"follow","max-snippet":"max-snippet:-1","max-image-preview":"max-image-preview:large","max-video-preview":"max-video-preview:-1"},"canonical":"https:\/\/miumjau.ee\/en\/product\/brit-premium-by-nature-puppy-canned-food-turkey-liver-400-g\/","og_locale":"en_US","og_type":"article","og_title":"Brit Premium by Nature puppy canned food \u2013 turkey & liver 400 g - MiuMjau","og_description":"Complete food for JUNIOR dogs of all breeds. Meaty p\u00e2t\u00e9 with liver for dogs. An ideal addition to kibble. Can be used as a complete meal, a treat, or to enhance the flavour of dry food for junior dogs of all breeds. Improves food intake and hydration. Contains chamomile for sensitive digestion, salmon oil, fruits and herbs. Excellent digestibility and fine tasteBalanced levels of nutrients, vitamins and mineralsGrain-free \u2013 no added salt \u2013 GMO-free Composition: turkey (36%), chicken (22%), turkey liver (4%), dried chamomile (1%), pea flour, lignocellulose, salmon oil (0.5%). Analytical constituents: crude protein 8.0%, crude fat 5.5%, crude fibre 0.4%, crude ash 2.8%, moisture 78.0%, calcium 0.3%, phosphorus 0.3%, sodium 0.5%. Nutritional additives: Vitamin A (3a672a) 800 IU, Vitamin D3 (E671) 200 IU, Vitamin E (3a700) 100 mg, Vitamin B1 (3a821) 1.3 mg, biotin (3a880) 0.5 mg, zinc (3b606) 10 mg, iron 6 mg, copper (3b502) 2 mg, iodine (3b201) 0.5 mg. Metabolizable energy: 1010 kcal\/kg.","og_url":"https:\/\/miumjau.ee\/en\/product\/brit-premium-by-nature-puppy-canned-food-turkey-liver-400-g\/","og_site_name":"MiuMjau","article_publisher":"https:\/\/www.facebook.com\/miumjaupood\/","article_modified_time":"2026-01-07T21:29:27+00:00","og_image":[{"width":600,"height":800,"url":"https:\/\/miumjau.ee\/wp-content\/uploads\/2025\/03\/brit-premium-taissoot-kalkun-maks1-Photoroom.webp","type":"image\/webp"}],"twitter_card":"summary_large_image","schema":{"@context":"https:\/\/schema.org","@graph":[{"@type":"WebPage","@id":"https:\/\/miumjau.ee\/en\/product\/brit-premium-by-nature-puppy-canned-food-turkey-liver-400-g\/","url":"https:\/\/miumjau.ee\/en\/product\/brit-premium-by-nature-puppy-canned-food-turkey-liver-400-g\/","name":"Brit Premium by Nature puppy canned food \u2013 turkey & liver 400 g - MiuMjau","isPartOf":{"@id":"https:\/\/miumjau.ee\/#website"},"primaryImageOfPage":{"@id":"https:\/\/miumjau.ee\/en\/product\/brit-premium-by-nature-puppy-canned-food-turkey-liver-400-g\/#primaryimage"},"image":{"@id":"https:\/\/miumjau.ee\/en\/product\/brit-premium-by-nature-puppy-canned-food-turkey-liver-400-g\/#primaryimage"},"thumbnailUrl":"https:\/\/miumjau.ee\/wp-content\/uploads\/2025\/03\/brit-premium-taissoot-kalkun-maks1-Photoroom.webp","datePublished":"2025-03-31T12:07:20+00:00","dateModified":"2026-01-07T21:29:27+00:00","breadcrumb":{"@id":"https:\/\/miumjau.ee\/en\/product\/brit-premium-by-nature-puppy-canned-food-turkey-liver-400-g\/#breadcrumb"},"inLanguage":"en-US","potentialAction":[{"@type":"ReadAction","target":["https:\/\/miumjau.ee\/en\/product\/brit-premium-by-nature-puppy-canned-food-turkey-liver-400-g\/"]}]},{"@type":"ImageObject","inLanguage":"en-US","@id":"https:\/\/miumjau.ee\/en\/product\/brit-premium-by-nature-puppy-canned-food-turkey-liver-400-g\/#primaryimage","url":"https:\/\/miumjau.ee\/wp-content\/uploads\/2025\/03\/brit-premium-taissoot-kalkun-maks1-Photoroom.webp","contentUrl":"https:\/\/miumjau.ee\/wp-content\/uploads\/2025\/03\/brit-premium-taissoot-kalkun-maks1-Photoroom.webp","width":600,"height":800,"caption":"Brit Premium t\u00e4iss\u00f6\u00f6t koerale - konserv"},{"@type":"BreadcrumbList","@id":"https:\/\/miumjau.ee\/en\/product\/brit-premium-by-nature-puppy-canned-food-turkey-liver-400-g\/#breadcrumb","itemListElement":[{"@type":"ListItem","position":1,"name":"Home","item":"https:\/\/miumjau.ee\/en\/"},{"@type":"ListItem","position":2,"name":"Shop","item":"https:\/\/miumjau.ee\/en\/products\/"},{"@type":"ListItem","position":3,"name":"Brit Premium by Nature puppy canned food \u2013 turkey &#038; liver 400 g"}]},{"@type":"WebSite","@id":"https:\/\/miumjau.ee\/#website","url":"https:\/\/miumjau.ee\/","name":"MiuMjau","description":"Kraapimispuud kassidele","publisher":{"@id":"https:\/\/miumjau.ee\/#organization"},"potentialAction":[{"@type":"SearchAction","target":{"@type":"EntryPoint","urlTemplate":"https:\/\/miumjau.ee\/?s={search_term_string}"},"query-input":{"@type":"PropertyValueSpecification","valueRequired":true,"valueName":"search_term_string"}}],"inLanguage":"en-US"},{"@type":"Organization","@id":"https:\/\/miumjau.ee\/#organization","name":"MiuMjau O\u00dc","url":"https:\/\/miumjau.ee\/","logo":{"@type":"ImageObject","inLanguage":"en-US","@id":"https:\/\/miumjau.ee\/#\/schema\/logo\/image\/","url":"https:\/\/miumjau.ee\/wp-content\/uploads\/2022\/04\/MiuMjau-logo-kollane.png","contentUrl":"https:\/\/miumjau.ee\/wp-content\/uploads\/2022\/04\/MiuMjau-logo-kollane.png","width":219,"height":100,"caption":"MiuMjau O\u00dc"},"image":{"@id":"https:\/\/miumjau.ee\/#\/schema\/logo\/image\/"},"sameAs":["https:\/\/www.facebook.com\/miumjaupood\/"]}]}},"_links":{"self":[{"href":"https:\/\/miumjau.ee\/en\/wp-json\/wp\/v2\/product\/45843","targetHints":{"allow":["GET"]}}],"collection":[{"href":"https:\/\/miumjau.ee\/en\/wp-json\/wp\/v2\/product"}],"about":[{"href":"https:\/\/miumjau.ee\/en\/wp-json\/wp\/v2\/types\/product"}],"wp:featuredmedia":[{"embeddable":true,"href":"https:\/\/miumjau.ee\/en\/wp-json\/wp\/v2\/media\/31417"}],"wp:attachment":[{"href":"https:\/\/miumjau.ee\/en\/wp-json\/wp\/v2\/media?parent=45843"}],"wp:term":[{"taxonomy":"product_brand","embeddable":true,"href":"https:\/\/miumjau.ee\/en\/wp-json\/wp\/v2\/product_brand?post=45843"},{"taxonomy":"product_cat","embeddable":true,"href":"https:\/\/miumjau.ee\/en\/wp-json\/wp\/v2\/product_cat?post=45843"},{"taxonomy":"product_tag","embeddable":true,"href":"https:\/\/miumjau.ee\/en\/wp-json\/wp\/v2\/product_tag?post=45843"}],"curies":[{"name":"wp","href":"https:\/\/api.w.org\/{rel}","templated":true}]}}