{"id":40416,"date":"2025-05-28T16:11:36","date_gmt":"2025-05-28T13:11:36","guid":{"rendered":"https:\/\/miumjau.ee\/toode\/frigera-buffalo-horn-rope-toy-for-dogs-size-m\/"},"modified":"2026-01-07T23:32:04","modified_gmt":"2026-01-07T21:32:04","slug":"frigera-buffalo-horn-rope-toy-for-dogs-size-m","status":"publish","type":"product","link":"https:\/\/miumjau.ee\/en\/product\/frigera-buffalo-horn-rope-toy-for-dogs-size-m\/","title":{"rendered":"Frigera Buffalo Horn Rope Toy for Dogs, Size M"},"content":{"rendered":"","protected":false},"excerpt":{"rendered":"<p data-start=\"54\" data-end=\"422\">Is your four-legged friend obsessed with chewing your shoes? Don\u2019t worry \u2014 the <strong data-start=\"133\" data-end=\"166\">Frigera Buffalo Horn Rope Toy<\/strong> is here to save the day! This <strong data-start=\"197\" data-end=\"225\">handcrafted, natural toy<\/strong> provides your dog with <strong data-start=\"249\" data-end=\"273\">hours of chewing fun<\/strong>. Beyond keeping boredom at bay, intense chewing can help <strong data-start=\"331\" data-end=\"350\">relieve anxiety<\/strong> and <strong data-start=\"355\" data-end=\"372\">reduce plaque<\/strong>, supporting your pet\u2019s <strong data-start=\"396\" data-end=\"419\">overall oral health<\/strong>.<\/p>\n<p data-start=\"424\" data-end=\"798\">Made from <strong data-start=\"434\" data-end=\"466\">buffalo horn and cotton rope<\/strong>, this toy is a <strong data-start=\"482\" data-end=\"521\">healthy and responsible alternative<\/strong> to expensive synthetic chew toys. It combines <strong data-start=\"568\" data-end=\"591\">organic cotton rope<\/strong> with <strong data-start=\"597\" data-end=\"634\">nutrient-rich buffalo horn pieces<\/strong>, full of <strong data-start=\"644\" data-end=\"680\">protein, calcium, and phosphorus<\/strong> to support healthy bones and muscles. With its inner keratin structure, this toy can last <strong data-start=\"771\" data-end=\"795\">weeks or even months<\/strong>!<\/p>\n<p data-start=\"800\" data-end=\"866\" data-is-last-node=\"\" data-is-only-node=\"\"><strong data-start=\"800\" data-end=\"815\">Net weight:<\/strong> 350 g<br data-start=\"821\" data-end=\"824\" \/><strong data-start=\"824\" data-end=\"840\">Ingredients:<\/strong> Buffalo horn, cotton rope<\/p>\n","protected":false},"featured_media":35738,"template":"","meta":[],"product_brand":[],"product_cat":[496],"product_tag":[],"class_list":{"0":"post-40416","1":"product","2":"type-product","3":"status-publish","4":"has-post-thumbnail","6":"product_cat-toys-for-dogs","8":"first","9":"instock","10":"sale","11":"taxable","12":"shipping-taxable","13":"purchasable","14":"product-type-simple"},"yoast_head":"<!-- This site is optimized with the Yoast SEO plugin v27.4 - https:\/\/yoast.com\/product\/yoast-seo-wordpress\/ -->\n<title>Frigera Buffalo Horn Rope Toy for Dogs, Size M - MiuMjau<\/title>\n<meta name=\"robots\" content=\"index, follow, max-snippet:-1, max-image-preview:large, max-video-preview:-1\" \/>\n<link rel=\"canonical\" href=\"https:\/\/miumjau.ee\/en\/product\/frigera-buffalo-horn-rope-toy-for-dogs-size-m\/\" \/>\n<meta property=\"og:locale\" content=\"en_US\" \/>\n<meta property=\"og:type\" content=\"article\" \/>\n<meta property=\"og:title\" content=\"Frigera Buffalo Horn Rope Toy for Dogs, Size M - MiuMjau\" \/>\n<meta property=\"og:description\" content=\"Is your four-legged friend obsessed with chewing your shoes? Don\u2019t worry \u2014 the Frigera Buffalo Horn Rope Toy is here to save the day! This handcrafted, natural toy provides your dog with hours of chewing fun. Beyond keeping boredom at bay, intense chewing can help relieve anxiety and reduce plaque, supporting your pet\u2019s overall oral health. Made from buffalo horn and cotton rope, this toy is a healthy and responsible alternative to expensive synthetic chew toys. It combines organic cotton rope with nutrient-rich buffalo horn pieces, full of protein, calcium, and phosphorus to support healthy bones and muscles. With its inner keratin structure, this toy can last weeks or even months! Net weight: 350 gIngredients: Buffalo horn, cotton rope\" \/>\n<meta property=\"og:url\" content=\"https:\/\/miumjau.ee\/en\/product\/frigera-buffalo-horn-rope-toy-for-dogs-size-m\/\" \/>\n<meta property=\"og:site_name\" content=\"MiuMjau\" \/>\n<meta property=\"article:publisher\" content=\"https:\/\/www.facebook.com\/miumjaupood\/\" \/>\n<meta property=\"article:modified_time\" content=\"2026-01-07T21:32:04+00:00\" \/>\n<meta property=\"og:image\" content=\"https:\/\/miumjau.ee\/wp-content\/uploads\/2025\/05\/kois-puhvli-sarvega-frigera2.webp\" \/>\n\t<meta property=\"og:image:width\" content=\"600\" \/>\n\t<meta property=\"og:image:height\" content=\"800\" \/>\n\t<meta property=\"og:image:type\" content=\"image\/webp\" \/>\n<meta name=\"twitter:card\" content=\"summary_large_image\" \/>\n<script type=\"application\/ld+json\" class=\"yoast-schema-graph\">{\"@context\":\"https:\\\/\\\/schema.org\",\"@graph\":[{\"@type\":\"WebPage\",\"@id\":\"https:\\\/\\\/miumjau.ee\\\/en\\\/product\\\/frigera-buffalo-horn-rope-toy-for-dogs-size-m\\\/\",\"url\":\"https:\\\/\\\/miumjau.ee\\\/en\\\/product\\\/frigera-buffalo-horn-rope-toy-for-dogs-size-m\\\/\",\"name\":\"Frigera Buffalo Horn Rope Toy for Dogs, Size M - MiuMjau\",\"isPartOf\":{\"@id\":\"https:\\\/\\\/miumjau.ee\\\/#website\"},\"primaryImageOfPage\":{\"@id\":\"https:\\\/\\\/miumjau.ee\\\/en\\\/product\\\/frigera-buffalo-horn-rope-toy-for-dogs-size-m\\\/#primaryimage\"},\"image\":{\"@id\":\"https:\\\/\\\/miumjau.ee\\\/en\\\/product\\\/frigera-buffalo-horn-rope-toy-for-dogs-size-m\\\/#primaryimage\"},\"thumbnailUrl\":\"https:\\\/\\\/miumjau.ee\\\/wp-content\\\/uploads\\\/2025\\\/05\\\/kois-puhvli-sarvega-frigera2.webp\",\"datePublished\":\"2025-05-28T13:11:36+00:00\",\"dateModified\":\"2026-01-07T21:32:04+00:00\",\"breadcrumb\":{\"@id\":\"https:\\\/\\\/miumjau.ee\\\/en\\\/product\\\/frigera-buffalo-horn-rope-toy-for-dogs-size-m\\\/#breadcrumb\"},\"inLanguage\":\"en-US\",\"potentialAction\":[{\"@type\":\"ReadAction\",\"target\":[\"https:\\\/\\\/miumjau.ee\\\/en\\\/product\\\/frigera-buffalo-horn-rope-toy-for-dogs-size-m\\\/\"]}]},{\"@type\":\"ImageObject\",\"inLanguage\":\"en-US\",\"@id\":\"https:\\\/\\\/miumjau.ee\\\/en\\\/product\\\/frigera-buffalo-horn-rope-toy-for-dogs-size-m\\\/#primaryimage\",\"url\":\"https:\\\/\\\/miumjau.ee\\\/wp-content\\\/uploads\\\/2025\\\/05\\\/kois-puhvli-sarvega-frigera2.webp\",\"contentUrl\":\"https:\\\/\\\/miumjau.ee\\\/wp-content\\\/uploads\\\/2025\\\/05\\\/kois-puhvli-sarvega-frigera2.webp\",\"width\":600,\"height\":800,\"caption\":\"P\u00fchvli sarvega k\u00f6is, m\u00e4nguasi koertele M\"},{\"@type\":\"BreadcrumbList\",\"@id\":\"https:\\\/\\\/miumjau.ee\\\/en\\\/product\\\/frigera-buffalo-horn-rope-toy-for-dogs-size-m\\\/#breadcrumb\",\"itemListElement\":[{\"@type\":\"ListItem\",\"position\":1,\"name\":\"Home\",\"item\":\"https:\\\/\\\/miumjau.ee\\\/en\\\/\"},{\"@type\":\"ListItem\",\"position\":2,\"name\":\"Shop\",\"item\":\"https:\\\/\\\/miumjau.ee\\\/en\\\/products\\\/\"},{\"@type\":\"ListItem\",\"position\":3,\"name\":\"Frigera Buffalo Horn Rope Toy for Dogs, Size M\"}]},{\"@type\":\"WebSite\",\"@id\":\"https:\\\/\\\/miumjau.ee\\\/#website\",\"url\":\"https:\\\/\\\/miumjau.ee\\\/\",\"name\":\"MiuMjau\",\"description\":\"Kraapimispuud kassidele\",\"publisher\":{\"@id\":\"https:\\\/\\\/miumjau.ee\\\/#organization\"},\"potentialAction\":[{\"@type\":\"SearchAction\",\"target\":{\"@type\":\"EntryPoint\",\"urlTemplate\":\"https:\\\/\\\/miumjau.ee\\\/?s={search_term_string}\"},\"query-input\":{\"@type\":\"PropertyValueSpecification\",\"valueRequired\":true,\"valueName\":\"search_term_string\"}}],\"inLanguage\":\"en-US\"},{\"@type\":\"Organization\",\"@id\":\"https:\\\/\\\/miumjau.ee\\\/#organization\",\"name\":\"MiuMjau O\u00dc\",\"url\":\"https:\\\/\\\/miumjau.ee\\\/\",\"logo\":{\"@type\":\"ImageObject\",\"inLanguage\":\"en-US\",\"@id\":\"https:\\\/\\\/miumjau.ee\\\/#\\\/schema\\\/logo\\\/image\\\/\",\"url\":\"https:\\\/\\\/miumjau.ee\\\/wp-content\\\/uploads\\\/2022\\\/04\\\/MiuMjau-logo-kollane.png\",\"contentUrl\":\"https:\\\/\\\/miumjau.ee\\\/wp-content\\\/uploads\\\/2022\\\/04\\\/MiuMjau-logo-kollane.png\",\"width\":219,\"height\":100,\"caption\":\"MiuMjau O\u00dc\"},\"image\":{\"@id\":\"https:\\\/\\\/miumjau.ee\\\/#\\\/schema\\\/logo\\\/image\\\/\"},\"sameAs\":[\"https:\\\/\\\/www.facebook.com\\\/miumjaupood\\\/\"]}]}<\/script>\n<!-- \/ Yoast SEO plugin. -->","yoast_head_json":{"title":"Frigera Buffalo Horn Rope Toy for Dogs, Size M - MiuMjau","robots":{"index":"index","follow":"follow","max-snippet":"max-snippet:-1","max-image-preview":"max-image-preview:large","max-video-preview":"max-video-preview:-1"},"canonical":"https:\/\/miumjau.ee\/en\/product\/frigera-buffalo-horn-rope-toy-for-dogs-size-m\/","og_locale":"en_US","og_type":"article","og_title":"Frigera Buffalo Horn Rope Toy for Dogs, Size M - MiuMjau","og_description":"Is your four-legged friend obsessed with chewing your shoes? Don\u2019t worry \u2014 the Frigera Buffalo Horn Rope Toy is here to save the day! This handcrafted, natural toy provides your dog with hours of chewing fun. Beyond keeping boredom at bay, intense chewing can help relieve anxiety and reduce plaque, supporting your pet\u2019s overall oral health. Made from buffalo horn and cotton rope, this toy is a healthy and responsible alternative to expensive synthetic chew toys. It combines organic cotton rope with nutrient-rich buffalo horn pieces, full of protein, calcium, and phosphorus to support healthy bones and muscles. With its inner keratin structure, this toy can last weeks or even months! Net weight: 350 gIngredients: Buffalo horn, cotton rope","og_url":"https:\/\/miumjau.ee\/en\/product\/frigera-buffalo-horn-rope-toy-for-dogs-size-m\/","og_site_name":"MiuMjau","article_publisher":"https:\/\/www.facebook.com\/miumjaupood\/","article_modified_time":"2026-01-07T21:32:04+00:00","og_image":[{"width":600,"height":800,"url":"https:\/\/miumjau.ee\/wp-content\/uploads\/2025\/05\/kois-puhvli-sarvega-frigera2.webp","type":"image\/webp"}],"twitter_card":"summary_large_image","schema":{"@context":"https:\/\/schema.org","@graph":[{"@type":"WebPage","@id":"https:\/\/miumjau.ee\/en\/product\/frigera-buffalo-horn-rope-toy-for-dogs-size-m\/","url":"https:\/\/miumjau.ee\/en\/product\/frigera-buffalo-horn-rope-toy-for-dogs-size-m\/","name":"Frigera Buffalo Horn Rope Toy for Dogs, Size M - MiuMjau","isPartOf":{"@id":"https:\/\/miumjau.ee\/#website"},"primaryImageOfPage":{"@id":"https:\/\/miumjau.ee\/en\/product\/frigera-buffalo-horn-rope-toy-for-dogs-size-m\/#primaryimage"},"image":{"@id":"https:\/\/miumjau.ee\/en\/product\/frigera-buffalo-horn-rope-toy-for-dogs-size-m\/#primaryimage"},"thumbnailUrl":"https:\/\/miumjau.ee\/wp-content\/uploads\/2025\/05\/kois-puhvli-sarvega-frigera2.webp","datePublished":"2025-05-28T13:11:36+00:00","dateModified":"2026-01-07T21:32:04+00:00","breadcrumb":{"@id":"https:\/\/miumjau.ee\/en\/product\/frigera-buffalo-horn-rope-toy-for-dogs-size-m\/#breadcrumb"},"inLanguage":"en-US","potentialAction":[{"@type":"ReadAction","target":["https:\/\/miumjau.ee\/en\/product\/frigera-buffalo-horn-rope-toy-for-dogs-size-m\/"]}]},{"@type":"ImageObject","inLanguage":"en-US","@id":"https:\/\/miumjau.ee\/en\/product\/frigera-buffalo-horn-rope-toy-for-dogs-size-m\/#primaryimage","url":"https:\/\/miumjau.ee\/wp-content\/uploads\/2025\/05\/kois-puhvli-sarvega-frigera2.webp","contentUrl":"https:\/\/miumjau.ee\/wp-content\/uploads\/2025\/05\/kois-puhvli-sarvega-frigera2.webp","width":600,"height":800,"caption":"P\u00fchvli sarvega k\u00f6is, m\u00e4nguasi koertele M"},{"@type":"BreadcrumbList","@id":"https:\/\/miumjau.ee\/en\/product\/frigera-buffalo-horn-rope-toy-for-dogs-size-m\/#breadcrumb","itemListElement":[{"@type":"ListItem","position":1,"name":"Home","item":"https:\/\/miumjau.ee\/en\/"},{"@type":"ListItem","position":2,"name":"Shop","item":"https:\/\/miumjau.ee\/en\/products\/"},{"@type":"ListItem","position":3,"name":"Frigera Buffalo Horn Rope Toy for Dogs, Size M"}]},{"@type":"WebSite","@id":"https:\/\/miumjau.ee\/#website","url":"https:\/\/miumjau.ee\/","name":"MiuMjau","description":"Kraapimispuud kassidele","publisher":{"@id":"https:\/\/miumjau.ee\/#organization"},"potentialAction":[{"@type":"SearchAction","target":{"@type":"EntryPoint","urlTemplate":"https:\/\/miumjau.ee\/?s={search_term_string}"},"query-input":{"@type":"PropertyValueSpecification","valueRequired":true,"valueName":"search_term_string"}}],"inLanguage":"en-US"},{"@type":"Organization","@id":"https:\/\/miumjau.ee\/#organization","name":"MiuMjau O\u00dc","url":"https:\/\/miumjau.ee\/","logo":{"@type":"ImageObject","inLanguage":"en-US","@id":"https:\/\/miumjau.ee\/#\/schema\/logo\/image\/","url":"https:\/\/miumjau.ee\/wp-content\/uploads\/2022\/04\/MiuMjau-logo-kollane.png","contentUrl":"https:\/\/miumjau.ee\/wp-content\/uploads\/2022\/04\/MiuMjau-logo-kollane.png","width":219,"height":100,"caption":"MiuMjau O\u00dc"},"image":{"@id":"https:\/\/miumjau.ee\/#\/schema\/logo\/image\/"},"sameAs":["https:\/\/www.facebook.com\/miumjaupood\/"]}]}},"_links":{"self":[{"href":"https:\/\/miumjau.ee\/en\/wp-json\/wp\/v2\/product\/40416","targetHints":{"allow":["GET"]}}],"collection":[{"href":"https:\/\/miumjau.ee\/en\/wp-json\/wp\/v2\/product"}],"about":[{"href":"https:\/\/miumjau.ee\/en\/wp-json\/wp\/v2\/types\/product"}],"wp:featuredmedia":[{"embeddable":true,"href":"https:\/\/miumjau.ee\/en\/wp-json\/wp\/v2\/media\/35738"}],"wp:attachment":[{"href":"https:\/\/miumjau.ee\/en\/wp-json\/wp\/v2\/media?parent=40416"}],"wp:term":[{"taxonomy":"product_brand","embeddable":true,"href":"https:\/\/miumjau.ee\/en\/wp-json\/wp\/v2\/product_brand?post=40416"},{"taxonomy":"product_cat","embeddable":true,"href":"https:\/\/miumjau.ee\/en\/wp-json\/wp\/v2\/product_cat?post=40416"},{"taxonomy":"product_tag","embeddable":true,"href":"https:\/\/miumjau.ee\/en\/wp-json\/wp\/v2\/product_tag?post=40416"}],"curies":[{"name":"wp","href":"https:\/\/api.w.org\/{rel}","templated":true}]}}