{"id":38958,"date":"2025-07-23T00:19:31","date_gmt":"2025-07-22T21:19:31","guid":{"rendered":"https:\/\/miumjau.ee\/toode\/ibero-cold-pressed-for-small-breeds-beef-3kg\/"},"modified":"2026-01-07T23:32:32","modified_gmt":"2026-01-07T21:32:32","slug":"ibero-cold-pressed-for-small-breeds-beef-3kg","status":"publish","type":"product","link":"https:\/\/miumjau.ee\/en\/product\/ibero-cold-pressed-for-small-breeds-beef-3kg\/","title":{"rendered":"Ibero cold-pressed for small breeds, Beef 3kg"},"content":{"rendered":"","protected":false},"excerpt":{"rendered":"<p>Cold-pressed complete dog food containing all the nutrients needed for adult dogs of small breeds.<\/p>\n<p>INGREDIENTS: dehydrated beef (34%), dried sweet potatoes, dried potatoes, beef fat (14%), oatmeal (8%), lamb liver (5%), dried pumpkin (2%), dried pig liver (2%), corn flakes, dried carrots (1.2%), linseed, chicory extract, dried herbs, beta glucans, vitamin-mineral blend.<\/p>\n<p>ANALYTICAL INGREDIENTS: crude protein 25%, crude fat 14%, crude fibre 3.4%, crude ash 7.3%, calcium 1.1%, phosphorus 0.85%, sodium 0.15%, moisture max.10%.<\/p>\n<p>Nutrition\/kg: Vitamin A 16988 IU, Vitamin D3 1698 IU, Vitamin E 170 mg, Vitamin B1 4,98 mg, Vitamin B2 8,83 mg, Vitamin B6 6,78 mg, Vitamin B12 0.07 mg, Vitamin C 118 mg, Niacin 42.25 mg, Pantothenic Acid 17.47 mg, Folic Acid 0.68 mg, Biotin 0.42 mg, Iodine 4.07 mg, Selenium 0.37 mg, Iron 99 mg, Copper 11,88 mg, Zinc 125,7 mg, Manganese 11,88 mg, Choline chloride 1835 mg, Glucosamine 404 mg\/kg, Chondroitin sulphate 353 mg\/kg.<\/p>\n<p>Technological: Natural antioxidants (tocopherol-rich plant oil extracts). Metabolized energy: 3850 kcal\/kg<\/p>\n","protected":false},"featured_media":37992,"template":"","meta":[],"product_brand":[],"product_cat":[490,108],"product_tag":[],"class_list":{"0":"post-38958","1":"product","2":"type-product","3":"status-publish","4":"has-post-thumbnail","6":"product_cat-dry-food-for-dogs","7":"product_cat-kaup24-en","9":"first","10":"instock","11":"sale","12":"taxable","13":"shipping-taxable","14":"purchasable","15":"product-type-simple"},"yoast_head":"<!-- This site is optimized with the Yoast SEO plugin v27.2 - https:\/\/yoast.com\/product\/yoast-seo-wordpress\/ -->\n<title>Ibero cold-pressed for small breeds, Beef 3kg - MiuMjau<\/title>\n<meta name=\"robots\" content=\"index, follow, max-snippet:-1, max-image-preview:large, max-video-preview:-1\" \/>\n<link rel=\"canonical\" href=\"https:\/\/miumjau.ee\/en\/product\/ibero-cold-pressed-for-small-breeds-beef-3kg\/\" \/>\n<meta property=\"og:locale\" content=\"en_US\" \/>\n<meta property=\"og:type\" content=\"article\" \/>\n<meta property=\"og:title\" content=\"Ibero cold-pressed for small breeds, Beef 3kg - MiuMjau\" \/>\n<meta property=\"og:description\" content=\"Cold-pressed complete dog food containing all the nutrients needed for adult dogs of small breeds.  INGREDIENTS: dehydrated beef (34%), dried sweet potatoes, dried potatoes, beef fat (14%), oatmeal (8%), lamb liver (5%), dried pumpkin (2%), dried pig liver (2%), corn flakes, dried carrots (1.2%), linseed, chicory extract, dried herbs, beta glucans, vitamin-mineral blend.  ANALYTICAL INGREDIENTS: crude protein 25%, crude fat 14%, crude fibre 3.4%, crude ash 7.3%, calcium 1.1%, phosphorus 0.85%, sodium 0.15%, moisture max.10%.  Nutrition\/kg: Vitamin A 16988 IU, Vitamin D3 1698 IU, Vitamin E 170 mg, Vitamin B1 4,98 mg, Vitamin B2 8,83 mg, Vitamin B6 6,78 mg, Vitamin B12 0.07 mg, Vitamin C 118 mg, Niacin 42.25 mg, Pantothenic Acid 17.47 mg, Folic Acid 0.68 mg, Biotin 0.42 mg, Iodine 4.07 mg, Selenium 0.37 mg, Iron 99 mg, Copper 11,88 mg, Zinc 125,7 mg, Manganese 11,88 mg, Choline chloride 1835 mg, Glucosamine 404 mg\/kg, Chondroitin sulphate 353 mg\/kg.  Technological: Natural antioxidants (tocopherol-rich plant oil extracts). Metabolized energy: 3850 kcal\/kg\" \/>\n<meta property=\"og:url\" content=\"https:\/\/miumjau.ee\/en\/product\/ibero-cold-pressed-for-small-breeds-beef-3kg\/\" \/>\n<meta property=\"og:site_name\" content=\"MiuMjau\" \/>\n<meta property=\"article:publisher\" content=\"https:\/\/www.facebook.com\/miumjaupood\/\" \/>\n<meta property=\"article:modified_time\" content=\"2026-01-07T21:32:32+00:00\" \/>\n<meta property=\"og:image\" content=\"https:\/\/miumjau.ee\/wp-content\/uploads\/2025\/07\/ibero-koer-kulmpressitud-mini-veis-3kg-1.jpg\" \/>\n\t<meta property=\"og:image:width\" content=\"600\" \/>\n\t<meta property=\"og:image:height\" content=\"800\" \/>\n\t<meta property=\"og:image:type\" content=\"image\/jpeg\" \/>\n<meta name=\"twitter:card\" content=\"summary_large_image\" \/>\n<script type=\"application\/ld+json\" class=\"yoast-schema-graph\">{\"@context\":\"https:\/\/schema.org\",\"@graph\":[{\"@type\":\"WebPage\",\"@id\":\"https:\/\/miumjau.ee\/en\/product\/ibero-cold-pressed-for-small-breeds-beef-3kg\/\",\"url\":\"https:\/\/miumjau.ee\/en\/product\/ibero-cold-pressed-for-small-breeds-beef-3kg\/\",\"name\":\"Ibero cold-pressed for small breeds, Beef 3kg - MiuMjau\",\"isPartOf\":{\"@id\":\"https:\/\/miumjau.ee\/#website\"},\"primaryImageOfPage\":{\"@id\":\"https:\/\/miumjau.ee\/en\/product\/ibero-cold-pressed-for-small-breeds-beef-3kg\/#primaryimage\"},\"image\":{\"@id\":\"https:\/\/miumjau.ee\/en\/product\/ibero-cold-pressed-for-small-breeds-beef-3kg\/#primaryimage\"},\"thumbnailUrl\":\"https:\/\/miumjau.ee\/wp-content\/uploads\/2025\/07\/ibero-koer-kulmpressitud-mini-veis-3kg-1.jpg\",\"datePublished\":\"2025-07-22T21:19:31+00:00\",\"dateModified\":\"2026-01-07T21:32:32+00:00\",\"breadcrumb\":{\"@id\":\"https:\/\/miumjau.ee\/en\/product\/ibero-cold-pressed-for-small-breeds-beef-3kg\/#breadcrumb\"},\"inLanguage\":\"en-US\",\"potentialAction\":[{\"@type\":\"ReadAction\",\"target\":[\"https:\/\/miumjau.ee\/en\/product\/ibero-cold-pressed-for-small-breeds-beef-3kg\/\"]}]},{\"@type\":\"ImageObject\",\"inLanguage\":\"en-US\",\"@id\":\"https:\/\/miumjau.ee\/en\/product\/ibero-cold-pressed-for-small-breeds-beef-3kg\/#primaryimage\",\"url\":\"https:\/\/miumjau.ee\/wp-content\/uploads\/2025\/07\/ibero-koer-kulmpressitud-mini-veis-3kg-1.jpg\",\"contentUrl\":\"https:\/\/miumjau.ee\/wp-content\/uploads\/2025\/07\/ibero-koer-kulmpressitud-mini-veis-3kg-1.jpg\",\"width\":600,\"height\":800,\"caption\":\"K\u00fclmpressitud toit Ibero v\u00e4ikestele t\u00f5ugudele veisega 3kg\"},{\"@type\":\"BreadcrumbList\",\"@id\":\"https:\/\/miumjau.ee\/en\/product\/ibero-cold-pressed-for-small-breeds-beef-3kg\/#breadcrumb\",\"itemListElement\":[{\"@type\":\"ListItem\",\"position\":1,\"name\":\"Home\",\"item\":\"https:\/\/miumjau.ee\/en\/\"},{\"@type\":\"ListItem\",\"position\":2,\"name\":\"Shop\",\"item\":\"https:\/\/miumjau.ee\/en\/products\/\"},{\"@type\":\"ListItem\",\"position\":3,\"name\":\"Ibero cold-pressed for small breeds, Beef 3kg\"}]},{\"@type\":\"WebSite\",\"@id\":\"https:\/\/miumjau.ee\/#website\",\"url\":\"https:\/\/miumjau.ee\/\",\"name\":\"MiuMjau\",\"description\":\"Kraapimispuud kassidele\",\"publisher\":{\"@id\":\"https:\/\/miumjau.ee\/#organization\"},\"potentialAction\":[{\"@type\":\"SearchAction\",\"target\":{\"@type\":\"EntryPoint\",\"urlTemplate\":\"https:\/\/miumjau.ee\/?s={search_term_string}\"},\"query-input\":{\"@type\":\"PropertyValueSpecification\",\"valueRequired\":true,\"valueName\":\"search_term_string\"}}],\"inLanguage\":\"en-US\"},{\"@type\":\"Organization\",\"@id\":\"https:\/\/miumjau.ee\/#organization\",\"name\":\"MiuMjau O\u00dc\",\"url\":\"https:\/\/miumjau.ee\/\",\"logo\":{\"@type\":\"ImageObject\",\"inLanguage\":\"en-US\",\"@id\":\"https:\/\/miumjau.ee\/#\/schema\/logo\/image\/\",\"url\":\"https:\/\/miumjau.ee\/wp-content\/uploads\/2022\/04\/MiuMjau-logo-kollane.png\",\"contentUrl\":\"https:\/\/miumjau.ee\/wp-content\/uploads\/2022\/04\/MiuMjau-logo-kollane.png\",\"width\":219,\"height\":100,\"caption\":\"MiuMjau O\u00dc\"},\"image\":{\"@id\":\"https:\/\/miumjau.ee\/#\/schema\/logo\/image\/\"},\"sameAs\":[\"https:\/\/www.facebook.com\/miumjaupood\/\"]}]}<\/script>\n<!-- \/ Yoast SEO plugin. -->","yoast_head_json":{"title":"Ibero cold-pressed for small breeds, Beef 3kg - MiuMjau","robots":{"index":"index","follow":"follow","max-snippet":"max-snippet:-1","max-image-preview":"max-image-preview:large","max-video-preview":"max-video-preview:-1"},"canonical":"https:\/\/miumjau.ee\/en\/product\/ibero-cold-pressed-for-small-breeds-beef-3kg\/","og_locale":"en_US","og_type":"article","og_title":"Ibero cold-pressed for small breeds, Beef 3kg - MiuMjau","og_description":"Cold-pressed complete dog food containing all the nutrients needed for adult dogs of small breeds.  INGREDIENTS: dehydrated beef (34%), dried sweet potatoes, dried potatoes, beef fat (14%), oatmeal (8%), lamb liver (5%), dried pumpkin (2%), dried pig liver (2%), corn flakes, dried carrots (1.2%), linseed, chicory extract, dried herbs, beta glucans, vitamin-mineral blend.  ANALYTICAL INGREDIENTS: crude protein 25%, crude fat 14%, crude fibre 3.4%, crude ash 7.3%, calcium 1.1%, phosphorus 0.85%, sodium 0.15%, moisture max.10%.  Nutrition\/kg: Vitamin A 16988 IU, Vitamin D3 1698 IU, Vitamin E 170 mg, Vitamin B1 4,98 mg, Vitamin B2 8,83 mg, Vitamin B6 6,78 mg, Vitamin B12 0.07 mg, Vitamin C 118 mg, Niacin 42.25 mg, Pantothenic Acid 17.47 mg, Folic Acid 0.68 mg, Biotin 0.42 mg, Iodine 4.07 mg, Selenium 0.37 mg, Iron 99 mg, Copper 11,88 mg, Zinc 125,7 mg, Manganese 11,88 mg, Choline chloride 1835 mg, Glucosamine 404 mg\/kg, Chondroitin sulphate 353 mg\/kg.  Technological: Natural antioxidants (tocopherol-rich plant oil extracts). Metabolized energy: 3850 kcal\/kg","og_url":"https:\/\/miumjau.ee\/en\/product\/ibero-cold-pressed-for-small-breeds-beef-3kg\/","og_site_name":"MiuMjau","article_publisher":"https:\/\/www.facebook.com\/miumjaupood\/","article_modified_time":"2026-01-07T21:32:32+00:00","og_image":[{"width":600,"height":800,"url":"https:\/\/miumjau.ee\/wp-content\/uploads\/2025\/07\/ibero-koer-kulmpressitud-mini-veis-3kg-1.jpg","type":"image\/jpeg"}],"twitter_card":"summary_large_image","schema":{"@context":"https:\/\/schema.org","@graph":[{"@type":"WebPage","@id":"https:\/\/miumjau.ee\/en\/product\/ibero-cold-pressed-for-small-breeds-beef-3kg\/","url":"https:\/\/miumjau.ee\/en\/product\/ibero-cold-pressed-for-small-breeds-beef-3kg\/","name":"Ibero cold-pressed for small breeds, Beef 3kg - MiuMjau","isPartOf":{"@id":"https:\/\/miumjau.ee\/#website"},"primaryImageOfPage":{"@id":"https:\/\/miumjau.ee\/en\/product\/ibero-cold-pressed-for-small-breeds-beef-3kg\/#primaryimage"},"image":{"@id":"https:\/\/miumjau.ee\/en\/product\/ibero-cold-pressed-for-small-breeds-beef-3kg\/#primaryimage"},"thumbnailUrl":"https:\/\/miumjau.ee\/wp-content\/uploads\/2025\/07\/ibero-koer-kulmpressitud-mini-veis-3kg-1.jpg","datePublished":"2025-07-22T21:19:31+00:00","dateModified":"2026-01-07T21:32:32+00:00","breadcrumb":{"@id":"https:\/\/miumjau.ee\/en\/product\/ibero-cold-pressed-for-small-breeds-beef-3kg\/#breadcrumb"},"inLanguage":"en-US","potentialAction":[{"@type":"ReadAction","target":["https:\/\/miumjau.ee\/en\/product\/ibero-cold-pressed-for-small-breeds-beef-3kg\/"]}]},{"@type":"ImageObject","inLanguage":"en-US","@id":"https:\/\/miumjau.ee\/en\/product\/ibero-cold-pressed-for-small-breeds-beef-3kg\/#primaryimage","url":"https:\/\/miumjau.ee\/wp-content\/uploads\/2025\/07\/ibero-koer-kulmpressitud-mini-veis-3kg-1.jpg","contentUrl":"https:\/\/miumjau.ee\/wp-content\/uploads\/2025\/07\/ibero-koer-kulmpressitud-mini-veis-3kg-1.jpg","width":600,"height":800,"caption":"K\u00fclmpressitud toit Ibero v\u00e4ikestele t\u00f5ugudele veisega 3kg"},{"@type":"BreadcrumbList","@id":"https:\/\/miumjau.ee\/en\/product\/ibero-cold-pressed-for-small-breeds-beef-3kg\/#breadcrumb","itemListElement":[{"@type":"ListItem","position":1,"name":"Home","item":"https:\/\/miumjau.ee\/en\/"},{"@type":"ListItem","position":2,"name":"Shop","item":"https:\/\/miumjau.ee\/en\/products\/"},{"@type":"ListItem","position":3,"name":"Ibero cold-pressed for small breeds, Beef 3kg"}]},{"@type":"WebSite","@id":"https:\/\/miumjau.ee\/#website","url":"https:\/\/miumjau.ee\/","name":"MiuMjau","description":"Kraapimispuud kassidele","publisher":{"@id":"https:\/\/miumjau.ee\/#organization"},"potentialAction":[{"@type":"SearchAction","target":{"@type":"EntryPoint","urlTemplate":"https:\/\/miumjau.ee\/?s={search_term_string}"},"query-input":{"@type":"PropertyValueSpecification","valueRequired":true,"valueName":"search_term_string"}}],"inLanguage":"en-US"},{"@type":"Organization","@id":"https:\/\/miumjau.ee\/#organization","name":"MiuMjau O\u00dc","url":"https:\/\/miumjau.ee\/","logo":{"@type":"ImageObject","inLanguage":"en-US","@id":"https:\/\/miumjau.ee\/#\/schema\/logo\/image\/","url":"https:\/\/miumjau.ee\/wp-content\/uploads\/2022\/04\/MiuMjau-logo-kollane.png","contentUrl":"https:\/\/miumjau.ee\/wp-content\/uploads\/2022\/04\/MiuMjau-logo-kollane.png","width":219,"height":100,"caption":"MiuMjau O\u00dc"},"image":{"@id":"https:\/\/miumjau.ee\/#\/schema\/logo\/image\/"},"sameAs":["https:\/\/www.facebook.com\/miumjaupood\/"]}]}},"_links":{"self":[{"href":"https:\/\/miumjau.ee\/en\/wp-json\/wp\/v2\/product\/38958","targetHints":{"allow":["GET"]}}],"collection":[{"href":"https:\/\/miumjau.ee\/en\/wp-json\/wp\/v2\/product"}],"about":[{"href":"https:\/\/miumjau.ee\/en\/wp-json\/wp\/v2\/types\/product"}],"wp:featuredmedia":[{"embeddable":true,"href":"https:\/\/miumjau.ee\/en\/wp-json\/wp\/v2\/media\/37992"}],"wp:attachment":[{"href":"https:\/\/miumjau.ee\/en\/wp-json\/wp\/v2\/media?parent=38958"}],"wp:term":[{"taxonomy":"product_brand","embeddable":true,"href":"https:\/\/miumjau.ee\/en\/wp-json\/wp\/v2\/product_brand?post=38958"},{"taxonomy":"product_cat","embeddable":true,"href":"https:\/\/miumjau.ee\/en\/wp-json\/wp\/v2\/product_cat?post=38958"},{"taxonomy":"product_tag","embeddable":true,"href":"https:\/\/miumjau.ee\/en\/wp-json\/wp\/v2\/product_tag?post=38958"}],"curies":[{"name":"wp","href":"https:\/\/api.w.org\/{rel}","templated":true}]}}