{"id":27917,"date":"2024-12-20T10:51:45","date_gmt":"2024-12-20T08:51:45","guid":{"rendered":"https:\/\/miumjau.ee\/toode\/hammock-petrebels-sleeper-zip-xl-48cm-hall\/"},"modified":"2026-01-07T23:36:33","modified_gmt":"2026-01-07T21:36:33","slug":"hammock-petrebels-sleeper-zip-xl-48cm-hall","status":"publish","type":"product","link":"https:\/\/miumjau.ee\/en\/product\/hammock-petrebels-sleeper-zip-xl-48cm-hall\/","title":{"rendered":"Hammock Petrebels Sleeper ZIP XL 48cm, hall"},"content":{"rendered":"","protected":false},"excerpt":{"rendered":"<div class=\"entry-excerpt\">\n<p class=\"\"><strong>XL hammock for heavy and large cats<\/strong><\/p>\n<p class=\"\">Do you live with a large cat or cat breed? A Maine Coon, Norwegian Forest Cat or Ragdoll perhaps? Then your Rebel needs solid materials and baskets to sleep in. Our XL Sleeper hammock ZIP is therefore extra large and the super soft plush is quilted, so it can carry cats up to 25 kilos. Use this fine cat basket as an addition to your scratching post or to replace existing parts.<\/p>\n<\/div>\n<div class=\"entry-read-more-content\">\n<ul>\n<li>Dimensions \u2013 \u00f8 48 cm<\/li>\n<li>Ideal for big cats, but of course also for the little ones!<\/li>\n<li>with zip, machine washable at 30 degrees<\/li>\n<li>designed for use with scratching posts of \u00f8 12, \u00f8 15 cm and \u00f8 20 cm<\/li>\n<\/ul>\n<p class=\"\">Tip: keep in mind that because of the thickness of the metal frame of the hammock, the scratching post will not stand straight.<\/p>\n<\/div>\n","protected":false},"featured_media":25582,"template":"","meta":[],"product_brand":[],"product_cat":[102],"product_tag":[],"class_list":{"0":"post-27917","1":"product","2":"type-product","3":"status-publish","4":"has-post-thumbnail","6":"product_cat-spare-parts","7":"product_shipping_class-pakiautomaati-sobimatu-en","9":"first","10":"instock","11":"taxable","12":"shipping-taxable","13":"purchasable","14":"product-type-simple"},"yoast_head":"<!-- This site is optimized with the Yoast SEO plugin v27.2 - https:\/\/yoast.com\/product\/yoast-seo-wordpress\/ -->\n<title>Hammock Petrebels Sleeper ZIP XL 48cm, hall - MiuMjau<\/title>\n<meta name=\"description\" content=\"The Petrebels cat hammock swing is intended as a spare part for a scratching post or is useful if you are building your own scratching post and need a strong kitty nest.\" \/>\n<meta name=\"robots\" content=\"index, follow, max-snippet:-1, max-image-preview:large, max-video-preview:-1\" \/>\n<link rel=\"canonical\" href=\"https:\/\/miumjau.ee\/en\/product\/hammock-petrebels-sleeper-zip-xl-48cm-hall\/\" \/>\n<meta property=\"og:locale\" content=\"en_US\" \/>\n<meta property=\"og:type\" content=\"article\" \/>\n<meta property=\"og:title\" content=\"Hammock Petrebels Sleeper ZIP XL 48cm, hall - MiuMjau\" \/>\n<meta property=\"og:description\" content=\"The Petrebels cat hammock swing is intended as a spare part for a scratching post or is useful if you are building your own scratching post and need a strong kitty nest.\" \/>\n<meta property=\"og:url\" content=\"https:\/\/miumjau.ee\/en\/product\/hammock-petrebels-sleeper-zip-xl-48cm-hall\/\" \/>\n<meta property=\"og:site_name\" content=\"MiuMjau\" \/>\n<meta property=\"article:publisher\" content=\"https:\/\/www.facebook.com\/miumjaupood\/\" \/>\n<meta property=\"article:modified_time\" content=\"2026-01-07T21:36:33+00:00\" \/>\n<meta property=\"og:image\" content=\"https:\/\/miumjau.ee\/wp-content\/uploads\/2024\/12\/rippkiik-petrebels-sleeper-xl-48cm14.jpg\" \/>\n\t<meta property=\"og:image:width\" content=\"600\" \/>\n\t<meta property=\"og:image:height\" content=\"800\" \/>\n\t<meta property=\"og:image:type\" content=\"image\/jpeg\" \/>\n<meta name=\"twitter:card\" content=\"summary_large_image\" \/>\n<script type=\"application\/ld+json\" class=\"yoast-schema-graph\">{\"@context\":\"https:\/\/schema.org\",\"@graph\":[{\"@type\":\"WebPage\",\"@id\":\"https:\/\/miumjau.ee\/en\/product\/hammock-petrebels-sleeper-zip-xl-48cm-hall\/\",\"url\":\"https:\/\/miumjau.ee\/en\/product\/hammock-petrebels-sleeper-zip-xl-48cm-hall\/\",\"name\":\"Hammock Petrebels Sleeper ZIP XL 48cm, hall - MiuMjau\",\"isPartOf\":{\"@id\":\"https:\/\/miumjau.ee\/#website\"},\"primaryImageOfPage\":{\"@id\":\"https:\/\/miumjau.ee\/en\/product\/hammock-petrebels-sleeper-zip-xl-48cm-hall\/#primaryimage\"},\"image\":{\"@id\":\"https:\/\/miumjau.ee\/en\/product\/hammock-petrebels-sleeper-zip-xl-48cm-hall\/#primaryimage\"},\"thumbnailUrl\":\"https:\/\/miumjau.ee\/wp-content\/uploads\/2024\/12\/rippkiik-petrebels-sleeper-xl-48cm14.jpg\",\"datePublished\":\"2024-12-20T08:51:45+00:00\",\"dateModified\":\"2026-01-07T21:36:33+00:00\",\"description\":\"The Petrebels cat hammock swing is intended as a spare part for a scratching post or is useful if you are building your own scratching post and need a strong kitty nest.\",\"breadcrumb\":{\"@id\":\"https:\/\/miumjau.ee\/en\/product\/hammock-petrebels-sleeper-zip-xl-48cm-hall\/#breadcrumb\"},\"inLanguage\":\"en-US\",\"potentialAction\":[{\"@type\":\"ReadAction\",\"target\":[\"https:\/\/miumjau.ee\/en\/product\/hammock-petrebels-sleeper-zip-xl-48cm-hall\/\"]}]},{\"@type\":\"ImageObject\",\"inLanguage\":\"en-US\",\"@id\":\"https:\/\/miumjau.ee\/en\/product\/hammock-petrebels-sleeper-zip-xl-48cm-hall\/#primaryimage\",\"url\":\"https:\/\/miumjau.ee\/wp-content\/uploads\/2024\/12\/rippkiik-petrebels-sleeper-xl-48cm14.jpg\",\"contentUrl\":\"https:\/\/miumjau.ee\/wp-content\/uploads\/2024\/12\/rippkiik-petrebels-sleeper-xl-48cm14.jpg\",\"width\":600,\"height\":800,\"caption\":\"Rippkiik pesa Petrebels Sleeper L 48cm\"},{\"@type\":\"BreadcrumbList\",\"@id\":\"https:\/\/miumjau.ee\/en\/product\/hammock-petrebels-sleeper-zip-xl-48cm-hall\/#breadcrumb\",\"itemListElement\":[{\"@type\":\"ListItem\",\"position\":1,\"name\":\"Home\",\"item\":\"https:\/\/miumjau.ee\/en\/\"},{\"@type\":\"ListItem\",\"position\":2,\"name\":\"Shop\",\"item\":\"https:\/\/miumjau.ee\/en\/products\/\"},{\"@type\":\"ListItem\",\"position\":3,\"name\":\"Hammock Petrebels Sleeper ZIP XL 48cm, hall\"}]},{\"@type\":\"WebSite\",\"@id\":\"https:\/\/miumjau.ee\/#website\",\"url\":\"https:\/\/miumjau.ee\/\",\"name\":\"MiuMjau\",\"description\":\"Kraapimispuud kassidele\",\"publisher\":{\"@id\":\"https:\/\/miumjau.ee\/#organization\"},\"potentialAction\":[{\"@type\":\"SearchAction\",\"target\":{\"@type\":\"EntryPoint\",\"urlTemplate\":\"https:\/\/miumjau.ee\/?s={search_term_string}\"},\"query-input\":{\"@type\":\"PropertyValueSpecification\",\"valueRequired\":true,\"valueName\":\"search_term_string\"}}],\"inLanguage\":\"en-US\"},{\"@type\":\"Organization\",\"@id\":\"https:\/\/miumjau.ee\/#organization\",\"name\":\"MiuMjau O\u00dc\",\"url\":\"https:\/\/miumjau.ee\/\",\"logo\":{\"@type\":\"ImageObject\",\"inLanguage\":\"en-US\",\"@id\":\"https:\/\/miumjau.ee\/#\/schema\/logo\/image\/\",\"url\":\"https:\/\/miumjau.ee\/wp-content\/uploads\/2022\/04\/MiuMjau-logo-kollane.png\",\"contentUrl\":\"https:\/\/miumjau.ee\/wp-content\/uploads\/2022\/04\/MiuMjau-logo-kollane.png\",\"width\":219,\"height\":100,\"caption\":\"MiuMjau O\u00dc\"},\"image\":{\"@id\":\"https:\/\/miumjau.ee\/#\/schema\/logo\/image\/\"},\"sameAs\":[\"https:\/\/www.facebook.com\/miumjaupood\/\"]}]}<\/script>\n<!-- \/ Yoast SEO plugin. -->","yoast_head_json":{"title":"Hammock Petrebels Sleeper ZIP XL 48cm, hall - MiuMjau","description":"The Petrebels cat hammock swing is intended as a spare part for a scratching post or is useful if you are building your own scratching post and need a strong kitty nest.","robots":{"index":"index","follow":"follow","max-snippet":"max-snippet:-1","max-image-preview":"max-image-preview:large","max-video-preview":"max-video-preview:-1"},"canonical":"https:\/\/miumjau.ee\/en\/product\/hammock-petrebels-sleeper-zip-xl-48cm-hall\/","og_locale":"en_US","og_type":"article","og_title":"Hammock Petrebels Sleeper ZIP XL 48cm, hall - MiuMjau","og_description":"The Petrebels cat hammock swing is intended as a spare part for a scratching post or is useful if you are building your own scratching post and need a strong kitty nest.","og_url":"https:\/\/miumjau.ee\/en\/product\/hammock-petrebels-sleeper-zip-xl-48cm-hall\/","og_site_name":"MiuMjau","article_publisher":"https:\/\/www.facebook.com\/miumjaupood\/","article_modified_time":"2026-01-07T21:36:33+00:00","og_image":[{"width":600,"height":800,"url":"https:\/\/miumjau.ee\/wp-content\/uploads\/2024\/12\/rippkiik-petrebels-sleeper-xl-48cm14.jpg","type":"image\/jpeg"}],"twitter_card":"summary_large_image","schema":{"@context":"https:\/\/schema.org","@graph":[{"@type":"WebPage","@id":"https:\/\/miumjau.ee\/en\/product\/hammock-petrebels-sleeper-zip-xl-48cm-hall\/","url":"https:\/\/miumjau.ee\/en\/product\/hammock-petrebels-sleeper-zip-xl-48cm-hall\/","name":"Hammock Petrebels Sleeper ZIP XL 48cm, hall - MiuMjau","isPartOf":{"@id":"https:\/\/miumjau.ee\/#website"},"primaryImageOfPage":{"@id":"https:\/\/miumjau.ee\/en\/product\/hammock-petrebels-sleeper-zip-xl-48cm-hall\/#primaryimage"},"image":{"@id":"https:\/\/miumjau.ee\/en\/product\/hammock-petrebels-sleeper-zip-xl-48cm-hall\/#primaryimage"},"thumbnailUrl":"https:\/\/miumjau.ee\/wp-content\/uploads\/2024\/12\/rippkiik-petrebels-sleeper-xl-48cm14.jpg","datePublished":"2024-12-20T08:51:45+00:00","dateModified":"2026-01-07T21:36:33+00:00","description":"The Petrebels cat hammock swing is intended as a spare part for a scratching post or is useful if you are building your own scratching post and need a strong kitty nest.","breadcrumb":{"@id":"https:\/\/miumjau.ee\/en\/product\/hammock-petrebels-sleeper-zip-xl-48cm-hall\/#breadcrumb"},"inLanguage":"en-US","potentialAction":[{"@type":"ReadAction","target":["https:\/\/miumjau.ee\/en\/product\/hammock-petrebels-sleeper-zip-xl-48cm-hall\/"]}]},{"@type":"ImageObject","inLanguage":"en-US","@id":"https:\/\/miumjau.ee\/en\/product\/hammock-petrebels-sleeper-zip-xl-48cm-hall\/#primaryimage","url":"https:\/\/miumjau.ee\/wp-content\/uploads\/2024\/12\/rippkiik-petrebels-sleeper-xl-48cm14.jpg","contentUrl":"https:\/\/miumjau.ee\/wp-content\/uploads\/2024\/12\/rippkiik-petrebels-sleeper-xl-48cm14.jpg","width":600,"height":800,"caption":"Rippkiik pesa Petrebels Sleeper L 48cm"},{"@type":"BreadcrumbList","@id":"https:\/\/miumjau.ee\/en\/product\/hammock-petrebels-sleeper-zip-xl-48cm-hall\/#breadcrumb","itemListElement":[{"@type":"ListItem","position":1,"name":"Home","item":"https:\/\/miumjau.ee\/en\/"},{"@type":"ListItem","position":2,"name":"Shop","item":"https:\/\/miumjau.ee\/en\/products\/"},{"@type":"ListItem","position":3,"name":"Hammock Petrebels Sleeper ZIP XL 48cm, hall"}]},{"@type":"WebSite","@id":"https:\/\/miumjau.ee\/#website","url":"https:\/\/miumjau.ee\/","name":"MiuMjau","description":"Kraapimispuud kassidele","publisher":{"@id":"https:\/\/miumjau.ee\/#organization"},"potentialAction":[{"@type":"SearchAction","target":{"@type":"EntryPoint","urlTemplate":"https:\/\/miumjau.ee\/?s={search_term_string}"},"query-input":{"@type":"PropertyValueSpecification","valueRequired":true,"valueName":"search_term_string"}}],"inLanguage":"en-US"},{"@type":"Organization","@id":"https:\/\/miumjau.ee\/#organization","name":"MiuMjau O\u00dc","url":"https:\/\/miumjau.ee\/","logo":{"@type":"ImageObject","inLanguage":"en-US","@id":"https:\/\/miumjau.ee\/#\/schema\/logo\/image\/","url":"https:\/\/miumjau.ee\/wp-content\/uploads\/2022\/04\/MiuMjau-logo-kollane.png","contentUrl":"https:\/\/miumjau.ee\/wp-content\/uploads\/2022\/04\/MiuMjau-logo-kollane.png","width":219,"height":100,"caption":"MiuMjau O\u00dc"},"image":{"@id":"https:\/\/miumjau.ee\/#\/schema\/logo\/image\/"},"sameAs":["https:\/\/www.facebook.com\/miumjaupood\/"]}]}},"_links":{"self":[{"href":"https:\/\/miumjau.ee\/en\/wp-json\/wp\/v2\/product\/27917","targetHints":{"allow":["GET"]}}],"collection":[{"href":"https:\/\/miumjau.ee\/en\/wp-json\/wp\/v2\/product"}],"about":[{"href":"https:\/\/miumjau.ee\/en\/wp-json\/wp\/v2\/types\/product"}],"wp:featuredmedia":[{"embeddable":true,"href":"https:\/\/miumjau.ee\/en\/wp-json\/wp\/v2\/media\/25582"}],"wp:attachment":[{"href":"https:\/\/miumjau.ee\/en\/wp-json\/wp\/v2\/media?parent=27917"}],"wp:term":[{"taxonomy":"product_brand","embeddable":true,"href":"https:\/\/miumjau.ee\/en\/wp-json\/wp\/v2\/product_brand?post=27917"},{"taxonomy":"product_cat","embeddable":true,"href":"https:\/\/miumjau.ee\/en\/wp-json\/wp\/v2\/product_cat?post=27917"},{"taxonomy":"product_tag","embeddable":true,"href":"https:\/\/miumjau.ee\/en\/wp-json\/wp\/v2\/product_tag?post=27917"}],"curies":[{"name":"wp","href":"https:\/\/api.w.org\/{rel}","templated":true}]}}