{"id":27908,"date":"2024-12-13T14:42:38","date_gmt":"2024-12-13T12:42:38","guid":{"rendered":"https:\/\/miumjau.ee\/toode\/hammock-petrebels-sleeper-zip-square-xl-45cm-cream\/"},"modified":"2026-01-07T23:36:47","modified_gmt":"2026-01-07T21:36:47","slug":"hammock-petrebels-sleeper-zip-square-xl-45cm-cream","status":"publish","type":"product","link":"https:\/\/miumjau.ee\/en\/product\/hammock-petrebels-sleeper-zip-square-xl-45cm-cream\/","title":{"rendered":"Hammock Petrebels Sleeper ZIP square XL 45cm, cream"},"content":{"rendered":"","protected":false},"excerpt":{"rendered":"<div class=\"entry-excerpt\">\n<p class=\"\"><strong>The tiger among the hammocks<\/strong><\/p>\n<p class=\"\">Our Sleeper ZIP Square is specially designed for Norwegian Forest Cats, Maine Coons, Ragdolls and other large cat breeds. Because of its generous size and quilted fabric, this hammock can carry up to 25 kilos! But of course, every other kind of cat is welcome to take a beauty sleep in this super deluxe hammock. Because how nice is it to stretch out unabashedly once in a while? Give your Rebel a holiday feeling and turn his or her scratching post into a lazy holiday paradise!<\/p>\n<\/div>\n<div class=\"entry-read-more-content\">\n<ul>\n<li>Suitable for every kind of cat<\/li>\n<li>dimensions \u2013 45 x 45 cm<\/li>\n<li>fits on scratching posts of \u00d8 12cm, \u00d8 15cm and \u00d8 20cm<\/li>\n<li>with zip, machine washable at 30 degrees<\/li>\n<\/ul>\n<p class=\"\">Tip: keep in mind that because of the thickness of the metal frame of the hammock, the scratching post will not stand straight.<\/p>\n<\/div>\n","protected":false},"featured_media":25283,"template":"","meta":[],"product_brand":[],"product_cat":[102],"product_tag":[],"class_list":{"0":"post-27908","1":"product","2":"type-product","3":"status-publish","4":"has-post-thumbnail","6":"product_cat-spare-parts","7":"product_shipping_class-pakiautomaati-sobimatu-en","9":"first","10":"instock","11":"taxable","12":"shipping-taxable","13":"purchasable","14":"product-type-simple"},"yoast_head":"<!-- This site is optimized with the Yoast SEO plugin v27.2 - https:\/\/yoast.com\/product\/yoast-seo-wordpress\/ -->\n<title>Hammock Petrebels Sleeper ZIP square XL 45cm, cream - MiuMjau<\/title>\n<meta name=\"description\" content=\"The Petrebels cat hammock swing is intended as a spare part for a scratching post or is useful if you are building your own scratching post and need a strong kitty nest.\" \/>\n<meta name=\"robots\" content=\"index, follow, max-snippet:-1, max-image-preview:large, max-video-preview:-1\" \/>\n<link rel=\"canonical\" href=\"https:\/\/miumjau.ee\/lv\/product\/petrebels-zip-kvadratveida-karajamais-gulvietas-xl-45cm-kremkrasas\/\" \/>\n<meta property=\"og:locale\" content=\"en_US\" \/>\n<meta property=\"og:type\" content=\"article\" \/>\n<meta property=\"og:title\" content=\"Hammock Petrebels Sleeper ZIP square XL 45cm, cream - MiuMjau\" \/>\n<meta property=\"og:description\" content=\"The Petrebels cat hammock swing is intended as a spare part for a scratching post or is useful if you are building your own scratching post and need a strong kitty nest.\" \/>\n<meta property=\"og:url\" content=\"https:\/\/miumjau.ee\/lv\/product\/petrebels-zip-kvadratveida-karajamais-gulvietas-xl-45cm-kremkrasas\/\" \/>\n<meta property=\"og:site_name\" content=\"MiuMjau\" \/>\n<meta property=\"article:publisher\" content=\"https:\/\/www.facebook.com\/miumjaupood\/\" \/>\n<meta property=\"article:modified_time\" content=\"2026-01-07T21:36:47+00:00\" \/>\n<meta property=\"og:image\" content=\"https:\/\/miumjau.ee\/wp-content\/uploads\/2024\/12\/sleeper-sq-xl-45cm-cream13.jpg\" \/>\n\t<meta property=\"og:image:width\" content=\"600\" \/>\n\t<meta property=\"og:image:height\" content=\"800\" \/>\n\t<meta property=\"og:image:type\" content=\"image\/jpeg\" \/>\n<meta name=\"twitter:card\" content=\"summary_large_image\" \/>\n<script type=\"application\/ld+json\" class=\"yoast-schema-graph\">{\"@context\":\"https:\/\/schema.org\",\"@graph\":[{\"@type\":\"WebPage\",\"@id\":\"https:\/\/miumjau.ee\/lv\/product\/petrebels-zip-kvadratveida-karajamais-gulvietas-xl-45cm-kremkrasas\/\",\"url\":\"https:\/\/miumjau.ee\/lv\/product\/petrebels-zip-kvadratveida-karajamais-gulvietas-xl-45cm-kremkrasas\/\",\"name\":\"Hammock Petrebels Sleeper ZIP square XL 45cm, cream - MiuMjau\",\"isPartOf\":{\"@id\":\"https:\/\/miumjau.ee\/#website\"},\"primaryImageOfPage\":{\"@id\":\"https:\/\/miumjau.ee\/lv\/product\/petrebels-zip-kvadratveida-karajamais-gulvietas-xl-45cm-kremkrasas\/#primaryimage\"},\"image\":{\"@id\":\"https:\/\/miumjau.ee\/lv\/product\/petrebels-zip-kvadratveida-karajamais-gulvietas-xl-45cm-kremkrasas\/#primaryimage\"},\"thumbnailUrl\":\"https:\/\/miumjau.ee\/wp-content\/uploads\/2024\/12\/sleeper-sq-xl-45cm-cream13.jpg\",\"datePublished\":\"2024-12-13T12:42:38+00:00\",\"dateModified\":\"2026-01-07T21:36:47+00:00\",\"description\":\"The Petrebels cat hammock swing is intended as a spare part for a scratching post or is useful if you are building your own scratching post and need a strong kitty nest.\",\"breadcrumb\":{\"@id\":\"https:\/\/miumjau.ee\/lv\/product\/petrebels-zip-kvadratveida-karajamais-gulvietas-xl-45cm-kremkrasas\/#breadcrumb\"},\"inLanguage\":\"en-US\",\"potentialAction\":[{\"@type\":\"ReadAction\",\"target\":[\"https:\/\/miumjau.ee\/lv\/product\/petrebels-zip-kvadratveida-karajamais-gulvietas-xl-45cm-kremkrasas\/\"]}]},{\"@type\":\"ImageObject\",\"inLanguage\":\"en-US\",\"@id\":\"https:\/\/miumjau.ee\/lv\/product\/petrebels-zip-kvadratveida-karajamais-gulvietas-xl-45cm-kremkrasas\/#primaryimage\",\"url\":\"https:\/\/miumjau.ee\/wp-content\/uploads\/2024\/12\/sleeper-sq-xl-45cm-cream13.jpg\",\"contentUrl\":\"https:\/\/miumjau.ee\/wp-content\/uploads\/2024\/12\/sleeper-sq-xl-45cm-cream13.jpg\",\"width\":600,\"height\":800,\"caption\":\"Rippkiik Petrebels ZIP square XL 45cm, cream\"},{\"@type\":\"BreadcrumbList\",\"@id\":\"https:\/\/miumjau.ee\/lv\/product\/petrebels-zip-kvadratveida-karajamais-gulvietas-xl-45cm-kremkrasas\/#breadcrumb\",\"itemListElement\":[{\"@type\":\"ListItem\",\"position\":1,\"name\":\"Home\",\"item\":\"https:\/\/miumjau.ee\/en\/\"},{\"@type\":\"ListItem\",\"position\":2,\"name\":\"Shop\",\"item\":\"https:\/\/miumjau.ee\/en\/products\/\"},{\"@type\":\"ListItem\",\"position\":3,\"name\":\"Hammock Petrebels Sleeper ZIP square XL 45cm, cream\"}]},{\"@type\":\"WebSite\",\"@id\":\"https:\/\/miumjau.ee\/#website\",\"url\":\"https:\/\/miumjau.ee\/\",\"name\":\"MiuMjau\",\"description\":\"Kraapimispuud kassidele\",\"publisher\":{\"@id\":\"https:\/\/miumjau.ee\/#organization\"},\"potentialAction\":[{\"@type\":\"SearchAction\",\"target\":{\"@type\":\"EntryPoint\",\"urlTemplate\":\"https:\/\/miumjau.ee\/?s={search_term_string}\"},\"query-input\":{\"@type\":\"PropertyValueSpecification\",\"valueRequired\":true,\"valueName\":\"search_term_string\"}}],\"inLanguage\":\"en-US\"},{\"@type\":\"Organization\",\"@id\":\"https:\/\/miumjau.ee\/#organization\",\"name\":\"MiuMjau O\u00dc\",\"url\":\"https:\/\/miumjau.ee\/\",\"logo\":{\"@type\":\"ImageObject\",\"inLanguage\":\"en-US\",\"@id\":\"https:\/\/miumjau.ee\/#\/schema\/logo\/image\/\",\"url\":\"https:\/\/miumjau.ee\/wp-content\/uploads\/2022\/04\/MiuMjau-logo-kollane.png\",\"contentUrl\":\"https:\/\/miumjau.ee\/wp-content\/uploads\/2022\/04\/MiuMjau-logo-kollane.png\",\"width\":219,\"height\":100,\"caption\":\"MiuMjau O\u00dc\"},\"image\":{\"@id\":\"https:\/\/miumjau.ee\/#\/schema\/logo\/image\/\"},\"sameAs\":[\"https:\/\/www.facebook.com\/miumjaupood\/\"]}]}<\/script>\n<!-- \/ Yoast SEO plugin. -->","yoast_head_json":{"title":"Hammock Petrebels Sleeper ZIP square XL 45cm, cream - MiuMjau","description":"The Petrebels cat hammock swing is intended as a spare part for a scratching post or is useful if you are building your own scratching post and need a strong kitty nest.","robots":{"index":"index","follow":"follow","max-snippet":"max-snippet:-1","max-image-preview":"max-image-preview:large","max-video-preview":"max-video-preview:-1"},"canonical":"https:\/\/miumjau.ee\/lv\/product\/petrebels-zip-kvadratveida-karajamais-gulvietas-xl-45cm-kremkrasas\/","og_locale":"en_US","og_type":"article","og_title":"Hammock Petrebels Sleeper ZIP square XL 45cm, cream - MiuMjau","og_description":"The Petrebels cat hammock swing is intended as a spare part for a scratching post or is useful if you are building your own scratching post and need a strong kitty nest.","og_url":"https:\/\/miumjau.ee\/lv\/product\/petrebels-zip-kvadratveida-karajamais-gulvietas-xl-45cm-kremkrasas\/","og_site_name":"MiuMjau","article_publisher":"https:\/\/www.facebook.com\/miumjaupood\/","article_modified_time":"2026-01-07T21:36:47+00:00","og_image":[{"width":600,"height":800,"url":"https:\/\/miumjau.ee\/wp-content\/uploads\/2024\/12\/sleeper-sq-xl-45cm-cream13.jpg","type":"image\/jpeg"}],"twitter_card":"summary_large_image","schema":{"@context":"https:\/\/schema.org","@graph":[{"@type":"WebPage","@id":"https:\/\/miumjau.ee\/lv\/product\/petrebels-zip-kvadratveida-karajamais-gulvietas-xl-45cm-kremkrasas\/","url":"https:\/\/miumjau.ee\/lv\/product\/petrebels-zip-kvadratveida-karajamais-gulvietas-xl-45cm-kremkrasas\/","name":"Hammock Petrebels Sleeper ZIP square XL 45cm, cream - MiuMjau","isPartOf":{"@id":"https:\/\/miumjau.ee\/#website"},"primaryImageOfPage":{"@id":"https:\/\/miumjau.ee\/lv\/product\/petrebels-zip-kvadratveida-karajamais-gulvietas-xl-45cm-kremkrasas\/#primaryimage"},"image":{"@id":"https:\/\/miumjau.ee\/lv\/product\/petrebels-zip-kvadratveida-karajamais-gulvietas-xl-45cm-kremkrasas\/#primaryimage"},"thumbnailUrl":"https:\/\/miumjau.ee\/wp-content\/uploads\/2024\/12\/sleeper-sq-xl-45cm-cream13.jpg","datePublished":"2024-12-13T12:42:38+00:00","dateModified":"2026-01-07T21:36:47+00:00","description":"The Petrebels cat hammock swing is intended as a spare part for a scratching post or is useful if you are building your own scratching post and need a strong kitty nest.","breadcrumb":{"@id":"https:\/\/miumjau.ee\/lv\/product\/petrebels-zip-kvadratveida-karajamais-gulvietas-xl-45cm-kremkrasas\/#breadcrumb"},"inLanguage":"en-US","potentialAction":[{"@type":"ReadAction","target":["https:\/\/miumjau.ee\/lv\/product\/petrebels-zip-kvadratveida-karajamais-gulvietas-xl-45cm-kremkrasas\/"]}]},{"@type":"ImageObject","inLanguage":"en-US","@id":"https:\/\/miumjau.ee\/lv\/product\/petrebels-zip-kvadratveida-karajamais-gulvietas-xl-45cm-kremkrasas\/#primaryimage","url":"https:\/\/miumjau.ee\/wp-content\/uploads\/2024\/12\/sleeper-sq-xl-45cm-cream13.jpg","contentUrl":"https:\/\/miumjau.ee\/wp-content\/uploads\/2024\/12\/sleeper-sq-xl-45cm-cream13.jpg","width":600,"height":800,"caption":"Rippkiik Petrebels ZIP square XL 45cm, cream"},{"@type":"BreadcrumbList","@id":"https:\/\/miumjau.ee\/lv\/product\/petrebels-zip-kvadratveida-karajamais-gulvietas-xl-45cm-kremkrasas\/#breadcrumb","itemListElement":[{"@type":"ListItem","position":1,"name":"Home","item":"https:\/\/miumjau.ee\/en\/"},{"@type":"ListItem","position":2,"name":"Shop","item":"https:\/\/miumjau.ee\/en\/products\/"},{"@type":"ListItem","position":3,"name":"Hammock Petrebels Sleeper ZIP square XL 45cm, cream"}]},{"@type":"WebSite","@id":"https:\/\/miumjau.ee\/#website","url":"https:\/\/miumjau.ee\/","name":"MiuMjau","description":"Kraapimispuud kassidele","publisher":{"@id":"https:\/\/miumjau.ee\/#organization"},"potentialAction":[{"@type":"SearchAction","target":{"@type":"EntryPoint","urlTemplate":"https:\/\/miumjau.ee\/?s={search_term_string}"},"query-input":{"@type":"PropertyValueSpecification","valueRequired":true,"valueName":"search_term_string"}}],"inLanguage":"en-US"},{"@type":"Organization","@id":"https:\/\/miumjau.ee\/#organization","name":"MiuMjau O\u00dc","url":"https:\/\/miumjau.ee\/","logo":{"@type":"ImageObject","inLanguage":"en-US","@id":"https:\/\/miumjau.ee\/#\/schema\/logo\/image\/","url":"https:\/\/miumjau.ee\/wp-content\/uploads\/2022\/04\/MiuMjau-logo-kollane.png","contentUrl":"https:\/\/miumjau.ee\/wp-content\/uploads\/2022\/04\/MiuMjau-logo-kollane.png","width":219,"height":100,"caption":"MiuMjau O\u00dc"},"image":{"@id":"https:\/\/miumjau.ee\/#\/schema\/logo\/image\/"},"sameAs":["https:\/\/www.facebook.com\/miumjaupood\/"]}]}},"_links":{"self":[{"href":"https:\/\/miumjau.ee\/en\/wp-json\/wp\/v2\/product\/27908","targetHints":{"allow":["GET"]}}],"collection":[{"href":"https:\/\/miumjau.ee\/en\/wp-json\/wp\/v2\/product"}],"about":[{"href":"https:\/\/miumjau.ee\/en\/wp-json\/wp\/v2\/types\/product"}],"wp:featuredmedia":[{"embeddable":true,"href":"https:\/\/miumjau.ee\/en\/wp-json\/wp\/v2\/media\/25283"}],"wp:attachment":[{"href":"https:\/\/miumjau.ee\/en\/wp-json\/wp\/v2\/media?parent=27908"}],"wp:term":[{"taxonomy":"product_brand","embeddable":true,"href":"https:\/\/miumjau.ee\/en\/wp-json\/wp\/v2\/product_brand?post=27908"},{"taxonomy":"product_cat","embeddable":true,"href":"https:\/\/miumjau.ee\/en\/wp-json\/wp\/v2\/product_cat?post=27908"},{"taxonomy":"product_tag","embeddable":true,"href":"https:\/\/miumjau.ee\/en\/wp-json\/wp\/v2\/product_tag?post=27908"}],"curies":[{"name":"wp","href":"https:\/\/api.w.org\/{rel}","templated":true}]}}