{"id":27524,"date":"2024-11-20T09:51:56","date_gmt":"2024-11-20T07:51:56","guid":{"rendered":"https:\/\/miumjau.ee\/toode\/applaws-wet-cat-food-chicken-and-duck-70g\/"},"modified":"2026-01-07T23:38:11","modified_gmt":"2026-01-07T21:38:11","slug":"applaws-wet-cat-food-chicken-and-duck-70g","status":"publish","type":"product","link":"https:\/\/miumjau.ee\/en\/product\/applaws-wet-cat-food-chicken-and-duck-70g\/","title":{"rendered":"Applaws Wet Cat Food Chicken and Duck 70g"},"content":{"rendered":"","protected":false},"excerpt":{"rendered":"<p>Applaws natural wet food for adult cats with chicken fillet and duck meat.<\/p>\n<p>Ingredients: Chicken fillet 70%, chicken stock 24%, duck meat 5%, rice 1%.<\/p>\n<p>Analytical composition: crude protein 15%, crude fiber 1%, crude oils and fats 0.1%, crude ash 3%, moisture 80%.<\/p>\n","protected":false},"featured_media":24466,"template":"","meta":[],"product_brand":[],"product_cat":[135],"product_tag":[],"class_list":{"0":"post-27524","1":"product","2":"type-product","3":"status-publish","4":"has-post-thumbnail","6":"product_cat-wet-food","8":"first","9":"instock","10":"taxable","11":"shipping-taxable","12":"purchasable","13":"product-type-simple"},"yoast_head":"<!-- This site is optimized with the Yoast SEO plugin v27.2 - https:\/\/yoast.com\/product\/yoast-seo-wordpress\/ -->\n<title>Applaws Wet Cat Food Chicken and Duck 70g - MiuMjau<\/title>\n<meta name=\"description\" content=\"Natural complementary food for cats. Cat canned food is truly delicious, made from pure ingredients and good for your health. Your cat will thank you!\" \/>\n<meta name=\"robots\" content=\"index, follow, max-snippet:-1, max-image-preview:large, max-video-preview:-1\" \/>\n<link rel=\"canonical\" href=\"https:\/\/miumjau.ee\/product\/applaws-kassi-konserv-kana-ja-pardiga-70g\/\" \/>\n<meta property=\"og:locale\" content=\"en_US\" \/>\n<meta property=\"og:type\" content=\"article\" \/>\n<meta property=\"og:title\" content=\"Applaws Wet Cat Food Chicken and Duck 70g - MiuMjau\" \/>\n<meta property=\"og:description\" content=\"Natural complementary food for cats. Cat canned food is truly delicious, made from pure ingredients and good for your health. Your cat will thank you!\" \/>\n<meta property=\"og:url\" content=\"https:\/\/miumjau.ee\/product\/applaws-kassi-konserv-kana-ja-pardiga-70g\/\" \/>\n<meta property=\"og:site_name\" content=\"MiuMjau\" \/>\n<meta property=\"article:publisher\" content=\"https:\/\/www.facebook.com\/miumjaupood\/\" \/>\n<meta property=\"article:modified_time\" content=\"2026-01-07T21:38:11+00:00\" \/>\n<meta property=\"og:image\" content=\"https:\/\/miumjau.ee\/wp-content\/uploads\/2024\/11\/applaws-kassi-konserv-kana-part-70g.jpg\" \/>\n\t<meta property=\"og:image:width\" content=\"600\" \/>\n\t<meta property=\"og:image:height\" content=\"800\" \/>\n\t<meta property=\"og:image:type\" content=\"image\/jpeg\" \/>\n<meta name=\"twitter:card\" content=\"summary_large_image\" \/>\n<script type=\"application\/ld+json\" class=\"yoast-schema-graph\">{\"@context\":\"https:\/\/schema.org\",\"@graph\":[{\"@type\":\"WebPage\",\"@id\":\"https:\/\/miumjau.ee\/product\/applaws-kassi-konserv-kana-ja-pardiga-70g\/\",\"url\":\"https:\/\/miumjau.ee\/product\/applaws-kassi-konserv-kana-ja-pardiga-70g\/\",\"name\":\"Applaws Wet Cat Food Chicken and Duck 70g - MiuMjau\",\"isPartOf\":{\"@id\":\"https:\/\/miumjau.ee\/#website\"},\"primaryImageOfPage\":{\"@id\":\"https:\/\/miumjau.ee\/product\/applaws-kassi-konserv-kana-ja-pardiga-70g\/#primaryimage\"},\"image\":{\"@id\":\"https:\/\/miumjau.ee\/product\/applaws-kassi-konserv-kana-ja-pardiga-70g\/#primaryimage\"},\"thumbnailUrl\":\"https:\/\/miumjau.ee\/wp-content\/uploads\/2024\/11\/applaws-kassi-konserv-kana-part-70g.jpg\",\"datePublished\":\"2024-11-20T07:51:56+00:00\",\"dateModified\":\"2026-01-07T21:38:11+00:00\",\"description\":\"Natural complementary food for cats. Cat canned food is truly delicious, made from pure ingredients and good for your health. Your cat will thank you!\",\"breadcrumb\":{\"@id\":\"https:\/\/miumjau.ee\/product\/applaws-kassi-konserv-kana-ja-pardiga-70g\/#breadcrumb\"},\"inLanguage\":\"en-US\",\"potentialAction\":[{\"@type\":\"ReadAction\",\"target\":[\"https:\/\/miumjau.ee\/product\/applaws-kassi-konserv-kana-ja-pardiga-70g\/\"]}]},{\"@type\":\"ImageObject\",\"inLanguage\":\"en-US\",\"@id\":\"https:\/\/miumjau.ee\/product\/applaws-kassi-konserv-kana-ja-pardiga-70g\/#primaryimage\",\"url\":\"https:\/\/miumjau.ee\/wp-content\/uploads\/2024\/11\/applaws-kassi-konserv-kana-part-70g.jpg\",\"contentUrl\":\"https:\/\/miumjau.ee\/wp-content\/uploads\/2024\/11\/applaws-kassi-konserv-kana-part-70g.jpg\",\"width\":600,\"height\":800,\"caption\":\"Naturaalne t\u00e4iends\u00f6\u00f6t kanafilee ja pardilihaga t\u00e4iskasvanud kassidele.P\u00e4evaseks tarbimiseks soovitatav kogus ning tarvitamisjuhisedSoovituslik toitmisjuhend: vt pakendilt. V\u00e4rske joogivesi peab olema alati saadaval.Koostisosade loeteluKoostis: kanafilee, kanapuljong, pardiliha, riis.Anal\u00fc\u00fctiline koostis: toorporoteiin 15%, toorkiud 1%, toor\u00f5lid ja -rasvad 0,1%, toortuhk 3%, niiskus 80%.\"},{\"@type\":\"BreadcrumbList\",\"@id\":\"https:\/\/miumjau.ee\/product\/applaws-kassi-konserv-kana-ja-pardiga-70g\/#breadcrumb\",\"itemListElement\":[{\"@type\":\"ListItem\",\"position\":1,\"name\":\"Home\",\"item\":\"https:\/\/miumjau.ee\/en\/\"},{\"@type\":\"ListItem\",\"position\":2,\"name\":\"Shop\",\"item\":\"https:\/\/miumjau.ee\/en\/products\/\"},{\"@type\":\"ListItem\",\"position\":3,\"name\":\"Applaws Wet Cat Food Chicken and Duck 70g\"}]},{\"@type\":\"WebSite\",\"@id\":\"https:\/\/miumjau.ee\/#website\",\"url\":\"https:\/\/miumjau.ee\/\",\"name\":\"MiuMjau\",\"description\":\"Kraapimispuud kassidele\",\"publisher\":{\"@id\":\"https:\/\/miumjau.ee\/#organization\"},\"potentialAction\":[{\"@type\":\"SearchAction\",\"target\":{\"@type\":\"EntryPoint\",\"urlTemplate\":\"https:\/\/miumjau.ee\/?s={search_term_string}\"},\"query-input\":{\"@type\":\"PropertyValueSpecification\",\"valueRequired\":true,\"valueName\":\"search_term_string\"}}],\"inLanguage\":\"en-US\"},{\"@type\":\"Organization\",\"@id\":\"https:\/\/miumjau.ee\/#organization\",\"name\":\"MiuMjau O\u00dc\",\"url\":\"https:\/\/miumjau.ee\/\",\"logo\":{\"@type\":\"ImageObject\",\"inLanguage\":\"en-US\",\"@id\":\"https:\/\/miumjau.ee\/#\/schema\/logo\/image\/\",\"url\":\"https:\/\/miumjau.ee\/wp-content\/uploads\/2022\/04\/MiuMjau-logo-kollane.png\",\"contentUrl\":\"https:\/\/miumjau.ee\/wp-content\/uploads\/2022\/04\/MiuMjau-logo-kollane.png\",\"width\":219,\"height\":100,\"caption\":\"MiuMjau O\u00dc\"},\"image\":{\"@id\":\"https:\/\/miumjau.ee\/#\/schema\/logo\/image\/\"},\"sameAs\":[\"https:\/\/www.facebook.com\/miumjaupood\/\"]}]}<\/script>\n<!-- \/ Yoast SEO plugin. -->","yoast_head_json":{"title":"Applaws Wet Cat Food Chicken and Duck 70g - MiuMjau","description":"Natural complementary food for cats. Cat canned food is truly delicious, made from pure ingredients and good for your health. Your cat will thank you!","robots":{"index":"index","follow":"follow","max-snippet":"max-snippet:-1","max-image-preview":"max-image-preview:large","max-video-preview":"max-video-preview:-1"},"canonical":"https:\/\/miumjau.ee\/product\/applaws-kassi-konserv-kana-ja-pardiga-70g\/","og_locale":"en_US","og_type":"article","og_title":"Applaws Wet Cat Food Chicken and Duck 70g - MiuMjau","og_description":"Natural complementary food for cats. Cat canned food is truly delicious, made from pure ingredients and good for your health. Your cat will thank you!","og_url":"https:\/\/miumjau.ee\/product\/applaws-kassi-konserv-kana-ja-pardiga-70g\/","og_site_name":"MiuMjau","article_publisher":"https:\/\/www.facebook.com\/miumjaupood\/","article_modified_time":"2026-01-07T21:38:11+00:00","og_image":[{"width":600,"height":800,"url":"https:\/\/miumjau.ee\/wp-content\/uploads\/2024\/11\/applaws-kassi-konserv-kana-part-70g.jpg","type":"image\/jpeg"}],"twitter_card":"summary_large_image","schema":{"@context":"https:\/\/schema.org","@graph":[{"@type":"WebPage","@id":"https:\/\/miumjau.ee\/product\/applaws-kassi-konserv-kana-ja-pardiga-70g\/","url":"https:\/\/miumjau.ee\/product\/applaws-kassi-konserv-kana-ja-pardiga-70g\/","name":"Applaws Wet Cat Food Chicken and Duck 70g - MiuMjau","isPartOf":{"@id":"https:\/\/miumjau.ee\/#website"},"primaryImageOfPage":{"@id":"https:\/\/miumjau.ee\/product\/applaws-kassi-konserv-kana-ja-pardiga-70g\/#primaryimage"},"image":{"@id":"https:\/\/miumjau.ee\/product\/applaws-kassi-konserv-kana-ja-pardiga-70g\/#primaryimage"},"thumbnailUrl":"https:\/\/miumjau.ee\/wp-content\/uploads\/2024\/11\/applaws-kassi-konserv-kana-part-70g.jpg","datePublished":"2024-11-20T07:51:56+00:00","dateModified":"2026-01-07T21:38:11+00:00","description":"Natural complementary food for cats. Cat canned food is truly delicious, made from pure ingredients and good for your health. Your cat will thank you!","breadcrumb":{"@id":"https:\/\/miumjau.ee\/product\/applaws-kassi-konserv-kana-ja-pardiga-70g\/#breadcrumb"},"inLanguage":"en-US","potentialAction":[{"@type":"ReadAction","target":["https:\/\/miumjau.ee\/product\/applaws-kassi-konserv-kana-ja-pardiga-70g\/"]}]},{"@type":"ImageObject","inLanguage":"en-US","@id":"https:\/\/miumjau.ee\/product\/applaws-kassi-konserv-kana-ja-pardiga-70g\/#primaryimage","url":"https:\/\/miumjau.ee\/wp-content\/uploads\/2024\/11\/applaws-kassi-konserv-kana-part-70g.jpg","contentUrl":"https:\/\/miumjau.ee\/wp-content\/uploads\/2024\/11\/applaws-kassi-konserv-kana-part-70g.jpg","width":600,"height":800,"caption":"Naturaalne t\u00e4iends\u00f6\u00f6t kanafilee ja pardilihaga t\u00e4iskasvanud kassidele.P\u00e4evaseks tarbimiseks soovitatav kogus ning tarvitamisjuhisedSoovituslik toitmisjuhend: vt pakendilt. V\u00e4rske joogivesi peab olema alati saadaval.Koostisosade loeteluKoostis: kanafilee, kanapuljong, pardiliha, riis.Anal\u00fc\u00fctiline koostis: toorporoteiin 15%, toorkiud 1%, toor\u00f5lid ja -rasvad 0,1%, toortuhk 3%, niiskus 80%."},{"@type":"BreadcrumbList","@id":"https:\/\/miumjau.ee\/product\/applaws-kassi-konserv-kana-ja-pardiga-70g\/#breadcrumb","itemListElement":[{"@type":"ListItem","position":1,"name":"Home","item":"https:\/\/miumjau.ee\/en\/"},{"@type":"ListItem","position":2,"name":"Shop","item":"https:\/\/miumjau.ee\/en\/products\/"},{"@type":"ListItem","position":3,"name":"Applaws Wet Cat Food Chicken and Duck 70g"}]},{"@type":"WebSite","@id":"https:\/\/miumjau.ee\/#website","url":"https:\/\/miumjau.ee\/","name":"MiuMjau","description":"Kraapimispuud kassidele","publisher":{"@id":"https:\/\/miumjau.ee\/#organization"},"potentialAction":[{"@type":"SearchAction","target":{"@type":"EntryPoint","urlTemplate":"https:\/\/miumjau.ee\/?s={search_term_string}"},"query-input":{"@type":"PropertyValueSpecification","valueRequired":true,"valueName":"search_term_string"}}],"inLanguage":"en-US"},{"@type":"Organization","@id":"https:\/\/miumjau.ee\/#organization","name":"MiuMjau O\u00dc","url":"https:\/\/miumjau.ee\/","logo":{"@type":"ImageObject","inLanguage":"en-US","@id":"https:\/\/miumjau.ee\/#\/schema\/logo\/image\/","url":"https:\/\/miumjau.ee\/wp-content\/uploads\/2022\/04\/MiuMjau-logo-kollane.png","contentUrl":"https:\/\/miumjau.ee\/wp-content\/uploads\/2022\/04\/MiuMjau-logo-kollane.png","width":219,"height":100,"caption":"MiuMjau O\u00dc"},"image":{"@id":"https:\/\/miumjau.ee\/#\/schema\/logo\/image\/"},"sameAs":["https:\/\/www.facebook.com\/miumjaupood\/"]}]}},"_links":{"self":[{"href":"https:\/\/miumjau.ee\/en\/wp-json\/wp\/v2\/product\/27524","targetHints":{"allow":["GET"]}}],"collection":[{"href":"https:\/\/miumjau.ee\/en\/wp-json\/wp\/v2\/product"}],"about":[{"href":"https:\/\/miumjau.ee\/en\/wp-json\/wp\/v2\/types\/product"}],"wp:featuredmedia":[{"embeddable":true,"href":"https:\/\/miumjau.ee\/en\/wp-json\/wp\/v2\/media\/24466"}],"wp:attachment":[{"href":"https:\/\/miumjau.ee\/en\/wp-json\/wp\/v2\/media?parent=27524"}],"wp:term":[{"taxonomy":"product_brand","embeddable":true,"href":"https:\/\/miumjau.ee\/en\/wp-json\/wp\/v2\/product_brand?post=27524"},{"taxonomy":"product_cat","embeddable":true,"href":"https:\/\/miumjau.ee\/en\/wp-json\/wp\/v2\/product_cat?post=27524"},{"taxonomy":"product_tag","embeddable":true,"href":"https:\/\/miumjau.ee\/en\/wp-json\/wp\/v2\/product_tag?post=27524"}],"curies":[{"name":"wp","href":"https:\/\/api.w.org\/{rel}","templated":true}]}}