{"id":11868,"date":"2024-03-24T19:35:20","date_gmt":"2024-03-24T17:35:20","guid":{"rendered":"https:\/\/miumjau.ee\/toode\/petrebels-hammock-luxury-sleeper-square-xl-45cm-off-white\/"},"modified":"2026-01-07T23:39:49","modified_gmt":"2026-01-07T21:39:49","slug":"petrebels-hammock-luxury-sleeper-square-xl-45cm-off-white","status":"publish","type":"product","link":"https:\/\/miumjau.ee\/en\/product\/petrebels-hammock-luxury-sleeper-square-xl-45cm-off-white\/","title":{"rendered":"PETREBELS Hammock Luxury Sleeper SQUARE XL 45cm, off-white"},"content":{"rendered":"","protected":false},"excerpt":{"rendered":"<div class=\"entry-excerpt\">\n<p class=\"shorten-text\"><strong>The tiger among the hammocks<\/strong><\/p>\n<p class=\"shorten-text\">Our Luxury Sleeper Square is specially designed for Norwegian Forest Cats, Maine Coons, Ragdolls and other large cat breeds. Because of its generous size and quilted fabric, this hammock can carry up to 25 kilos! But of course, every other kind of cat is welcome to take a beauty sleep in this super deluxe hammock. Because how nice is it to stretch out unabashedly once in a while? Give your Rebel a holiday feeling and turn his or her scratching post into a lazy holiday paradise!<\/p>\n<ul>\n<li>Colour \u2013 off-white plush<\/li>\n<li>Weight 4 kg<\/li>\n<li>Dimensions \u2013 45 \u00d7 45 \u00d7 2 cm<\/li>\n<li>Package size: 63 x 47 x 6 cm<\/li>\n<li>Max cat weight: 25 kg<\/li>\n<li>Ideal for big cats, but of course also for the little ones!<\/li>\n<li>beautiful light colours<\/li>\n<li>designed for use with scratching posts of \u00f8 12, \u00f8 15 cm and \u00f8 20 cm<\/li>\n<\/ul>\n<\/div>\n<div class=\"entry-read-more-content\">\n<p class=\"\">Tip: keep in mind that because of the thickness of the metal frame of the hammock, the scratching post will not stand straight.<\/p>\n<\/div>\n","protected":false},"featured_media":11652,"template":"","meta":[],"product_brand":[],"product_cat":[102],"product_tag":[],"class_list":{"0":"post-11868","1":"product","2":"type-product","3":"status-publish","4":"has-post-thumbnail","6":"product_cat-spare-parts","7":"product_shipping_class-pakiautomaati-sobimatu-en","9":"first","10":"instock","11":"taxable","12":"shipping-taxable","13":"purchasable","14":"product-type-simple"},"yoast_head":"<!-- This site is optimized with the Yoast SEO plugin v27.2 - https:\/\/yoast.com\/product\/yoast-seo-wordpress\/ -->\n<title>PETREBELS Hammock Luxury Sleeper SQUARE XL 45cm, off-white - MiuMjau<\/title>\n<meta name=\"description\" content=\"Pamper your big cat with the PETREBELS Luxury Sleeper SQUARE XL hammock - supports cats weighing up to 25 kg and this model has a super soft quilted plush!\" \/>\n<meta name=\"robots\" content=\"index, follow, max-snippet:-1, max-image-preview:large, max-video-preview:-1\" \/>\n<link rel=\"canonical\" href=\"https:\/\/miumjau.ee\/en\/product\/petrebels-hammock-luxury-sleeper-square-xl-45cm-off-white\/\" \/>\n<meta property=\"og:locale\" content=\"en_US\" \/>\n<meta property=\"og:type\" content=\"article\" \/>\n<meta property=\"og:title\" content=\"PETREBELS Hammock Luxury Sleeper SQUARE XL 45cm, off-white - MiuMjau\" \/>\n<meta property=\"og:description\" content=\"Pamper your big cat with the PETREBELS Luxury Sleeper SQUARE XL hammock - supports cats weighing up to 25 kg and this model has a super soft quilted plush!\" \/>\n<meta property=\"og:url\" content=\"https:\/\/miumjau.ee\/en\/product\/petrebels-hammock-luxury-sleeper-square-xl-45cm-off-white\/\" \/>\n<meta property=\"og:site_name\" content=\"MiuMjau\" \/>\n<meta property=\"article:publisher\" content=\"https:\/\/www.facebook.com\/miumjaupood\/\" \/>\n<meta property=\"article:modified_time\" content=\"2026-01-07T21:39:49+00:00\" \/>\n<meta property=\"og:image\" content=\"https:\/\/miumjau.ee\/wp-content\/uploads\/2024\/03\/petrebels-rippkiik-luxury-sleeper-square-xl-off-white-1.jpg\" \/>\n\t<meta property=\"og:image:width\" content=\"600\" \/>\n\t<meta property=\"og:image:height\" content=\"800\" \/>\n\t<meta property=\"og:image:type\" content=\"image\/jpeg\" \/>\n<meta name=\"twitter:card\" content=\"summary_large_image\" \/>\n<script type=\"application\/ld+json\" class=\"yoast-schema-graph\">{\"@context\":\"https:\/\/schema.org\",\"@graph\":[{\"@type\":\"WebPage\",\"@id\":\"https:\/\/miumjau.ee\/en\/product\/petrebels-hammock-luxury-sleeper-square-xl-45cm-off-white\/\",\"url\":\"https:\/\/miumjau.ee\/en\/product\/petrebels-hammock-luxury-sleeper-square-xl-45cm-off-white\/\",\"name\":\"PETREBELS Hammock Luxury Sleeper SQUARE XL 45cm, off-white - MiuMjau\",\"isPartOf\":{\"@id\":\"https:\/\/miumjau.ee\/#website\"},\"primaryImageOfPage\":{\"@id\":\"https:\/\/miumjau.ee\/en\/product\/petrebels-hammock-luxury-sleeper-square-xl-45cm-off-white\/#primaryimage\"},\"image\":{\"@id\":\"https:\/\/miumjau.ee\/en\/product\/petrebels-hammock-luxury-sleeper-square-xl-45cm-off-white\/#primaryimage\"},\"thumbnailUrl\":\"https:\/\/miumjau.ee\/wp-content\/uploads\/2024\/03\/petrebels-rippkiik-luxury-sleeper-square-xl-off-white-1.jpg\",\"datePublished\":\"2024-03-24T17:35:20+00:00\",\"dateModified\":\"2026-01-07T21:39:49+00:00\",\"description\":\"Pamper your big cat with the PETREBELS Luxury Sleeper SQUARE XL hammock - supports cats weighing up to 25 kg and this model has a super soft quilted plush!\",\"breadcrumb\":{\"@id\":\"https:\/\/miumjau.ee\/en\/product\/petrebels-hammock-luxury-sleeper-square-xl-45cm-off-white\/#breadcrumb\"},\"inLanguage\":\"en-US\",\"potentialAction\":[{\"@type\":\"ReadAction\",\"target\":[\"https:\/\/miumjau.ee\/en\/product\/petrebels-hammock-luxury-sleeper-square-xl-45cm-off-white\/\"]}]},{\"@type\":\"ImageObject\",\"inLanguage\":\"en-US\",\"@id\":\"https:\/\/miumjau.ee\/en\/product\/petrebels-hammock-luxury-sleeper-square-xl-45cm-off-white\/#primaryimage\",\"url\":\"https:\/\/miumjau.ee\/wp-content\/uploads\/2024\/03\/petrebels-rippkiik-luxury-sleeper-square-xl-off-white-1.jpg\",\"contentUrl\":\"https:\/\/miumjau.ee\/wp-content\/uploads\/2024\/03\/petrebels-rippkiik-luxury-sleeper-square-xl-off-white-1.jpg\",\"width\":600,\"height\":800,\"caption\":\"PETREBELS rippkiik Luxury Sleeper SQUARE XL 45cm, off-white\"},{\"@type\":\"BreadcrumbList\",\"@id\":\"https:\/\/miumjau.ee\/en\/product\/petrebels-hammock-luxury-sleeper-square-xl-45cm-off-white\/#breadcrumb\",\"itemListElement\":[{\"@type\":\"ListItem\",\"position\":1,\"name\":\"Home\",\"item\":\"https:\/\/miumjau.ee\/en\/\"},{\"@type\":\"ListItem\",\"position\":2,\"name\":\"Shop\",\"item\":\"https:\/\/miumjau.ee\/en\/products\/\"},{\"@type\":\"ListItem\",\"position\":3,\"name\":\"PETREBELS Hammock Luxury Sleeper SQUARE XL 45cm, off-white\"}]},{\"@type\":\"WebSite\",\"@id\":\"https:\/\/miumjau.ee\/#website\",\"url\":\"https:\/\/miumjau.ee\/\",\"name\":\"MiuMjau\",\"description\":\"Kraapimispuud kassidele\",\"publisher\":{\"@id\":\"https:\/\/miumjau.ee\/#organization\"},\"potentialAction\":[{\"@type\":\"SearchAction\",\"target\":{\"@type\":\"EntryPoint\",\"urlTemplate\":\"https:\/\/miumjau.ee\/?s={search_term_string}\"},\"query-input\":{\"@type\":\"PropertyValueSpecification\",\"valueRequired\":true,\"valueName\":\"search_term_string\"}}],\"inLanguage\":\"en-US\"},{\"@type\":\"Organization\",\"@id\":\"https:\/\/miumjau.ee\/#organization\",\"name\":\"MiuMjau O\u00dc\",\"url\":\"https:\/\/miumjau.ee\/\",\"logo\":{\"@type\":\"ImageObject\",\"inLanguage\":\"en-US\",\"@id\":\"https:\/\/miumjau.ee\/#\/schema\/logo\/image\/\",\"url\":\"https:\/\/miumjau.ee\/wp-content\/uploads\/2022\/04\/MiuMjau-logo-kollane.png\",\"contentUrl\":\"https:\/\/miumjau.ee\/wp-content\/uploads\/2022\/04\/MiuMjau-logo-kollane.png\",\"width\":219,\"height\":100,\"caption\":\"MiuMjau O\u00dc\"},\"image\":{\"@id\":\"https:\/\/miumjau.ee\/#\/schema\/logo\/image\/\"},\"sameAs\":[\"https:\/\/www.facebook.com\/miumjaupood\/\"]}]}<\/script>\n<!-- \/ Yoast SEO plugin. -->","yoast_head_json":{"title":"PETREBELS Hammock Luxury Sleeper SQUARE XL 45cm, off-white - MiuMjau","description":"Pamper your big cat with the PETREBELS Luxury Sleeper SQUARE XL hammock - supports cats weighing up to 25 kg and this model has a super soft quilted plush!","robots":{"index":"index","follow":"follow","max-snippet":"max-snippet:-1","max-image-preview":"max-image-preview:large","max-video-preview":"max-video-preview:-1"},"canonical":"https:\/\/miumjau.ee\/en\/product\/petrebels-hammock-luxury-sleeper-square-xl-45cm-off-white\/","og_locale":"en_US","og_type":"article","og_title":"PETREBELS Hammock Luxury Sleeper SQUARE XL 45cm, off-white - MiuMjau","og_description":"Pamper your big cat with the PETREBELS Luxury Sleeper SQUARE XL hammock - supports cats weighing up to 25 kg and this model has a super soft quilted plush!","og_url":"https:\/\/miumjau.ee\/en\/product\/petrebels-hammock-luxury-sleeper-square-xl-45cm-off-white\/","og_site_name":"MiuMjau","article_publisher":"https:\/\/www.facebook.com\/miumjaupood\/","article_modified_time":"2026-01-07T21:39:49+00:00","og_image":[{"width":600,"height":800,"url":"https:\/\/miumjau.ee\/wp-content\/uploads\/2024\/03\/petrebels-rippkiik-luxury-sleeper-square-xl-off-white-1.jpg","type":"image\/jpeg"}],"twitter_card":"summary_large_image","schema":{"@context":"https:\/\/schema.org","@graph":[{"@type":"WebPage","@id":"https:\/\/miumjau.ee\/en\/product\/petrebels-hammock-luxury-sleeper-square-xl-45cm-off-white\/","url":"https:\/\/miumjau.ee\/en\/product\/petrebels-hammock-luxury-sleeper-square-xl-45cm-off-white\/","name":"PETREBELS Hammock Luxury Sleeper SQUARE XL 45cm, off-white - MiuMjau","isPartOf":{"@id":"https:\/\/miumjau.ee\/#website"},"primaryImageOfPage":{"@id":"https:\/\/miumjau.ee\/en\/product\/petrebels-hammock-luxury-sleeper-square-xl-45cm-off-white\/#primaryimage"},"image":{"@id":"https:\/\/miumjau.ee\/en\/product\/petrebels-hammock-luxury-sleeper-square-xl-45cm-off-white\/#primaryimage"},"thumbnailUrl":"https:\/\/miumjau.ee\/wp-content\/uploads\/2024\/03\/petrebels-rippkiik-luxury-sleeper-square-xl-off-white-1.jpg","datePublished":"2024-03-24T17:35:20+00:00","dateModified":"2026-01-07T21:39:49+00:00","description":"Pamper your big cat with the PETREBELS Luxury Sleeper SQUARE XL hammock - supports cats weighing up to 25 kg and this model has a super soft quilted plush!","breadcrumb":{"@id":"https:\/\/miumjau.ee\/en\/product\/petrebels-hammock-luxury-sleeper-square-xl-45cm-off-white\/#breadcrumb"},"inLanguage":"en-US","potentialAction":[{"@type":"ReadAction","target":["https:\/\/miumjau.ee\/en\/product\/petrebels-hammock-luxury-sleeper-square-xl-45cm-off-white\/"]}]},{"@type":"ImageObject","inLanguage":"en-US","@id":"https:\/\/miumjau.ee\/en\/product\/petrebels-hammock-luxury-sleeper-square-xl-45cm-off-white\/#primaryimage","url":"https:\/\/miumjau.ee\/wp-content\/uploads\/2024\/03\/petrebels-rippkiik-luxury-sleeper-square-xl-off-white-1.jpg","contentUrl":"https:\/\/miumjau.ee\/wp-content\/uploads\/2024\/03\/petrebels-rippkiik-luxury-sleeper-square-xl-off-white-1.jpg","width":600,"height":800,"caption":"PETREBELS rippkiik Luxury Sleeper SQUARE XL 45cm, off-white"},{"@type":"BreadcrumbList","@id":"https:\/\/miumjau.ee\/en\/product\/petrebels-hammock-luxury-sleeper-square-xl-45cm-off-white\/#breadcrumb","itemListElement":[{"@type":"ListItem","position":1,"name":"Home","item":"https:\/\/miumjau.ee\/en\/"},{"@type":"ListItem","position":2,"name":"Shop","item":"https:\/\/miumjau.ee\/en\/products\/"},{"@type":"ListItem","position":3,"name":"PETREBELS Hammock Luxury Sleeper SQUARE XL 45cm, off-white"}]},{"@type":"WebSite","@id":"https:\/\/miumjau.ee\/#website","url":"https:\/\/miumjau.ee\/","name":"MiuMjau","description":"Kraapimispuud kassidele","publisher":{"@id":"https:\/\/miumjau.ee\/#organization"},"potentialAction":[{"@type":"SearchAction","target":{"@type":"EntryPoint","urlTemplate":"https:\/\/miumjau.ee\/?s={search_term_string}"},"query-input":{"@type":"PropertyValueSpecification","valueRequired":true,"valueName":"search_term_string"}}],"inLanguage":"en-US"},{"@type":"Organization","@id":"https:\/\/miumjau.ee\/#organization","name":"MiuMjau O\u00dc","url":"https:\/\/miumjau.ee\/","logo":{"@type":"ImageObject","inLanguage":"en-US","@id":"https:\/\/miumjau.ee\/#\/schema\/logo\/image\/","url":"https:\/\/miumjau.ee\/wp-content\/uploads\/2022\/04\/MiuMjau-logo-kollane.png","contentUrl":"https:\/\/miumjau.ee\/wp-content\/uploads\/2022\/04\/MiuMjau-logo-kollane.png","width":219,"height":100,"caption":"MiuMjau O\u00dc"},"image":{"@id":"https:\/\/miumjau.ee\/#\/schema\/logo\/image\/"},"sameAs":["https:\/\/www.facebook.com\/miumjaupood\/"]}]}},"_links":{"self":[{"href":"https:\/\/miumjau.ee\/en\/wp-json\/wp\/v2\/product\/11868","targetHints":{"allow":["GET"]}}],"collection":[{"href":"https:\/\/miumjau.ee\/en\/wp-json\/wp\/v2\/product"}],"about":[{"href":"https:\/\/miumjau.ee\/en\/wp-json\/wp\/v2\/types\/product"}],"wp:featuredmedia":[{"embeddable":true,"href":"https:\/\/miumjau.ee\/en\/wp-json\/wp\/v2\/media\/11652"}],"wp:attachment":[{"href":"https:\/\/miumjau.ee\/en\/wp-json\/wp\/v2\/media?parent=11868"}],"wp:term":[{"taxonomy":"product_brand","embeddable":true,"href":"https:\/\/miumjau.ee\/en\/wp-json\/wp\/v2\/product_brand?post=11868"},{"taxonomy":"product_cat","embeddable":true,"href":"https:\/\/miumjau.ee\/en\/wp-json\/wp\/v2\/product_cat?post=11868"},{"taxonomy":"product_tag","embeddable":true,"href":"https:\/\/miumjau.ee\/en\/wp-json\/wp\/v2\/product_tag?post=11868"}],"curies":[{"name":"wp","href":"https:\/\/api.w.org\/{rel}","templated":true}]}}